{"id":245,"date":"2018-07-31T15:12:09","date_gmt":"2018-07-31T15:12:09","guid":{"rendered":"https:\/\/www.tamaulipas.gob.mx\/ipsset\/?page_id=245"},"modified":"2026-04-06T10:14:24","modified_gmt":"2026-04-06T16:14:24","slug":"seguro","status":"publish","type":"page","link":"https:\/\/www.tamaulipas.gob.mx\/ipsset\/pensiones-y-jubilaciones\/seguro\/","title":{"rendered":"Seguro por Causa de Muerte"},"content":{"rendered":"<p>El seguro por causa de muerte, ser\u00e1n cubiertos por la Entidad P\u00fablica, correspondiendo al Instituto \u00fanicamente realizar los tr\u00e1mites necesarios ante la unidad responsable.<\/p>\n<p>Este pago ser\u00e1 entregado a los beneficiarios designados por el derechohabiente en la c\u00e9dula testamentaria suscrita de su pu\u00f1o y letra, siempre y cuando haya sido depositada ante el Instituto, previo al fallecimiento del derechohabiente.<\/p>\n<p>Cuando un servidor p\u00fablico, trabajador o pensionista no realice la designaci\u00f3n de sus beneficiarios sobre el seguro por causa de muerte, los interesados que se sientan con derecho sobre dicha prestaci\u00f3n, deber\u00e1n acudir ante el \u00f3rgano jurisdiccional competente, para que resuelva lo conducente.<strong>(Art\u00edculo 10, P\u00e1rrafo 1 y 5, Art\u00edculo 11, P\u00e1rrafo 4 de la Ley del IPSSET).<\/strong><\/p>\n<div class=\"panel panel-default\">\n\t\t\t\t<div class=\"panel-heading\">\n\t\t\t\t\t<h4 class=\"panel-title\">\n\t\t\t\t\t\t<a class=\"collapsed\" data-toggle=\"collapse\" data-parent=\"#single-collapse\" href=\"#single-collapse-0\">Requisitos<\/a>\n\t\t\t\t\t<\/h4>\n\t\t\t\t<\/div>\n\t\t\t\t<div id=\"single-collapse-0\" class=\"panel-collapse collapse\">\n\t\t\t\t\t<div class=\"panel-body\">\n<p>2 copias por ambos lados de la c\u00e9dula testamentaria de la persona fallecida, que fue entregada y recibida ante el IPSSET. En caso de no contar con c\u00e9dula testamentaria\u00a0 el(la) beneficiario(a) deber\u00e1 promover un Juicio Sucesorio Intestamentario a fin de que la autoridad judicial correspondiente se\u00f1ale al o los beneficiarios de dicha prestaci\u00f3n.<\/p>\n<ul>\n<li>2 copias del oficio de baja por defunci\u00f3n\u00a0 (solo se presenta en caso de que el(la) trabajador(a) se encontrara en servicio activo al momento de su fallecimiento).<\/li>\n<li>2\u00a0 copias del \u00faltimo comprobante de pago de sueldo de la persona fallecida.<\/li>\n<li>Original para su cotejo y 2 copias del acta de defunci\u00f3n.<\/li>\n<li>2 copias de la credencial para votar o pasaporte de la persona fallecida.<\/li>\n<li>2 copias amplificadas de la credencial de votar por ambos lados vigente, pasaporte vigente o c\u00e9dula profesional legibles del(la) beneficiario(a).<\/li>\n<li>2 copias de la constancia de situaci\u00f3n fiscal expedida por el S.A.T. (Sistema de Administraci\u00f3n\u00a0\u00a0\u00a0\u00a0 Tributaria) del beneficiario(a). Completa\u00a0 y formato del a\u00f1o en curso.<\/li>\n<li>2 copias de la C.U.R.P. del(la) beneficiario(a) (Clave \u00danica de Registro de Poblaci\u00f3n). Formato del a\u00f1o en curso.<\/li>\n<li>2 copias del estado de cuenta bancario reciente o contrato de apertura a nombre del beneficiario(a) que incluya el n\u00famero de\u00a0 la cuenta y clabe interbancaria.<\/li>\n<li>Constancia de no adeudo del IPSSET (solicitar previamente al Depto. de Recuperaci\u00f3n de cr\u00e9ditos del IPSSET).<\/li>\n<\/ul>\n<p><strong><br \/>\nNota:<br \/>\n1. <\/strong>En el supuesto de que el trabajador fallecido haya asignado en su c\u00e9dula testamentaria a dos o varios beneficiarios, cada uno de los beneficiarios entregar\u00e1 a este Instituto su solicitud con la documentaci\u00f3n requerida.<br \/>\n<strong>2.<\/strong> Las copias solicitadas deben de ser legibles.<br \/>\n<strong>3.<\/strong> Ser\u00e1 aceptada la solicitud \u00fanicamente si se presenta completa la documentaci\u00f3n, la cual debe de ser presentada de conformidad a los t\u00e9rminos anteriormente se\u00f1alados.<\/p>\n<\/div>\n\t\t\t\t<\/div>\n\t\t\t<\/div>\n<p>Favor de dar clic en el siguiente enlace para descargar el Formato:<\/p>\n<ul>\n<li><a href=\"http:\/\/www.tamaulipas.gob.mx\/ipsset\/wp-content\/uploads\/sites\/46\/2026\/04\/2.-solicitud-para-el-tramite-del-seguro-por-causa-de-muerte2026.pdf\" class=\"btn btn-primary btn-sm\" target=\"_blank\"> Solicitud de Seguro por Causa de Muerte <\/a><\/li>\n<\/ul>\n<p><strong>Para mayor informaci\u00f3n puede dirigirse a:<\/strong><\/p>\n<blockquote><p>IPSSET<br \/>\nDirecci\u00f3n de Seguridad Social<br \/>\nDepartamento Pensiones y Jubilaciones<br \/>\nJefa del departamento C.P. Limairy Elena Manzano Gonz\u00e1lez<br \/>\n17 Carrera Torres No. 102 Altos, Zona Centro. Cd. Victoria, Tamaulipas, M\u00e9xico C.P. 87000<br \/>\nConmutador: 318 73 00 Ext. 76417, 76430, 76467 y 76474<\/p><\/blockquote>\n","protected":false},"excerpt":{"rendered":"<p>El seguro por causa de muerte, ser\u00e1n cubiertos por la Entidad P\u00fablica, correspondiendo al Instituto \u00fanicamente realizar los tr\u00e1mites necesarios ante la unidad responsable. Este\u2026<\/p>\n","protected":false},"author":8,"featured_media":0,"parent":619,"menu_order":0,"comment_status":"closed","ping_status":"closed","template":"","meta":{"footnotes":""},"class_list":["post-245","page","type-page","status-publish","hentry"],"publishpress_future_action":{"enabled":false,"date":"2026-04-26 08:51:46","action":"change-status","newStatus":"draft","terms":[],"taxonomy":""},"_links":{"self":[{"href":"https:\/\/www.tamaulipas.gob.mx\/ipsset\/wp-json\/wp\/v2\/pages\/245"}],"collection":[{"href":"https:\/\/www.tamaulipas.gob.mx\/ipsset\/wp-json\/wp\/v2\/pages"}],"about":[{"href":"https:\/\/www.tamaulipas.gob.mx\/ipsset\/wp-json\/wp\/v2\/types\/page"}],"author":[{"embeddable":true,"href":"https:\/\/www.tamaulipas.gob.mx\/ipsset\/wp-json\/wp\/v2\/users\/8"}],"replies":[{"embeddable":true,"href":"https:\/\/www.tamaulipas.gob.mx\/ipsset\/wp-json\/wp\/v2\/comments?post=245"}],"version-history":[{"count":29,"href":"https:\/\/www.tamaulipas.gob.mx\/ipsset\/wp-json\/wp\/v2\/pages\/245\/revisions"}],"predecessor-version":[{"id":4287,"href":"https:\/\/www.tamaulipas.gob.mx\/ipsset\/wp-json\/wp\/v2\/pages\/245\/revisions\/4287"}],"up":[{"embeddable":true,"href":"https:\/\/www.tamaulipas.gob.mx\/ipsset\/wp-json\/wp\/v2\/pages\/619"}],"wp:attachment":[{"href":"https:\/\/www.tamaulipas.gob.mx\/ipsset\/wp-json\/wp\/v2\/media?parent=245"}],"curies":[{"name":"wp","href":"https:\/\/api.w.org\/{rel}","templated":true}]}}