{"id":239,"date":"2018-07-31T14:48:42","date_gmt":"2018-07-31T14:48:42","guid":{"rendered":"https:\/\/www.tamaulipas.gob.mx\/ipsset\/?page_id=239"},"modified":"2026-04-06T10:13:47","modified_gmt":"2026-04-06T16:13:47","slug":"gastos-funerarios","status":"publish","type":"page","link":"https:\/\/www.tamaulipas.gob.mx\/ipsset\/pensiones-y-jubilaciones\/gastos-funerarios\/","title":{"rendered":"Ayuda para Gastos Funerarios"},"content":{"rendered":"<p>La ayuda para Gastos Funerarios, ser\u00e1n cubiertos por la Entidad P\u00fablica, correspondiendo al Instituto \u00fanicamente realizar los tr\u00e1mites necesarios ante la unidad responsable de dicho pago.<\/p>\n<p>Trat\u00e1ndose de la ayuda para gastos funerarios, se pagar\u00e1 a la persona que acredite haber cubierto mediante la factura original con los requisitos fiscales, los servicios funerarios efectuados por la defunci\u00f3n del servidor p\u00fablico, trabajador o pensionista, siempre que re\u00fana los requisitos se\u00f1alados por el Instituto.<\/p>\n<p><strong>(Art\u00edculos 10 y 11 de la Ley del IPSSET).<\/strong><\/p>\n<div class=\"panel panel-default\">\n\t\t\t\t<div class=\"panel-heading\">\n\t\t\t\t\t<h4 class=\"panel-title\">\n\t\t\t\t\t\t<a class=\"collapsed\" data-toggle=\"collapse\" data-parent=\"#single-collapse\" href=\"#single-collapse-0\">Requisitos<\/a>\n\t\t\t\t\t<\/h4>\n\t\t\t\t<\/div>\n\t\t\t\t<div id=\"single-collapse-0\" class=\"panel-collapse collapse\">\n\t\t\t\t\t<div class=\"panel-body\">\n<ul>\n<li>\n<div>Original y copia de la factura digital de gastos funerarios (la factura deber\u00e1 reunir los requisitos fiscales para facturaci\u00f3n emitidos por el SAT ( Servicio de Administraci\u00f3n Tributaria)\u00a0 y\u00a0 estar a nombre del(la) beneficiario(a), Indispensable:\u00a0 R.F.C., I.V.A. desglosado y especificar el servicio prestado).<\/div>\n<\/li>\n<li>\n<div>2 copias del oficio de baja por defunci\u00f3n\u00a0 (solo se presenta en caso de que el (la) trabajador(a) se encontrara en servicio activo al momento de su fallecimiento).<\/div>\n<\/li>\n<li>\n<div>2 copias del \u00faltimo comprobante de pago de sueldo de la persona fallecida.<\/div>\n<\/li>\n<li>\n<div>Original para su cotejo y 2 copias del acta de defunci\u00f3n.<\/div>\n<\/li>\n<li>\n<div>2 copias de la credencial para votar o pasaporte de la persona fallecida.<\/div>\n<\/li>\n<li>\n<div>2 copias amplificadas de la credencial para votar por ambos lados vigente, pasaporte vigente o c\u00e9dula profesional legibles del(la) beneficiario(a).<\/div>\n<\/li>\n<li>\n<div>2 copias de la constancia de situaci\u00f3n fiscal expedida por el S.A.T. (Sistema de Administraci\u00f3n\u00a0\u00a0\u00a0\u00a0 Tributaria) del beneficiario(a). Completa y formato del a\u00f1o en curso.<\/div>\n<\/li>\n<li>\n<div>2 copias de la C.U.R.P. del(la) beneficiario(a) (Clave \u00danica de Registro de Poblaci\u00f3n). Formato del a\u00f1o en curso.<\/div>\n<\/li>\n<li>\n<div>2 copias del estado de cuenta bancario\u00a0 reciente o contrato de apertura a nombre del beneficiario(a)\u00a0 que incluya el n\u00famero de\u00a0 la cuenta y clabe interbancaria.<\/div>\n<\/li>\n<li>\n<div>Constancia de no adeudo del IPSSET (solicitar previamente al depto. de recuperaci\u00f3n de cr\u00e9ditos del IPSSET).<\/div>\n<\/li>\n<\/ul>\n<p><strong>No se aceptar\u00e1 documentaci\u00f3n incompleta.<\/strong><\/p>\n<\/div>\n\t\t\t\t<\/div>\n\t\t\t<\/div>\n<p><strong>Nota:<\/strong>\u00a0Las copias solicitadas deben de ser legibles.<br \/>\nSer\u00e1 aceptada la solicitud \u00fanicamente si se presenta completa la documentaci\u00f3n, la cual debe de ser presentada de conformidad a los t\u00e9rminos anteriormente se\u00f1alados.<\/p>\n<p>Para descargar el Formato, favor de dar clic en el siguiente enlace:<\/p>\n<ul>\n<li><a href=\"http:\/\/www.tamaulipas.gob.mx\/ipsset\/wp-content\/uploads\/sites\/46\/2026\/04\/1.-solicitud-para-el-tramite-de-ayuda-de-gastos-funerarios-2026.pdf\" class=\"btn btn-primary btn-sm\" target=\"_blank\"> Solicitud para el Tr\u00e1mite de Servicios Funerarios <\/a><\/li>\n<\/ul>\n<p><strong>Para mayor informaci\u00f3n puede dirigirse a:<\/strong><\/p>\n<blockquote><p>IPSSET<br \/>\nDirecci\u00f3n de Seguridad Social<br \/>\nDepartamento Pensiones y Jubilaciones<br \/>\nJefa del departamento C.P. Limairy Elena Manzano Gonz\u00e1lez<br \/>\n17 Carrera Torres No. 102 Altos, Zona Centro. Cd. Victoria, Tamaulipas, M\u00e9xico C.P. 87000<br \/>\nConmutador: 318 73 00 Ext. 76417, 76430, 76467 y 76474<\/p><\/blockquote>\n","protected":false},"excerpt":{"rendered":"<p>La ayuda para Gastos Funerarios, ser\u00e1n cubiertos por la Entidad P\u00fablica, correspondiendo al Instituto \u00fanicamente realizar los tr\u00e1mites necesarios ante la unidad responsable de dicho\u2026<\/p>\n","protected":false},"author":8,"featured_media":0,"parent":619,"menu_order":0,"comment_status":"closed","ping_status":"closed","template":"","meta":{"footnotes":""},"class_list":["post-239","page","type-page","status-publish","hentry"],"publishpress_future_action":{"enabled":false,"date":"2026-04-26 08:50:43","action":"change-status","newStatus":"draft","terms":[],"taxonomy":""},"_links":{"self":[{"href":"https:\/\/www.tamaulipas.gob.mx\/ipsset\/wp-json\/wp\/v2\/pages\/239"}],"collection":[{"href":"https:\/\/www.tamaulipas.gob.mx\/ipsset\/wp-json\/wp\/v2\/pages"}],"about":[{"href":"https:\/\/www.tamaulipas.gob.mx\/ipsset\/wp-json\/wp\/v2\/types\/page"}],"author":[{"embeddable":true,"href":"https:\/\/www.tamaulipas.gob.mx\/ipsset\/wp-json\/wp\/v2\/users\/8"}],"replies":[{"embeddable":true,"href":"https:\/\/www.tamaulipas.gob.mx\/ipsset\/wp-json\/wp\/v2\/comments?post=239"}],"version-history":[{"count":26,"href":"https:\/\/www.tamaulipas.gob.mx\/ipsset\/wp-json\/wp\/v2\/pages\/239\/revisions"}],"predecessor-version":[{"id":4286,"href":"https:\/\/www.tamaulipas.gob.mx\/ipsset\/wp-json\/wp\/v2\/pages\/239\/revisions\/4286"}],"up":[{"embeddable":true,"href":"https:\/\/www.tamaulipas.gob.mx\/ipsset\/wp-json\/wp\/v2\/pages\/619"}],"wp:attachment":[{"href":"https:\/\/www.tamaulipas.gob.mx\/ipsset\/wp-json\/wp\/v2\/media?parent=239"}],"curies":[{"name":"wp","href":"https:\/\/api.w.org\/{rel}","templated":true}]}}