{"id":23,"date":"2018-07-12T17:43:35","date_gmt":"2018-07-12T17:43:35","guid":{"rendered":"https:\/\/www.tamaulipas.gob.mx\/ipsset\/?page_id=23"},"modified":"2026-04-09T12:17:35","modified_gmt":"2026-04-09T18:17:35","slug":"estructura","status":"publish","type":"page","link":"https:\/\/www.tamaulipas.gob.mx\/ipsset\/estructura\/","title":{"rendered":"Estructura"},"content":{"rendered":"<p>El Instituto de Previsi\u00f3n y Seguridad Social de Tamaulipas tiene la siguiente estructura org\u00e1nica.<\/p>\n<p><strong>Directora General del IPSSET<\/strong><br \/>\nLic. Sandra Ivonne Mej\u00eda B\u00e1rcena<br \/>\n52 (834) 31 8 73 00 EXT. 6402<\/p>\n<div class=\"page\" title=\"Page 11\">\n<div class=\"section\">\n<div class=\"layoutArea\">\n<div class=\"column\">\n<p><strong>1. Direccio\u0301n General del Instituto de Previsio\u0301n y Seguridad Social del Estado de Tamaulipas.<\/strong><br \/>\n<strong>1.1. Secretari\u0301a Te\u0301cnica.<\/strong><br \/>\n<strong>1.2. Direccio\u0301n Juri\u0301dica y de Transparencia.<\/strong><br \/>\n1.2.1. Subdireccio\u0301n Juri\u0301dica<br \/>\n<strong>1.3. Direccio\u0301n de Sistemas.<\/strong><br \/>\n1.3.0.1 Departamento de Desarrollo de Sistemas.<br \/>\n1.3.0.2 Departamento de Administracio\u0301n de la Red.<br \/>\n<strong>1.4. Direccio\u0301n Administrativa.<\/strong><br \/>\n1.4.0.1. Departamento de Recursos Financieros.<br \/>\n1.4.0.2. Departamento de Contabilidad.<br \/>\n1.4.0.3. Departamento de Administracio\u0301n de Centros de Atencio\u0301n Infantil (CAI).<br \/>\n1.4.1. Subdireccio\u0301n Administrativa y Gestio\u0301n Documental.<br \/>\n1.4.1.1. Departamento de Recuperacio\u0301n de Cre\u0301ditos.<br \/>\n<strong>1.5. Direccio\u0301n de Seguridad Social.<\/strong><br \/>\n1.5.0.1. Departamento de Servicios Me\u0301dicos y Medicina Preventiva.<br \/>\n1.5.0.2. Departamento de Pensiones y Jubilaciones.<br \/>\n1.5.0.3. Departamento de Prestaciones Econo\u0301micas.<br \/>\n1.5.0.4. Departamento de Actividades Deportivas y Recreativas.<br \/>\n1.5.0.5. Departamento de Vinculacio\u0301n con el Magisterio para Prestaciones de Seguridad Social.<br \/>\n1.5.0.6. Departamento de Vinculacio\u0301n con el Magisterio para Prestaciones Econo\u0301micas.<br \/>\n<strong>1.6. Direccio\u0301n de Planeacio\u0301n Financiera.<\/strong><br \/>\n1.6.0.1. Departamento de Inversiones.<br \/>\n1.6.0.2. Departamento de Ahorro de los Servidores Pu\u0301blicos.<\/p>\n<\/div>\n<\/div>\n<\/div>\n<\/div>\n<p>&nbsp;<\/p>\n<p><strong>Manual de Perfiles de Puestos IPSSET<\/strong><\/p>\n<ul>\n<li><a href=\"http:\/\/www.tamaulipas.gob.mx\/ipsset\/wp-content\/uploads\/sites\/46\/2025\/05\/m-perfiles-puestos-ipsset-mayo-2025.pdf\" class=\"btn btn-primary btn-sm\">\u00a0Manual de Perfiles de Puestos IPSSET <\/a><\/li>\n<li><a href=\"http:\/\/www.tamaulipas.gob.mx\/ipsset\/wp-content\/uploads\/sites\/46\/2025\/10\/manual-de-procedimientos-firmado-2024-definitivo.pdf\" class=\"btn btn-primary btn-sm\">\u00a0Manual de Procedimientos IPSSET 2024 <\/a><\/li>\n<li><a href=\"http:\/\/www.tamaulipas.gob.mx\/ipsset\/wp-content\/uploads\/sites\/46\/2026\/04\/manual-de-procedimientos-ipsset-ago-2016.pdf\" class=\"btn btn-primary btn-sm\">\u00a0Manual de Procedimientos IPSSET 2016 <\/a><\/li>\n<\/ul>\n<p><strong>Programa Anual de Desarrollo Archiv\u00edstico\u00a0<\/strong><\/p>\n<ul>\n<li><a href=\"http:\/\/www.tamaulipas.gob.mx\/ipsset\/wp-content\/uploads\/sites\/46\/2026\/01\/pada-2026.pdf\" class=\"btn btn-primary btn-sm\">PADA 2026 <\/a>\n19 de Enero 2026 publicaci\u00f3n.<\/li>\n<\/ul>\n","protected":false},"excerpt":{"rendered":"<p>El Instituto de Previsi\u00f3n y Seguridad Social de Tamaulipas tiene la siguiente estructura org\u00e1nica. Directora General del IPSSET Lic. Sandra Ivonne Mej\u00eda B\u00e1rcena 52 (834)\u2026<\/p>\n","protected":false},"author":8,"featured_media":0,"parent":0,"menu_order":0,"comment_status":"closed","ping_status":"closed","template":"","meta":{"footnotes":""},"class_list":["post-23","page","type-page","status-publish","hentry"],"publishpress_future_action":{"enabled":false,"date":"2026-04-26 08:50:48","action":"change-status","newStatus":"draft","terms":[],"taxonomy":""},"_links":{"self":[{"href":"https:\/\/www.tamaulipas.gob.mx\/ipsset\/wp-json\/wp\/v2\/pages\/23"}],"collection":[{"href":"https:\/\/www.tamaulipas.gob.mx\/ipsset\/wp-json\/wp\/v2\/pages"}],"about":[{"href":"https:\/\/www.tamaulipas.gob.mx\/ipsset\/wp-json\/wp\/v2\/types\/page"}],"author":[{"embeddable":true,"href":"https:\/\/www.tamaulipas.gob.mx\/ipsset\/wp-json\/wp\/v2\/users\/8"}],"replies":[{"embeddable":true,"href":"https:\/\/www.tamaulipas.gob.mx\/ipsset\/wp-json\/wp\/v2\/comments?post=23"}],"version-history":[{"count":29,"href":"https:\/\/www.tamaulipas.gob.mx\/ipsset\/wp-json\/wp\/v2\/pages\/23\/revisions"}],"predecessor-version":[{"id":4317,"href":"https:\/\/www.tamaulipas.gob.mx\/ipsset\/wp-json\/wp\/v2\/pages\/23\/revisions\/4317"}],"wp:attachment":[{"href":"https:\/\/www.tamaulipas.gob.mx\/ipsset\/wp-json\/wp\/v2\/media?parent=23"}],"curies":[{"name":"wp","href":"https:\/\/api.w.org\/{rel}","templated":true}]}}