{"id":225,"date":"2018-07-30T20:23:52","date_gmt":"2018-07-30T20:23:52","guid":{"rendered":"https:\/\/www.tamaulipas.gob.mx\/ipsset\/?page_id=225"},"modified":"2026-03-18T13:42:18","modified_gmt":"2026-03-18T19:42:18","slug":"becas","status":"publish","type":"page","link":"https:\/\/www.tamaulipas.gob.mx\/ipsset\/pensiones-y-jubilaciones\/becas\/","title":{"rendered":"Becas para Hijos de Pensionados y Jubilados"},"content":{"rendered":"<p><strong>Antecedentes<\/strong><\/p>\n<p>Con fundamento en el Art\u00edculo 12 de la Ley del IPSSET, semestralmente se implementa el Programa \u201cBecas Para Hijos de Pensionistas y Pensionados del IPSSET\u201d apoyando econ\u00f3micamente a las familias e incentivando el esfuerzo que realizan los j\u00f3venes para que contin\u00faen prepar\u00e1ndose.<\/p>\n<div class=\"panel panel-default\">\n\t\t\t\t<div class=\"panel-heading\">\n\t\t\t\t\t<h4 class=\"panel-title\">\n\t\t\t\t\t\t<a class=\"collapsed\" data-toggle=\"collapse\" data-parent=\"#single-collapse\" href=\"#single-collapse-0\">Lineamientos para el otorgamiento de becas para hijos de pensionistas y pensionados del IPSSET<\/a>\n\t\t\t\t\t<\/h4>\n\t\t\t\t<\/div>\n\t\t\t\t<div id=\"single-collapse-0\" class=\"panel-collapse collapse\">\n\t\t\t\t\t<div class=\"panel-body\">\n<ol>\n<li>Debe se<span class=\"x_mark9la0tpc7n x_L7Jua\" data-markjs=\"true\">r hijo de un pensionista o pensionado del IPSSE<\/span>T.<\/li>\n<li>El beneficiario debe tener promedio de 8 de calificaci\u00f3n en el semestre o a\u00f1o inmediato anterior al que est\u00e1 cursando.<\/li>\n<li>Las escuelas pueden ser oficiales o particulares del Sistema Educativo Nacional Mexicano.<\/li>\n<li>Las calificaciones que deber\u00e1n presentar ser\u00e1n las del periodo escolar inmediato anterior al que cursar\u00e1. En el sistema semestral u otros, se anexar\u00e1n las calificaciones que integren un a\u00f1o escolar inmediato anterior.<\/li>\n<li>El importe de la beca ser\u00e1 en relaci\u00f3n al Nivel Escolar que presente las calificaciones o Constancia.<\/li>\n<li>En caso de hijos con capacidades diferentes deber\u00e1n presentar Constancia M\u00e9dica de la discapacidad para poder dispensar el promedio que se solicita.<\/li>\n<li>En caso de hijos con capacidades diferentes que est\u00e9n inscritos en instituciones que den capacitaci\u00f3n, el pago de la beca se considerara como nivel primaria.<\/li>\n<li>El beneficiario debe ser menor de 25 a\u00f1os, excepto los de capacidades diferentes para los cuales no se establecen l\u00edmites.<\/li>\n<li>Los documentos deben ser enviados o entregados en la oficina de IPSSET, en el mes de septiembre del a\u00f1o en curso.<\/li>\n<li>El Pensionista y Pensionado tiene derecho a tramitar becas para dos hijos.<\/li>\n<li>El tr\u00e1mite de las becas se realizar\u00e1 una vez por a\u00f1o.<\/li>\n<li>El primer periodo comprende el pago de septiembre a diciembre de cada a\u00f1o y se paga en el mes de diciembre.<\/li>\n<li>El segundo periodo comprende el pago de enero a junio de cada a\u00f1o y se paga en el mes de julio.<\/li>\n<li>El Pensionista o Pensionado tendr\u00e1 derecho a tramitar una vez por a\u00f1o la beca, hasta para dos hijos.<\/li>\n<li>El importe de la beca que se otorgar\u00e1 por mes es:<br aria-hidden=\"true\" \/><strong>$ 200.00 Nivel Primaria<\/strong><br aria-hidden=\"true\" \/><strong>$ 250.00 Nivel Secundaria<\/strong><br aria-hidden=\"true\" \/><strong>$ 300.00 Nivel Medio y Superior<\/strong><\/li>\n<li>El pago de las becas ser\u00e1 mediante dep\u00f3sito en la cuenta de pago de la pensi\u00f3n del Pensionista o Pensionado, en los meses antes referidos mencionados.<\/li>\n<li>REQUISITOS PARA EL TR\u00c1MITE DE BECA:<br \/>\n* Solicitud de beca para hijos de pensionados y pensionistas.<br \/>\n*Copia del acta de nacimiento del beneficiario.<br \/>\n*Copia de la CURP certificada reciente del beneficiario<br \/>\n*Calificaciones del a\u00f1o inmediato anterior:<br \/>\n&#8211; Copia de la boleta de calificaciones detalladas o historial acad\u00e9mico con calificaciones detalladas (firmada y sellada en original por la Direcci\u00f3n de la Escuela).<br \/>\nNota: En el caso de los niveles Medio Superior y Superior del Sistema Educativo Nacional Mexicano presentar las boletas de calificaciones que avalen el a\u00f1o escolar inmediato anterior.<br \/>\n*Documento que haga constar que se encuentra inscrito en el periodo que actualmente cursa (firmada y sellada en original por la Direcci\u00f3n de la Escuela):<br \/>\n-Recibo de inscripci\u00f3n a nombre del Beneficiario o Constancia en original expedida por la Direcci\u00f3n de la Escuela<br \/>\n*Copia de la credencial de elector del pensionado o pensionista.<br \/>\n<b>Nota:<\/b>\u00a0En caso de tener alguna discapacidad anexar:\u00a0*Constancia m\u00e9dica en original del Beneficiario.<\/li>\n<\/ol>\n<\/div>\n\t\t\t\t<\/div>\n\t\t\t<\/div>\n<p>La Fecha para recepci\u00f3n del Tr\u00e1mite de Becas sera \u00danicamente en el Mes de Septiembre del presente a\u00f1o.<\/p>\n<p><strong>Nota:<\/strong> En caso de tener alguna discapacidad anexar:<\/p>\n<ul>\n<li>Constancia m\u00e9dica actual en original del beneficiario.Descarga de formato:<\/li>\n<li><a href=\"\" class=\"btn btn-primary btn-sm\" target=\"_blank\"> Solicitud de Beca para Hijos de Pensionistas y Pensionados <\/a><\/li>\n<\/ul>\n<p><strong>El Tr\u00e1mite de Beca para hijos de pensionistas y pensionados estar\u00e1 abierto para su recepci\u00f3n en el m\u00f3dulo de pensiones en las oficinas del IPSSET \u00a0en el mes de Septiembre del 1 al 30 del presente a\u00f1o. Previa Cita.<\/strong><\/p>\n<p><strong>Para mayor informaci\u00f3n puede dirigirse a:<\/strong><\/p>\n<blockquote><p>IPSSET<br \/>\nDirecci\u00f3n de Seguridad Social<br \/>\nDepartamento Pensiones y Jubilaciones<br \/>\nJefa del departamento C.P. Limairy Elena Manzano Gonz\u00e1lez<br \/>\n17 Carrera Torres No. 102 Altos, Zona Centro. Cd. Victoria, Tamaulipas, M\u00e9xico C.P. 87000<br \/>\nConmutador: 318 73 00 Ext. 76417, 76430, 76467 y 76474<\/p><\/blockquote>\n","protected":false},"excerpt":{"rendered":"<p>Antecedentes Con fundamento en el Art\u00edculo 12 de la Ley del IPSSET, semestralmente se implementa el Programa \u201cBecas Para Hijos de Pensionistas y Pensionados del\u2026<\/p>\n","protected":false},"author":8,"featured_media":0,"parent":619,"menu_order":0,"comment_status":"closed","ping_status":"closed","template":"","meta":{"footnotes":""},"class_list":["post-225","page","type-page","status-publish","hentry"],"publishpress_future_action":{"enabled":false,"date":"2026-04-26 08:51:58","action":"change-status","newStatus":"draft","terms":[],"taxonomy":""},"_links":{"self":[{"href":"https:\/\/www.tamaulipas.gob.mx\/ipsset\/wp-json\/wp\/v2\/pages\/225"}],"collection":[{"href":"https:\/\/www.tamaulipas.gob.mx\/ipsset\/wp-json\/wp\/v2\/pages"}],"about":[{"href":"https:\/\/www.tamaulipas.gob.mx\/ipsset\/wp-json\/wp\/v2\/types\/page"}],"author":[{"embeddable":true,"href":"https:\/\/www.tamaulipas.gob.mx\/ipsset\/wp-json\/wp\/v2\/users\/8"}],"replies":[{"embeddable":true,"href":"https:\/\/www.tamaulipas.gob.mx\/ipsset\/wp-json\/wp\/v2\/comments?post=225"}],"version-history":[{"count":45,"href":"https:\/\/www.tamaulipas.gob.mx\/ipsset\/wp-json\/wp\/v2\/pages\/225\/revisions"}],"predecessor-version":[{"id":4208,"href":"https:\/\/www.tamaulipas.gob.mx\/ipsset\/wp-json\/wp\/v2\/pages\/225\/revisions\/4208"}],"up":[{"embeddable":true,"href":"https:\/\/www.tamaulipas.gob.mx\/ipsset\/wp-json\/wp\/v2\/pages\/619"}],"wp:attachment":[{"href":"https:\/\/www.tamaulipas.gob.mx\/ipsset\/wp-json\/wp\/v2\/media?parent=225"}],"curies":[{"name":"wp","href":"https:\/\/api.w.org\/{rel}","templated":true}]}}