{"id":183,"date":"2018-07-30T19:00:42","date_gmt":"2018-07-30T19:00:42","guid":{"rendered":"https:\/\/www.tamaulipas.gob.mx\/ipsset\/?page_id=183"},"modified":"2026-04-08T15:26:48","modified_gmt":"2026-04-08T21:26:48","slug":"pension-por-viudez-personal-activo","status":"publish","type":"page","link":"https:\/\/www.tamaulipas.gob.mx\/ipsset\/pensiones-y-jubilaciones\/nuevas-generaciones\/pension-por-viudez-personal-activo\/","title":{"rendered":"Pensi\u00f3n por Viudez Personal Activo"},"content":{"rendered":"<div class=\"panel panel-default\">\n\t\t\t\t<div class=\"panel-heading\">\n\t\t\t\t\t<h4 class=\"panel-title\">\n\t\t\t\t\t\t<a class=\"collapsed\" data-toggle=\"collapse\" data-parent=\"#single-collapse\" href=\"#single-collapse-0\">Requisitos<\/a>\n\t\t\t\t\t<\/h4>\n\t\t\t\t<\/div>\n\t\t\t\t<div id=\"single-collapse-0\" class=\"panel-collapse collapse\">\n\t\t\t\t\t<div class=\"panel-body\">\n<ul>\n<li>Solicitud de pensi\u00f3n firmada en original.<\/li>\n<li>Copia de la hoja de servicios de el(la) trabajador(a) fallecido(a) (Solicitarla en recursos humanos de su dependencia). En caso de ser personal federalizado deber\u00e1 presentar el documento con firma y sello original del depto. de recursos humanos de su dependencia.<\/li>\n<li>Copia de oficio de baja como personal activo de el(la) trabajador(a) fallecido(a) . En caso de ser personal federalizado deber\u00e1 presentar el documento con firma y sello original del depto. de recursos humanos de su dependencia.<\/li>\n<li>Copia del estudio de pensi\u00f3n\u00a0 por ambos lados y firmado por el(la) solicitante. Este documento deber\u00e1 requerirlo previamente en la ventanilla del depto. de pensiones del IPSSET.<\/li>\n<li>Copia del \u00faltimo comprobante de pago de sueldo de la persona fallecida.<\/li>\n<li>Original para su cotejo y copia del acta de defunci\u00f3n o copia del acta de sentencia de la presunci\u00f3n de muerte.<\/li>\n<li>Copia de la credencial para votar o pasaporte de la persona fallecida.<\/li>\n<li>Acta de Matrimonio(original y reciente) o\u00a0 bien, original o copia certificada de la\u00a0 Resoluci\u00f3n Judicial de Reconocimiento de Concubinato. Documento con fecha posterior al fallecimiento.<\/li>\n<li>En caso de ser viudo; original o copia certificada de la Resoluci\u00f3n Judicial emitida en Juicio de Jurisdicci\u00f3n Voluntaria en el que acredit\u00f3 la dependencia econ\u00f3mica, el beneficiario debe ser mayor de 62 a\u00f1os y contar con incapacidad permanente y total para trabajar, presentando original de constancia m\u00e9dica que lo acredite.<\/li>\n<li>1 Fotograf\u00eda reciente, tama\u00f1o credencial de frente y a color de el(la) solicitante.<\/li>\n<li>Original para su cotejo y copia del acta de nacimiento de el(la) solicitante.<\/li>\n<li>Copia amplificada de la credencial para votar por ambos lados vigente, pasaporte vigente o c\u00e9dula profesional legibles de el(la) solicitante.<\/li>\n<li>Copia de la constancia de situaci\u00f3n fiscal expedida por el S.A.T. (Sistema de Administraci\u00f3n Tributaria) de el(la) solicitante. Completa y formato del a\u00f1o en curso.<\/li>\n<li>Copia de la C.U.R.P. (Clave \u00danica de Registro de Poblaci\u00f3n) de el(la) solicitante. Formato del a\u00f1o en curso.<\/li>\n<li>Copia del comprobante de domicilio donde actualmente habita, reciente no mayor a 3 meses de la fecha de facturaci\u00f3n o consumo (recibo de agua, luz o telefon\u00eda fija).<\/li>\n<li>Copia del contrato de apertura del Banco o estado de cuenta reciente a nombre del(la) solicitante. Deber\u00e1 ser solicitada al Banco una cuenta de n\u00f3mina en cualquiera de los siguientes Bancos: BANORTE-IXE, BBVA BANCOMER, CITIBANAMEX, o HSBC para depositar la pensi\u00f3n.(que incluya el n\u00famero de cuenta y clabe interbancaria).<\/li>\n<li>En caso de ser personal federalizado y contar con los fondos del SAR (Sistema de Ahorro para el Retiro) y FARTET ( Fondo para el Ahorro y el Retiro de los Trabajadores de la Educaci\u00f3n en Tamaulipas) agregar copia del hist\u00f3rico de movimientos. Solicitar en la SET (Secretar\u00eda de Educaci\u00f3n de Tamaulipas)<\/li>\n<li>Constancia de no adeudo del IPSSET (solicitar previamente al Depto. de recuperaci\u00f3n de\u00a0 cr\u00e9ditos del IPSSET).<\/li>\n<li>Formato de anexo a la solicitud de pensi\u00f3n firmada en original.<\/li>\n<\/ul>\n<p><strong>Nota:<br \/>\n1.<\/strong> Las copias solicitadas deben de ser legibles<br \/>\n<strong>2.<\/strong> Ser\u00e1 aceptada la solicitud \u00fanicamente si se presenta completa la documentaci\u00f3n, la cual debe de ser presentada de conformidad a los t\u00e9rminos anteriormente se\u00f1alados.<\/p>\n<\/div>\n\t\t\t\t<\/div>\n\t\t\t<\/div>\n<p><strong>Nota.\u2013 1.<\/strong> No se tendr\u00e1 derecho a la pensi\u00f3n por viudez que establece el art\u00edculo anterior, en los siguientes casos:<\/p>\n<ol style=\"list-style-type: upper-roman;\">\n<li>Cuando la muerte del servidor p\u00fablico, trabajador o pensionista acaeciera antes de cumplir seis meses de matrimonio, cualquiera que fuera su edad; \u00f3<\/li>\n<li>Cuando hubiese contra\u00eddo matrimonio con el servidor p\u00fablico, trabajador o pensionista, despu\u00e9s de haber cumplido \u00e9ste los 65 a\u00f1os de edad, salvo que a la fecha de la muerte hayan transcurrido cinco a\u00f1os desde la celebraci\u00f3n del enlace.<\/li>\n<\/ol>\n<p>Las limitaciones antes mencionadas, no regir\u00e1n cuando el fallecimiento sea consecuencia de un accidente o cuando, al morir el servidor p\u00fablico o trabajador, la viuda compruebe haber procreado hijos con \u00e9l.<\/p>\n<p><strong>(Art\u00edculo 75 de la Ley del IPSSET)<\/strong><\/p>\n<p>Para descargar el formato, favor de dar clic en el siguiente enlace:<\/p>\n<ul>\n<li><a href=\"http:\/\/www.tamaulipas.gob.mx\/ipsset\/wp-content\/uploads\/sites\/46\/2026\/04\/7.-solicitud-de-pension-por-viudez-de-personal-activo-con-anexo-2026-1.pdf\" class=\"btn btn-primary btn-sm\" target=\"_blank\"> Solicitud de Pensi\u00f3n por Viudez en Personal Activo <\/a><\/li>\n<\/ul>\n<p><strong>Para mayor informaci\u00f3n puede dirigirse a:<\/strong><\/p>\n<blockquote><p>IPSSET<br \/>\nDirecci\u00f3n de Seguridad Social<br \/>\nDepartamento Pensiones y Jubilaciones<br \/>\nJefa del departamento C.P. Limairy Elena Manzano Gonz\u00e1lez<br \/>\n17 Carrera Torres No. 102 Altos, Zona Centro. Cd. Victoria, Tamaulipas, M\u00e9xico C.P. 87000<br \/>\nConmutador: 318 73 00 Ext. 76417, 76430, 76467 y 76474<\/p><\/blockquote>\n","protected":false},"excerpt":{"rendered":"<p>Nota.\u2013 1. No se tendr\u00e1 derecho a la pensi\u00f3n por viudez que establece el art\u00edculo anterior, en los siguientes casos: Cuando la muerte del servidor\u2026<\/p>\n","protected":false},"author":8,"featured_media":0,"parent":624,"menu_order":0,"comment_status":"closed","ping_status":"closed","template":"","meta":{"footnotes":""},"class_list":["post-183","page","type-page","status-publish","hentry"],"publishpress_future_action":{"enabled":false,"date":"2026-04-26 08:50:46","action":"change-status","newStatus":"draft","terms":[],"taxonomy":""},"_links":{"self":[{"href":"https:\/\/www.tamaulipas.gob.mx\/ipsset\/wp-json\/wp\/v2\/pages\/183"}],"collection":[{"href":"https:\/\/www.tamaulipas.gob.mx\/ipsset\/wp-json\/wp\/v2\/pages"}],"about":[{"href":"https:\/\/www.tamaulipas.gob.mx\/ipsset\/wp-json\/wp\/v2\/types\/page"}],"author":[{"embeddable":true,"href":"https:\/\/www.tamaulipas.gob.mx\/ipsset\/wp-json\/wp\/v2\/users\/8"}],"replies":[{"embeddable":true,"href":"https:\/\/www.tamaulipas.gob.mx\/ipsset\/wp-json\/wp\/v2\/comments?post=183"}],"version-history":[{"count":30,"href":"https:\/\/www.tamaulipas.gob.mx\/ipsset\/wp-json\/wp\/v2\/pages\/183\/revisions"}],"predecessor-version":[{"id":4304,"href":"https:\/\/www.tamaulipas.gob.mx\/ipsset\/wp-json\/wp\/v2\/pages\/183\/revisions\/4304"}],"up":[{"embeddable":true,"href":"https:\/\/www.tamaulipas.gob.mx\/ipsset\/wp-json\/wp\/v2\/pages\/624"}],"wp:attachment":[{"href":"https:\/\/www.tamaulipas.gob.mx\/ipsset\/wp-json\/wp\/v2\/media?parent=183"}],"curies":[{"name":"wp","href":"https:\/\/api.w.org\/{rel}","templated":true}]}}