{"id":168,"date":"2018-07-30T18:25:40","date_gmt":"2018-07-30T18:25:40","guid":{"rendered":"https:\/\/www.tamaulipas.gob.mx\/ipsset\/?page_id=168"},"modified":"2026-04-06T10:05:40","modified_gmt":"2026-04-06T16:05:40","slug":"retiro","status":"publish","type":"page","link":"https:\/\/www.tamaulipas.gob.mx\/ipsset\/pensiones-y-jubilaciones\/nuevas-generaciones\/retiro\/","title":{"rendered":"Pensi\u00f3n de Retiro Edad Avanzada y Tiempo de Servicio"},"content":{"rendered":"<p>Para tener derecho al goce de la pensi\u00f3n de retiro por edad avanzada y tiempo de servicios, se requiere que el servidor p\u00fablico o trabajador haya cumplido 62 a\u00f1os de edad los hombres, y 60 a\u00f1os las mujeres y tenga al menos 15 a\u00f1os de cotizaci\u00f3n al Fondo de Pensiones del Instituto. <strong>(Art\u00edculo 87 de la Ley del IPSSET).<\/strong><\/p>\n<div class=\"panel panel-default\">\n\t\t\t\t<div class=\"panel-heading\">\n\t\t\t\t\t<h4 class=\"panel-title\">\n\t\t\t\t\t\t<a class=\"collapsed\" data-toggle=\"collapse\" data-parent=\"#single-collapse\" href=\"#single-collapse-0\">Requisitos<\/a>\n\t\t\t\t\t<\/h4>\n\t\t\t\t<\/div>\n\t\t\t\t<div id=\"single-collapse-0\" class=\"panel-collapse collapse\">\n\t\t\t\t\t<div class=\"panel-body\">\n<ul>\n<li>\n<div>Solicitud de pensi\u00f3n firmada en original.<\/div>\n<\/li>\n<li>\n<div>1 Fotograf\u00eda reciente, tama\u00f1o credencial de frente y a color.<\/div>\n<\/li>\n<li>\n<div>Copia de la hoja de servicios (Solicitarla en recursos humanos de su dependencia). En caso de ser personal federalizado deber\u00e1 presentar el documento con firma y sello original del depto. de recursos humanos de su dependencia.<\/div>\n<\/li>\n<li>\n<div>Copia de oficio de baja como personal activo. En caso de ser personal federalizado deber\u00e1 presentar el documento con firma y sello original del depto. de recursos humanos de su dependencia.<\/div>\n<\/li>\n<li>\n<div>Copia del estudio de pensi\u00f3n\u00a0 por ambos lados y firmado por el(la) solicitante. Este documento deber\u00e1 requerirlo previamente en la ventanilla del depto. de pensiones del IPSSET.<\/div>\n<\/li>\n<li>\n<div>Copia del \u00faltimo comprobante de pago de sueldo.<\/div>\n<\/li>\n<li>\n<div>Original para su cotejo y copia del acta de nacimiento.<\/div>\n<\/li>\n<li>\n<div>Copia amplificada de la credencial para votar por ambos lados vigente, pasaporte vigente o c\u00e9dula profesional legibles.<\/div>\n<\/li>\n<li>\n<div>Copia de la constancia de situaci\u00f3n fiscal expedida por el S.A.T. (Sistema de Administraci\u00f3n\u00a0\u00a0\u00a0\u00a0 Tributaria). Completa y formato del a\u00f1o en curso.<\/div>\n<\/li>\n<li>\n<div>Copia de la C.U.R.P. (Clave \u00danica de Registro de Poblaci\u00f3n). Formato del a\u00f1o en curso.<\/div>\n<\/li>\n<li>\n<div>Copia del comprobante de domicilio donde actualmente habita, reciente no mayor a 3 meses de la fecha de facturaci\u00f3n o consumo (recibo de agua, luz o telefon\u00eda fija).<\/div>\n<\/li>\n<li>\n<div>Copia del contrato de apertura del Banco o estado de cuenta reciente a nombre del(la) solicitante. Deber\u00e1 ser solicitada al Banco una cuenta de n\u00f3mina en cualquiera de los siguientes Bancos: BANORTE-IXE, BBVA BANCOMER, CITIBANAMEX, o HSBC para depositar la pensi\u00f3n.(que incluya el n\u00famero de cuenta y clabe interbancaria).<\/div>\n<\/li>\n<li>\n<div>C\u00e9dula testamentaria debidamente elaborada con los requisitos se\u00f1alados en el mismo formato.<\/div>\n<\/li>\n<li>\n<div>En caso de ser personal federalizado y contar con los fondos del SAR (Sistema de Ahorro para el Retiro) y FARTET ( Fondo para el Ahorro y el Retiro de los Trabajadores de la Educaci\u00f3n en Tamaulipas) agregar copia del hist\u00f3rico de movimientos. Solicitar en la SET (Secretar\u00eda de Educaci\u00f3n de Tamaulipas)<\/div>\n<\/li>\n<\/ul>\n<p><strong>Nota:<br \/>\n1. <\/strong>Las copias solicitadas deben de ser legibles<strong><br \/>\n2. <\/strong>Ser\u00e1 aceptada la solicitud \u00fanicamente si se presenta completa la documentaci\u00f3n, la cual debe de ser presentada de conformidad a los t\u00e9rminos anteriormente se\u00f1alados.<\/p>\n<\/div>\n\t\t\t\t<\/div>\n\t\t\t<\/div>\n<p>Para descargar el formato, favor de dar clic en el siguiente enlace:<\/p>\n<ul>\n<li><a href=\"http:\/\/www.tamaulipas.gob.mx\/ipsset\/wp-content\/uploads\/sites\/46\/2026\/04\/3.-solicitud-de-pension-por-jubilacion-y-cesantia-2026.pdf\" class=\"btn btn-primary btn-sm\" target=\"_blank\"> Pensi\u00f3n de Retiro por Edad Avanzada y Tiempo de Servicios\u00a0<\/a><\/li>\n<\/ul>\n<p><strong>Para mayor informaci\u00f3n puede dirigirse a:<\/strong><\/p>\n<blockquote><p>IPSSET<br \/>\nDirecci\u00f3n de Seguridad Social<br \/>\nDepartamento Pensiones y Jubilaciones<br \/>\nJefa del departamento C.P. Limairy Elena Manzano Gonz\u00e1lez<br \/>\n17 Carrera Torres No. 102 Altos, Zona Centro. Cd. Victoria, Tamaulipas, M\u00e9xico C.P. 87000<br \/>\nConmutador: 318 73 00 Ext. 76417, 76430, 76467 y 76474<\/p><\/blockquote>\n","protected":false},"excerpt":{"rendered":"<p>Para tener derecho al goce de la pensi\u00f3n de retiro por edad avanzada y tiempo de servicios, se requiere que el servidor p\u00fablico o trabajador\u2026<\/p>\n","protected":false},"author":8,"featured_media":0,"parent":624,"menu_order":0,"comment_status":"closed","ping_status":"closed","template":"","meta":{"footnotes":""},"class_list":["post-168","page","type-page","status-publish","hentry"],"publishpress_future_action":{"enabled":false,"date":"2026-04-26 08:53:12","action":"change-status","newStatus":"draft","terms":[],"taxonomy":""},"_links":{"self":[{"href":"https:\/\/www.tamaulipas.gob.mx\/ipsset\/wp-json\/wp\/v2\/pages\/168"}],"collection":[{"href":"https:\/\/www.tamaulipas.gob.mx\/ipsset\/wp-json\/wp\/v2\/pages"}],"about":[{"href":"https:\/\/www.tamaulipas.gob.mx\/ipsset\/wp-json\/wp\/v2\/types\/page"}],"author":[{"embeddable":true,"href":"https:\/\/www.tamaulipas.gob.mx\/ipsset\/wp-json\/wp\/v2\/users\/8"}],"replies":[{"embeddable":true,"href":"https:\/\/www.tamaulipas.gob.mx\/ipsset\/wp-json\/wp\/v2\/comments?post=168"}],"version-history":[{"count":24,"href":"https:\/\/www.tamaulipas.gob.mx\/ipsset\/wp-json\/wp\/v2\/pages\/168\/revisions"}],"predecessor-version":[{"id":4274,"href":"https:\/\/www.tamaulipas.gob.mx\/ipsset\/wp-json\/wp\/v2\/pages\/168\/revisions\/4274"}],"up":[{"embeddable":true,"href":"https:\/\/www.tamaulipas.gob.mx\/ipsset\/wp-json\/wp\/v2\/pages\/624"}],"wp:attachment":[{"href":"https:\/\/www.tamaulipas.gob.mx\/ipsset\/wp-json\/wp\/v2\/media?parent=168"}],"curies":[{"name":"wp","href":"https:\/\/api.w.org\/{rel}","templated":true}]}}