{"id":148,"date":"2018-07-30T17:53:06","date_gmt":"2018-07-30T17:53:06","guid":{"rendered":"https:\/\/www.tamaulipas.gob.mx\/ipsset\/?page_id=148"},"modified":"2026-04-06T10:04:21","modified_gmt":"2026-04-06T16:04:21","slug":"pension-por-riesgo-de-trabajo","status":"publish","type":"page","link":"https:\/\/www.tamaulipas.gob.mx\/ipsset\/pensiones-y-jubilaciones\/generacion-en-transicion\/pension-por-riesgo-de-trabajo\/","title":{"rendered":"Pensi\u00f3n por Riesgo de Trabajo"},"content":{"rendered":"<p>Pensi\u00f3n por riesgos de trabajo, cuando se incapaciten por dicha causa de conformidad a los lineamientos establecidos en el Cap\u00edtulo Tercero del T\u00edtulo Tercero de la presente Ley <strong>(Art\u00edculo Sexto Transitorio, P\u00e1rrafo 1, Fracci\u00f3n V Ley del IPSSET).<\/strong><\/p>\n<div class=\"panel panel-default\">\n\t\t\t\t<div class=\"panel-heading\">\n\t\t\t\t\t<h4 class=\"panel-title\">\n\t\t\t\t\t\t<a class=\"collapsed\" data-toggle=\"collapse\" data-parent=\"#single-collapse\" href=\"#single-collapse-0\">Requisitos<\/a>\n\t\t\t\t\t<\/h4>\n\t\t\t\t<\/div>\n\t\t\t\t<div id=\"single-collapse-0\" class=\"panel-collapse collapse\">\n\t\t\t\t\t<div class=\"panel-body\">\n<ul>\n<li>Solicitud de pensi\u00f3n firmada en original.<\/li>\n<li>1 Fotograf\u00eda reciente, tama\u00f1o credencial de frente y a color.<\/li>\n<li>Copia de la hoja de servicios (Solicitarla en recursos humanos de su dependencia). En caso de ser personal federalizado deber\u00e1 presentar el documento con firma y sello original del depto. de recursos humanos de su dependencia.<\/li>\n<li>Copia de oficio de baja como personal activo, lo anterior si el porcentaje de incapacidad dictaminado es mayor al cincuenta por ciento (50%). En caso de ser personal federalizado deber\u00e1 presentar el documento con firma y sello original del depto. de recursos humanos de su dependencia.<\/li>\n<li>Original del acta administrativa levantada por la dependencia u organismo por medio de la cual se da fe del riesgo de trabajo.<\/li>\n<li>Original o copia certificada de la calificaci\u00f3n del riesgo de trabajo, expedido por el \u00e1rea de medicina del trabajo del ISSSTE (Instituto de Seguridad\u00a0 y Servicios Sociales de los Trabajadores del Estado) o del Hospital General, seg\u00fan le corresponda.<\/li>\n<li>Copia Certificada del Expediente Judicial (en su caso).<\/li>\n<li>Copia del \u00faltimo comprobante de pago de sueldo.<\/li>\n<li>Original para su cotejo y copia del acta de nacimiento.<\/li>\n<li>Copia amplificada de la credencial para votar por ambos lados vigente, pasaporte vigente o c\u00e9dula profesional legibles.<\/li>\n<li>Copia de la constancia de situaci\u00f3n fiscal expedida por el S.A.T. (Sistema de Administraci\u00f3n\u00a0\u00a0\u00a0\u00a0 Tributaria). Completa y formato del a\u00f1o en curso.<\/li>\n<li>Copia de la C.U.R.P. (Clave \u00danica de Registro de Poblaci\u00f3n).<\/li>\n<li>Copia del comprobante de domicilio donde actualmente habita, reciente no mayor a 3 meses de la fecha de facturaci\u00f3n o consumo (recibo de agua, luz o telefon\u00eda fija).<\/li>\n<li>Copia del contrato de apertura del Banco o estado de cuenta reciente a nombre del(la) solicitante. Deber\u00e1 ser solicitada al Banco una cuenta de n\u00f3mina en cualquiera de los siguientes Bancos: BANORTE-IXE, BBVA BANCOMER, CITIBANAMEX, o HSBC para depositar la pensi\u00f3n.(que incluya el n\u00famero de cuenta y clabe interbancaria).<\/li>\n<li>C\u00e9dula testamentaria debidamente elaborada con los requisitos se\u00f1alados en el mismo formato.<\/li>\n<li>En caso de ser personal federalizado y contar con los fondos del SAR (Sistema de Ahorro para el Retiro) y FARTET ( Fondo para el Ahorro y el Retiro de los Trabajadores de la Educaci\u00f3n en Tamaulipas) agregar copia del hist\u00f3rico de movimientos. Solicitar en la SET (Secretar\u00eda de Educaci\u00f3n de Tamaulipas)<\/li>\n<\/ul>\n<p><strong>Nota:<br \/>\n1. <\/strong>Las copias solicitadas deben de ser legibles<br \/>\n<strong>2.<\/strong> Ser\u00e1 aceptada la solicitud \u00fanicamente si se presenta completa la documentaci\u00f3n, la cual debe de ser presentada de conformidad a los t\u00e9rminos anteriormente se\u00f1alados.<strong><br \/>\n<\/strong><\/div>\n\t\t\t\t<\/div>\n\t\t\t<\/div>\n<p>Para descargar el formato, favor de dar clic en el Siguiente Enlace:<\/p>\n<ul>\n<li><a href=\"http:\/\/www.tamaulipas.gob.mx\/ipsset\/wp-content\/uploads\/sites\/46\/2026\/04\/4.-solicitud-de-pension-por-riesgos-de-trabajo-2026.pdf\" class=\"btn btn-primary btn-sm\" target=\"_blank\"> Solicitud de Pensi\u00f3n por Riesgo de Trabajo <\/a><\/li>\n<\/ul>\n<p><strong>Para mayor informaci\u00f3n puede dirigirse a:<\/strong><\/p>\n<blockquote><p>IPSSET<br \/>\nDirecci\u00f3n de Seguridad Social<br \/>\nDepartamento Pensiones y Jubilaciones<br \/>\nJefa del departamento C.P. Limairy Elena Manzano Gonz\u00e1lez<br \/>\n17 Carrera Torres No. 102 Altos, Zona Centro. Cd. Victoria, Tamaulipas, M\u00e9xico C.P. 87000<br \/>\nConmutador: 318 73 00 Ext. 76417, 76430, 76467 y 76474<\/p><\/blockquote>\n","protected":false},"excerpt":{"rendered":"<p>Pensi\u00f3n por riesgos de trabajo, cuando se incapaciten por dicha causa de conformidad a los lineamientos establecidos en el Cap\u00edtulo Tercero del T\u00edtulo Tercero de\u2026<\/p>\n","protected":false},"author":8,"featured_media":0,"parent":622,"menu_order":0,"comment_status":"closed","ping_status":"closed","template":"","meta":{"footnotes":""},"class_list":["post-148","page","type-page","status-publish","hentry"],"publishpress_future_action":{"enabled":false,"date":"2026-04-26 08:51:49","action":"change-status","newStatus":"draft","terms":[],"taxonomy":""},"_links":{"self":[{"href":"https:\/\/www.tamaulipas.gob.mx\/ipsset\/wp-json\/wp\/v2\/pages\/148"}],"collection":[{"href":"https:\/\/www.tamaulipas.gob.mx\/ipsset\/wp-json\/wp\/v2\/pages"}],"about":[{"href":"https:\/\/www.tamaulipas.gob.mx\/ipsset\/wp-json\/wp\/v2\/types\/page"}],"author":[{"embeddable":true,"href":"https:\/\/www.tamaulipas.gob.mx\/ipsset\/wp-json\/wp\/v2\/users\/8"}],"replies":[{"embeddable":true,"href":"https:\/\/www.tamaulipas.gob.mx\/ipsset\/wp-json\/wp\/v2\/comments?post=148"}],"version-history":[{"count":28,"href":"https:\/\/www.tamaulipas.gob.mx\/ipsset\/wp-json\/wp\/v2\/pages\/148\/revisions"}],"predecessor-version":[{"id":4271,"href":"https:\/\/www.tamaulipas.gob.mx\/ipsset\/wp-json\/wp\/v2\/pages\/148\/revisions\/4271"}],"up":[{"embeddable":true,"href":"https:\/\/www.tamaulipas.gob.mx\/ipsset\/wp-json\/wp\/v2\/pages\/622"}],"wp:attachment":[{"href":"https:\/\/www.tamaulipas.gob.mx\/ipsset\/wp-json\/wp\/v2\/media?parent=148"}],"curies":[{"name":"wp","href":"https:\/\/api.w.org\/{rel}","templated":true}]}}