{"id":144,"date":"2018-07-30T17:44:21","date_gmt":"2018-07-30T17:44:21","guid":{"rendered":"https:\/\/www.tamaulipas.gob.mx\/ipsset\/?page_id=144"},"modified":"2026-04-06T10:03:43","modified_gmt":"2026-04-06T16:03:43","slug":"pension-por-invalidez-por-causas-ajenas-al-trabajo","status":"publish","type":"page","link":"https:\/\/www.tamaulipas.gob.mx\/ipsset\/pensiones-y-jubilaciones\/generacion-en-transicion\/pension-por-invalidez-por-causas-ajenas-al-trabajo\/","title":{"rendered":"Pensi\u00f3n por Invalidez por causas ajenas al Trabajo"},"content":{"rendered":"<p>Pensi\u00f3n por invalidez por causas ajenas al trabajo, cuando se inhabiliten f\u00edsica o mentalmente por causas ajenas al trabajo y cuenten con al menos 10 a\u00f1os de antig\u00fcedad generada ante el fondo de pensiones.<\/p>\n<p>El monto de la pensi\u00f3n ser\u00e1 el equivalente al porcentaje del Salario Regulador que resulte de acuerdo con el descrito en la siguiente tabla: <strong>(Art\u00edculo Sexto Transitorio, P\u00e1rrafo 1, Fracci\u00f3n IV de la Ley del IPSSET).<\/strong><\/p>\n<div class=\"table-responsive\"><table style=\"height: 456px;\" class=\" table table table-gobtam\"><thead><tr style=\"height: 48px;\"><th style=\"height: 48px;\" width=\"295\">Antig&#xFC;edad Generada ante el Fondo de Pensiones<\/th>\n<th style=\"height: 48px;\" colspan=\"2\" width=\"222\">Porcentaje del Salario Regulador<\/th>\n<\/tr><\/thead><tbody><tr style=\"height: 24px;\"><th style=\"height: 24px;\"><\/th>\n<th style=\"height: 24px;\">Hombres<\/th>\n<th style=\"height: 24px;\">Mujeres<\/th>\n<\/tr><tr style=\"height: 24px;\"><td style=\"height: 24px;\">10 a 15<\/td>\n<td style=\"height: 24px;\">50.00%<\/td>\n<td style=\"height: 24px;\">50.00%<\/td>\n<\/tr><tr style=\"height: 24px;\"><td style=\"height: 24px;\">16<\/td>\n<td style=\"height: 24px;\">52.50%<\/td>\n<td style=\"height: 24px;\">52.50%<\/td>\n<\/tr><tr style=\"height: 24px;\"><td style=\"height: 24px;\">17<\/td>\n<td style=\"height: 24px;\">55.00%<\/td>\n<td style=\"height: 24px;\">55.00%<\/td>\n<\/tr><tr style=\"height: 24px;\"><td style=\"height: 24px;\">18<\/td>\n<td style=\"height: 24px;\">57.50%<\/td>\n<td style=\"height: 24px;\">57.50%<\/td>\n<\/tr><tr style=\"height: 24px;\"><td style=\"height: 24px;\">19<\/td>\n<td style=\"height: 24px;\">60.00%<\/td>\n<td style=\"height: 24px;\">60.00%<\/td>\n<\/tr><tr style=\"height: 24px;\"><td style=\"height: 24px;\">20<\/td>\n<td style=\"height: 24px;\">62.50%<\/td>\n<td style=\"height: 24px;\">62.50%<\/td>\n<\/tr><tr style=\"height: 24px;\"><td style=\"height: 24px;\">21<\/td>\n<td style=\"height: 24px;\">65.00%<\/td>\n<td style=\"height: 24px;\">70.00%<\/td>\n<\/tr><tr style=\"height: 24px;\"><td style=\"height: 24px;\">22<\/td>\n<td style=\"height: 24px;\">67.50%<\/td>\n<td style=\"height: 24px;\">77.50%<\/td>\n<\/tr><tr style=\"height: 24px;\"><td style=\"height: 24px;\">23<\/td>\n<td style=\"height: 24px;\">70.00%<\/td>\n<td style=\"height: 24px;\">85.00%<\/td>\n<\/tr><tr style=\"height: 24px;\"><td style=\"height: 24px;\">24<\/td>\n<td style=\"height: 24px;\">72.50%<\/td>\n<td style=\"height: 24px;\">92.50%<\/td>\n<\/tr><tr style=\"height: 24px;\"><td style=\"height: 24px;\">25<\/td>\n<td style=\"height: 24px;\">75.00%<\/td>\n<td style=\"height: 24px;\">100.00%<\/td>\n<\/tr><tr style=\"height: 24px;\"><td style=\"height: 24px;\">26<\/td>\n<td style=\"height: 24px;\">80.00%<\/td>\n<td style=\"height: 24px;\">100.00%<\/td>\n<\/tr><tr style=\"height: 24px;\"><td style=\"height: 24px;\">27<\/td>\n<td style=\"height: 24px;\">85.00%<\/td>\n<td style=\"height: 24px;\">100.00%<\/td>\n<\/tr><tr style=\"height: 24px;\"><td style=\"height: 24px;\">28<\/td>\n<td style=\"height: 24px;\">90.00%<\/td>\n<td style=\"height: 24px;\">100.00%<\/td>\n<\/tr><tr style=\"height: 24px;\"><td style=\"height: 24px;\">29<\/td>\n<td style=\"height: 24px;\">95.00%<\/td>\n<td style=\"height: 24px;\">100.00%<\/td>\n<\/tr><tr style=\"height: 24px;\"><td style=\"height: 24px;\">30 o m&#xE1;s<\/td>\n<td style=\"height: 24px;\">100.00%<\/td>\n<td style=\"height: 24px;\">100.00%<\/td>\n<\/tr><\/tbody><\/table><\/div>\n<div class=\"panel panel-default\">\n\t\t\t\t<div class=\"panel-heading\">\n\t\t\t\t\t<h4 class=\"panel-title\">\n\t\t\t\t\t\t<a class=\"collapsed\" data-toggle=\"collapse\" data-parent=\"#single-collapse\" href=\"#single-collapse-0\">Requisitos<\/a>\n\t\t\t\t\t<\/h4>\n\t\t\t\t<\/div>\n\t\t\t\t<div id=\"single-collapse-0\" class=\"panel-collapse collapse\">\n\t\t\t\t\t<div class=\"panel-body\">\n<ul>\n<li>Solicitud de pensi\u00f3n firmada en original.<\/li>\n<li>1 Fotograf\u00eda reciente, tama\u00f1o credencial de frente y a color.<\/li>\n<li>Copia de la hoja de servicios (Solicitarla en recursos humanos de su dependencia). En caso de ser personal federalizado deber\u00e1 presentar el documento con firma y sello original del depto. de recursos humanos de su dependencia.<\/li>\n<li>Copia de oficio de baja como personal activo. En caso de ser personal federalizado deber\u00e1 presentar el documento con firma y sello original del depto. de recursos humanos de su dependencia.<\/li>\n<li>Copia del dictamen m\u00e9dico emitido por el especialista en medicina del trabajo designado por el IPSSET\u00a0 y autorizado por el\u00a0 Comit\u00e9 T\u00e9cnico de pensiones. Solicitarlo previamente a este Instituto.<\/li>\n<li>Copia del estudio de pensi\u00f3n\u00a0 por ambos lados y firmado por el(la) solicitante. Este documento deber\u00e1 requerirlo previamente en la ventanilla del depto. de pensiones del IPSSET.<\/li>\n<li>Copia del \u00faltimo comprobante de pago de sueldo.<\/li>\n<li>Original para su cotejo y copia del acta de nacimiento.<\/li>\n<li>Copia amplificada de la credencial para votar por ambos lados vigente, pasaporte vigente o c\u00e9dula profesional legibles.<\/li>\n<li>Copia de la constancia de situaci\u00f3n fiscal expedida por el S.A.T. (Sistema de Administraci\u00f3n\u00a0\u00a0\u00a0\u00a0 Tributaria). Completa y formato del a\u00f1o en curso.<\/li>\n<li>Copia de la C.U.R.P. (Clave \u00danica de Registro de Poblaci\u00f3n).<\/li>\n<li>Copia del comprobante de domicilio donde actualmente habita, reciente no mayor a 3 meses de la fecha de facturaci\u00f3n o consumo (recibo de agua, luz o telefon\u00eda fija).<\/li>\n<li>Copia del contrato de apertura del Banco o estado de cuenta reciente a nombre del(la) solicitante. Deber\u00e1 ser solicitada al Banco una cuenta de n\u00f3mina en cualquiera de los siguientes Bancos: BANORTE-IXE, BBVA BANCOMER, CITIBANAMEX, o HSBC para depositar la pensi\u00f3n.(que incluya el n\u00famero de cuenta y clabe interbancaria).<\/li>\n<li>C\u00e9dula testamentaria debidamente elaborada con los requisitos se\u00f1alados en el mismo formato.<\/li>\n<li>En caso de ser personal federalizado y contar con los fondos del SAR (Sistema de Ahorro para el Retiro) y FARTET ( Fondo para el Ahorro y el Retiro de los Trabajadores de la Educaci\u00f3n en Tamaulipas) agregar copia del hist\u00f3rico de movimientos. Solicitar en la SET (Secretar\u00eda de Educaci\u00f3n de Tamaulipas).<\/li>\n<\/ul>\n<p><strong>Nota:<br \/>\n1.<\/strong> Las copias solicitadas deben de ser legibles<br \/>\n<strong>2.<\/strong> Ser\u00e1 aceptada la solicitud \u00fanicamente si se presenta completa la documentaci\u00f3n, la cual debe de ser presentada de conformidad a los t\u00e9rminos anteriormente se\u00f1alados.<strong><br \/>\n<\/strong><\/p>\n<\/div>\n\t\t\t\t<\/div>\n\t\t\t<\/div>\n<p>Para descargar el formato, favor de dar clic en el Siguiente Enlace:<\/p>\n<ul>\n<li><a href=\"http:\/\/www.tamaulipas.gob.mx\/ipsset\/wp-content\/uploads\/sites\/46\/2026\/04\/5.-solicitud-de-pension-por-invalidez-por-causas-ajenas-al-trabajo2026.pdf\" class=\"btn btn-primary btn-sm\" target=\"_blank\"> Solicitud de Pensi\u00f3n por Invalidez por Causas Ajena al Trabajo <\/a><\/li>\n<\/ul>\n<p><strong>Para mayor informaci\u00f3n puede dirigirse a:<\/strong><\/p>\n<blockquote><p>IPSSET<br \/>\nDirecci\u00f3n de Seguridad Social<br \/>\nDepartamento Pensiones y Jubilaciones<br \/>\nJefa del departamento C.P. Limairy Elena Manzano Gonz\u00e1lez<br \/>\n17 Carrera Torres No. 102 Altos, Zona Centro. Cd. Victoria, Tamaulipas, M\u00e9xico C.P. 87000<br \/>\nConmutador: 318 73 00 Ext. 76417, 76430, 76467 y 76474<\/p><\/blockquote>\n","protected":false},"excerpt":{"rendered":"<p>Pensi\u00f3n por invalidez por causas ajenas al trabajo, cuando se inhabiliten f\u00edsica o mentalmente por causas ajenas al trabajo y cuenten con al menos 10\u2026<\/p>\n","protected":false},"author":8,"featured_media":0,"parent":622,"menu_order":0,"comment_status":"closed","ping_status":"closed","template":"","meta":{"footnotes":""},"class_list":["post-144","page","type-page","status-publish","hentry"],"publishpress_future_action":{"enabled":false,"date":"2026-04-19 07:40:37","action":"change-status","newStatus":"draft","terms":[],"taxonomy":""},"_links":{"self":[{"href":"https:\/\/www.tamaulipas.gob.mx\/ipsset\/wp-json\/wp\/v2\/pages\/144"}],"collection":[{"href":"https:\/\/www.tamaulipas.gob.mx\/ipsset\/wp-json\/wp\/v2\/pages"}],"about":[{"href":"https:\/\/www.tamaulipas.gob.mx\/ipsset\/wp-json\/wp\/v2\/types\/page"}],"author":[{"embeddable":true,"href":"https:\/\/www.tamaulipas.gob.mx\/ipsset\/wp-json\/wp\/v2\/users\/8"}],"replies":[{"embeddable":true,"href":"https:\/\/www.tamaulipas.gob.mx\/ipsset\/wp-json\/wp\/v2\/comments?post=144"}],"version-history":[{"count":35,"href":"https:\/\/www.tamaulipas.gob.mx\/ipsset\/wp-json\/wp\/v2\/pages\/144\/revisions"}],"predecessor-version":[{"id":4270,"href":"https:\/\/www.tamaulipas.gob.mx\/ipsset\/wp-json\/wp\/v2\/pages\/144\/revisions\/4270"}],"up":[{"embeddable":true,"href":"https:\/\/www.tamaulipas.gob.mx\/ipsset\/wp-json\/wp\/v2\/pages\/622"}],"wp:attachment":[{"href":"https:\/\/www.tamaulipas.gob.mx\/ipsset\/wp-json\/wp\/v2\/media?parent=144"}],"curies":[{"name":"wp","href":"https:\/\/api.w.org\/{rel}","templated":true}]}}