{"id":1316,"date":"2019-01-09T10:24:22","date_gmt":"2019-01-09T16:24:22","guid":{"rendered":"https:\/\/www.tamaulipas.gob.mx\/ipsset\/?page_id=1316"},"modified":"2022-11-23T16:43:22","modified_gmt":"2022-11-23T22:43:22","slug":"esto-te-interesa","status":"publish","type":"page","link":"https:\/\/www.tamaulipas.gob.mx\/ipsset\/pensiones-y-jubilaciones\/esto-te-interesa\/","title":{"rendered":"\u00a1Esto te interesa!"},"content":{"rendered":"<div class=\"carousel slide mb30\" id=\"custom-carousel-0\" data-ride=\"carousel\"><ol class=\"carousel-indicators\"><li class=\"active\" data-target=\"#custom-carousel-0\" data-slide-to=\"0\"><\/li><li class=\"\" data-target=\"#custom-carousel-0\" data-slide-to=\"1\"><\/li><li class=\"\" data-target=\"#custom-carousel-0\" data-slide-to=\"2\"><\/li><\/ol><div class=\"carousel-inner\">\n<div class=\"item active\">\n<p><a href=\"http:\/\/www.tamaulipas.gob.mx\/ipsset\/wp-content\/uploads\/sites\/46\/2022\/10\/2.1.jpg\" target=\"_blank\" rel=\"noopener\"><img loading=\"lazy\" decoding=\"async\" class=\" wp-image-2776 size-full\" src=\"http:\/\/www.tamaulipas.gob.mx\/ipsset\/wp-content\/uploads\/sites\/46\/2022\/11\/2..jpg\" alt=\"\" width=\"1200\" height=\"713\" \/><\/a><\/p>\n<\/div>\n<div class=\"item\">\n<p><a href=\"http:\/\/www.tamaulipas.gob.mx\/ipsset\/wp-content\/uploads\/sites\/46\/2022\/10\/3.1.jpg\" target=\"_blank\" rel=\"noopener\"><img loading=\"lazy\" decoding=\"async\" class=\" wp-image-2773 size-full\" src=\"http:\/\/www.tamaulipas.gob.mx\/ipsset\/wp-content\/uploads\/sites\/46\/2022\/10\/3.jpg\" alt=\"\" width=\"1200\" height=\"713\" \/><\/a><\/p>\n<\/div>\n<div class=\"item\">\n<p><a href=\"http:\/\/www.tamaulipas.gob.mx\/ipsset\/wp-content\/uploads\/sites\/46\/2022\/11\/pasevigencia_beneficios-1.jpg\" target=\"_blank\" rel=\"noopener\"><img loading=\"lazy\" decoding=\"async\" class=\" wp-image-2995 size-full\" src=\"http:\/\/www.tamaulipas.gob.mx\/ipsset\/wp-content\/uploads\/sites\/46\/2022\/11\/1-2.jpg\" alt=\"\" width=\"1200\" height=\"714\" \/><\/a><\/p>\n<\/div>\n<\/div><a class=\"left carousel-control\"  href=\"#custom-carousel-0\" data-slide=\"prev\"><span class=\"glyphicon glyphicon-chevron-left\"><\/span><\/a><a class=\"right carousel-control\" href=\"#custom-carousel-0\" data-slide=\"next\"><span class=\"glyphicon glyphicon-chevron-right\"><\/span><\/a><\/div>\n<p><strong>Preguntas frecuentes<\/strong><\/p>\n<div class=\"panel-group\" id=\"custom-collapse-0\">\n<div class=\"panel panel-default\">\n\t\t\t\t<div class=\"panel-heading\">\n\t\t\t\t\t<h4 class=\"panel-title\">\n\t\t\t\t\t\t<a class=\"\" data-toggle=\"collapse\" data-parent=\"#custom-collapse-0\" href=\"#custom-collapse-0-0\">1 \u00bfQui\u00e9n puede solicitar una pensi\u00f3n por invalidez por causas ajenas al trabajo y\/o riesgo de trabajo?<\/a>\n\t\t\t\t\t<\/h4>\n\t\t\t\t<\/div>\n\t\t\t\t<div id=\"custom-collapse-0-0\" class=\"panel-collapse in\">\n\t\t\t\t\t<div class=\"panel-body\">\n<p>El servidor p\u00fablico activo del Gobierno del Estado de Tamaulipas que haya sufrido un riesgo de trabajo as\u00ed como los que tengan una enfermedad considerada como invalidez por causas ajenas al trabajo.<\/p>\n<\/div>\n\t\t\t\t<\/div>\n\t\t\t<\/div>\n<div class=\"panel panel-default\">\n\t\t\t\t<div class=\"panel-heading\">\n\t\t\t\t\t<h4 class=\"panel-title\">\n\t\t\t\t\t\t<a class=\"collapsed\" data-toggle=\"collapse\" data-parent=\"#custom-collapse-0\" href=\"#custom-collapse-0-1\">2 \u00bfQui\u00e9n puede solicitar una pensi\u00f3n por orfandad?<\/a>\n\t\t\t\t\t<\/h4>\n\t\t\t\t<\/div>\n\t\t\t\t<div id=\"custom-collapse-0-1\" class=\"panel-collapse collapse\">\n\t\t\t\t\t<div class=\"panel-body\">\n<p>Familiares derechohabientes como los hijos hasta 18 a\u00f1os de edad con excepci\u00f3n de los emancipados o aquellos que no lo sean, pero est\u00e9n incapacitados o imposibilitados, aquellos menores de 25 a\u00f1os siempre y cuando se encuentren realizando estudios de nivel medio superior, o superior, lo que se acreditar\u00e1 cada 6 meses, mediante constancia de estudios con calificaciones, expedida por la instituci\u00f3n educativa con registro oficial.<\/p>\n<\/div>\n\t\t\t\t<\/div>\n\t\t\t<\/div>\n<div class=\"panel panel-default\">\n\t\t\t\t<div class=\"panel-heading\">\n\t\t\t\t\t<h4 class=\"panel-title\">\n\t\t\t\t\t\t<a class=\"collapsed\" data-toggle=\"collapse\" data-parent=\"#custom-collapse-0\" href=\"#custom-collapse-0-2\">3 \u00bfQui\u00e9n puede solicitar una pensi\u00f3n anticipada?<\/a>\n\t\t\t\t\t<\/h4>\n\t\t\t\t<\/div>\n\t\t\t\t<div id=\"custom-collapse-0-2\" class=\"panel-collapse collapse\">\n\t\t\t\t\t<div class=\"panel-body\">\n<ul>\n<li>Cuando el servidor p\u00fablico o trabajador se separe voluntariamente del servicio o quede privado del trabajo a partir de los 65 a\u00f1os de edad y debe de tener un m\u00ednimo de 10 a\u00f1os de cotizaci\u00f3n al Instituto.<\/li>\n<li>Cuando el servidor p\u00fablico o trabajador de la nueva generaci\u00f3n se separe voluntariamente del servicio o quede privado del trabajo a partir de los sesenta y cinco a\u00f1os de edad.<\/li>\n<\/ul>\n<\/div>\n\t\t\t\t<\/div>\n\t\t\t<\/div>\n<div class=\"panel panel-default\">\n\t\t\t\t<div class=\"panel-heading\">\n\t\t\t\t\t<h4 class=\"panel-title\">\n\t\t\t\t\t\t<a class=\"collapsed\" data-toggle=\"collapse\" data-parent=\"#custom-collapse-0\" href=\"#custom-collapse-0-3\">4 \u00bfQui\u00e9n puede solicitar una pensi\u00f3n retiro por edad avanzada y tiempo de servicio?<\/a>\n\t\t\t\t\t<\/h4>\n\t\t\t\t<\/div>\n\t\t\t\t<div id=\"custom-collapse-0-3\" class=\"panel-collapse collapse\">\n\t\t\t\t\t<div class=\"panel-body\">\n<p>Se requiere que el servidor p\u00fablico o trabajador de nueva generaci\u00f3n haya cumplido 62 a\u00f1os de edad los hombres, y 60 a\u00f1os las mujeres y tenga al menos 15 a\u00f1os de cotizaci\u00f3n al Fondo de Pensiones del Instituto.<\/p>\n<\/div>\n\t\t\t\t<\/div>\n\t\t\t<\/div>\n<div class=\"panel panel-default\">\n\t\t\t\t<div class=\"panel-heading\">\n\t\t\t\t\t<h4 class=\"panel-title\">\n\t\t\t\t\t\t<a class=\"collapsed\" data-toggle=\"collapse\" data-parent=\"#custom-collapse-0\" href=\"#custom-collapse-0-4\">5 \u00bfQui\u00e9n puede solicitar una pensi\u00f3n de invalidez? (por invalidez por causas ajenas al trabajo)<\/a>\n\t\t\t\t\t<\/h4>\n\t\t\t\t<\/div>\n\t\t\t\t<div id=\"custom-collapse-0-4\" class=\"panel-collapse collapse\">\n\t\t\t\t\t<div class=\"panel-body\">\n<p>Pensi\u00f3n por invalidez por causas ajenas al trabajo, cuando se inhabiliten f\u00edsica o mentalmente por causas ajenas al trabajo y cuenten con al menos 10 a\u00f1os de antig\u00fcedad generada ante el fondo de pensiones.<\/p>\n<\/div>\n\t\t\t\t<\/div>\n\t\t\t<\/div>\n<div class=\"panel panel-default\">\n\t\t\t\t<div class=\"panel-heading\">\n\t\t\t\t\t<h4 class=\"panel-title\">\n\t\t\t\t\t\t<a class=\"collapsed\" data-toggle=\"collapse\" data-parent=\"#custom-collapse-0\" href=\"#custom-collapse-0-5\">6 \u00bfQui\u00e9n puede solicitar una pensi\u00f3n de viudez?<\/a>\n\t\t\t\t\t<\/h4>\n\t\t\t\t<\/div>\n\t\t\t\t<div id=\"custom-collapse-0-5\" class=\"panel-collapse collapse\">\n\t\t\t\t\t<div class=\"panel-body\">\n<ul>\n<li>La c\u00f3nyuge<\/li>\n<li>A falta de la c\u00f3nyuge la concubina, siempre que el servidor p\u00fablico, trabajador o pensionista hubiese tenido hijos con ella o vivido en su compa\u00f1\u00eda durante los 5 a\u00f1os que precedieron a su muerte y ambos hayan estado libres de matrimonio.<\/li>\n<\/ul>\n<\/div>\n\t\t\t\t<\/div>\n\t\t\t<\/div>\n<div class=\"panel panel-default\">\n\t\t\t\t<div class=\"panel-heading\">\n\t\t\t\t\t<h4 class=\"panel-title\">\n\t\t\t\t\t\t<a class=\"collapsed\" data-toggle=\"collapse\" data-parent=\"#custom-collapse-0\" href=\"#custom-collapse-0-6\">7 \u00bfQui\u00e9n puede solicitar una pensi\u00f3n por ascendencia?<\/a>\n\t\t\t\t\t<\/h4>\n\t\t\t\t<\/div>\n\t\t\t\t<div id=\"custom-collapse-0-6\" class=\"panel-collapse collapse\">\n\t\t\t\t\t<div class=\"panel-body\">\n<p>A falta de c\u00f3nyuge, hijos, concubina o concubinario, la pensi\u00f3n por muerte se entregar\u00e1 a los ascendientes en primer grado, en forma conjunta o separadamente en caso de que hubiesen dependido econ\u00f3micamente del servidor p\u00fablico, trabajador o pensionista, durante los 5 a\u00f1os anteriores a su muerte.<\/p>\n<\/div>\n\t\t\t\t<\/div>\n\t\t\t<\/div>\n<div class=\"panel panel-default\">\n\t\t\t\t<div class=\"panel-heading\">\n\t\t\t\t\t<h4 class=\"panel-title\">\n\t\t\t\t\t\t<a class=\"collapsed\" data-toggle=\"collapse\" data-parent=\"#custom-collapse-0\" href=\"#custom-collapse-0-7\">8 \u00bfQui\u00e9n puede solicitar una pensi\u00f3n por cesant\u00eda?<\/a>\n\t\t\t\t\t<\/h4>\n\t\t\t\t<\/div>\n\t\t\t\t<div id=\"custom-collapse-0-7\" class=\"panel-collapse collapse\">\n\t\t\t\t\t<div class=\"panel-body\">\n<p>El servidor p\u00fablico o trabajador de la generaci\u00f3n en transici\u00f3n cuando cumpla 10 a\u00f1os de antig\u00fcedad generada ante el Fondo de Pensiones, aumentando el porcentaje de la pensi\u00f3n con la edad requerida.<\/p>\n<\/div>\n\t\t\t\t<\/div>\n\t\t\t<\/div>\n<\/div>\n","protected":false},"excerpt":{"rendered":"<p>Preguntas frecuentes<\/p>\n","protected":false},"author":1,"featured_media":0,"parent":619,"menu_order":0,"comment_status":"closed","ping_status":"closed","template":"","meta":{"footnotes":""},"class_list":["post-1316","page","type-page","status-publish","hentry"],"publishpress_future_action":{"enabled":false,"date":"2026-05-23 10:40:34","action":"change-status","newStatus":"draft","terms":[],"taxonomy":""},"_links":{"self":[{"href":"https:\/\/www.tamaulipas.gob.mx\/ipsset\/wp-json\/wp\/v2\/pages\/1316"}],"collection":[{"href":"https:\/\/www.tamaulipas.gob.mx\/ipsset\/wp-json\/wp\/v2\/pages"}],"about":[{"href":"https:\/\/www.tamaulipas.gob.mx\/ipsset\/wp-json\/wp\/v2\/types\/page"}],"author":[{"embeddable":true,"href":"https:\/\/www.tamaulipas.gob.mx\/ipsset\/wp-json\/wp\/v2\/users\/1"}],"replies":[{"embeddable":true,"href":"https:\/\/www.tamaulipas.gob.mx\/ipsset\/wp-json\/wp\/v2\/comments?post=1316"}],"version-history":[{"count":22,"href":"https:\/\/www.tamaulipas.gob.mx\/ipsset\/wp-json\/wp\/v2\/pages\/1316\/revisions"}],"predecessor-version":[{"id":2997,"href":"https:\/\/www.tamaulipas.gob.mx\/ipsset\/wp-json\/wp\/v2\/pages\/1316\/revisions\/2997"}],"up":[{"embeddable":true,"href":"https:\/\/www.tamaulipas.gob.mx\/ipsset\/wp-json\/wp\/v2\/pages\/619"}],"wp:attachment":[{"href":"https:\/\/www.tamaulipas.gob.mx\/ipsset\/wp-json\/wp\/v2\/media?parent=1316"}],"curies":[{"name":"wp","href":"https:\/\/api.w.org\/{rel}","templated":true}]}}