{"id":11,"date":"2018-07-12T17:30:42","date_gmt":"2018-07-12T17:30:42","guid":{"rendered":"https:\/\/www.tamaulipas.gob.mx\/ipsset\/?page_id=11"},"modified":"2025-08-04T09:22:54","modified_gmt":"2025-08-04T15:22:54","slug":"conocenos","status":"publish","type":"page","link":"https:\/\/www.tamaulipas.gob.mx\/ipsset\/conocenos\/","title":{"rendered":"Con\u00f3cenos"},"content":{"rendered":"<p><strong>Misi\u00f3n<\/strong><\/p>\n<p>En el IPSSET, somos un Organismo P\u00fablico Descentralizado Paraestatal, que tiene como compromiso prever y proporcionar seguridad social presente y futura a los servidores p\u00fablicos del Gobierno del Estado y sus familias, as\u00ed como a pensionados y pensionistas, procurando siempre ampliar sus beneficios y cobertura, con mayor eficacia, calidad y mejora continua.<\/p>\n<p><strong>Visi\u00f3n<\/strong><\/p>\n<p>Promover el otorgamiento de los beneficios derivados de las prestaciones y seguridad social para el servidor p\u00fablico y sus familiares , as\u00ed como a los pensionados y pensionistas.<\/p>\n<p><strong>C\u00f3digos de \u00c9tica y Conducta<\/strong><\/p>\n<ul>\n<li><a href=\"https:\/\/www.tamaulipas.gob.mx\/ipsset\/conocenos\/etica\/\" class=\"btn btn-primary btn-sm\">\u00a0C\u00f3digo de \u00c9tica de los Servidores P\u00fablicos del Poder Ejecutivo del Estado de Tamaulipas <\/a><\/li>\n<li><a href=\"https:\/\/www.tamaulipas.gob.mx\/ipsset\/conocenos\/conducta\/\" class=\"btn btn-primary btn-sm\">\u00a0C\u00f3digo de Conducta y Prevenci\u00f3n de Conflictos de Inter\u00e9s de los Servidores P\u00fablicos del IPSSET <\/a><\/li>\n<\/ul>\n<p><strong>Objetivo Estrat\u00e9gico<\/strong><\/p>\n<p>Incrementar las reservas t\u00e9cnicas del Instituto y proporcionar la Seguridad Social a los Trabajadores al Servicio de los Tres Poderes del Estado, el Magisterio y sus dependientes econ\u00f3micos. Adem\u00e1s de coordinar, controlar, vigilar e incrementar las reservas t\u00e9cnicas del Fondo de Pensiones y Jubilaciones, para su debido cumplimiento, de acuerdo con la Ley del Instituto de Previsi\u00f3n y Seguridad Social del Estado de Tamaulipas, as\u00ed mismo prever las prestaciones que permitan al servidor p\u00fablico desarrollar y mantener esa seguridad econ\u00f3mica y social que requieran.<\/p>\n","protected":false},"excerpt":{"rendered":"<p>Misi\u00f3n En el IPSSET, somos un Organismo P\u00fablico Descentralizado Paraestatal, que tiene como compromiso prever y proporcionar seguridad social presente y futura a los servidores\u2026<\/p>\n","protected":false},"author":8,"featured_media":0,"parent":0,"menu_order":0,"comment_status":"closed","ping_status":"closed","template":"","meta":{"footnotes":""},"class_list":["post-11","page","type-page","status-publish","hentry"],"publishpress_future_action":{"enabled":false,"date":"2026-04-19 07:40:37","action":"change-status","newStatus":"draft","terms":[],"taxonomy":""},"_links":{"self":[{"href":"https:\/\/www.tamaulipas.gob.mx\/ipsset\/wp-json\/wp\/v2\/pages\/11"}],"collection":[{"href":"https:\/\/www.tamaulipas.gob.mx\/ipsset\/wp-json\/wp\/v2\/pages"}],"about":[{"href":"https:\/\/www.tamaulipas.gob.mx\/ipsset\/wp-json\/wp\/v2\/types\/page"}],"author":[{"embeddable":true,"href":"https:\/\/www.tamaulipas.gob.mx\/ipsset\/wp-json\/wp\/v2\/users\/8"}],"replies":[{"embeddable":true,"href":"https:\/\/www.tamaulipas.gob.mx\/ipsset\/wp-json\/wp\/v2\/comments?post=11"}],"version-history":[{"count":19,"href":"https:\/\/www.tamaulipas.gob.mx\/ipsset\/wp-json\/wp\/v2\/pages\/11\/revisions"}],"predecessor-version":[{"id":3873,"href":"https:\/\/www.tamaulipas.gob.mx\/ipsset\/wp-json\/wp\/v2\/pages\/11\/revisions\/3873"}],"wp:attachment":[{"href":"https:\/\/www.tamaulipas.gob.mx\/ipsset\/wp-json\/wp\/v2\/media?parent=11"}],"curies":[{"name":"wp","href":"https:\/\/api.w.org\/{rel}","templated":true}]}}