{"id":102,"date":"2018-07-12T19:39:26","date_gmt":"2018-07-12T19:39:26","guid":{"rendered":"https:\/\/www.tamaulipas.gob.mx\/ipsset\/?page_id=102"},"modified":"2026-04-06T09:58:15","modified_gmt":"2026-04-06T15:58:15","slug":"pension-por-orfandad-personal-pensionista","status":"publish","type":"page","link":"https:\/\/www.tamaulipas.gob.mx\/ipsset\/pensiones-y-jubilaciones\/generacion-en-transicion\/pension-por-orfandad-personal-pensionista\/","title":{"rendered":"Pensi\u00f3n por Orfandad Personal Pensionista"},"content":{"rendered":"<div class=\"panel panel-default\">\n\t\t\t\t<div class=\"panel-heading\">\n\t\t\t\t\t<h4 class=\"panel-title\">\n\t\t\t\t\t\t<a class=\"collapsed\" data-toggle=\"collapse\" data-parent=\"#single-collapse\" href=\"#single-collapse-0\">Requisitos<\/a>\n\t\t\t\t\t<\/h4>\n\t\t\t\t<\/div>\n\t\t\t\t<div id=\"single-collapse-0\" class=\"panel-collapse collapse\">\n\t\t\t\t\t<div class=\"panel-body\">\n<ul>\n<li>Solicitud de pensi\u00f3n firmada en original.<\/li>\n<li>Copia del \u00faltimo comprobante de pago de sueldo de la persona fallecida.<\/li>\n<li>Original para su cotejo y copia del acta de defunci\u00f3n o copia del acta de sentencia de la presunci\u00f3n de muerte.<\/li>\n<li>Copia de la credencial para votar o pasaporte de la persona fallecida.<\/li>\n<li>1 Fotograf\u00eda reciente, tama\u00f1o credencial de frente y a color de el(la) solicitante.<\/li>\n<li>Original para su cotejo y copia del acta de nacimiento de el(la) solicitante quien debe ser menor a 25 a\u00f1os.<\/li>\n<li>Copia amplificada de la credencial para votar por ambos lados vigente, pasaporte vigente o c\u00e9dula profesional legibles de el(la) solicitante, lo anterior en caso de ser mayor de 18 y menor de 25 a\u00f1os o del Tutor en caso de incapacidad natural (menores de edad) y legal de la persona que ejerza la patria potestad o tutela. En el supuesto que la tutela no este a cargo del padre o la madre, el tutor deber\u00e1 anexar copia certificada de la Resoluci\u00f3n Judicial relativa al Juicio Civil de tutela, por medio de la cual le fue designada la misma.<\/li>\n<li>Copia de la constancia de situaci\u00f3n fiscal expedida por el S.A.T. (Sistema de Administraci\u00f3n\u00a0\u00a0\u00a0\u00a0 Tributaria) de el(la) solicitante. Completa y formato del a\u00f1o en curso.<\/li>\n<li>Copia de la C.U.R.P. (Clave \u00danica de Registro de Poblaci\u00f3n) de el(la) solicitante. Formato del a\u00f1o en curso.<\/li>\n<li>Copia del comprobante de domicilio donde actualmente habita, reciente no mayor a 3 meses de la fecha de facturaci\u00f3n o consumo (recibo de agua, luz o telefon\u00eda fija).<\/li>\n<li>Copia del contrato de apertura del Banco o estado de cuenta reciente a nombre del(la) solicitante. Deber\u00e1 ser solicitada al Banco una cuenta de n\u00f3mina en cualquiera de los siguientes Bancos: BANORTE-IXE, BBVA BANCOMER, CITIBANAMEX, o HSBC para depositar la pensi\u00f3n.(que incluya el n\u00famero de cuenta y clabe interbancaria).<\/li>\n<li>Constancia de no adeudo del IPSSET (solicitar previamente al Depto. de recuperaci\u00f3n de cr\u00e9ditos del IPSSET).<\/li>\n<li>Formato de anexo a la solicitud de pensi\u00f3n firmada en original.<\/li>\n<\/ul>\n<p><strong>Nota:<br \/>\n1. <\/strong>En el caso de ser beneficiario (a) mayor de 18 a\u00f1os. Deber\u00e1 presentar ante el IPSSET, semestralmente original de la constancia de estudios con reconocimiento avalado por la Secretar\u00eda de Educaci\u00f3n, lo anterior si los estudios se realizan en la republica mexicana, si se realizan en el extranjero dicho documento debe contar con certificaci\u00f3n notarial.<br \/>\n<strong>2.<\/strong> Las copias solicitadas deben ser legibles.<br \/>\n<strong>3.<\/strong> Ser\u00e1 aceptada la solicitud \u00fanicamente si se presenta completa la documentaci\u00f3n, la cual debe de ser presentada de conformidad a los t\u00e9rminos anteriormente se\u00f1alados.<\/p>\n<\/div>\n\t\t\t\t<\/div>\n\t\t\t<\/div>\n<p>Para Descargar el Formato, Favor de dar clic en el siguiente Enlace:<\/p>\n<ul>\n<li><a href=\"http:\/\/www.tamaulipas.gob.mx\/ipsset\/wp-content\/uploads\/sites\/46\/2026\/04\/12.-solicitud-de-pension-por-orfandad-de-personal-jubilado-o-pensionado2026.pdf\" class=\"btn btn-primary btn-sm\" target=\"_blank\"> Solicitud de Pensi\u00f3n por Orfandad Personal Pensionista <\/a><\/li>\n<\/ul>\n<p><strong>Para mayor informaci\u00f3n puede dirigirse a:<\/strong><\/p>\n<blockquote><p>IPSSET<br \/>\nDirecci\u00f3n de Seguridad Social<br \/>\nDepartamento Pensiones y Jubilaciones<br \/>\nJefa del departamento C.P. Limairy Elena Manzano Gonz\u00e1lez<br \/>\n17 Carrera Torres No. 102 Altos, Zona Centro. Cd. Victoria, Tamaulipas, M\u00e9xico C.P. 87000<br \/>\nConmutador: 318 73 00 Ext. 76417, 76430, 76467 y 76474<\/p><\/blockquote>\n","protected":false},"excerpt":{"rendered":"<p>Para Descargar el Formato, Favor de dar clic en el siguiente Enlace: Para mayor informaci\u00f3n puede dirigirse a: IPSSET Direcci\u00f3n de Seguridad Social Departamento Pensiones\u2026<\/p>\n","protected":false},"author":8,"featured_media":0,"parent":622,"menu_order":0,"comment_status":"closed","ping_status":"closed","template":"","meta":{"footnotes":""},"class_list":["post-102","page","type-page","status-publish","hentry"],"publishpress_future_action":{"enabled":false,"date":"2026-04-26 08:51:48","action":"change-status","newStatus":"draft","terms":[],"taxonomy":""},"_links":{"self":[{"href":"https:\/\/www.tamaulipas.gob.mx\/ipsset\/wp-json\/wp\/v2\/pages\/102"}],"collection":[{"href":"https:\/\/www.tamaulipas.gob.mx\/ipsset\/wp-json\/wp\/v2\/pages"}],"about":[{"href":"https:\/\/www.tamaulipas.gob.mx\/ipsset\/wp-json\/wp\/v2\/types\/page"}],"author":[{"embeddable":true,"href":"https:\/\/www.tamaulipas.gob.mx\/ipsset\/wp-json\/wp\/v2\/users\/8"}],"replies":[{"embeddable":true,"href":"https:\/\/www.tamaulipas.gob.mx\/ipsset\/wp-json\/wp\/v2\/comments?post=102"}],"version-history":[{"count":29,"href":"https:\/\/www.tamaulipas.gob.mx\/ipsset\/wp-json\/wp\/v2\/pages\/102\/revisions"}],"predecessor-version":[{"id":4262,"href":"https:\/\/www.tamaulipas.gob.mx\/ipsset\/wp-json\/wp\/v2\/pages\/102\/revisions\/4262"}],"up":[{"embeddable":true,"href":"https:\/\/www.tamaulipas.gob.mx\/ipsset\/wp-json\/wp\/v2\/pages\/622"}],"wp:attachment":[{"href":"https:\/\/www.tamaulipas.gob.mx\/ipsset\/wp-json\/wp\/v2\/media?parent=102"}],"curies":[{"name":"wp","href":"https:\/\/api.w.org\/{rel}","templated":true}]}}