{"id":927,"date":"2026-03-19T09:34:30","date_gmt":"2026-03-19T15:34:30","guid":{"rendered":"https:\/\/www.tamaulipas.gob.mx\/energia\/?page_id=927"},"modified":"2026-03-20T12:51:11","modified_gmt":"2026-03-20T18:51:11","slug":"presupuesto-basado-en-resultados-pbr","status":"publish","type":"page","link":"https:\/\/www.tamaulipas.gob.mx\/energia\/presupuesto-basado-en-resultados-pbr\/","title":{"rendered":"Presupuesto basado en Resultados (PbR)"},"content":{"rendered":"<p><span style=\"font-size: 16px;\">Para la SEDENER, el Presupuesto basado en Resultados (PbR) y el Sistema de Evaluaci\u00f3n del Desempe\u00f1o (SED) representan la columna vertebral de nuestra gesti\u00f3n financiera. A trav\u00e9s de Programas presupuestarios (Pp) estrat\u00e9gicos, garantizamos que cada recurso asignado impulse la seguridad energ\u00e9tica y la sostenibilidad de la regi\u00f3n, transformando los objetivos de pol\u00edtica p\u00fablica en soluciones concretas para los desaf\u00edos del sector.<\/span><\/p>\n<p>Programas presupuestarios<\/p>\n<div class=\"panel-group\" id=\"custom-collapse-0\"><\/div>\n<div class=\"panel panel-default\">\n\t\t\t\t<div class=\"panel-heading\">\n\t\t\t\t\t<h4 class=\"panel-title\">\n\t\t\t\t\t\t<a class=\"\" data-toggle=\"collapse\" data-parent=\"#custom-collapse-0\" href=\"#custom-collapse-0-0\">Programas presupuestarios<\/a>\n\t\t\t\t\t<\/h4>\n\t\t\t\t<\/div>\n\t\t\t\t<div id=\"custom-collapse-0-0\" class=\"panel-collapse in\">\n\t\t\t\t\t<div class=\"panel-body\">\n<\/div>\n\t\t\t\t<\/div>\n\t\t\t<\/div>\n<p><strong>Matriz de indicadores (MIR)<\/strong><\/p>\n<div class=\"panel-group\" id=\"custom-collapse-1\"><\/div>\n<div class=\"panel panel-default\">\n\t\t\t\t<div class=\"panel-heading\">\n\t\t\t\t\t<h4 class=\"panel-title\">\n\t\t\t\t\t\t<a class=\"\" data-toggle=\"collapse\" data-parent=\"#custom-collapse-1\" href=\"#custom-collapse-1-1\">Matriz de indicadores (MIR)<\/a>\n\t\t\t\t\t<\/h4>\n\t\t\t\t<\/div>\n\t\t\t\t<div id=\"custom-collapse-1-1\" class=\"panel-collapse in\">\n\t\t\t\t\t<div class=\"panel-body\">\n<ul>\n<li><a href=\"https:\/\/www.tamaulipas.gob.mx\/energia\/wp-content\/uploads\/sites\/34\/2024\/08\/codigo-de-etica-del-gobierno-del-estado-de-tamaulipas.pdf\" target=\"_blank\" rel=\"noopener\"><i class=\"fa fa-file-pdf-o\"><\/i><\/a><a href=\"https:\/\/www.tamaulipas.gob.mx\/energia\/wp-content\/uploads\/sites\/34\/2026\/03\/mir-u244-2026.pdf\">mir-u244-2026<\/a><\/li>\n<\/ul>\n<\/div>\n\t\t\t\t<\/div>\n\t\t\t<\/div>\n<p><strong>Diagn\u00f3sticos<\/strong><\/p>\n<div class=\"panel-group\" id=\"custom-collapse-2\"><\/div>\n<div class=\"panel panel-default\">\n\t\t\t\t<div class=\"panel-heading\">\n\t\t\t\t\t<h4 class=\"panel-title\">\n\t\t\t\t\t\t<a class=\"\" data-toggle=\"collapse\" data-parent=\"#custom-collapse-2\" href=\"#custom-collapse-2-2\">Diagn\u00f3sticos<\/a>\n\t\t\t\t\t<\/h4>\n\t\t\t\t<\/div>\n\t\t\t\t<div id=\"custom-collapse-2-2\" class=\"panel-collapse in\">\n\t\t\t\t\t<div class=\"panel-body\">\n<\/div>\n\t\t\t\t<\/div>\n\t\t\t<\/div>\n<p><strong>Evaluaciones externas<\/strong><\/p>\n<div class=\"panel-group\" id=\"custom-collapse-3\"><\/div>\n<div class=\"panel panel-default\">\n\t\t\t\t<div class=\"panel-heading\">\n\t\t\t\t\t<h4 class=\"panel-title\">\n\t\t\t\t\t\t<a class=\"\" data-toggle=\"collapse\" data-parent=\"#custom-collapse-3\" href=\"#custom-collapse-3-3\">Evaluaciones externas<\/a>\n\t\t\t\t\t<\/h4>\n\t\t\t\t<\/div>\n\t\t\t\t<div id=\"custom-collapse-3-3\" class=\"panel-collapse in\">\n\t\t\t\t\t<div class=\"panel-body\">\n<\/div>\n\t\t\t\t<\/div>\n\t\t\t<\/div>\n<p><strong>Reportes (Seguimiento a indicadores)<\/strong><\/p>\n<div class=\"panel-group\" id=\"custom-collapse-4\"><\/div>\n<div class=\"panel panel-default\">\n\t\t\t\t<div class=\"panel-heading\">\n\t\t\t\t\t<h4 class=\"panel-title\">\n\t\t\t\t\t\t<a class=\"\" data-toggle=\"collapse\" data-parent=\"#custom-collapse-4\" href=\"#custom-collapse-4-4\">Reportes (Seguimiento a indicadores)<\/a>\n\t\t\t\t\t<\/h4>\n\t\t\t\t<\/div>\n\t\t\t\t<div id=\"custom-collapse-4-4\" class=\"panel-collapse in\">\n\t\t\t\t\t<div class=\"panel-body\">\n<\/div>\n\t\t\t\t<\/div>\n\t\t\t<\/div>\n<p><strong>Lineamientos de operaci\u00f3n<\/strong><\/p>\n<div class=\"panel-group\" id=\"custom-collapse-5\"><\/div>\n<div class=\"panel panel-default\">\n\t\t\t\t<div class=\"panel-heading\">\n\t\t\t\t\t<h4 class=\"panel-title\">\n\t\t\t\t\t\t<a class=\"\" data-toggle=\"collapse\" data-parent=\"#custom-collapse-5\" href=\"#custom-collapse-5-5\">Lineamientos de operaci\u00f3n<\/a>\n\t\t\t\t\t<\/h4>\n\t\t\t\t<\/div>\n\t\t\t\t<div id=\"custom-collapse-5-5\" class=\"panel-collapse in\">\n\t\t\t\t\t<div class=\"panel-body\">\n<\/div>\n\t\t\t\t<\/div>\n\t\t\t<\/div>\n","protected":false},"excerpt":{"rendered":"<p>Para la SEDENER, el Presupuesto basado en Resultados (PbR) y el Sistema de Evaluaci\u00f3n del Desempe\u00f1o (SED) representan la columna vertebral de nuestra gesti\u00f3n financiera.\u2026<\/p>\n","protected":false},"author":461,"featured_media":0,"parent":0,"menu_order":0,"comment_status":"closed","ping_status":"closed","template":"","meta":{"footnotes":""},"class_list":["post-927","page","type-page","status-publish","hentry"],"publishpress_future_action":{"enabled":false,"date":"2026-05-24 00:13:37","action":"change-status","newStatus":"draft","terms":[],"taxonomy":""},"_links":{"self":[{"href":"https:\/\/www.tamaulipas.gob.mx\/energia\/wp-json\/wp\/v2\/pages\/927"}],"collection":[{"href":"https:\/\/www.tamaulipas.gob.mx\/energia\/wp-json\/wp\/v2\/pages"}],"about":[{"href":"https:\/\/www.tamaulipas.gob.mx\/energia\/wp-json\/wp\/v2\/types\/page"}],"author":[{"embeddable":true,"href":"https:\/\/www.tamaulipas.gob.mx\/energia\/wp-json\/wp\/v2\/users\/461"}],"replies":[{"embeddable":true,"href":"https:\/\/www.tamaulipas.gob.mx\/energia\/wp-json\/wp\/v2\/comments?post=927"}],"version-history":[{"count":6,"href":"https:\/\/www.tamaulipas.gob.mx\/energia\/wp-json\/wp\/v2\/pages\/927\/revisions"}],"predecessor-version":[{"id":937,"href":"https:\/\/www.tamaulipas.gob.mx\/energia\/wp-json\/wp\/v2\/pages\/927\/revisions\/937"}],"wp:attachment":[{"href":"https:\/\/www.tamaulipas.gob.mx\/energia\/wp-json\/wp\/v2\/media?parent=927"}],"curies":[{"name":"wp","href":"https:\/\/api.w.org\/{rel}","templated":true}]}}