{"id":912,"date":"2026-03-02T16:22:17","date_gmt":"2026-03-02T22:22:17","guid":{"rendered":"https:\/\/www.tamaulipas.gob.mx\/energia\/?page_id=912"},"modified":"2026-03-09T11:13:39","modified_gmt":"2026-03-09T17:13:39","slug":"planta-de-etanol-a-partir-de-sorgo","status":"publish","type":"page","link":"https:\/\/www.tamaulipas.gob.mx\/energia\/planta-de-etanol-a-partir-de-sorgo\/","title":{"rendered":"Planta de Etanol a partir de Sorgo"},"content":{"rendered":"<p>Plantas de Etanol a partir de Sorgo parte de los excedentes de sorgo de Tamaulipas, a trav\u00e9s del dise\u00f1o, construcci\u00f3n y operaci\u00f3n de dos plantas, una en Matamoros y otra en Altamira, con participaci\u00f3n del gobierno Estatal, iniciativa privada y productores de sorgo, para mejorar los ingresos del sector social productivo y participar en el desarrollo del mercado de etanol en M\u00e9xico.<\/p>\n<h3><strong>Metas<\/strong><\/h3>\n<ul>\n<li>Participar en el mercado de etanol de M\u00e9xico<\/li>\n<li>Diversificaci\u00f3n del ingreso del sector social<\/li>\n<li>Escalar hacia la producci\u00f3n a SAF<\/li>\n<\/ul>\n<h3><strong>Beneficios sociales<\/strong><\/h3>\n<ul>\n<li>Mayor rentabilidad<\/li>\n<li>Eestabilidad de precios del sorgo<\/li>\n<li>Subproductos de alto valor<\/li>\n<\/ul>\n","protected":false},"excerpt":{"rendered":"<p>Plantas de Etanol a partir de Sorgo parte de los excedentes de sorgo de Tamaulipas, a trav\u00e9s del dise\u00f1o, construcci\u00f3n y operaci\u00f3n de dos plantas,\u2026<\/p>\n","protected":false},"author":461,"featured_media":0,"parent":0,"menu_order":0,"comment_status":"closed","ping_status":"closed","template":"","meta":{"footnotes":""},"class_list":["post-912","page","type-page","status-publish","hentry"],"publishpress_future_action":{"enabled":false,"date":"2026-05-24 00:13:37","action":"change-status","newStatus":"draft","terms":[],"taxonomy":""},"_links":{"self":[{"href":"https:\/\/www.tamaulipas.gob.mx\/energia\/wp-json\/wp\/v2\/pages\/912"}],"collection":[{"href":"https:\/\/www.tamaulipas.gob.mx\/energia\/wp-json\/wp\/v2\/pages"}],"about":[{"href":"https:\/\/www.tamaulipas.gob.mx\/energia\/wp-json\/wp\/v2\/types\/page"}],"author":[{"embeddable":true,"href":"https:\/\/www.tamaulipas.gob.mx\/energia\/wp-json\/wp\/v2\/users\/461"}],"replies":[{"embeddable":true,"href":"https:\/\/www.tamaulipas.gob.mx\/energia\/wp-json\/wp\/v2\/comments?post=912"}],"version-history":[{"count":3,"href":"https:\/\/www.tamaulipas.gob.mx\/energia\/wp-json\/wp\/v2\/pages\/912\/revisions"}],"predecessor-version":[{"id":924,"href":"https:\/\/www.tamaulipas.gob.mx\/energia\/wp-json\/wp\/v2\/pages\/912\/revisions\/924"}],"wp:attachment":[{"href":"https:\/\/www.tamaulipas.gob.mx\/energia\/wp-json\/wp\/v2\/media?parent=912"}],"curies":[{"name":"wp","href":"https:\/\/api.w.org\/{rel}","templated":true}]}}