{"id":910,"date":"2026-03-02T16:22:17","date_gmt":"2026-03-02T22:22:17","guid":{"rendered":"https:\/\/www.tamaulipas.gob.mx\/energia\/?page_id=910"},"modified":"2026-03-24T16:20:57","modified_gmt":"2026-03-24T22:20:57","slug":"gasolineras-del-pueblo","status":"publish","type":"page","link":"https:\/\/www.tamaulipas.gob.mx\/energia\/gasolineras-del-pueblo\/","title":{"rendered":"Gasolineras del Pueblo"},"content":{"rendered":"<p>Las Gasolineras del Pueblo tiene como objetivo desarrollar una red de estaciones de servicio de expendio al p\u00fablico de petrol\u00edferos p\u00fablicas, cuyo valor agregado es el precio competitivo, cumplimiento normativo y regulatorio de los productos a expender, la trazabilidad del combustible, as\u00ed como la regulaci\u00f3n administrative, en beneficio del sector social cooperativista.<\/p>\n<p>Dentro del estado se identifica 1 estaci\u00f3n adquirida y 2 por construir por el Gobierno de Tamaulipas para entrar en operaci\u00f3n en 2026; 3 municipios objetivos: Ciudad Victoria, Soto La Marina y Casas; y otros por definir para 2027.<\/p>\n<p>En el a\u00f1o 2026 se tiene establecido la apertura y entrada de operaci\u00f3n de la primera Gasolinera del Pueblo en la localidad de la Pesca, en Soto La Marina, Tamaulipas.<\/p>\n<h3>Metas<\/h3>\n<ul>\n<li>Mejorar precio de venta<\/li>\n<li>Asegurar la trazabilidad del combustible<\/li>\n<li>Ampliar cobertura de calidad<\/li>\n<\/ul>\n<h3>Objetivos<\/h3>\n<ul>\n<li>Calidad comprobable<\/li>\n<li>Litros de a litro<\/li>\n<li>Precios competitivos<\/li>\n<\/ul>\n<h3>Inicio<\/h3>\n<p>El d\u00eda viernes 06 de marzo dio inicio a las operaciones de la primera Gasolinera del Pueblo ubicada en la Pesca, Soto La Marina.<\/p>\n<p><a href=\"https:\/\/www.facebook.com\/share\/r\/17hYWdWLg4\/\">https:\/\/www.facebook.com\/share\/r\/17hYWdWLg4\/<\/a><\/p>\n<p><img loading=\"lazy\" decoding=\"async\" class=\"alignnone size-full wp-image-941\" src=\"https:\/\/www.tamaulipas.gob.mx\/energia\/wp-content\/uploads\/sites\/34\/2026\/03\/656939303_122278016366234373_1688926224229386117_n.jpg\" alt=\"\" width=\"1200\" height=\"675\" \/><\/p>\n<h2>UBICACI\u00d3N:<\/h2>\n<p><a href=\"https:\/\/maps.app.goo.gl\/Lt7mdGRR1Y2QpBuJ9\">87678 La Pesca, Tamps.\u00a0<\/a><\/p>\n<p><img loading=\"lazy\" decoding=\"async\" class=\"alignnone size-full wp-image-943\" src=\"https:\/\/www.tamaulipas.gob.mx\/energia\/wp-content\/uploads\/sites\/34\/2026\/03\/648797029_122124963291036653_7802275901934070931_n.jpg\" alt=\"\" width=\"1200\" height=\"866\" \/><\/p>\n","protected":false},"excerpt":{"rendered":"<p>Las Gasolineras del Pueblo tiene como objetivo desarrollar una red de estaciones de servicio de expendio al p\u00fablico de petrol\u00edferos p\u00fablicas, cuyo valor agregado es\u2026<\/p>\n","protected":false},"author":461,"featured_media":0,"parent":0,"menu_order":0,"comment_status":"closed","ping_status":"closed","template":"","meta":{"footnotes":""},"class_list":["post-910","page","type-page","status-publish","hentry"],"publishpress_future_action":{"enabled":false,"date":"2026-05-24 00:24:54","action":"change-status","newStatus":"draft","terms":[],"taxonomy":""},"_links":{"self":[{"href":"https:\/\/www.tamaulipas.gob.mx\/energia\/wp-json\/wp\/v2\/pages\/910"}],"collection":[{"href":"https:\/\/www.tamaulipas.gob.mx\/energia\/wp-json\/wp\/v2\/pages"}],"about":[{"href":"https:\/\/www.tamaulipas.gob.mx\/energia\/wp-json\/wp\/v2\/types\/page"}],"author":[{"embeddable":true,"href":"https:\/\/www.tamaulipas.gob.mx\/energia\/wp-json\/wp\/v2\/users\/461"}],"replies":[{"embeddable":true,"href":"https:\/\/www.tamaulipas.gob.mx\/energia\/wp-json\/wp\/v2\/comments?post=910"}],"version-history":[{"count":5,"href":"https:\/\/www.tamaulipas.gob.mx\/energia\/wp-json\/wp\/v2\/pages\/910\/revisions"}],"predecessor-version":[{"id":944,"href":"https:\/\/www.tamaulipas.gob.mx\/energia\/wp-json\/wp\/v2\/pages\/910\/revisions\/944"}],"wp:attachment":[{"href":"https:\/\/www.tamaulipas.gob.mx\/energia\/wp-json\/wp\/v2\/media?parent=910"}],"curies":[{"name":"wp","href":"https:\/\/api.w.org\/{rel}","templated":true}]}}