{"id":882,"date":"2026-02-26T10:21:36","date_gmt":"2026-02-26T16:21:36","guid":{"rendered":"https:\/\/www.tamaulipas.gob.mx\/energia\/?page_id=882"},"modified":"2026-03-24T16:01:41","modified_gmt":"2026-03-24T22:01:41","slug":"planta-de-pirolisis","status":"publish","type":"page","link":"https:\/\/www.tamaulipas.gob.mx\/energia\/planta-de-pirolisis\/","title":{"rendered":"Planta de Pir\u00f3lisis de Pl\u00e1sticos"},"content":{"rendered":"<p>Las Plantas de Pir\u00f3lisis de Residuos de Pl\u00e1sticos tiene como objetivo transformar residuos pl\u00e1sticos en combustibles comercializables mediante la construcci\u00f3n de plantas de pir\u00f3lisis anaer\u00f3bicas en Tamaulipas, para revalorizar los desechos mal administrados, sanear el medio ambiente y generar ahorros econ\u00f3micos en modalidad de autoconsumo.<\/p>\n<p>El gobierno del Estado a trav\u00e9s de la Secretar\u00eda de Desarrollo Energ\u00e9tico de Tamaulipas plantea sustituir la quema de residuos a cielo abierto, eliminar focos de propagaci\u00f3n de enfermedades y procesar de forma eficiente los desechos y fomentar una cultura ambiental.<\/p>\n<p>La infraestructura del proyecto contempla la instalaci\u00f3n de una planta de manejo de residuos pl\u00e1sticos en los municipios de Altamira y Matamoros, con una inversi\u00f3n de <strong>$7,050,000 USD.<\/strong><\/p>\n<h1>Beneficios sociales<\/h1>\n<ul>\n<li>Reducci\u00f3n de desechos y emisiones<\/li>\n<li>Ingresos por venta de subproductos<\/li>\n<li>Saturaci\u00f3n del relleno sanitaria<\/li>\n<\/ul>\n<h3>VISITA SECRETAR\u00cdA DE ENERG\u00cdA, COMISI\u00d3N NACIONAL DE ENERG\u00cdA Y EL CENTRO NACIONAL DE CONTROL DE GAS NATURAL LA PLANTA DE PIR\u00d3LISIS<\/h3>\n<p>El subsecretario de Planeaci\u00f3n y Transici\u00f3n Energ\u00e9tica de la Secretar\u00eda de Energ\u00eda, Jorge Marcial Islas Samperio, el subsecretario de Electricidad de la Secretar\u00eda de Energ\u00eda, Jos\u00e9 Antonio Rojas, acompa\u00f1ado del director general del Cenagas, Cuitl\u00e1huac Garc\u00eda Jim\u00e9nez y el director general de la Comisi\u00f3n Nacional de Energ\u00eda, Juan Carlos Sol\u00eds, visitaron la Planta de Pir\u00f3lisis de Pl\u00e1sticos ubicada en las instalaciones de Green Bauen, en el municipio de Altamira.<\/p>\n<p>En representaci\u00f3n del gobernador Am\u00e9rico Villarreall, el secretario de Desarrollo Energ\u00e9tico de Tamaulipas, Walter Juli\u00e1n \u00c1ngel, junto con el gerente de tecnolog\u00eda de Green Bauen, Carlos de la Rosa, explicaron el proceso termoqu\u00edmico que permite transformar la materia en recursos energ\u00e9ticos.<\/p>\n<p>Durante el recorrido se explicaron los detalles y beneficios de esta planta para el desarrollo de una Econom\u00eda Circular y el aprovechamiento de los residuos pl\u00e1sticos existentes, cabe mencionar que esta planta cuenta con el valor extra de ser tecnolog\u00eda 100% tamaulipeca.<\/p>\n<p><img loading=\"lazy\" decoding=\"async\" class=\"alignnone size-full wp-image-939\" src=\"https:\/\/www.tamaulipas.gob.mx\/energia\/wp-content\/uploads\/sites\/34\/2026\/03\/148a7118.jpg\" alt=\"\" width=\"1200\" height=\"800\" \/><\/p>\n","protected":false},"excerpt":{"rendered":"<p>Las Plantas de Pir\u00f3lisis de Residuos de Pl\u00e1sticos tiene como objetivo transformar residuos pl\u00e1sticos en combustibles comercializables mediante la construcci\u00f3n de plantas de pir\u00f3lisis anaer\u00f3bicas\u2026<\/p>\n","protected":false},"author":461,"featured_media":0,"parent":0,"menu_order":0,"comment_status":"closed","ping_status":"closed","template":"","meta":{"footnotes":""},"class_list":["post-882","page","type-page","status-publish","hentry"],"publishpress_future_action":{"enabled":false,"date":"2026-04-22 18:07:33","action":"change-status","newStatus":"draft","terms":[],"taxonomy":""},"_links":{"self":[{"href":"https:\/\/www.tamaulipas.gob.mx\/energia\/wp-json\/wp\/v2\/pages\/882"}],"collection":[{"href":"https:\/\/www.tamaulipas.gob.mx\/energia\/wp-json\/wp\/v2\/pages"}],"about":[{"href":"https:\/\/www.tamaulipas.gob.mx\/energia\/wp-json\/wp\/v2\/types\/page"}],"author":[{"embeddable":true,"href":"https:\/\/www.tamaulipas.gob.mx\/energia\/wp-json\/wp\/v2\/users\/461"}],"replies":[{"embeddable":true,"href":"https:\/\/www.tamaulipas.gob.mx\/energia\/wp-json\/wp\/v2\/comments?post=882"}],"version-history":[{"count":4,"href":"https:\/\/www.tamaulipas.gob.mx\/energia\/wp-json\/wp\/v2\/pages\/882\/revisions"}],"predecessor-version":[{"id":940,"href":"https:\/\/www.tamaulipas.gob.mx\/energia\/wp-json\/wp\/v2\/pages\/882\/revisions\/940"}],"wp:attachment":[{"href":"https:\/\/www.tamaulipas.gob.mx\/energia\/wp-json\/wp\/v2\/media?parent=882"}],"curies":[{"name":"wp","href":"https:\/\/api.w.org\/{rel}","templated":true}]}}