{"id":814,"date":"2025-09-24T16:40:23","date_gmt":"2025-09-24T22:40:23","guid":{"rendered":"https:\/\/www.tamaulipas.gob.mx\/energia\/?page_id=814"},"modified":"2026-04-24T13:44:51","modified_gmt":"2026-04-24T19:44:51","slug":"estufas-de-lena","status":"publish","type":"page","link":"https:\/\/www.tamaulipas.gob.mx\/energia\/estufas-de-lena\/","title":{"rendered":"Estufas de Le\u00f1a"},"content":{"rendered":"<p>El Programa de Estufas Eficientes de Le\u00f1a tiene como objetivo la implementaci\u00f3n de estufas en 20 municipios rurales que utilizan le\u00f1a como combustible principal para la cocci\u00f3n de alimentos y su desarrollo en su vivienda.<\/p>\n<p>Los municipios identificados son: Cruillas, Padilla, San Fernando, Llera, Victoria, M\u00e9ndez, G\u00fc\u00e9mez, Tula, Jim\u00e9nez, Casas, Burgos, Ocampo, Gonz\u00e1lez, Mainero, Aldama, Camargo, Antiguo Morelos, Nuevo Morelos, Soto la Marina y San Carlos.<\/p>\n<p>La Secretar\u00eda de Desarrollo Energ\u00e9tico en coordinaci\u00f3n con el DIF Tamaulipas, la Secretar\u00eda de Bienestar Social de Tamaulipas y los municipios participantes se ha realizado los censos correspondientes para identificar a los beneficiarios.<\/p>\n<h2>ARRANQUE DEL PROGRAMA<\/h2>\n<p>El Programa de Estufas Eficientes de Le\u00f1a dio inicio a la par del Programa de Electrificaci\u00f3n al 100% en el municipio de Casas.<\/p>\n<p><img loading=\"lazy\" decoding=\"async\" class=\"alignnone size-full wp-image-906\" src=\"https:\/\/www.tamaulipas.gob.mx\/energia\/wp-content\/uploads\/sites\/34\/2026\/03\/edicion-224.jpg\" alt=\"\" width=\"1200\" height=\"800\" \/> <img loading=\"lazy\" decoding=\"async\" class=\"alignnone size-medium wp-image-907\" src=\"https:\/\/www.tamaulipas.gob.mx\/energia\/wp-content\/uploads\/sites\/34\/2026\/03\/edicion-205.jpg\" alt=\"\" width=\"1200\" height=\"800\" \/> <img loading=\"lazy\" decoding=\"async\" class=\"alignnone size-medium wp-image-908\" src=\"https:\/\/www.tamaulipas.gob.mx\/energia\/wp-content\/uploads\/sites\/34\/2026\/03\/edicion-210.jpg\" alt=\"\" width=\"1200\" height=\"800\" \/><\/p>\n<h2>LINEAMIENTOS DE OPERACI\u00d3N<\/h2>\n<p><a href=\"http:\/\/www.diputados.gob.mx\/LeyesBiblio\/ref\/lhidro.htm\" target=\"_blank\" rel=\"noopener\"><i class=\"fa fa-file-pdf-o\"><\/i><\/a><a href=\"https:\/\/www.tamaulipas.gob.mx\/energia\/wp-content\/uploads\/sites\/34\/2026\/04\/lineamientos-de-operacion-del-programa-presupuestario-u244-impulso-a-las-energias-renovables.pdf\"> Lineamientos-de-operacion-del-programa-presupuestario-u244-impulso-a-las-energias-renovables<\/a><\/p>\n","protected":false},"excerpt":{"rendered":"<p>El Programa de Estufas Eficientes de Le\u00f1a tiene como objetivo la implementaci\u00f3n de estufas en 20 municipios rurales que utilizan le\u00f1a como combustible principal para\u2026<\/p>\n","protected":false},"author":461,"featured_media":0,"parent":0,"menu_order":0,"comment_status":"closed","ping_status":"closed","template":"","meta":{"footnotes":""},"class_list":["post-814","page","type-page","status-publish","hentry"],"publishpress_future_action":{"enabled":false,"date":"2026-05-24 07:17:51","action":"change-status","newStatus":"draft","terms":[],"taxonomy":""},"_links":{"self":[{"href":"https:\/\/www.tamaulipas.gob.mx\/energia\/wp-json\/wp\/v2\/pages\/814"}],"collection":[{"href":"https:\/\/www.tamaulipas.gob.mx\/energia\/wp-json\/wp\/v2\/pages"}],"about":[{"href":"https:\/\/www.tamaulipas.gob.mx\/energia\/wp-json\/wp\/v2\/types\/page"}],"author":[{"embeddable":true,"href":"https:\/\/www.tamaulipas.gob.mx\/energia\/wp-json\/wp\/v2\/users\/461"}],"replies":[{"embeddable":true,"href":"https:\/\/www.tamaulipas.gob.mx\/energia\/wp-json\/wp\/v2\/comments?post=814"}],"version-history":[{"count":5,"href":"https:\/\/www.tamaulipas.gob.mx\/energia\/wp-json\/wp\/v2\/pages\/814\/revisions"}],"predecessor-version":[{"id":960,"href":"https:\/\/www.tamaulipas.gob.mx\/energia\/wp-json\/wp\/v2\/pages\/814\/revisions\/960"}],"wp:attachment":[{"href":"https:\/\/www.tamaulipas.gob.mx\/energia\/wp-json\/wp\/v2\/media?parent=814"}],"curies":[{"name":"wp","href":"https:\/\/api.w.org\/{rel}","templated":true}]}}