{"id":812,"date":"2025-09-24T16:39:37","date_gmt":"2025-09-24T22:39:37","guid":{"rendered":"https:\/\/www.tamaulipas.gob.mx\/energia\/?page_id=812"},"modified":"2026-04-24T13:46:33","modified_gmt":"2026-04-24T19:46:33","slug":"electrificacion-al-100","status":"publish","type":"page","link":"https:\/\/www.tamaulipas.gob.mx\/energia\/electrificacion-al-100\/","title":{"rendered":"Electrificaci\u00f3n al 100%"},"content":{"rendered":"<p>El Programa de Electrificaci\u00f3n al 100% tiene por objeto garantizar el acceso a la energ\u00eda el\u00e9ctrica en viviendas que actualmente carecen del servicio, particularmente aquellas ubicadas en localidades con alto grado de rezago social, dispersi\u00f3n poblacional o condiciones geogr\u00e1ficas que limitan su integraci\u00f3n a la red de distribuci\u00f3n el\u00e9ctrica.<\/p>\n<p>Esto mediante la instalaci\u00f3n de sistemas fotovoltaicos aut\u00f3nomos que doten de energ\u00eda b\u00e1sica para que las familias puedan tener acceso a la electricidad, mejorando su bienestar y calidad de vida.<\/p>\n<p>Este programa se trabaja de manera coordinada entre la Secretar\u00eda de Desarrollo Energ\u00e9tico, la Comisi\u00f3n Federal de Electricidad, el DIF Tamaulipas, la Secretar\u00eda de Bienestar de Tamaulipas y los 43 municipios del estado.<\/p>\n<h1><strong>ARRANQUE DEL PROGRAMA<\/strong><\/h1>\n<p>El 04 de febrero en el municipio de Casas, el secretario Walter Juli\u00e1n \u00c1ngel Jim\u00e9nez dio arranque al Programa de Electrificaci\u00f3n al 100% junto a autoridades estatales, y presidentes municipales, destacando el mensaje del gobernador Am\u00e9rico Villarreal Anaya: \u201cque no nos falte nadie y que nadie se quede atr\u00e1s\u201d.<\/p>\n<p><img loading=\"lazy\" decoding=\"async\" class=\"alignnone size-full wp-image-898\" src=\"https:\/\/www.tamaulipas.gob.mx\/energia\/wp-content\/uploads\/sites\/34\/2026\/03\/148a2210.jpg\" alt=\"\" width=\"1200\" height=\"800\" \/><\/p>\n<p><img loading=\"lazy\" decoding=\"async\" class=\"alignnone size-full wp-image-899\" src=\"https:\/\/www.tamaulipas.gob.mx\/energia\/wp-content\/uploads\/sites\/34\/2026\/03\/148a2200.jpg\" alt=\"\" width=\"1200\" height=\"800\" \/><\/p>\n<p>En este primer municipio se hizo la instalaci\u00f3n de 32 sistemas fotovoltaicos aut\u00f3nomos dentro de las localidades del Ejido Felipe \u00c1ngeles, Rancho El Carrizo, Las Lajas, Palo Blanco, La Guadalupana, Ejido Subida de Palmas, Rancho El Nogal, Rancho El Gavil\u00e1n, Loma Blanca, La Guadalupana, El Cabaze\u00f1o, El Texanito, Buena Vista, Las Negras, Jacinto Canek, El Progreso y Valle de San Jos\u00e9, \u00faltimo ubicado en la Sierra de Tamaulipas, con un dif\u00edcil acceso de 7 horas entre la naturaleza.<\/p>\n<p><img loading=\"lazy\" decoding=\"async\" class=\"alignnone size-full wp-image-900\" src=\"https:\/\/www.tamaulipas.gob.mx\/energia\/wp-content\/uploads\/sites\/34\/2026\/03\/edicion-219.jpg\" alt=\"\" width=\"1200\" height=\"800\" \/> <img loading=\"lazy\" decoding=\"async\" class=\"alignnone size-full wp-image-901\" src=\"https:\/\/www.tamaulipas.gob.mx\/energia\/wp-content\/uploads\/sites\/34\/2026\/03\/edicion-197.jpg\" alt=\"\" width=\"1200\" height=\"800\" \/><\/p>\n<h1><strong>LINEAMIENTOS DE OPERACI\u00d3N<\/strong><\/h1>\n<p><a href=\"http:\/\/www.diputados.gob.mx\/LeyesBiblio\/ref\/lhidro.htm\" target=\"_blank\" rel=\"noopener\"><i class=\"fa fa-file-pdf-o\"><\/i><\/a><a href=\"https:\/\/www.tamaulipas.gob.mx\/energia\/wp-content\/uploads\/sites\/34\/2026\/04\/lineamientos-de-operacion-del-programa-presupuestario-u244-impulso-a-las-energias-renovables.pdf\"> Lineamientos-de-operacion-del-programa-presupuestario-u244-impulso-a-las-energias-renovables<\/a><\/p>\n","protected":false},"excerpt":{"rendered":"<p>El Programa de Electrificaci\u00f3n al 100% tiene por objeto garantizar el acceso a la energ\u00eda el\u00e9ctrica en viviendas que actualmente carecen del servicio, particularmente aquellas\u2026<\/p>\n","protected":false},"author":461,"featured_media":0,"parent":0,"menu_order":0,"comment_status":"closed","ping_status":"closed","template":"","meta":{"footnotes":""},"class_list":["post-812","page","type-page","status-publish","hentry"],"publishpress_future_action":{"enabled":false,"date":"2026-05-24 07:17:03","action":"change-status","newStatus":"draft","terms":[],"taxonomy":""},"_links":{"self":[{"href":"https:\/\/www.tamaulipas.gob.mx\/energia\/wp-json\/wp\/v2\/pages\/812"}],"collection":[{"href":"https:\/\/www.tamaulipas.gob.mx\/energia\/wp-json\/wp\/v2\/pages"}],"about":[{"href":"https:\/\/www.tamaulipas.gob.mx\/energia\/wp-json\/wp\/v2\/types\/page"}],"author":[{"embeddable":true,"href":"https:\/\/www.tamaulipas.gob.mx\/energia\/wp-json\/wp\/v2\/users\/461"}],"replies":[{"embeddable":true,"href":"https:\/\/www.tamaulipas.gob.mx\/energia\/wp-json\/wp\/v2\/comments?post=812"}],"version-history":[{"count":5,"href":"https:\/\/www.tamaulipas.gob.mx\/energia\/wp-json\/wp\/v2\/pages\/812\/revisions"}],"predecessor-version":[{"id":961,"href":"https:\/\/www.tamaulipas.gob.mx\/energia\/wp-json\/wp\/v2\/pages\/812\/revisions\/961"}],"wp:attachment":[{"href":"https:\/\/www.tamaulipas.gob.mx\/energia\/wp-json\/wp\/v2\/media?parent=812"}],"curies":[{"name":"wp","href":"https:\/\/api.w.org\/{rel}","templated":true}]}}