{"id":678,"date":"2025-04-02T15:12:50","date_gmt":"2025-04-02T21:12:50","guid":{"rendered":"https:\/\/www.tamaulipas.gob.mx\/energia\/?page_id=678"},"modified":"2025-04-02T19:45:30","modified_gmt":"2025-04-03T01:45:30","slug":"semblanza-del-secretario-de-desarrollo-energetico","status":"publish","type":"page","link":"https:\/\/www.tamaulipas.gob.mx\/energia\/semblanza-del-secretario-de-desarrollo-energetico\/","title":{"rendered":"Semblanza del Secretario de Desarrollo Energ\u00e9tico"},"content":{"rendered":"<table style=\"width: 100%; border-collapse: collapse;\">\n<tbody>\n<tr>\n<td style=\"width: 45.8583%; text-align: justify;\">\n<h2 style=\"text-align: left;\"><strong>WALTER JULI\u00c1N \u00c1NGEL JIM\u00c9NEZ<\/strong><\/h2>\n<p style=\"text-align: justify;\">Es Ingeniero El\u00e9ctrico y Electr\u00f3nico por la Facultad de Ingenier\u00eda de la UNAM y maestrante en Direcci\u00f3n y Gesti\u00f3n de Proyectos de Ingenier\u00eda en el Centro de Tecnolog\u00eda Avanzada de Quer\u00e9taro, centro p\u00fablico de Investigaci\u00f3n de la Secretar\u00eda de Ciencias, Humanidades, Tecnolog\u00eda e Innovaci\u00f3n de M\u00e9xico.<\/p>\n<p style=\"text-align: justify;\">Fue el \u00faltimo de los comisionados propuestos por el entonces presidente Andr\u00e9s Manuel L\u00f3pez Obrador para ocupar una posici\u00f3n en la Comisi\u00f3n Reguladora de Energ\u00eda (CRE), que desempe\u00f1\u00f3 de marzo de 2023 a marzo de 2025 y durante dicho encargo, asumi\u00f3 la presidencia del Comit\u00e9 Consultivo Nacional de Normalizaci\u00f3n El\u00e9ctrico.<\/p>\n<p style=\"text-align: justify;\">Fue director general de Energ\u00edas Limpias y director de \u00e1rea en la Subsecretar\u00eda de Planeaci\u00f3n y Transici\u00f3n Energ\u00e9tica de la Secretar\u00eda de Energ\u00eda federal, adem\u00e1s de coordinador de asesores en el Senado de la Rep\u00fablica, director general de una empresa social y docente universitario.<\/p>\n<p style=\"text-align: justify;\">El nuevo Secretario de Desarrollo Energ\u00e9tico de Tamaulipas, Ing. \u00c1ngel Jim\u00e9nez, es impulsor de la bioenerg\u00eda, de la electromovilidad, de la innovaci\u00f3n tecnol\u00f3gica, as\u00ed como de la eficiencia energ\u00e9tica y, en general, de la transici\u00f3n energ\u00e9tica. Ha sido representante del Gobierno de M\u00e9xico ante distintos organismos nacionales e internacionales; como la Agencia Internacional de las Energ\u00edas Renovables (IRENA, por sus siglas en ingl\u00e9s), el G20, la Comisi\u00f3n Ministerial de Energ\u00eda, entre otros.<\/p>\n<p style=\"text-align: justify;\">En marzo de 2023 se convirti\u00f3 en el \u00fanico comisionado de la CRE con mayor nivel de aprobaci\u00f3n por su comparecencia en el Senado, alcanzando el 92% de votos de los legisladores gracias a su desempe\u00f1o, perfil t\u00e9cnico y amplio conocimiento del sistema energ\u00e9tico de M\u00e9xico.<\/p>\n<p style=\"text-align: justify;\">\n<\/td>\n<td style=\"width: 5.8784%; text-align: justify;\"><\/td>\n<td style=\"width: 48.2632%; vertical-align: top;\">\n<p style=\"text-align: justify;\"><img loading=\"lazy\" decoding=\"async\" class=\"alignnone size-full wp-image-682\" src=\"https:\/\/www.tamaulipas.gob.mx\/energia\/wp-content\/uploads\/sites\/34\/2025\/04\/foto_secretario_5003px.png\" alt=\"\" width=\"500\" height=\"500\" \/><\/p>\n<p style=\"text-align: justify;\">Como Comisionado apoy\u00f3 en la toma de control de esa instituci\u00f3n, en su alineaci\u00f3n a la pol\u00edtica energ\u00e9tica del Gobierno de M\u00e9xico, en la regularizaci\u00f3n de tr\u00e1mites y en el fortalecimiento de varias regulaciones de primera generaci\u00f3n en el Sistema Energ\u00e9tico; con la claridad de encaminar dicho organismo hacia su extinci\u00f3n como se plasm\u00f3 en la reforma constitucional enviada por el presidente L\u00f3pez Obrador al Congreso Federal al final de su mandato, en febrero de 2024, y aprobada en diciembre del mismo a\u00f1o, en los primeros actos de la actual presidenta Dra. Claudia Sheinbaum Pardo.<\/p>\n<p style=\"text-align: justify;\">El nuevo secretario es impulsor de las primeras Disposiciones Administrativas de Car\u00e1cter General en materia de Electromovilidad, as\u00ed como de Almacenamiento El\u00e9ctrico a Bater\u00edas (BESS). Ha colocado diversos temas de innovaci\u00f3n y regulaciones de primera generaci\u00f3n en el Sistema Energ\u00e9tico como el biometano y su integraci\u00f3n a las redes de gas natural; la actualizaci\u00f3n de los sistemas de cogeneraci\u00f3n eficiente; y combustibles sostenibles para la aviaci\u00f3n (SAF) para la transformaci\u00f3n del Sistema Energ\u00e9tico, rumbo a su transici\u00f3n.<\/p>\n<\/td>\n<\/tr>\n<\/tbody>\n<\/table>\n","protected":false},"excerpt":{"rendered":"<p>WALTER JULI\u00c1N \u00c1NGEL JIM\u00c9NEZ Es Ingeniero El\u00e9ctrico y Electr\u00f3nico por la Facultad de Ingenier\u00eda de la UNAM y maestrante en Direcci\u00f3n y Gesti\u00f3n de Proyectos\u2026<\/p>\n","protected":false},"author":391,"featured_media":0,"parent":0,"menu_order":0,"comment_status":"closed","ping_status":"closed","template":"","meta":{"footnotes":""},"class_list":["post-678","page","type-page","status-publish","hentry"],"publishpress_future_action":{"enabled":false,"date":"2026-05-24 09:24:14","action":"change-status","newStatus":"draft","terms":[],"taxonomy":""},"_links":{"self":[{"href":"https:\/\/www.tamaulipas.gob.mx\/energia\/wp-json\/wp\/v2\/pages\/678"}],"collection":[{"href":"https:\/\/www.tamaulipas.gob.mx\/energia\/wp-json\/wp\/v2\/pages"}],"about":[{"href":"https:\/\/www.tamaulipas.gob.mx\/energia\/wp-json\/wp\/v2\/types\/page"}],"author":[{"embeddable":true,"href":"https:\/\/www.tamaulipas.gob.mx\/energia\/wp-json\/wp\/v2\/users\/391"}],"replies":[{"embeddable":true,"href":"https:\/\/www.tamaulipas.gob.mx\/energia\/wp-json\/wp\/v2\/comments?post=678"}],"version-history":[{"count":12,"href":"https:\/\/www.tamaulipas.gob.mx\/energia\/wp-json\/wp\/v2\/pages\/678\/revisions"}],"predecessor-version":[{"id":693,"href":"https:\/\/www.tamaulipas.gob.mx\/energia\/wp-json\/wp\/v2\/pages\/678\/revisions\/693"}],"wp:attachment":[{"href":"https:\/\/www.tamaulipas.gob.mx\/energia\/wp-json\/wp\/v2\/media?parent=678"}],"curies":[{"name":"wp","href":"https:\/\/api.w.org\/{rel}","templated":true}]}}