{"id":567,"date":"2024-12-11T15:37:01","date_gmt":"2024-12-11T21:37:01","guid":{"rendered":"https:\/\/www.tamaulipas.gob.mx\/energia\/?page_id=567"},"modified":"2025-10-09T09:53:38","modified_gmt":"2025-10-09T15:53:38","slug":"evaluaciones-externas","status":"publish","type":"page","link":"https:\/\/www.tamaulipas.gob.mx\/energia\/evaluaciones-externas\/","title":{"rendered":"Evaluaciones externas"},"content":{"rendered":"<p><a href=\"https:\/\/www.tamaulipas.gob.mx\/energia\/wp-content\/uploads\/sites\/34\/2024\/12\/informe-de-evaluacion-p105-2024.pdf\" target=\"_blank\" rel=\"noopener\">Informe de Evaluaci\u00f3n p105-2024<\/a><\/p>\n<p><a href=\"https:\/\/www.tamaulipas.gob.mx\/energia\/wp-content\/uploads\/sites\/34\/2024\/12\/fdr-ee-conac15-p105.pdf\" target=\"_blank\" rel=\"noopener\">Formato para la Difusi\u00f3n de los Resultados de las Evaluaciones<\/a><\/p>\n<p><strong><a href=\"https:\/\/www.tamaulipas.gob.mx\/energia\/wp-content\/uploads\/sites\/34\/2024\/12\/anexo-a.-documentos-de-posicion-institucional-1.pdf\" target=\"_blank\" rel=\"noopener\">Anexo A Documento de posici\u00f3n Institucional<\/a><\/strong><\/p>\n<p><strong><a href=\"https:\/\/www.tamaulipas.gob.mx\/energia\/wp-content\/uploads\/sites\/34\/2025\/10\/anexo-b1-aspectos-susceptibles-de-mejora.pdf\">Anexo-b1-aspectos-susceptibles-de-mejora<\/a><\/strong><\/p>\n<p><a href=\"https:\/\/www.tamaulipas.gob.mx\/energia\/wp-content\/uploads\/sites\/34\/2025\/10\/anexo-c1-aspectos-susceptibles-de-mejora.pdf\">Anexo-c1-aspectos-susceptibles-de-mejora<\/a><\/p>\n<p>&nbsp;<\/p>\n","protected":false},"excerpt":{"rendered":"<p>Informe de Evaluaci\u00f3n p105-2024 Formato para la Difusi\u00f3n de los Resultados de las Evaluaciones Anexo A Documento de posici\u00f3n Institucional Anexo-b1-aspectos-susceptibles-de-mejora Anexo-c1-aspectos-susceptibles-de-mejora &nbsp;<\/p>\n","protected":false},"author":391,"featured_media":0,"parent":0,"menu_order":0,"comment_status":"closed","ping_status":"closed","template":"","meta":{"footnotes":""},"class_list":["post-567","page","type-page","status-publish","hentry"],"publishpress_future_action":{"enabled":false,"date":"2026-05-24 04:55:45","action":"change-status","newStatus":"draft","terms":[],"taxonomy":""},"_links":{"self":[{"href":"https:\/\/www.tamaulipas.gob.mx\/energia\/wp-json\/wp\/v2\/pages\/567"}],"collection":[{"href":"https:\/\/www.tamaulipas.gob.mx\/energia\/wp-json\/wp\/v2\/pages"}],"about":[{"href":"https:\/\/www.tamaulipas.gob.mx\/energia\/wp-json\/wp\/v2\/types\/page"}],"author":[{"embeddable":true,"href":"https:\/\/www.tamaulipas.gob.mx\/energia\/wp-json\/wp\/v2\/users\/391"}],"replies":[{"embeddable":true,"href":"https:\/\/www.tamaulipas.gob.mx\/energia\/wp-json\/wp\/v2\/comments?post=567"}],"version-history":[{"count":5,"href":"https:\/\/www.tamaulipas.gob.mx\/energia\/wp-json\/wp\/v2\/pages\/567\/revisions"}],"predecessor-version":[{"id":820,"href":"https:\/\/www.tamaulipas.gob.mx\/energia\/wp-json\/wp\/v2\/pages\/567\/revisions\/820"}],"wp:attachment":[{"href":"https:\/\/www.tamaulipas.gob.mx\/energia\/wp-json\/wp\/v2\/media?parent=567"}],"curies":[{"name":"wp","href":"https:\/\/api.w.org\/{rel}","templated":true}]}}