{"id":404,"date":"2024-08-08T12:57:17","date_gmt":"2024-08-08T18:57:17","guid":{"rendered":"https:\/\/www.tamaulipas.gob.mx\/energia\/?page_id=404"},"modified":"2024-08-08T12:57:17","modified_gmt":"2024-08-08T18:57:17","slug":"subsecretarias","status":"publish","type":"page","link":"https:\/\/www.tamaulipas.gob.mx\/energia\/subsecretarias\/","title":{"rendered":"Subsecretar\u00edas"},"content":{"rendered":"<h3>Subsecretar\u00eda de Inversi\u00f3n, Proyectos Estrat\u00e9gicos y Desarrollo Sostenible<\/h3>\n<ul>\n<li>Participa en la creaci\u00f3n de anteproyectos de leyes, reglamentos, decretos y acuerdos jur\u00eddicos que son competencia de la Secretar\u00eda.<\/li>\n<li>Formular y someter a aprobaci\u00f3n, acciones, estrategias, programas y proyectos en materia de desarrollo sostenible, que permitan la inclusi\u00f3n social, la equidad de g\u00e9nero, y el desarrollo de ecosistemas de innovaci\u00f3n en materia energ\u00e9tica.<\/li>\n<li>Proponer los proyectos estrat\u00e9gicos, los instrumentos y las medidas necesarias, para asegurar la inversi\u00f3n, la innovaci\u00f3n y el desarrollo sostenible del sector energ\u00e9tico en el Estado.<\/li>\n<li>Elaborar directrices econ\u00f3micas y sociales que contribuyan al desarrollo sostenible del sector energ\u00e9tico en el estado, monitoreando y evaluando el impacto y avance en los objetivos de desarrollo sostenible, conforme a los lineamientos internacionales y las disposiciones federales, estatales o municipales.<\/li>\n<\/ul>\n<h3>Subsecretar\u00eda de Hidrocarburos<\/h3>\n<ul>\n<li>Participa en la creaci\u00f3n de anteproyectos de leyes, reglamentos, decretos y acuerdos jur\u00eddicos que son competencia de la Secretar\u00eda.<\/li>\n<li>Fortalecer el sector hidrocarburos, formulando, desarrollando y promoviendo los programas del sector.<\/li>\n<li>Promover la inversi\u00f3n, fortalecimiento de la infraestructura existente y el desarrollo de los proyectos en materia de exploraci\u00f3n, extracci\u00f3n de hidrocarburos, transporte, distribuci\u00f3n y almacenamiento de crudo y gas, refinaci\u00f3n y petroqu\u00edmica, explotaci\u00f3n de minerales, descarbonizaci\u00f3n del sector hidrocarburos, almacenamiento subterr\u00e1neo de gas, centrales de licuefacci\u00f3n de gas.<\/li>\n<li>Elaborar directrices econ\u00f3micas y sociales que contribuyan al desarrollo del sector hidrocarburos, conforme a las disposiciones federales, estatales y municipales.<\/li>\n<\/ul>\n<h3>Subsecretar\u00eda de Electricidad y Energ\u00edas Renovables<\/h3>\n<ul>\n<li>Participa en la creaci\u00f3n de anteproyectos de leyes, reglamentos, decretos y acuerdos jur\u00eddicos que son competencia de la Secretar\u00eda.<\/li>\n<li>Fortalecer el uso de energ\u00edas limpias y renovables en el estado, as\u00ed como la gesti\u00f3n, ante las instancias correspondientes formulando, desarrollando y promoviendo los programas del sector.<\/li>\n<li>Formular y establecer las acciones, estrategias y programas que se requieran para la formulaci\u00f3n de la pol\u00edtica p\u00fablica, revisi\u00f3n de la legislaci\u00f3n y ejecuci\u00f3n de proyectos y acciones en materia de generaci\u00f3n y distribuci\u00f3n el\u00e9ctrica, cumpliendo la normativa aplicable.<\/li>\n<li>Elaborar directrices econ\u00f3micas y sociales que contribuyan al desarrollo del sector el\u00e9ctrico y de energ\u00edas limpias y renovables en el estado, conforme a las disposiciones federales, estatales o municipales.<\/li>\n<\/ul>\n","protected":false},"excerpt":{"rendered":"<p>Subsecretar\u00eda de Inversi\u00f3n, Proyectos Estrat\u00e9gicos y Desarrollo Sostenible Participa en la creaci\u00f3n de anteproyectos de leyes, reglamentos, decretos y acuerdos jur\u00eddicos que son competencia de\u2026<\/p>\n","protected":false},"author":1,"featured_media":0,"parent":0,"menu_order":0,"comment_status":"closed","ping_status":"closed","template":"","meta":{"footnotes":""},"class_list":["post-404","page","type-page","status-publish","hentry"],"publishpress_future_action":{"enabled":false,"date":"2026-05-24 08:16:24","action":"change-status","newStatus":"draft","terms":[],"taxonomy":""},"_links":{"self":[{"href":"https:\/\/www.tamaulipas.gob.mx\/energia\/wp-json\/wp\/v2\/pages\/404"}],"collection":[{"href":"https:\/\/www.tamaulipas.gob.mx\/energia\/wp-json\/wp\/v2\/pages"}],"about":[{"href":"https:\/\/www.tamaulipas.gob.mx\/energia\/wp-json\/wp\/v2\/types\/page"}],"author":[{"embeddable":true,"href":"https:\/\/www.tamaulipas.gob.mx\/energia\/wp-json\/wp\/v2\/users\/1"}],"replies":[{"embeddable":true,"href":"https:\/\/www.tamaulipas.gob.mx\/energia\/wp-json\/wp\/v2\/comments?post=404"}],"version-history":[{"count":5,"href":"https:\/\/www.tamaulipas.gob.mx\/energia\/wp-json\/wp\/v2\/pages\/404\/revisions"}],"predecessor-version":[{"id":409,"href":"https:\/\/www.tamaulipas.gob.mx\/energia\/wp-json\/wp\/v2\/pages\/404\/revisions\/409"}],"wp:attachment":[{"href":"https:\/\/www.tamaulipas.gob.mx\/energia\/wp-json\/wp\/v2\/media?parent=404"}],"curies":[{"name":"wp","href":"https:\/\/api.w.org\/{rel}","templated":true}]}}