{"id":28,"date":"2019-01-29T15:04:35","date_gmt":"2019-01-29T21:04:35","guid":{"rendered":"https:\/\/www.tamaulipas.gob.mx\/energia\/?page_id=28"},"modified":"2024-08-08T13:23:07","modified_gmt":"2024-08-08T19:23:07","slug":"enertam-2","status":"publish","type":"page","link":"https:\/\/www.tamaulipas.gob.mx\/energia\/enertam-2\/","title":{"rendered":"OLD &#8211; ENERTAM"},"content":{"rendered":"<p>Expo Internacional ENERTAM es una Expo dedicada al sector energ\u00e9tico global a nivel nacional. A trav\u00e9s de ella se logra establecer un contacto directo entre las compa\u00f1\u00edas que actualmente desarrollan proyectos energ\u00e9ticos en el Estado, las compa\u00f1\u00edas interesadas en invertir, las empresas prestadoras de servicios del sector y las entidades estatales y federales estrat\u00e9gicas en la implementaci\u00f3n de la Reforma Energ\u00e9tica.<\/p>\n<p>En abril del 2018, el Gobierno de Tamaulipas a trav\u00e9s de la CETAM organiz\u00f3 la primera edici\u00f3n de la Expo Internacional ENERTAM. Con m\u00e1s de 10,000 participantes, ENERTAM logr\u00f3 reunir en un solo escenario a los principales actores del sector energ\u00e9tico de nuestro pa\u00eds.<\/p>\n<p>ENERTAM 2019 se llevar\u00e1 a cabo del 9 al 11 de abril en el Centro de Convenciones y Exposiciones de Tampico, en la Ciudad de Tampico, Tamaulipas y contar\u00e1 con una zona de exposici\u00f3n de 9,000 m2., programa de conferencias con expositores de nivel internacional expertos en el sector, zona para networking, encuentros de negocios y actividades sociales, entre otros.<\/p>\n<a href=\"https:\/\/enertamexpo.com.mx\/\" class=\"btn btn-primary\" target=\"_blank\">\u00a0Reg\u00edstrate a Expo Internacional ENERTAM 2019 <\/a>\n","protected":false},"excerpt":{"rendered":"<p>Expo Internacional ENERTAM es una Expo dedicada al sector energ\u00e9tico global a nivel nacional. A trav\u00e9s de ella se logra establecer un contacto directo entre\u2026<\/p>\n","protected":false},"author":1,"featured_media":0,"parent":0,"menu_order":0,"comment_status":"closed","ping_status":"closed","template":"","meta":{"footnotes":""},"class_list":["post-28","page","type-page","status-publish","hentry"],"publishpress_future_action":{"enabled":false,"date":"2026-05-24 04:55:45","action":"change-status","newStatus":"draft","terms":[],"taxonomy":""},"_links":{"self":[{"href":"https:\/\/www.tamaulipas.gob.mx\/energia\/wp-json\/wp\/v2\/pages\/28"}],"collection":[{"href":"https:\/\/www.tamaulipas.gob.mx\/energia\/wp-json\/wp\/v2\/pages"}],"about":[{"href":"https:\/\/www.tamaulipas.gob.mx\/energia\/wp-json\/wp\/v2\/types\/page"}],"author":[{"embeddable":true,"href":"https:\/\/www.tamaulipas.gob.mx\/energia\/wp-json\/wp\/v2\/users\/1"}],"replies":[{"embeddable":true,"href":"https:\/\/www.tamaulipas.gob.mx\/energia\/wp-json\/wp\/v2\/comments?post=28"}],"version-history":[{"count":3,"href":"https:\/\/www.tamaulipas.gob.mx\/energia\/wp-json\/wp\/v2\/pages\/28\/revisions"}],"predecessor-version":[{"id":433,"href":"https:\/\/www.tamaulipas.gob.mx\/energia\/wp-json\/wp\/v2\/pages\/28\/revisions\/433"}],"wp:attachment":[{"href":"https:\/\/www.tamaulipas.gob.mx\/energia\/wp-json\/wp\/v2\/media?parent=28"}],"curies":[{"name":"wp","href":"https:\/\/api.w.org\/{rel}","templated":true}]}}