{"id":12,"date":"2019-01-29T10:56:34","date_gmt":"2019-01-29T16:56:34","guid":{"rendered":"https:\/\/www.tamaulipas.gob.mx\/energia\/?page_id=12"},"modified":"2026-04-06T18:13:31","modified_gmt":"2026-04-07T00:13:31","slug":"nosotros","status":"publish","type":"page","link":"https:\/\/www.tamaulipas.gob.mx\/energia\/nosotros\/","title":{"rendered":"Secretar\u00eda de Desarrollo Energ\u00e9tico"},"content":{"rendered":"<h3>\u00bfQui\u00e9nes somos?<\/h3>\n<p>Somos una Secretar\u00eda que nace en el a\u00f1o 2023, nuestras principales actividades son:<\/p>\n<ul>\n<li>Coordinar el Desarrollo Energ\u00e9tico en el Estado.<\/li>\n<li>Proponer al Ejecutivo Estatal los programas de desarrollo sostenible en el \u00e1mbito energ\u00e9tico, fomentando la participaci\u00f3n de los tres \u00f3rdenes de gobierno, as\u00ed como los sectores p\u00fablico y privado.<\/li>\n<li>Crear pol\u00edticas p\u00fablicas y programas de desarrollo sostenible en el \u00e1mbito energ\u00e9tico.<\/li>\n<li>Fomentar e impulsar la generaci\u00f3n de energ\u00edas limpias.<\/li>\n<li>Impulsar la creaci\u00f3n de proyectos y acciones donde se aprovechen los recursos renovables y no renovables.<\/li>\n<li>Promover la participaci\u00f3n ciudadana en las actividades del sector energ\u00e9tico.<\/li>\n<li>Promover el ahorro y eficiencia energ\u00e9tica en el Estado.<\/li>\n<li>Participar en la constituci\u00f3n, creaci\u00f3n y operaci\u00f3n de empresas de participaci\u00f3n estatal mayoritaria, organismos, fondos y fideicomisos p\u00fablicos relacionados con el sector energ\u00e9tico.<\/li>\n<\/ul>\n<h3>Meta<\/h3>\n<p>Garantizar el acceso universal a servicios energ\u00e9ticos asequibles, fiables y modernos.<\/p>\n<h3>Misi\u00f3n<\/h3>\n<p>La Secretar\u00eda de Desarrollo Energ\u00e9tico del Estado de Tamaulipas impulsa y fomenta el aprovechamiento sostenible de los recursos renovables y no renovables del Estado, mediante el desarrollo de pol\u00edticas y programas considerando aspectos sociales, ambientales y econ\u00f3micos para contribuir al acceso a una energ\u00eda asequible y sostenible para las y los tamaulipecos.<\/p>\n<h3>Visi\u00f3n<\/h3>\n<p>Ser el Estado referente a nivel nacional en el desarrollo energ\u00e9tico sostenible e incluyente para generar una transici\u00f3n energ\u00e9tica viable maximizando las oportunidades sociales y econ\u00f3micas del Estado y fomentando la eficiencia, el ahorro y el uso responsable de los recursos energ\u00e9ticos en el Estado.<\/p>\n<h3>Valores<\/h3>\n<p>Sustentabilidad<br \/>\nInnovaci\u00f3n<br \/>\nTransparencia<br \/>\nResponsabilidad social<br \/>\nEficiencia<br \/>\nCompetitividad<br \/>\nColaboraci\u00f3n<br \/>\nLegalidad<br \/>\nInclusi\u00f3n<br \/>\nCalidad<\/p>\n<h3>Principios y Valores rectores del servicio p\u00fablico<\/h3>\n<p><strong>Principios:<\/strong><br \/>\nCompetencia por m\u00e9rito<br \/>\nConfidencialidad<br \/>\nDisciplina<br \/>\nEconom\u00eda<br \/>\nEficacia<br \/>\nEficiencia<br \/>\nEquidad<br \/>\nEstado de derecho<br \/>\nHonradez<br \/>\nImparcialidad<br \/>\nIntegridad<br \/>\nLealtad<br \/>\nLegalidad<br \/>\nObjetividad<br \/>\nProfesionalismo<br \/>\nRendici\u00f3n de cuentas<br \/>\nTransparencia<\/p>\n<p><strong>Valores:<\/strong><br \/>\nConfianza<br \/>\nCooperaci\u00f3n<br \/>\nCuidado del Entorno Cultural y Ecol\u00f3gico<br \/>\nEquidad de g\u00e9nero<br \/>\nIgualdad y No Discriminaci\u00f3n<br \/>\nInter\u00e9s P\u00fablico<br \/>\nLiderazgo<br \/>\nProbidad<br \/>\nRespeto<br \/>\nRespeto a los derechos humanos<br \/>\nSolidaridad<br \/>\nVeracidad<br \/>\nVerdad<\/p>\n<p><img loading=\"lazy\" decoding=\"async\" class=\"alignnone size-full wp-image-954\" src=\"https:\/\/www.tamaulipas.gob.mx\/energia\/wp-content\/uploads\/sites\/34\/2026\/04\/valores-sedener.png\" alt=\"\" width=\"1200\" height=\"670\" \/><\/p>\n","protected":false},"excerpt":{"rendered":"<p>\u00bfQui\u00e9nes somos? Somos una Secretar\u00eda que nace en el a\u00f1o 2023, nuestras principales actividades son: Coordinar el Desarrollo Energ\u00e9tico en el Estado. Proponer al Ejecutivo\u2026<\/p>\n","protected":false},"author":1,"featured_media":0,"parent":0,"menu_order":0,"comment_status":"closed","ping_status":"closed","template":"","meta":{"footnotes":""},"class_list":["post-12","page","type-page","status-publish","hentry"],"publishpress_future_action":{"enabled":false,"date":"2026-04-22 16:22:43","action":"change-status","newStatus":"draft","terms":[],"taxonomy":""},"_links":{"self":[{"href":"https:\/\/www.tamaulipas.gob.mx\/energia\/wp-json\/wp\/v2\/pages\/12"}],"collection":[{"href":"https:\/\/www.tamaulipas.gob.mx\/energia\/wp-json\/wp\/v2\/pages"}],"about":[{"href":"https:\/\/www.tamaulipas.gob.mx\/energia\/wp-json\/wp\/v2\/types\/page"}],"author":[{"embeddable":true,"href":"https:\/\/www.tamaulipas.gob.mx\/energia\/wp-json\/wp\/v2\/users\/1"}],"replies":[{"embeddable":true,"href":"https:\/\/www.tamaulipas.gob.mx\/energia\/wp-json\/wp\/v2\/comments?post=12"}],"version-history":[{"count":11,"href":"https:\/\/www.tamaulipas.gob.mx\/energia\/wp-json\/wp\/v2\/pages\/12\/revisions"}],"predecessor-version":[{"id":955,"href":"https:\/\/www.tamaulipas.gob.mx\/energia\/wp-json\/wp\/v2\/pages\/12\/revisions\/955"}],"wp:attachment":[{"href":"https:\/\/www.tamaulipas.gob.mx\/energia\/wp-json\/wp\/v2\/media?parent=12"}],"curies":[{"name":"wp","href":"https:\/\/api.w.org\/{rel}","templated":true}]}}