{"id":677,"date":"2017-10-20T15:58:13","date_gmt":"2017-10-20T20:58:13","guid":{"rendered":"http:\/\/www.tamaulipas.gob.mx\/desarrolloeconomico\/?page_id=677"},"modified":"2023-08-23T12:27:49","modified_gmt":"2023-08-23T18:27:49","slug":"asociaciones","status":"publish","type":"page","link":"https:\/\/www.tamaulipas.gob.mx\/economia\/asociaciones\/","title":{"rendered":"Asociaciones"},"content":{"rendered":"<div class=\"panel-group\" id=\"custom-collapse-0\">\n<div class=\"panel panel-default\">\n\t\t\t\t<div class=\"panel-heading\">\n\t\t\t\t\t<h4 class=\"panel-title\">\n\t\t\t\t\t\t<a class=\"\" data-toggle=\"collapse\" data-parent=\"#custom-collapse-0\" href=\"#custom-collapse-0-0\"><strong>Espa\u00f1ol<\/strong><\/a>\n\t\t\t\t\t<\/h4>\n\t\t\t\t<\/div>\n\t\t\t\t<div id=\"custom-collapse-0-0\" class=\"panel-collapse in\">\n\t\t\t\t\t<div class=\"panel-body\">\n<p class=\"p1\">En Tamaulipas la interacci\u00f3n de la Administraci\u00f3n P\u00fablica con las Asociaciones es constante y s\u00f3lida.<\/p>\n<p class=\"p1\">Solo por mencionar algunas:<\/p>\n<ul>\n<li class=\"p1\">AMPIP<\/li>\n<li class=\"p1\">AISTAC<\/li>\n<li class=\"p1\">INDEX MATAMOROS<\/li>\n<li class=\"p1\">INDEX REYNOSA<\/li>\n<li class=\"p1\">INDEX NUEVO LAREDO<\/li>\n<li class=\"p1\">CNIMME<\/li>\n<li class=\"p1\">CADEPLAST<\/li>\n<li class=\"p1\">CODEM<\/li>\n<li class=\"p1\">CODEIN<\/li>\n<li class=\"p1\">AAA REYNOSA<\/li>\n<li class=\"p1\">AAANLD<\/li>\n<li class=\"p1\">AAATA<\/li>\n<li class=\"p1\">CONATRAM<\/li>\n<li class=\"p1\">CONCAMIN<\/li>\n<li class=\"p1\">ICCE<\/li>\n<li class=\"p1\">ANADIC<\/li>\n<li class=\"p1\">AMMJE<\/li>\n<li class=\"p1\">BEDC<\/li>\n<li class=\"p1\">MEDC<\/li>\n<li class=\"p1\">LDF<\/li>\n<\/ul>\n<\/div>\n\t\t\t\t<\/div>\n\t\t\t<\/div>\n<div class=\"panel panel-default\">\n\t\t\t\t<div class=\"panel-heading\">\n\t\t\t\t\t<h4 class=\"panel-title\">\n\t\t\t\t\t\t<a class=\"collapsed\" data-toggle=\"collapse\" data-parent=\"#custom-collapse-0\" href=\"#custom-collapse-0-1\"><b>English<\/b><\/a>\n\t\t\t\t\t<\/h4>\n\t\t\t\t<\/div>\n\t\t\t\t<div id=\"custom-collapse-0-1\" class=\"panel-collapse collapse\">\n\t\t\t\t\t<div class=\"panel-body\">\n<p class=\"p1\"><span style=\"font-size: 36px;\"><strong>Associations<\/strong><\/span><\/p>\n<p class=\"p1\">In Tamaulipas interaction from Public Administration with the Associations is steady and strong.<\/p>\n<p class=\"p1\">Just to mention a few:<\/p>\n<ul>\n<li class=\"p1\">AMPIP<\/li>\n<li class=\"p1\">AISTAC<\/li>\n<li class=\"p1\">INDEX MATAMOROS<\/li>\n<li class=\"p1\">INDEX REYNOSA<\/li>\n<li class=\"p1\">INDEX NUEVO LAREDO<\/li>\n<li class=\"p1\">CNIMME<\/li>\n<li class=\"p1\">CADEPLAST<\/li>\n<li class=\"p1\">CODEM<\/li>\n<li class=\"p1\">CODEIN<\/li>\n<li class=\"p1\">AAA REYNOSA<\/li>\n<li class=\"p1\">AAANLD<\/li>\n<li class=\"p1\">AAATA<\/li>\n<li class=\"p1\">CONATRAM<\/li>\n<li class=\"p1\">CONCAMIN<\/li>\n<li class=\"p1\">ICCE<\/li>\n<li class=\"p1\">ANADIC<\/li>\n<li class=\"p1\">AMMJE<\/li>\n<li class=\"p1\">BEDC<\/li>\n<li class=\"p1\">MEDC<\/li>\n<li class=\"p1\">LDF<\/li>\n<\/ul>\n<\/div>\n\t\t\t\t<\/div>\n\t\t\t<\/div>\n<\/div>\n<p><strong>MAYOR INFORMACI\u00d3N<br \/>\n<\/strong><\/p>\n<blockquote>\n<p class=\"p1\">Secretar\u00eda de Econom\u00eda<br \/>\nSubsecretar\u00eda de Inversi\u00f3n<br \/>\nCentro de Oficinas Gubernamentales, Piso 21, Parque Bicentenario<br \/>\nC.P. 87000, Ciudad Victoria, Tamaulipas, M\u00e9xico<br \/>\nTel\u00e9fono: 834.107.8834 ext. 44244<\/p>\n<\/blockquote>\n","protected":false},"excerpt":{"rendered":"<p>MAYOR INFORMACI\u00d3N Secretar\u00eda de Econom\u00eda Subsecretar\u00eda de Inversi\u00f3n Centro de Oficinas Gubernamentales, Piso 21, Parque Bicentenario C.P. 87000, Ciudad Victoria, Tamaulipas, M\u00e9xico Tel\u00e9fono: 834.107.8834 ext.\u2026<\/p>\n","protected":false},"author":46,"featured_media":0,"parent":0,"menu_order":0,"comment_status":"closed","ping_status":"closed","template":"","meta":{"footnotes":""},"class_list":["post-677","page","type-page","status-publish","hentry"],"publishpress_future_action":{"enabled":false,"date":"2026-04-28 05:32:10","action":"change-status","newStatus":"draft","terms":[],"taxonomy":""},"_links":{"self":[{"href":"https:\/\/www.tamaulipas.gob.mx\/economia\/wp-json\/wp\/v2\/pages\/677"}],"collection":[{"href":"https:\/\/www.tamaulipas.gob.mx\/economia\/wp-json\/wp\/v2\/pages"}],"about":[{"href":"https:\/\/www.tamaulipas.gob.mx\/economia\/wp-json\/wp\/v2\/types\/page"}],"author":[{"embeddable":true,"href":"https:\/\/www.tamaulipas.gob.mx\/economia\/wp-json\/wp\/v2\/users\/46"}],"replies":[{"embeddable":true,"href":"https:\/\/www.tamaulipas.gob.mx\/economia\/wp-json\/wp\/v2\/comments?post=677"}],"version-history":[{"count":8,"href":"https:\/\/www.tamaulipas.gob.mx\/economia\/wp-json\/wp\/v2\/pages\/677\/revisions"}],"predecessor-version":[{"id":2962,"href":"https:\/\/www.tamaulipas.gob.mx\/economia\/wp-json\/wp\/v2\/pages\/677\/revisions\/2962"}],"wp:attachment":[{"href":"https:\/\/www.tamaulipas.gob.mx\/economia\/wp-json\/wp\/v2\/media?parent=677"}],"curies":[{"name":"wp","href":"https:\/\/api.w.org\/{rel}","templated":true}]}}