{"id":675,"date":"2017-10-20T15:55:48","date_gmt":"2017-10-20T20:55:48","guid":{"rendered":"http:\/\/www.tamaulipas.gob.mx\/desarrolloeconomico\/?page_id=675"},"modified":"2023-08-23T12:27:19","modified_gmt":"2023-08-23T18:27:19","slug":"capital-humano","status":"publish","type":"page","link":"https:\/\/www.tamaulipas.gob.mx\/economia\/capital-humano\/","title":{"rendered":"Fuerza Laboral y Oferta Educativa"},"content":{"rendered":"<p>La poblaci\u00f3n total de Tamaulipas es de 3.5 millones de habitantes, de acuerdo al \u00faltimo censo de INEGI del a\u00f1o 2022, con una poblaci\u00f3n econ\u00f3micamente activa de m\u00e1s de 1.6 millones de habitantes.<\/p>\n<p>En oferta educativa nuestro estado cuenta con 188 universidades p\u00fablicas y privadas como la UAT, UTT, UTM, LA SALLE y Tecnol\u00f3gico de Monterrey, as\u00ed como 87 escuelas t\u00e9cnicas de los cuales se encuentran estrat\u00e9gicamente ubicadas en las distintas regiones del estado para el fortalecimiento y capacitaci\u00f3n a los m\u00e1s de 19,800 profesionistas que a\u00f1o con a\u00f1o grad\u00faan.<\/p>\n<p><strong>MAYOR INFORMACI\u00d3N<br \/>\n<\/strong><\/p>\n<blockquote>\n<p class=\"p1\">Secretar\u00eda de Econom\u00eda<br \/>\nSubsecretar\u00eda de Inversi\u00f3n<br \/>\nCentro de Oficinas Gubernamentales, Piso 21, Parque Bicentenario<br \/>\nC.P. 87000, Ciudad Victoria, Tamaulipas, M\u00e9xico<br \/>\nTel\u00e9fono: 834.107.8834 ext. 44244<\/p>\n<\/blockquote>\n","protected":false},"excerpt":{"rendered":"<p>La poblaci\u00f3n total de Tamaulipas es de 3.5 millones de habitantes, de acuerdo al \u00faltimo censo de INEGI del a\u00f1o 2022, con una poblaci\u00f3n econ\u00f3micamente\u2026<\/p>\n","protected":false},"author":46,"featured_media":0,"parent":0,"menu_order":0,"comment_status":"closed","ping_status":"closed","template":"","meta":{"footnotes":""},"class_list":["post-675","page","type-page","status-publish","hentry"],"publishpress_future_action":{"enabled":false,"date":"2026-04-25 23:11:04","action":"change-status","newStatus":"draft","terms":[],"taxonomy":""},"_links":{"self":[{"href":"https:\/\/www.tamaulipas.gob.mx\/economia\/wp-json\/wp\/v2\/pages\/675"}],"collection":[{"href":"https:\/\/www.tamaulipas.gob.mx\/economia\/wp-json\/wp\/v2\/pages"}],"about":[{"href":"https:\/\/www.tamaulipas.gob.mx\/economia\/wp-json\/wp\/v2\/types\/page"}],"author":[{"embeddable":true,"href":"https:\/\/www.tamaulipas.gob.mx\/economia\/wp-json\/wp\/v2\/users\/46"}],"replies":[{"embeddable":true,"href":"https:\/\/www.tamaulipas.gob.mx\/economia\/wp-json\/wp\/v2\/comments?post=675"}],"version-history":[{"count":11,"href":"https:\/\/www.tamaulipas.gob.mx\/economia\/wp-json\/wp\/v2\/pages\/675\/revisions"}],"predecessor-version":[{"id":2961,"href":"https:\/\/www.tamaulipas.gob.mx\/economia\/wp-json\/wp\/v2\/pages\/675\/revisions\/2961"}],"wp:attachment":[{"href":"https:\/\/www.tamaulipas.gob.mx\/economia\/wp-json\/wp\/v2\/media?parent=675"}],"curies":[{"name":"wp","href":"https:\/\/api.w.org\/{rel}","templated":true}]}}