{"id":665,"date":"2017-10-20T13:42:23","date_gmt":"2017-10-20T18:42:23","guid":{"rendered":"http:\/\/www.tamaulipas.gob.mx\/desarrolloeconomico\/?page_id=665"},"modified":"2026-02-23T18:21:04","modified_gmt":"2026-02-24T00:21:04","slug":"infraestructura","status":"publish","type":"page","link":"https:\/\/www.tamaulipas.gob.mx\/economia\/infraestructura\/","title":{"rendered":"Ubicaci\u00f3n y Conectividad"},"content":{"rendered":"<p>Tamaulipas cuanta con una ubicaci\u00f3n geogr\u00e1fica privilegiada, donde los municipios al norte del estado cuentan con una frontera de 370 km que comparten con el estado de Texas y los municipios del este un litoral costero de 433km.<br \/>\n<div class=\"panel-group\" id=\"custom-collapse-0\">\n<div class=\"panel panel-default\">\n\t\t\t\t<div class=\"panel-heading\">\n\t\t\t\t\t<h4 class=\"panel-title\">\n\t\t\t\t\t\t<a class=\"collapsed\" data-toggle=\"collapse\" data-parent=\"#custom-collapse-0\" href=\"#custom-collapse-0-0\"><strong>Cruces Internacionales<\/strong><\/a>\n\t\t\t\t\t<\/h4>\n\t\t\t\t<\/div>\n\t\t\t\t<div id=\"custom-collapse-0-0\" class=\"panel-collapse collapse\">\n\t\t\t\t\t<div class=\"panel-body\">\n<p><img loading=\"lazy\" decoding=\"async\" class=\"alignnone size-full wp-image-3023\" src=\"https:\/\/www.tamaulipas.gob.mx\/economia\/wp-content\/uploads\/sites\/7\/2023\/09\/cruces-internacionales-septiembre-2023.jpeg\" alt=\"\" width=\"1200\" height=\"676\" \/><\/p>\n<p>Nuestro estado cuenta con 18 cruces internacionales, 9 comerciales de los cuales 7 son vehiculares y somos el \u00fanico estado con 2 cruces ferroviarios. Es importante destacar que el flujo comercial entre M\u00e9xico y Estados unidos por Tamaulipas nos posiciona en 1er lugar nacional por carretera y ferrocarril, en el tr\u00e1nsito rodado las aduanas en nuestro estado representan el 42% del total nacional, mientras que por ferrocarril nuestro flujo comercial el 54% del total nacional.<\/p>\n<\/div>\n\t\t\t\t<\/div>\n\t\t\t<\/div>\n<div class=\"panel panel-default\">\n\t\t\t\t<div class=\"panel-heading\">\n\t\t\t\t\t<h4 class=\"panel-title\">\n\t\t\t\t\t\t<a class=\"collapsed\" data-toggle=\"collapse\" data-parent=\"#custom-collapse-0\" href=\"#custom-collapse-0-1\"><strong>Conectividad A\u00e9rea<\/strong><\/a>\n\t\t\t\t\t<\/h4>\n\t\t\t\t<\/div>\n\t\t\t\t<div id=\"custom-collapse-0-1\" class=\"panel-collapse collapse\">\n\t\t\t\t\t<div class=\"panel-body\">\n<p><img loading=\"lazy\" decoding=\"async\" class=\"alignnone size-full wp-image-3024\" src=\"https:\/\/www.tamaulipas.gob.mx\/economia\/wp-content\/uploads\/sites\/7\/2023\/09\/aeropuertos-septiembre-2023.jpeg\" alt=\"\" width=\"1200\" height=\"676\" \/><\/p>\n<p><strong>5 Aeropuertos internacionales<br \/>\n<\/strong><\/p>\n<p><strong>27 Rutas a\u00e9reas<br \/>\n<\/strong><\/p>\n<p>Se cuenta con cinco aeropuertos internacionales, localizados en las principales ciudades del estado, los cuales tambi\u00e9n contribuyen en gran medida a la distribuci\u00f3n comercial nacional e internacional.<br \/>\n<\/div>\n\t\t\t\t<\/div>\n\t\t\t<\/div>\n<div class=\"panel panel-default\">\n\t\t\t\t<div class=\"panel-heading\">\n\t\t\t\t\t<h4 class=\"panel-title\">\n\t\t\t\t\t\t<a class=\"collapsed\" data-toggle=\"collapse\" data-parent=\"#custom-collapse-0\" href=\"#custom-collapse-0-2\"><strong>Conectividad Mar\u00edtima<\/strong><\/a>\n\t\t\t\t\t<\/h4>\n\t\t\t\t<\/div>\n\t\t\t\t<div id=\"custom-collapse-0-2\" class=\"panel-collapse collapse\">\n\t\t\t\t\t<div class=\"panel-body\">\n<p><img loading=\"lazy\" decoding=\"async\" class=\"alignnone size-full wp-image-3025\" src=\"https:\/\/www.tamaulipas.gob.mx\/economia\/wp-content\/uploads\/sites\/7\/2023\/09\/pertos-maritimos-septiembre-2023.jpeg\" alt=\"\" width=\"1200\" height=\"676\" \/><\/p>\n<p>En el sector mar\u00edtimo contamos con 3 Puertos, 2 en la regi\u00f3n sur y 1 en la regi\u00f3n norte, posicion\u00e1ndonos como el 3er lugar nacional de movimiento de carga donde damos atenci\u00f3n a 35 l\u00edneas navieras de servicio regular, para el tr\u00e1fico a\u00e9reo se cuenta con 5 aeropuertos internacionales con que conectan a principales estados y ciudades del pa\u00eds y Estados Unidos.<\/p>\n<\/div>\n\t\t\t\t<\/div>\n\t\t\t<\/div>\n<div class=\"panel panel-default\">\n\t\t\t\t<div class=\"panel-heading\">\n\t\t\t\t\t<h4 class=\"panel-title\">\n\t\t\t\t\t\t<a class=\"collapsed\" data-toggle=\"collapse\" data-parent=\"#custom-collapse-0\" href=\"#custom-collapse-0-3\"><strong>Conectividad Carretera<\/strong><\/a>\n\t\t\t\t\t<\/h4>\n\t\t\t\t<\/div>\n\t\t\t\t<div id=\"custom-collapse-0-3\" class=\"panel-collapse collapse\">\n\t\t\t\t\t<div class=\"panel-body\">\n<p><img loading=\"lazy\" decoding=\"async\" class=\"alignnone size-full wp-image-3026\" src=\"https:\/\/www.tamaulipas.gob.mx\/economia\/wp-content\/uploads\/sites\/7\/2023\/09\/carreteras-septiembre-2023.jpeg\" alt=\"\" width=\"1200\" height=\"676\" \/><\/p>\n<p>El estado cuenta con 80,249 km2 que son conectados mediante 14,014 km de carreteras y caminos, enlazando con las regiones econ\u00f3micas de Norteam\u00e9rica y los 4 ejes centrales del pa\u00eds (Mazatl\u00e1n-Matamoros, Manzanillo-Tampico, CDMX\u2013Nvo. Laredo y Coatzacoalcos-Monterrey).<\/p>\n<\/div>\n\t\t\t\t<\/div>\n\t\t\t<\/div>\n<div class=\"panel panel-default\">\n\t\t\t\t<div class=\"panel-heading\">\n\t\t\t\t\t<h4 class=\"panel-title\">\n\t\t\t\t\t\t<a class=\"collapsed\" data-toggle=\"collapse\" data-parent=\"#custom-collapse-0\" href=\"#custom-collapse-0-4\"><strong>Conectividad Ferroviaria<\/strong><\/a>\n\t\t\t\t\t<\/h4>\n\t\t\t\t<\/div>\n\t\t\t\t<div id=\"custom-collapse-0-4\" class=\"panel-collapse collapse\">\n\t\t\t\t\t<div class=\"panel-body\">\n<p><img loading=\"lazy\" decoding=\"async\" class=\"alignnone size-full wp-image-3027\" src=\"https:\/\/www.tamaulipas.gob.mx\/economia\/wp-content\/uploads\/sites\/7\/2023\/09\/vias-ferroviarias-septiembre-2023.jpeg\" alt=\"\" width=\"1200\" height=\"676\" \/><\/p>\n<p>M\u00c1S DE 930 KIL\u00d3METROS DE V\u00cdAS F\u00c9RREAS<\/p>\n<p>Con m\u00e1s de 930 kil\u00f3metros de v\u00edas f\u00e9rreas en Tamaulipas contamos con una s\u00f3lida infraestructura en materia ferroviaria con un servicio de transporte de clase mundial con los m\u00e1s altos est\u00e1ndares de calidad, confiabilidad, seguridad, adem\u00e1s de eficiente, competitivo y rentable.<br \/>\n<\/div>\n\t\t\t\t<\/div>\n\t\t\t<\/div>\n<div class=\"panel panel-default\">\n\t\t\t\t<div class=\"panel-heading\">\n\t\t\t\t\t<h4 class=\"panel-title\">\n\t\t\t\t\t\t<a class=\"collapsed\" data-toggle=\"collapse\" data-parent=\"#custom-collapse-0\" href=\"#custom-collapse-0-5\"><strong>Parques Industriales<\/strong><\/a>\n\t\t\t\t\t<\/h4>\n\t\t\t\t<\/div>\n\t\t\t\t<div id=\"custom-collapse-0-5\" class=\"panel-collapse collapse\">\n\t\t\t\t\t<div class=\"panel-body\">\n<p><img loading=\"lazy\" decoding=\"async\" class=\"alignnone size-full wp-image-2045\" src=\"https:\/\/www.tamaulipas.gob.mx\/economia\/wp-content\/uploads\/sites\/7\/2026\/02\/parques-industriales-2026.jpg\" alt=\"\" width=\"1200\" height=\"676\" \/><\/p>\n<p>Tamaulipas cuenta con grandes oportunidades de expansi\u00f3n y desarrollo de nuevos negocios, dentro del estado se tienen 54 parques industriales, donde encontramos empresas de talla mundial, en los cuales se cuenta disponibilidad para la atracci\u00f3n de nuevos proyectos y suficiencia en el abasto de servicios que garanticen su adecuada operaci\u00f3n.<\/p>\n<\/div>\n\t\t\t\t<\/div>\n\t\t\t<\/div>\n<\/div>\n<p><strong>MAYOR INFORMACI\u00d3N<br \/>\n<\/strong><\/p>\n<blockquote>\n<p class=\"p1\">Secretar\u00eda de Econom\u00eda<br \/>\nSubsecretar\u00eda de Inversi\u00f3n<br \/>\nCentro de Oficinas Gubernamentales, Piso 21, Parque Bicentenario<br \/>\nC.P. 87000, Ciudad Victoria, Tamaulipas, M\u00e9xico<br \/>\nTel\u00e9fono: 834.107.8834 ext. 44244<\/p>\n<\/blockquote>\n","protected":false},"excerpt":{"rendered":"<p>Tamaulipas cuanta con una ubicaci\u00f3n geogr\u00e1fica privilegiada, donde los municipios al norte del estado cuentan con una frontera de 370 km que comparten con el\u2026<\/p>\n","protected":false},"author":46,"featured_media":0,"parent":0,"menu_order":0,"comment_status":"closed","ping_status":"closed","template":"","meta":{"footnotes":""},"class_list":["post-665","page","type-page","status-publish","hentry"],"publishpress_future_action":{"enabled":false,"date":"2026-04-25 23:08:45","action":"change-status","newStatus":"draft","terms":[],"taxonomy":""},"_links":{"self":[{"href":"https:\/\/www.tamaulipas.gob.mx\/economia\/wp-json\/wp\/v2\/pages\/665"}],"collection":[{"href":"https:\/\/www.tamaulipas.gob.mx\/economia\/wp-json\/wp\/v2\/pages"}],"about":[{"href":"https:\/\/www.tamaulipas.gob.mx\/economia\/wp-json\/wp\/v2\/types\/page"}],"author":[{"embeddable":true,"href":"https:\/\/www.tamaulipas.gob.mx\/economia\/wp-json\/wp\/v2\/users\/46"}],"replies":[{"embeddable":true,"href":"https:\/\/www.tamaulipas.gob.mx\/economia\/wp-json\/wp\/v2\/comments?post=665"}],"version-history":[{"count":39,"href":"https:\/\/www.tamaulipas.gob.mx\/economia\/wp-json\/wp\/v2\/pages\/665\/revisions"}],"predecessor-version":[{"id":3912,"href":"https:\/\/www.tamaulipas.gob.mx\/economia\/wp-json\/wp\/v2\/pages\/665\/revisions\/3912"}],"wp:attachment":[{"href":"https:\/\/www.tamaulipas.gob.mx\/economia\/wp-json\/wp\/v2\/media?parent=665"}],"curies":[{"name":"wp","href":"https:\/\/api.w.org\/{rel}","templated":true}]}}