{"id":635,"date":"2017-10-19T16:04:43","date_gmt":"2017-10-19T21:04:43","guid":{"rendered":"http:\/\/www.tamaulipas.gob.mx\/desarrolloeconomico\/?page_id=635"},"modified":"2023-08-23T12:25:33","modified_gmt":"2023-08-23T18:25:33","slug":"sectores-estrategicos","status":"publish","type":"page","link":"https:\/\/www.tamaulipas.gob.mx\/economia\/sectores-estrategicos\/","title":{"rendered":"Sectores Econ\u00f3micos"},"content":{"rendered":"<p>Dentro de los principales sectores econ\u00f3micos en el estado con potencial de desarrollo encontramos los siguientes<\/p>\n<ul>\n<li>Automotriz<\/li>\n<li>El\u00e9ctrico-Electr\u00f3nico<\/li>\n<li>Qu\u00edmico-Petroqu\u00edmico<\/li>\n<li>Aeroespacial<\/li>\n<li>M\u00e9dico<\/li>\n<li>Energ\u00e9tico<\/li>\n<li>Agroindustrial<\/li>\n<\/ul>\n<p>Para el establecimiento de nuevas empresas y la expansi\u00f3n de las existentes en nuestro estado, hemos preparado un paquete de incentivos fiscales, como descuentos en los impuestos sobre n\u00f3mina y subsidio en los pagos de derechos relacionados con permisos ambientales, y otros no fiscales como desarrollo de proveedores, cabildeo con autoridades municipales, desarrollo de capital humano, consultor\u00eda, softlanding y asistencia.<\/p>\n<p>Gracias a la infraestructura, conectividad y recursos naturales con los que cuenta Tamaulipas, el estado se ha convertido en uno de oportunidades y desarrollo, brind\u00e1ndole una gran calidad de vida a sus ciudadanos, en la que se asegura su cobertura en servicios de salud, oportunidad en prestigiosas instituciones educativas y una amplia variedad de centros tur\u00edsticos y de entretenimiento que se traducen en el bienestar de las familias tamaulipecas.<\/p>\n<p><strong>MAYOR INFORMACI\u00d3N<br \/>\n<\/strong><\/p>\n<blockquote>\n<p class=\"p1\">Secretar\u00eda de Econom\u00eda<br \/>\nSubsecretar\u00eda de Inversi\u00f3n<br \/>\nCentro de Oficinas Gubernamentales, Piso 21, Parque Bicentenario<br \/>\nC.P. 87000, Ciudad Victoria, Tamaulipas, M\u00e9xico<br \/>\nTel\u00e9fono: 834.107.8834 ext. 44244<\/p>\n<\/blockquote>\n","protected":false},"excerpt":{"rendered":"<p>Dentro de los principales sectores econ\u00f3micos en el estado con potencial de desarrollo encontramos los siguientes Automotriz El\u00e9ctrico-Electr\u00f3nico Qu\u00edmico-Petroqu\u00edmico Aeroespacial M\u00e9dico Energ\u00e9tico Agroindustrial Para el\u2026<\/p>\n","protected":false},"author":46,"featured_media":0,"parent":0,"menu_order":0,"comment_status":"closed","ping_status":"closed","template":"","meta":{"footnotes":""},"class_list":["post-635","page","type-page","status-publish","hentry"],"publishpress_future_action":{"enabled":false,"date":"2026-05-17 11:52:56","action":"change-status","newStatus":"draft","terms":[],"taxonomy":""},"_links":{"self":[{"href":"https:\/\/www.tamaulipas.gob.mx\/economia\/wp-json\/wp\/v2\/pages\/635"}],"collection":[{"href":"https:\/\/www.tamaulipas.gob.mx\/economia\/wp-json\/wp\/v2\/pages"}],"about":[{"href":"https:\/\/www.tamaulipas.gob.mx\/economia\/wp-json\/wp\/v2\/types\/page"}],"author":[{"embeddable":true,"href":"https:\/\/www.tamaulipas.gob.mx\/economia\/wp-json\/wp\/v2\/users\/46"}],"replies":[{"embeddable":true,"href":"https:\/\/www.tamaulipas.gob.mx\/economia\/wp-json\/wp\/v2\/comments?post=635"}],"version-history":[{"count":54,"href":"https:\/\/www.tamaulipas.gob.mx\/economia\/wp-json\/wp\/v2\/pages\/635\/revisions"}],"predecessor-version":[{"id":2959,"href":"https:\/\/www.tamaulipas.gob.mx\/economia\/wp-json\/wp\/v2\/pages\/635\/revisions\/2959"}],"wp:attachment":[{"href":"https:\/\/www.tamaulipas.gob.mx\/economia\/wp-json\/wp\/v2\/media?parent=635"}],"curies":[{"name":"wp","href":"https:\/\/api.w.org\/{rel}","templated":true}]}}