{"id":3789,"date":"2025-07-15T16:12:50","date_gmt":"2025-07-15T22:12:50","guid":{"rendered":"https:\/\/www.tamaulipas.gob.mx\/economia\/?page_id=3789"},"modified":"2025-07-15T16:28:16","modified_gmt":"2025-07-15T22:28:16","slug":"avisos-de-privacidad","status":"publish","type":"page","link":"https:\/\/www.tamaulipas.gob.mx\/economia\/avisos-de-privacidad\/","title":{"rendered":"Avisos de privacidad"},"content":{"rendered":"<p>En cumplimiento a los art\u00edculos 3 fracciones III, IX, XXX y XXXI. 20, 21 y 22 de la Ley General de Protecci\u00f3n de Datos Personales en Posesi\u00f3n de los Sujetos Obligados y art\u00edculos 3, fracciones III, IX, X, XXX y XXXII, 20, 21 y 22, de la Ley de Protecci\u00f3n de Datos Personales Posesi\u00f3n de Sujetos Obligados del Estado de Tamaulipas, la Secretar\u00eda de Econom\u00eda, en su calidad de Sujeto Obligado que recaba y ejerce tratamiento sobre datos personales, emite los siguientes avisos de privacidad.<\/p>\n<div class=\"row mb20\">\n<div class=\"col-sm-6\"><center><a href=\"https:\/\/www.tamaulipas.gob.mx\/economia\/wp-content\/uploads\/sites\/7\/2025\/07\/aviso-de-privacidad-integral.pdf\" target=\"_blank\" rel=\"noopener\"><img loading=\"lazy\" decoding=\"async\" class=\"alignnone size-medium wp-image-2923\" src=\"https:\/\/www.tamaulipas.gob.mx\/economia\/wp-content\/uploads\/sites\/7\/2025\/07\/descargaavisoprivacidadintegral.png\" alt=\"\" width=\"296\" height=\"117\" \/><\/a><\/center><\/div>\n<div class=\"col-sm-6\"><center><a href=\"https:\/\/www.tamaulipas.gob.mx\/economia\/wp-content\/uploads\/sites\/7\/2025\/07\/aviso-de-privacidad-simplificado.pdf\" target=\"_blank\" rel=\"noopener\"><img loading=\"lazy\" decoding=\"async\" class=\"alignnone wp-image-3330 size-full\" src=\"https:\/\/www.tamaulipas.gob.mx\/economia\/wp-content\/uploads\/sites\/7\/2025\/07\/descargaavisoprivacidadsimplificado.png\" alt=\"\" width=\"296\" height=\"117\" \/><\/a><\/center><\/div>\n<\/div>\n","protected":false},"excerpt":{"rendered":"<p>En cumplimiento a los art\u00edculos 3 fracciones III, IX, XXX y XXXI. 20, 21 y 22 de la Ley General de Protecci\u00f3n de Datos Personales\u2026<\/p>\n","protected":false},"author":309,"featured_media":0,"parent":0,"menu_order":0,"comment_status":"closed","ping_status":"closed","template":"","meta":{"footnotes":""},"class_list":["post-3789","page","type-page","status-publish","hentry"],"publishpress_future_action":{"enabled":false,"date":"2026-04-26 00:47:57","action":"change-status","newStatus":"draft","terms":[],"taxonomy":""},"_links":{"self":[{"href":"https:\/\/www.tamaulipas.gob.mx\/economia\/wp-json\/wp\/v2\/pages\/3789"}],"collection":[{"href":"https:\/\/www.tamaulipas.gob.mx\/economia\/wp-json\/wp\/v2\/pages"}],"about":[{"href":"https:\/\/www.tamaulipas.gob.mx\/economia\/wp-json\/wp\/v2\/types\/page"}],"author":[{"embeddable":true,"href":"https:\/\/www.tamaulipas.gob.mx\/economia\/wp-json\/wp\/v2\/users\/309"}],"replies":[{"embeddable":true,"href":"https:\/\/www.tamaulipas.gob.mx\/economia\/wp-json\/wp\/v2\/comments?post=3789"}],"version-history":[{"count":3,"href":"https:\/\/www.tamaulipas.gob.mx\/economia\/wp-json\/wp\/v2\/pages\/3789\/revisions"}],"predecessor-version":[{"id":3810,"href":"https:\/\/www.tamaulipas.gob.mx\/economia\/wp-json\/wp\/v2\/pages\/3789\/revisions\/3810"}],"wp:attachment":[{"href":"https:\/\/www.tamaulipas.gob.mx\/economia\/wp-json\/wp\/v2\/media?parent=3789"}],"curies":[{"name":"wp","href":"https:\/\/api.w.org\/{rel}","templated":true}]}}