{"id":3471,"date":"2024-08-26T15:41:41","date_gmt":"2024-08-26T21:41:41","guid":{"rendered":"https:\/\/www.tamaulipas.gob.mx\/economia\/?page_id=3471"},"modified":"2024-10-02T11:06:41","modified_gmt":"2024-10-02T17:06:41","slug":"tienda-oficial-hecho-en-tamaulipas-en-mercado-libre","status":"publish","type":"page","link":"https:\/\/www.tamaulipas.gob.mx\/economia\/tienda-oficial-hecho-en-tamaulipas-en-mercado-libre\/","title":{"rendered":"Tienda oficial Hecho en Tamaulipas en Mercado Libre"},"content":{"rendered":"<p>La <a href=\"https:\/\/tienda.mercadolibre.com.mx\/hecho-en-tamaulipas\" target=\"_blank\" rel=\"noopener\">Tienda Oficial Hecho en Tamaulipas en Mercado Libre<\/a>, es un espacio para impulsar el comercio electr\u00f3nico entre los empresarios tamaulipecos. Digitaliza tu negocio y accede a una mayor cantidad de clientes.<\/p>\n<p>Los beneficios de formar parte de nuestra tienda son los siguientes:<\/p>\n<ul>\n<li>Obt\u00e9n mejor posicionamiento de tus productos en b\u00fasquedas<\/li>\n<li>Accede al servicio \u201cFULL\u201d de Mercado Libre desde el d\u00eda 1<\/li>\n<li>Recibe capacitaciones para aprovechar al m\u00e1ximo la plataforma<\/li>\n<li>Costo preferencial en servicios de Mercado Pago<\/li>\n<li>Mejores tasas de inter\u00e9s y m\u00e1s cr\u00e9dito en Mercado Cr\u00e9dito a los participantes de la Tienda Oficial<\/li>\n<\/ul>\n<p>Si estas interesado en vincular tu cuenta de Mercado Libre a nuestra Tienda Oficial, comun\u00edcate con tu Ventanilla Integral de Atenci\u00f3n para obtener el formato de solicitud.<\/p>\n<p>Consideraciones:<\/p>\n<ul>\n<li>El objetivo de este servicio es la promoci\u00f3n de productos tamaulipecos, por lo que se verificar\u00e1 regularmente que el grueso de sus publicaciones corresponda a art\u00edculos elaborados por usted<\/li>\n<li>Si eres productor de bebidas alcoh\u00f3licas ser\u00e1n requeridos los permisos correspondientes<\/li>\n<li>La vinculaci\u00f3n de su cuenta a nuestra Tienda Oficial solo tiene afectaci\u00f3n en la imagen mostrada hacia el p\u00fablico, sin repercutir en el manejo de la misma<\/li>\n<\/ul>\n<p><a href=\"https:\/\/forms.gle\/neFP73wrabu2tRR19\" target=\"_blank\" rel=\"noopener\">Reg\u00edstrate en Hecho en Tamaulipas<\/a> y aprovecha los servicios que tenemos para ti.<\/p>\n<p>Si estas interesado en este servicio, comun\u00edcate con tu <a href=\"https:\/\/www.tamaulipas.gob.mx\/economia\/via-mipymes\/\">Ventanilla Integral de Atenci\u00f3n VIA MIPYMES<\/a>.<\/p>\n<p><strong>MAYOR INFORMACI\u00d3N<br \/>\n<\/strong><\/p>\n<blockquote>\n<p class=\"p1\">Subsecretaria para la Peque\u00f1a y Mediana Empresa<br \/>\nDirecci\u00f3n para la Creaci\u00f3n y Formalizaci\u00f3n de Empresas<br \/>\nCentro de Oficinas Gubernamentales, Piso 21, Parque Bicentenario<br \/>\nC.P. 87000, Ciudad Victoria, Tamaulipas, M\u00e9xico<br \/>\nTel\u00e9fono: 834.107.8714 ext. 44283<br \/>\nCorreo electr\u00f3nico: hechoentamaulipas@tamaulipas.gob.mx<\/p>\n<\/blockquote>\n","protected":false},"excerpt":{"rendered":"<p>La Tienda Oficial Hecho en Tamaulipas en Mercado Libre, es un espacio para impulsar el comercio electr\u00f3nico entre los empresarios tamaulipecos. Digitaliza tu negocio y\u2026<\/p>\n","protected":false},"author":309,"featured_media":0,"parent":0,"menu_order":0,"comment_status":"closed","ping_status":"closed","template":"","meta":{"footnotes":""},"class_list":["post-3471","page","type-page","status-publish","hentry"],"publishpress_future_action":{"enabled":false,"date":"2026-04-25 21:20:15","action":"change-status","newStatus":"draft","terms":[],"taxonomy":""},"_links":{"self":[{"href":"https:\/\/www.tamaulipas.gob.mx\/economia\/wp-json\/wp\/v2\/pages\/3471"}],"collection":[{"href":"https:\/\/www.tamaulipas.gob.mx\/economia\/wp-json\/wp\/v2\/pages"}],"about":[{"href":"https:\/\/www.tamaulipas.gob.mx\/economia\/wp-json\/wp\/v2\/types\/page"}],"author":[{"embeddable":true,"href":"https:\/\/www.tamaulipas.gob.mx\/economia\/wp-json\/wp\/v2\/users\/309"}],"replies":[{"embeddable":true,"href":"https:\/\/www.tamaulipas.gob.mx\/economia\/wp-json\/wp\/v2\/comments?post=3471"}],"version-history":[{"count":10,"href":"https:\/\/www.tamaulipas.gob.mx\/economia\/wp-json\/wp\/v2\/pages\/3471\/revisions"}],"predecessor-version":[{"id":3497,"href":"https:\/\/www.tamaulipas.gob.mx\/economia\/wp-json\/wp\/v2\/pages\/3471\/revisions\/3497"}],"wp:attachment":[{"href":"https:\/\/www.tamaulipas.gob.mx\/economia\/wp-json\/wp\/v2\/media?parent=3471"}],"curies":[{"name":"wp","href":"https:\/\/api.w.org\/{rel}","templated":true}]}}