{"id":3379,"date":"2024-07-11T09:57:07","date_gmt":"2024-07-11T15:57:07","guid":{"rendered":"https:\/\/www.tamaulipas.gob.mx\/economia\/?page_id=3379"},"modified":"2024-07-15T11:13:11","modified_gmt":"2024-07-15T17:13:11","slug":"agenda-2030","status":"publish","type":"page","link":"https:\/\/www.tamaulipas.gob.mx\/economia\/agenda-2030\/","title":{"rendered":"Agenda 2030"},"content":{"rendered":"<p>La Agenda 2030 nace en 2015 entre los estados miembros de la ONU, en conjunto con ONGs y ciudadanos de todo el mundo, para desarrollar 17 Objetivos de Desarrollo Sostenible (ODS).<\/p>\n<p>Con el liderazgo del gobernador Am\u00e9rico Villarreal, Tamaulipas hizo suyo este compromiso al establecer en el Plan Estatal de Desarrollo el Eje Transversal de Desarrollo Sostenible para crear las condiciones para que todo el pueblo pueda vivir feliz, en un entorno de justicia social, de libertad, con paz, seguridad y en plena armon\u00eda con la naturaleza.<\/p>\n<p>La creaci\u00f3n del Consejo Estatal para la Agenda 2030 que preside el C. Gobernador y del cual la Secretar\u00eda de Econom\u00eda es titular del Secretariado T\u00e9cnico sent\u00f3 las bases para conjuntar esfuerzos e impulsar un Tamaulipas pr\u00f3spero y sostenible para las generaciones presentes y futuras.<\/p>\n<p>Los esfuerzos con los que \u2014desde Tamaulipas\u2014 participamos en la evaluaci\u00f3n avances de los Objetivos de la Agenda 2030, y sobre lo que debemos lograr en el plazo dispuesto por Naciones Unidas est\u00e1n plasmados en el Primer Informe Subnacional Voluntario.<\/p>\n<p>En este documento refleja el trabajo, la dedicaci\u00f3n y la visi\u00f3n compartida de todos los tamaulipecos y proporciona una evaluaci\u00f3n clara y detallada de nuestro progreso y de los desaf\u00edos que enfrentamos en la implementaci\u00f3n de cada uno de los 17 objetivos de la Agenda 2030.<\/p>\n<p>Te invitamos a consultarlo.<\/p>\n<p><a href=\"https:\/\/www.un.org\/sustainabledevelopment\/es\/\" target=\"_blank\" rel=\"noopener\">Sitio oficial de la agenda 2030<\/a><\/p>\n<p><strong>Documentos para consulta<\/strong><\/p>\n<div class=\"row mb20\">\n<div class=\"col-sm-6\"><center><a href=\"https:\/\/www.tamaulipas.gob.mx\/inc\/ped\/libro-ped-2023-2028.pdf\" target=\"_blank\" rel=\"noopener\"><img loading=\"lazy\" decoding=\"async\" class=\"alignnone size-full wp-image-3387\" src=\"https:\/\/www.tamaulipas.gob.mx\/economia\/wp-content\/uploads\/sites\/7\/2024\/07\/agenda2030-tamaulipas.png\" alt=\"\" width=\"349\" height=\"196\" \/><\/a><\/center><\/div>\n<div class=\"col-sm-6\"><center><a href=\"https:\/\/www.tamaulipas.gob.mx\/economia\/wp-content\/uploads\/sites\/7\/2024\/07\/informe-subnacional-voluntario-de-tamaulipas.pdf\" target=\"_blank\" rel=\"noopener\"><img loading=\"lazy\" decoding=\"async\" class=\"alignnone size-full wp-image-3387\" src=\"https:\/\/www.tamaulipas.gob.mx\/economia\/wp-content\/uploads\/sites\/7\/2024\/07\/isv2024-agenda-2030.png\" alt=\"\" width=\"349\" height=\"196\" \/><\/a><\/center><\/div>\n<\/div>\n<div class=\"row mb20\">\n<div class=\"col-sm-6\"><center><a href=\"https:\/\/www.tamaulipas.gob.mx\/economia\/wp-content\/uploads\/sites\/7\/2024\/07\/isv_-resumen-ejecutivo.pdf\" target=\"_blank\" rel=\"noopener\"><img loading=\"lazy\" decoding=\"async\" class=\"alignnone size-full wp-image-3388\" src=\"https:\/\/www.tamaulipas.gob.mx\/economia\/wp-content\/uploads\/sites\/7\/2024\/07\/resumen-isv2024-agenda-2030.png\" alt=\"\" width=\"349\" height=\"196\" \/><\/a><\/center><\/div>\n<div class=\"col-sm-6\"><center><a href=\"https:\/\/www.facebook.com\/watch\/?mibextid=WC7FNe&amp;v=475410981644904&amp;rdid=Xi1LjMVZxzRLr98I\" target=\"_blank\" rel=\"noopener\"><img loading=\"lazy\" decoding=\"async\" class=\"alignnone size-full wp-image-3388\" src=\"https:\/\/www.tamaulipas.gob.mx\/economia\/wp-content\/uploads\/sites\/7\/2024\/07\/video-isv2024-agenda-2030.png\" alt=\"\" width=\"349\" height=\"196\" \/><\/a><\/center><\/div>\n<\/div>\n","protected":false},"excerpt":{"rendered":"<p>La Agenda 2030 nace en 2015 entre los estados miembros de la ONU, en conjunto con ONGs y ciudadanos de todo el mundo, para desarrollar\u2026<\/p>\n","protected":false},"author":309,"featured_media":0,"parent":0,"menu_order":0,"comment_status":"closed","ping_status":"closed","template":"","meta":{"footnotes":""},"class_list":["post-3379","page","type-page","status-publish","hentry"],"publishpress_future_action":{"enabled":false,"date":"2026-04-28 06:32:32","action":"change-status","newStatus":"draft","terms":[],"taxonomy":""},"_links":{"self":[{"href":"https:\/\/www.tamaulipas.gob.mx\/economia\/wp-json\/wp\/v2\/pages\/3379"}],"collection":[{"href":"https:\/\/www.tamaulipas.gob.mx\/economia\/wp-json\/wp\/v2\/pages"}],"about":[{"href":"https:\/\/www.tamaulipas.gob.mx\/economia\/wp-json\/wp\/v2\/types\/page"}],"author":[{"embeddable":true,"href":"https:\/\/www.tamaulipas.gob.mx\/economia\/wp-json\/wp\/v2\/users\/309"}],"replies":[{"embeddable":true,"href":"https:\/\/www.tamaulipas.gob.mx\/economia\/wp-json\/wp\/v2\/comments?post=3379"}],"version-history":[{"count":16,"href":"https:\/\/www.tamaulipas.gob.mx\/economia\/wp-json\/wp\/v2\/pages\/3379\/revisions"}],"predecessor-version":[{"id":3416,"href":"https:\/\/www.tamaulipas.gob.mx\/economia\/wp-json\/wp\/v2\/pages\/3379\/revisions\/3416"}],"wp:attachment":[{"href":"https:\/\/www.tamaulipas.gob.mx\/economia\/wp-json\/wp\/v2\/media?parent=3379"}],"curies":[{"name":"wp","href":"https:\/\/api.w.org\/{rel}","templated":true}]}}