{"id":2878,"date":"2023-08-14T16:29:27","date_gmt":"2023-08-14T22:29:27","guid":{"rendered":"https:\/\/www.tamaulipas.gob.mx\/desarrolloeconomico\/?page_id=2878"},"modified":"2023-08-29T13:40:19","modified_gmt":"2023-08-29T19:40:19","slug":"registro-programa-exportacion","status":"publish","type":"page","link":"https:\/\/www.tamaulipas.gob.mx\/economia\/registro-programa-exportacion\/","title":{"rendered":"Registro al Programa Tamaulipas Exporta"},"content":{"rendered":"<p>\u00a1Te damos la bienvenida a una oportunidad \u00fanica para hacer crecer tu negocio a nivel internacional! Nuestro Programa \u201cTamaulipas Exporta\u201d est\u00e1 dise\u00f1ado para brindarte las herramientas y el apoyo necesario para llevar tus productos m\u00e1s all\u00e1 de las fronteras y conquistar nuevos mercados. \u00a1No pierdas esta oportunidad, prep\u00e1rate y construye tu negocio de exportaci\u00f3n!<\/p>\n<p>Si te interesa recibir informaci\u00f3n del programa, ay\u00fadanos completando el  siguiente formulario:<\/p>\n\n<div class=\"wpcf7 no-js\" id=\"wpcf7-f2877-o1\" lang=\"es-ES\" dir=\"ltr\">\n<div class=\"screen-reader-response\"><p role=\"status\" aria-live=\"polite\" aria-atomic=\"true\"><\/p> <ul><\/ul><\/div>\n<form action=\"\/economia\/wp-json\/wp\/v2\/pages\/2878#wpcf7-f2877-o1\" method=\"post\" class=\"wpcf7-form init\" aria-label=\"Formulario de contacto\" novalidate=\"novalidate\" data-status=\"init\">\n<div style=\"display: none;\">\n<input type=\"hidden\" name=\"_wpcf7\" value=\"2877\" \/>\n<input type=\"hidden\" name=\"_wpcf7_version\" value=\"5.7.6\" \/>\n<input type=\"hidden\" name=\"_wpcf7_locale\" value=\"es_ES\" \/>\n<input type=\"hidden\" name=\"_wpcf7_unit_tag\" value=\"wpcf7-f2877-o1\" \/>\n<input type=\"hidden\" name=\"_wpcf7_container_post\" value=\"0\" \/>\n<input type=\"hidden\" name=\"_wpcf7_posted_data_hash\" value=\"\" \/>\n<input type=\"hidden\" name=\"_wpcf7_recaptcha_response\" value=\"\" \/>\n<\/div>\n<div class=\"row mb20\">\n\t<div class=\"col-sm-6\">\n\t\t<p><label> Nombre de la empresa <span class=\"requerido\">*<\/span><\/label><br \/>\n<span class=\"wpcf7-form-control-wrap\" data-name=\"nombreempresa\"><input size=\"40\" class=\"wpcf7-form-control wpcf7-text wpcf7-validates-as-required form-control\" aria-required=\"true\" aria-invalid=\"false\" placeholder=\"Nombre de la empresa\" value=\"\" type=\"text\" name=\"nombreempresa\" \/><\/span>\n\t\t<\/p>\n\t<\/div>\n\t<div class=\"col-sm-6\">\n\t\t<p><label> Municipio donde se encuentra instalada <span class=\"requerido\">*<\/span><\/label><br \/>\n<span class=\"wpcf7-form-control-wrap\" data-name=\"municipio\"><select class=\"wpcf7-form-control wpcf7-select wpcf7-validates-as-required form-control\" aria-required=\"true\" aria-invalid=\"false\" name=\"municipio\"><option value=\"Abasolo\">Abasolo<\/option><option value=\"Aldama\">Aldama<\/option><option value=\"Altamira\">Altamira<\/option><option value=\"Antiguo Morelos\">Antiguo Morelos<\/option><option value=\"Burgos\">Burgos<\/option><option value=\"Bustamante\">Bustamante<\/option><option value=\"Camargo\">Camargo<\/option><option value=\"Casas\">Casas<\/option><option value=\"Cruillas\">Cruillas<\/option><option value=\"G\u00fc\u00e9mez\">G\u00fc\u00e9mez<\/option><option value=\"G\u00f3mez Far\u00edas\">G\u00f3mez Far\u00edas<\/option><option value=\"Gonz\u00e1lez\">Gonz\u00e1lez<\/option><option value=\"Guerrero\">Guerrero<\/option><option value=\"Gustavo D\u00edaz Ordaz\">Gustavo D\u00edaz Ordaz<\/option><option value=\"Hidalgo\">Hidalgo<\/option><option value=\"Jaumave\">Jaumave<\/option><option value=\"Jim\u00e9nez\">Jim\u00e9nez<\/option><option value=\"Llera\">Llera<\/option><option value=\"Madero\">Madero<\/option><option value=\"Mainero\">Mainero<\/option><option value=\"Mante\">Mante<\/option><option value=\"Matamoros\">Matamoros<\/option><option value=\"M\u00e9ndez\">M\u00e9ndez<\/option><option value=\"Mier\">Mier<\/option><option value=\"Miguel Alem\u00e1n\">Miguel Alem\u00e1n<\/option><option value=\"Miquihuana\">Miquihuana<\/option><option value=\"Nuevo Laredo\">Nuevo Laredo<\/option><option value=\"Nuevo Morelos\">Nuevo Morelos<\/option><option value=\"Ocampo\">Ocampo<\/option><option value=\"Padilla\">Padilla<\/option><option value=\"Palmillas\">Palmillas<\/option><option value=\"Reynosa\">Reynosa<\/option><option value=\"R\u00edo Bravo\">R\u00edo Bravo<\/option><option value=\"San Carlos\">San Carlos<\/option><option value=\"San Fernando\">San Fernando<\/option><option value=\"San Nicol\u00e1s\">San Nicol\u00e1s<\/option><option value=\"Soto la Marina\">Soto la Marina<\/option><option value=\"Tampico\">Tampico<\/option><option value=\"Tula\">Tula<\/option><option value=\"Valle Hermoso\">Valle Hermoso<\/option><option value=\"Victoria\">Victoria<\/option><option value=\"Villagr\u00e1n\">Villagr\u00e1n<\/option><option value=\"Xicot\u00e9ncatl\">Xicot\u00e9ncatl<\/option><\/select><\/span>\n\t\t<\/p>\n\t<\/div>\n<\/div>\n<div class=\"row mb20\">\n\t<div class=\"col-xs-12\">\n\t\t<p><label> Actividad principal <span class=\"requerido\">*<\/span><\/label><br \/>\n<span class=\"wpcf7-form-control-wrap\" data-name=\"actividadprincipal\"><textarea cols=\"99\" rows=\"3\" class=\"wpcf7-form-control wpcf7-textarea wpcf7-validates-as-required form-control\" aria-required=\"true\" aria-invalid=\"false\" placeholder=\"Actividad principal\" name=\"actividadprincipal\"><\/textarea><\/span>\n\t\t<\/p>\n\t<\/div>\n<\/div>\n<div class=\"row mb20\">\n\t<div class=\"col-sm-6\">\n\t\t<p><label> Representante legal <span class=\"requerido\">*<\/span><\/label><br \/>\n<span class=\"wpcf7-form-control-wrap\" data-name=\"representantelegal\"><input size=\"40\" class=\"wpcf7-form-control wpcf7-text wpcf7-validates-as-required form-control\" aria-required=\"true\" aria-invalid=\"false\" placeholder=\"Representante legal\" value=\"\" type=\"text\" name=\"representantelegal\" \/><\/span>\n\t\t<\/p>\n\t<\/div>\n\t<div class=\"col-sm-6\">\n\t\t<p><label> Tel\u00e9fono para contacto <span class=\"requerido\">*<\/span><\/label><br \/>\n<span class=\"wpcf7-form-control-wrap\" data-name=\"telefono\"><input size=\"40\" class=\"wpcf7-form-control wpcf7-text wpcf7-validates-as-required form-control\" aria-required=\"true\" aria-invalid=\"false\" placeholder=\"Tel\u00e9fono\" value=\"\" type=\"text\" name=\"telefono\" \/><\/span>\n\t\t<\/p>\n\t<\/div>\n<\/div>\n<div class=\"row mb20\">\n\t<div class=\"col-sm-6\">\n\t\t<p><label> Correo electr\u00f3nico para contacto <span class=\"requerido\">*<\/span><\/label><br \/>\n<span class=\"wpcf7-form-control-wrap\" data-name=\"correoelectronico\"><input size=\"40\" class=\"wpcf7-form-control wpcf7-text wpcf7-email wpcf7-validates-as-required wpcf7-validates-as-email form-control\" aria-required=\"true\" aria-invalid=\"false\" placeholder=\"Correo electr\u00f3nico\" value=\"\" type=\"email\" name=\"correoelectronico\" \/><\/span>\n\t\t<\/p>\n\t<\/div>\n\t<div class=\"col-sm-6\">\n\t\t<p><label> \u00bfTu empresa esta legalmente establecida? <span class=\"requerido\">*<\/span><\/label><br \/>\n<span class=\"wpcf7-form-control-wrap\" data-name=\"establecidalegalmente\"><span class=\"wpcf7-form-control wpcf7-radio\"><span class=\"wpcf7-list-item first\"><input type=\"radio\" name=\"establecidalegalmente\" value=\"Si\" checked=\"checked\" \/><span class=\"wpcf7-list-item-label\">Si<\/span><\/span><span class=\"wpcf7-list-item last\"><input type=\"radio\" name=\"establecidalegalmente\" value=\"No\" \/><span class=\"wpcf7-list-item-label\">No<\/span><\/span><\/span><\/span>\n\t\t<\/p>\n\t<\/div>\n<\/div>\n<div class=\"row mb20\">\n\t<div class=\"col-sm-6\">\n\t\t<p><label> \u00bfTienes experiencia previa en exportaci\u00f3n? <span class=\"requerido\">*<\/span><\/label><br \/>\n<span class=\"wpcf7-form-control-wrap\" data-name=\"experienciaexportando\"><span class=\"wpcf7-form-control wpcf7-radio\"><span class=\"wpcf7-list-item first\"><input type=\"radio\" name=\"experienciaexportando\" value=\"Si\" \/><span class=\"wpcf7-list-item-label\">Si<\/span><\/span><span class=\"wpcf7-list-item last\"><input type=\"radio\" name=\"experienciaexportando\" value=\"No\" checked=\"checked\" \/><span class=\"wpcf7-list-item-label\">No<\/span><\/span><\/span><\/span>\n\t\t<\/p>\n\t<\/div>\n<\/div>\n<p><input class=\"wpcf7-form-control has-spinner wpcf7-submit btn btn-primary center-block\" type=\"submit\" value=\"Enviar\" \/>\n<\/p><div class=\"wpcf7-response-output\" aria-hidden=\"true\"><\/div>\n<\/form>\n<\/div>\n\n<p>Recuerda que toda la informaci\u00f3n que nos proporciones ser\u00e1 tratada de manera confidencial y utilizada \u00fanicamente con fines relacionados con el programa.<\/p>\n<p> \u00a1Esperamos trabajar contigo para consolidar tu proyecto de exportaci\u00f3n!<\/p>\n","protected":false},"excerpt":{"rendered":"<p>\u00a1Te damos la bienvenida a una oportunidad \u00fanica para hacer crecer tu negocio a nivel internacional! Nuestro Programa \u201cTamaulipas Exporta\u201d est\u00e1 dise\u00f1ado para brindarte las\u2026<\/p>\n","protected":false},"author":309,"featured_media":0,"parent":0,"menu_order":0,"comment_status":"closed","ping_status":"closed","template":"","meta":{"footnotes":""},"class_list":["post-2878","page","type-page","status-publish","hentry"],"publishpress_future_action":{"enabled":false,"date":"2026-04-25 22:57:08","action":"change-status","newStatus":"draft","terms":[],"taxonomy":""},"_links":{"self":[{"href":"https:\/\/www.tamaulipas.gob.mx\/economia\/wp-json\/wp\/v2\/pages\/2878"}],"collection":[{"href":"https:\/\/www.tamaulipas.gob.mx\/economia\/wp-json\/wp\/v2\/pages"}],"about":[{"href":"https:\/\/www.tamaulipas.gob.mx\/economia\/wp-json\/wp\/v2\/types\/page"}],"author":[{"embeddable":true,"href":"https:\/\/www.tamaulipas.gob.mx\/economia\/wp-json\/wp\/v2\/users\/309"}],"replies":[{"embeddable":true,"href":"https:\/\/www.tamaulipas.gob.mx\/economia\/wp-json\/wp\/v2\/comments?post=2878"}],"version-history":[{"count":8,"href":"https:\/\/www.tamaulipas.gob.mx\/economia\/wp-json\/wp\/v2\/pages\/2878\/revisions"}],"predecessor-version":[{"id":2993,"href":"https:\/\/www.tamaulipas.gob.mx\/economia\/wp-json\/wp\/v2\/pages\/2878\/revisions\/2993"}],"wp:attachment":[{"href":"https:\/\/www.tamaulipas.gob.mx\/economia\/wp-json\/wp\/v2\/media?parent=2878"}],"curies":[{"name":"wp","href":"https:\/\/api.w.org\/{rel}","templated":true}]}}