{"id":2735,"date":"2023-07-10T14:07:35","date_gmt":"2023-07-10T20:07:35","guid":{"rendered":"https:\/\/www.tamaulipas.gob.mx\/desarrolloeconomico\/?page_id=2735"},"modified":"2025-06-11T12:53:07","modified_gmt":"2025-06-11T18:53:07","slug":"expedicion-de-cedula-de-microindustria","status":"publish","type":"page","link":"https:\/\/www.tamaulipas.gob.mx\/economia\/expedicion-de-cedula-de-microindustria\/","title":{"rendered":"Expedici\u00f3n de C\u00e9dula de Microindustria"},"content":{"rendered":"<p>La c\u00e9dula microindustrial es el documento que las acredita como empresas microindustriales y, consecuentemente, alcanzar los beneficios cuyo otorgamiento proceda conforme a Ley.<\/p>\n<p>Se usa para realizar todo tipo de tr\u00e1mite que requiera la microindustria, bastar\u00e1 la presentaci\u00f3n de la c\u00e9dula para que el tr\u00e1mite respectivo se le d\u00e9 la m\u00e1xima celeridad conforme a ley.<\/p>\n<p>Tiene una vigencia de tres a\u00f1os, y consignar\u00e1 los refrendos de que sea objeto. Antes del vencimiento de cada lapso de vigencia, deber\u00e1 solicitarse el refrendo correspondiente.<\/p>\n<p>Este tramite es completamente gratis.<\/p>\n<p>Si estas interesado en este servicio, comun\u00edcate con tu <a href=\"https:\/\/www.tamaulipas.gob.mx\/economia\/via-mipymes\/\">Ventanilla Integral de Atenci\u00f3n VIA MIPYMES<\/a>.<\/p>\n<p><strong>MAYOR INFORMACI\u00d3N<br \/>\n<\/strong><\/p>\n<blockquote>\n<p class=\"p1\">Subsecretaria para la Peque\u00f1a y Mediana Empresa<br \/>\nDirecci\u00f3n para la Creaci\u00f3n y Formalizaci\u00f3n de Empresas<br \/>\nCentro de Oficinas Gubernamentales, Piso 21, Parque Bicentenario<br \/>\nC.P. 87000, Ciudad Victoria, Tamaulipas, M\u00e9xico<br \/>\nTel\u00e9fono: 834 107 8714 ext. 44317<br \/>\nCorreo electr\u00f3nico: kristopher.castillo@tamaulipas.gob.mx<\/p>\n<\/blockquote>\n","protected":false},"excerpt":{"rendered":"<p>La c\u00e9dula microindustrial es el documento que las acredita como empresas microindustriales y, consecuentemente, alcanzar los beneficios cuyo otorgamiento proceda conforme a Ley. Se usa\u2026<\/p>\n","protected":false},"author":309,"featured_media":0,"parent":0,"menu_order":0,"comment_status":"closed","ping_status":"closed","template":"","meta":{"footnotes":""},"class_list":["post-2735","page","type-page","status-publish","hentry"],"publishpress_future_action":{"enabled":false,"date":"2026-04-28 07:28:35","action":"change-status","newStatus":"draft","terms":[],"taxonomy":""},"_links":{"self":[{"href":"https:\/\/www.tamaulipas.gob.mx\/economia\/wp-json\/wp\/v2\/pages\/2735"}],"collection":[{"href":"https:\/\/www.tamaulipas.gob.mx\/economia\/wp-json\/wp\/v2\/pages"}],"about":[{"href":"https:\/\/www.tamaulipas.gob.mx\/economia\/wp-json\/wp\/v2\/types\/page"}],"author":[{"embeddable":true,"href":"https:\/\/www.tamaulipas.gob.mx\/economia\/wp-json\/wp\/v2\/users\/309"}],"replies":[{"embeddable":true,"href":"https:\/\/www.tamaulipas.gob.mx\/economia\/wp-json\/wp\/v2\/comments?post=2735"}],"version-history":[{"count":6,"href":"https:\/\/www.tamaulipas.gob.mx\/economia\/wp-json\/wp\/v2\/pages\/2735\/revisions"}],"predecessor-version":[{"id":3565,"href":"https:\/\/www.tamaulipas.gob.mx\/economia\/wp-json\/wp\/v2\/pages\/2735\/revisions\/3565"}],"wp:attachment":[{"href":"https:\/\/www.tamaulipas.gob.mx\/economia\/wp-json\/wp\/v2\/media?parent=2735"}],"curies":[{"name":"wp","href":"https:\/\/api.w.org\/{rel}","templated":true}]}}