{"id":2731,"date":"2023-07-10T10:25:23","date_gmt":"2023-07-10T16:25:23","guid":{"rendered":"https:\/\/www.tamaulipas.gob.mx\/desarrolloeconomico\/?page_id=2731"},"modified":"2024-10-02T11:06:17","modified_gmt":"2024-10-02T17:06:17","slug":"vinculacion-con-tiendas-y-comercios","status":"publish","type":"page","link":"https:\/\/www.tamaulipas.gob.mx\/economia\/vinculacion-con-tiendas-y-comercios\/","title":{"rendered":"Vinculaci\u00f3n con tiendas y comercios"},"content":{"rendered":"<p>Brindamos a las MiPyMEs Tamaulipecas la oportunidad de ampliar sus canales de venta mediante la generaci\u00f3n de espacios de negociaci\u00f3n con cadenas comerciales. El ingreso a la red de proveedores de los grandes comercios permitir\u00e1 que los productos hechos en Tamaulipas lleguen a una mayor cantidad de puntos de venta, sean expuestos a miles de potenciales consumidores, adem\u00e1s de generar prestigio en la marca.<\/p>\n<p>Si estas interesado en ingresar a cadenas comerciales, comun\u00edcate con tu Ventanilla Integral de Atenci\u00f3n (Enlace a ventanillas aqu\u00ed). Recuerda que Hecho en Tamaulipas te apoya a cumplir con los requisitos comerciales b\u00e1sicos como la marca, el c\u00f3digo de barras, la tabla de informaci\u00f3n nutrimental y vida en anaquel.<\/p>\n<p><a href=\"https:\/\/forms.gle\/neFP73wrabu2tRR19\" target=\"_blank\" rel=\"noopener\">Reg\u00edstrate en Hecho en Tamaulipas<\/a> y aprovecha los servicios que tenemos para ti.<\/p>\n<p>Si estas interesado en este servicio, comun\u00edcate con tu <a href=\"https:\/\/www.tamaulipas.gob.mx\/economia\/via-mipymes\/\">Ventanilla Integral de Atenci\u00f3n VIA MIPYMES<\/a>.<\/p>\n<p><strong>MAYOR INFORMACI\u00d3N<br \/>\n<\/strong><\/p>\n<blockquote>\n<p class=\"p1\">Subsecretaria para la Peque\u00f1a y Mediana Empresa<br \/>\nDirecci\u00f3n para la Creaci\u00f3n y Formalizaci\u00f3n de Empresas<br \/>\nCentro de Oficinas Gubernamentales, Piso 21, Parque Bicentenario<br \/>\nC.P. 87000, Ciudad Victoria, Tamaulipas, M\u00e9xico<br \/>\nTel\u00e9fono: 834.107.8714 ext. 44283<br \/>\nCorreo electr\u00f3nico: hechoentamaulipas@tamaulipas.gob.mx<\/p>\n<\/blockquote>\n","protected":false},"excerpt":{"rendered":"<p>Brindamos a las MiPyMEs Tamaulipecas la oportunidad de ampliar sus canales de venta mediante la generaci\u00f3n de espacios de negociaci\u00f3n con cadenas comerciales. El ingreso\u2026<\/p>\n","protected":false},"author":309,"featured_media":0,"parent":0,"menu_order":0,"comment_status":"closed","ping_status":"closed","template":"","meta":{"footnotes":""},"class_list":["post-2731","page","type-page","status-publish","hentry"],"publishpress_future_action":{"enabled":false,"date":"2026-04-25 23:11:04","action":"change-status","newStatus":"draft","terms":[],"taxonomy":""},"_links":{"self":[{"href":"https:\/\/www.tamaulipas.gob.mx\/economia\/wp-json\/wp\/v2\/pages\/2731"}],"collection":[{"href":"https:\/\/www.tamaulipas.gob.mx\/economia\/wp-json\/wp\/v2\/pages"}],"about":[{"href":"https:\/\/www.tamaulipas.gob.mx\/economia\/wp-json\/wp\/v2\/types\/page"}],"author":[{"embeddable":true,"href":"https:\/\/www.tamaulipas.gob.mx\/economia\/wp-json\/wp\/v2\/users\/309"}],"replies":[{"embeddable":true,"href":"https:\/\/www.tamaulipas.gob.mx\/economia\/wp-json\/wp\/v2\/comments?post=2731"}],"version-history":[{"count":11,"href":"https:\/\/www.tamaulipas.gob.mx\/economia\/wp-json\/wp\/v2\/pages\/2731\/revisions"}],"predecessor-version":[{"id":3583,"href":"https:\/\/www.tamaulipas.gob.mx\/economia\/wp-json\/wp\/v2\/pages\/2731\/revisions\/3583"}],"wp:attachment":[{"href":"https:\/\/www.tamaulipas.gob.mx\/economia\/wp-json\/wp\/v2\/media?parent=2731"}],"curies":[{"name":"wp","href":"https:\/\/api.w.org\/{rel}","templated":true}]}}