{"id":2710,"date":"2023-07-03T12:24:06","date_gmt":"2023-07-03T18:24:06","guid":{"rendered":"https:\/\/www.tamaulipas.gob.mx\/desarrolloeconomico\/?page_id=2710"},"modified":"2024-10-02T11:07:04","modified_gmt":"2024-10-02T17:07:04","slug":"eventos-promocion-comercializacion","status":"publish","type":"page","link":"https:\/\/www.tamaulipas.gob.mx\/economia\/eventos-promocion-comercializacion\/","title":{"rendered":"Eventos de Promoci\u00f3n y Comercializaci\u00f3n"},"content":{"rendered":"<p>Al formar parte de Hecho en Tamaulipas recibir\u00e1s invitaci\u00f3n constante a los diferentes eventos de promoci\u00f3n y comercializaci\u00f3n de alcance local, regional y nacional en los que participe la Secretar\u00eda de Econom\u00eda, tales como ferias y pabellones.<\/p>\n<p>De esta manera tus productos recibir\u00e1n una gran exposici\u00f3n para alcanzar m\u00e1s clientes y dar a conocer tu marca.<\/p>\n<p><a href=\"https:\/\/forms.gle\/neFP73wrabu2tRR19\" target=\"_blank\" rel=\"noopener\">Reg\u00edstrate en Hecho en Tamaulipas<\/a> y aprovecha los servicios que tenemos para ti.<\/p>\n<p>Si estas interesado en este servicio, comun\u00edcate con tu <a href=\"https:\/\/www.tamaulipas.gob.mx\/economia\/via-mipymes\/\">Ventanilla Integral de Atenci\u00f3n VIA MIPYMES<\/a>.<\/p>\n<p><strong>MAYOR INFORMACI\u00d3N<br \/>\n<\/strong><\/p>\n<blockquote>\n<p class=\"p1\">Subsecretaria para la Peque\u00f1a y Mediana Empresa<br \/>\nDirecci\u00f3n para la Creaci\u00f3n y Formalizaci\u00f3n de Empresas<br \/>\nCentro de Oficinas Gubernamentales, Piso 21, Parque Bicentenario<br \/>\nC.P. 87000, Ciudad Victoria, Tamaulipas, M\u00e9xico<br \/>\nTel\u00e9fono: 834.107.8714 ext. 44283<br \/>\nCorreo electr\u00f3nico: hechoentamaulipas@tamaulipas.gob.mx<\/p>\n<\/blockquote>\n","protected":false},"excerpt":{"rendered":"<p>Al formar parte de Hecho en Tamaulipas recibir\u00e1s invitaci\u00f3n constante a los diferentes eventos de promoci\u00f3n y comercializaci\u00f3n de alcance local, regional y nacional en\u2026<\/p>\n","protected":false},"author":309,"featured_media":0,"parent":0,"menu_order":0,"comment_status":"closed","ping_status":"closed","template":"","meta":{"footnotes":""},"class_list":["post-2710","page","type-page","status-publish","hentry"],"publishpress_future_action":{"enabled":false,"date":"2026-04-25 23:10:33","action":"change-status","newStatus":"draft","terms":[],"taxonomy":""},"_links":{"self":[{"href":"https:\/\/www.tamaulipas.gob.mx\/economia\/wp-json\/wp\/v2\/pages\/2710"}],"collection":[{"href":"https:\/\/www.tamaulipas.gob.mx\/economia\/wp-json\/wp\/v2\/pages"}],"about":[{"href":"https:\/\/www.tamaulipas.gob.mx\/economia\/wp-json\/wp\/v2\/types\/page"}],"author":[{"embeddable":true,"href":"https:\/\/www.tamaulipas.gob.mx\/economia\/wp-json\/wp\/v2\/users\/309"}],"replies":[{"embeddable":true,"href":"https:\/\/www.tamaulipas.gob.mx\/economia\/wp-json\/wp\/v2\/comments?post=2710"}],"version-history":[{"count":16,"href":"https:\/\/www.tamaulipas.gob.mx\/economia\/wp-json\/wp\/v2\/pages\/2710\/revisions"}],"predecessor-version":[{"id":3460,"href":"https:\/\/www.tamaulipas.gob.mx\/economia\/wp-json\/wp\/v2\/pages\/2710\/revisions\/3460"}],"wp:attachment":[{"href":"https:\/\/www.tamaulipas.gob.mx\/economia\/wp-json\/wp\/v2\/media?parent=2710"}],"curies":[{"name":"wp","href":"https:\/\/api.w.org\/{rel}","templated":true}]}}