{"id":2621,"date":"2023-06-27T13:29:03","date_gmt":"2023-06-27T19:29:03","guid":{"rendered":"https:\/\/www.tamaulipas.gob.mx\/desarrolloeconomico\/?page_id=2621"},"modified":"2025-06-11T12:32:42","modified_gmt":"2025-06-11T18:32:42","slug":"desarrollo-empresarial","status":"publish","type":"page","link":"https:\/\/www.tamaulipas.gob.mx\/economia\/desarrollo-empresarial\/","title":{"rendered":"Desarrollo Empresarial"},"content":{"rendered":"<p>Contribuimos en la creaci\u00f3n y fortalecimiento de las mipymes tamaulipecas, as\u00ed como, en la conservaci\u00f3n y generaci\u00f3n de empleos.<\/p>\n<p>Impulsamos el desarrollo empresarial a trav\u00e9s de la formaci\u00f3n y capacitaci\u00f3n continua, con el prop\u00f3sito de proporcionar herramientas para el desarrollo de habilidades empresariales que ayuden a sustentar el crecimiento y la permanencia de las micro, peque\u00f1as y Medianas empresas.<\/p>\n<p><strong>Servicios que ofrece<br \/>\n<\/strong><\/p>\n<ul>\n<li>Capacitaci\u00f3n continua.<\/li>\n<li>Asistencia t\u00e9cnica.<\/li>\n<li>Acompa\u00f1amiento estrat\u00e9gico.<\/li>\n<\/ul>\n<p>Si estas interesado en este servicio, comun\u00edcate con tu <a href=\"https:\/\/www.tamaulipas.gob.mx\/economia\/via-mipymes\/\">Ventanilla Integral de Atenci\u00f3n VIA MIPYMES<\/a>.<\/p>\n<p><strong>MAYOR INFORMACI\u00d3N<br \/>\n<\/strong><\/p>\n<blockquote>\n<p class=\"p1\">Subsecretaria para la Peque\u00f1a y Mediana Empresa<br \/>\nDirecci\u00f3n para la Creaci\u00f3n y Formalizaci\u00f3n de Empresas<br \/>\nCentro de Oficinas Gubernamentales, Piso 21, Parque Bicentenario<br \/>\nC.P. 87000, Ciudad Victoria, Tamaulipas, M\u00e9xico<br \/>\nTel\u00e9fono: 834.107.8244 ext. 44257<br \/>\nCorreo electr\u00f3nico: aracely.salazar@tamaulipas.gob.mx<\/p>\n<\/blockquote>\n","protected":false},"excerpt":{"rendered":"<p>Contribuimos en la creaci\u00f3n y fortalecimiento de las mipymes tamaulipecas, as\u00ed como, en la conservaci\u00f3n y generaci\u00f3n de empleos. Impulsamos el desarrollo empresarial a trav\u00e9s\u2026<\/p>\n","protected":false},"author":309,"featured_media":0,"parent":0,"menu_order":0,"comment_status":"closed","ping_status":"closed","template":"","meta":{"footnotes":""},"class_list":["post-2621","page","type-page","status-publish","hentry"],"publishpress_future_action":{"enabled":false,"date":"2026-04-25 23:11:51","action":"change-status","newStatus":"draft","terms":[],"taxonomy":""},"_links":{"self":[{"href":"https:\/\/www.tamaulipas.gob.mx\/economia\/wp-json\/wp\/v2\/pages\/2621"}],"collection":[{"href":"https:\/\/www.tamaulipas.gob.mx\/economia\/wp-json\/wp\/v2\/pages"}],"about":[{"href":"https:\/\/www.tamaulipas.gob.mx\/economia\/wp-json\/wp\/v2\/types\/page"}],"author":[{"embeddable":true,"href":"https:\/\/www.tamaulipas.gob.mx\/economia\/wp-json\/wp\/v2\/users\/309"}],"replies":[{"embeddable":true,"href":"https:\/\/www.tamaulipas.gob.mx\/economia\/wp-json\/wp\/v2\/comments?post=2621"}],"version-history":[{"count":8,"href":"https:\/\/www.tamaulipas.gob.mx\/economia\/wp-json\/wp\/v2\/pages\/2621\/revisions"}],"predecessor-version":[{"id":3586,"href":"https:\/\/www.tamaulipas.gob.mx\/economia\/wp-json\/wp\/v2\/pages\/2621\/revisions\/3586"}],"wp:attachment":[{"href":"https:\/\/www.tamaulipas.gob.mx\/economia\/wp-json\/wp\/v2\/media?parent=2621"}],"curies":[{"name":"wp","href":"https:\/\/api.w.org\/{rel}","templated":true}]}}