{"id":26,"date":"2017-08-03T14:45:37","date_gmt":"2017-08-03T19:45:37","guid":{"rendered":"http:\/\/www.tamaulipas.gob.mx\/desarrolloeconomico\/?page_id=26"},"modified":"2023-12-19T16:25:44","modified_gmt":"2023-12-19T22:25:44","slug":"conocenos","status":"publish","type":"page","link":"https:\/\/www.tamaulipas.gob.mx\/economia\/conocenos\/","title":{"rendered":"Con\u00f3cenos"},"content":{"rendered":"<p>Somos una dependencia que integra las iniciativas de trabajadores, empresarios y gobierno para generar las condiciones propicias de inversi\u00f3n, aprovechando de manera sustentable los recursos regionales y potencializando las vocaciones productivas en industria, comercio y servicios, que se reflejen en m\u00e1s empleos y mayor nivel de vida de las familias tamaulipecas.<\/p>\n<p><strong>Misi\u00f3n<\/strong><br \/>\nContribuir al desarrollo econ\u00f3mico sostenible de Tamaulipas, con un sentido humanista, que integre a las acciones de gobierno, las iniciativas de empresarios, acad\u00e9micos, trabajadores y sociedad civil organizada para incrementar la competitividad regional, impulsar la promoci\u00f3n de inversiones dirigida a la conformaci\u00f3n de cl\u00fasteres industriales, crear ambientes propicios en el desarrollo de emprendedores, de la micro, peque\u00f1a y mediana empresa tamaulipeca, para generar empleos en condiciones de igualdad que favorezcan el mejoramiento del nivel de vida de las familias tamaulipecas.<\/p>\n<p><strong>Visi\u00f3n<\/strong><br \/>\nSer la dependencia que coordine las pol\u00edticas p\u00fablicas para el desarrollo econ\u00f3mico sostenible en Tamaulipas a partir de la implementaci\u00f3n de programas y proyectos coordinados con los actores econ\u00f3micos y sectores sociales, que impulsen la competitividad de sus regiones, la llegada de nuevas inversiones, as\u00ed como para impulsar el emprendimiento, las micro, peque\u00f1as y medianas empresas consolidadas en los mercados locales e internacionales para una mayor generaci\u00f3n de empleos formales y un mejor bienestar de los habitantes del estado.<\/p>\n","protected":false},"excerpt":{"rendered":"<p>Somos una dependencia que integra las iniciativas de trabajadores, empresarios y gobierno para generar las condiciones propicias de inversi\u00f3n, aprovechando de manera sustentable los recursos\u2026<\/p>\n","protected":false},"author":8,"featured_media":0,"parent":0,"menu_order":0,"comment_status":"closed","ping_status":"closed","template":"","meta":{"footnotes":""},"class_list":["post-26","page","type-page","status-publish","hentry"],"publishpress_future_action":{"enabled":false,"date":"2026-04-25 22:56:22","action":"change-status","newStatus":"draft","terms":[],"taxonomy":""},"_links":{"self":[{"href":"https:\/\/www.tamaulipas.gob.mx\/economia\/wp-json\/wp\/v2\/pages\/26"}],"collection":[{"href":"https:\/\/www.tamaulipas.gob.mx\/economia\/wp-json\/wp\/v2\/pages"}],"about":[{"href":"https:\/\/www.tamaulipas.gob.mx\/economia\/wp-json\/wp\/v2\/types\/page"}],"author":[{"embeddable":true,"href":"https:\/\/www.tamaulipas.gob.mx\/economia\/wp-json\/wp\/v2\/users\/8"}],"replies":[{"embeddable":true,"href":"https:\/\/www.tamaulipas.gob.mx\/economia\/wp-json\/wp\/v2\/comments?post=26"}],"version-history":[{"count":7,"href":"https:\/\/www.tamaulipas.gob.mx\/economia\/wp-json\/wp\/v2\/pages\/26\/revisions"}],"predecessor-version":[{"id":3299,"href":"https:\/\/www.tamaulipas.gob.mx\/economia\/wp-json\/wp\/v2\/pages\/26\/revisions\/3299"}],"wp:attachment":[{"href":"https:\/\/www.tamaulipas.gob.mx\/economia\/wp-json\/wp\/v2\/media?parent=26"}],"curies":[{"name":"wp","href":"https:\/\/api.w.org\/{rel}","templated":true}]}}