{"id":2592,"date":"2023-06-27T12:47:32","date_gmt":"2023-06-27T18:47:32","guid":{"rendered":"https:\/\/www.tamaulipas.gob.mx\/desarrolloeconomico\/?page_id=2592"},"modified":"2024-10-02T11:03:35","modified_gmt":"2024-10-02T17:03:35","slug":"diseno-de-logo-por-convocatoria","status":"publish","type":"page","link":"https:\/\/www.tamaulipas.gob.mx\/economia\/diseno-de-logo-por-convocatoria\/","title":{"rendered":"Dise\u00f1o de logo por convocatoria"},"content":{"rendered":"<p>Ponemos a tu disposici\u00f3n nuestro servicio de dise\u00f1o grafico para la creaci\u00f3n o redise\u00f1o de tu marca. Obt\u00e9n un signo distintivo de tu emprendimiento basado en colores, fuentes tipogr\u00e1ficas, estilos de ilustraciones y formas, que mejor representen tu negocio.<\/p>\n<p>Espera la siguiente convocatoria.<\/p>\n<p><a href=\"https:\/\/forms.gle\/neFP73wrabu2tRR19\" target=\"_blank\" rel=\"noopener\">Reg\u00edstrate en Hecho en Tamaulipas<\/a> y aprovecha los servicios que tenemos para ti.<\/p>\n<p>Si estas interesado en este servicio, comun\u00edcate con tu <a href=\"https:\/\/www.tamaulipas.gob.mx\/economia\/via-mipymes\/\">Ventanilla Integral de Atenci\u00f3n VIA MIPYMES<\/a>.<\/p>\n<p><strong>MAYOR INFORMACI\u00d3N<br \/>\n<\/strong><\/p>\n<blockquote>\n<p class=\"p1\">Subsecretaria para la Peque\u00f1a y Mediana Empresa<br \/>\nDirecci\u00f3n para la Creaci\u00f3n y Formalizaci\u00f3n de Empresas<br \/>\nCentro de Oficinas Gubernamentales, Piso 21, Parque Bicentenario<br \/>\nC.P. 87000, Ciudad Victoria, Tamaulipas, M\u00e9xico<br \/>\nTel\u00e9fono: 834 107 87 14 ext 44283<br \/>\nCorreo electr\u00f3nico: hechoentamaulipas@tamaulipas.gob.mx<\/p>\n<\/blockquote>\n","protected":false},"excerpt":{"rendered":"<p>Ponemos a tu disposici\u00f3n nuestro servicio de dise\u00f1o grafico para la creaci\u00f3n o redise\u00f1o de tu marca. Obt\u00e9n un signo distintivo de tu emprendimiento basado\u2026<\/p>\n","protected":false},"author":309,"featured_media":0,"parent":0,"menu_order":0,"comment_status":"closed","ping_status":"closed","template":"","meta":{"footnotes":""},"class_list":["post-2592","page","type-page","status-publish","hentry"],"publishpress_future_action":{"enabled":false,"date":"2026-05-17 11:52:56","action":"change-status","newStatus":"draft","terms":[],"taxonomy":""},"_links":{"self":[{"href":"https:\/\/www.tamaulipas.gob.mx\/economia\/wp-json\/wp\/v2\/pages\/2592"}],"collection":[{"href":"https:\/\/www.tamaulipas.gob.mx\/economia\/wp-json\/wp\/v2\/pages"}],"about":[{"href":"https:\/\/www.tamaulipas.gob.mx\/economia\/wp-json\/wp\/v2\/types\/page"}],"author":[{"embeddable":true,"href":"https:\/\/www.tamaulipas.gob.mx\/economia\/wp-json\/wp\/v2\/users\/309"}],"replies":[{"embeddable":true,"href":"https:\/\/www.tamaulipas.gob.mx\/economia\/wp-json\/wp\/v2\/comments?post=2592"}],"version-history":[{"count":12,"href":"https:\/\/www.tamaulipas.gob.mx\/economia\/wp-json\/wp\/v2\/pages\/2592\/revisions"}],"predecessor-version":[{"id":3577,"href":"https:\/\/www.tamaulipas.gob.mx\/economia\/wp-json\/wp\/v2\/pages\/2592\/revisions\/3577"}],"wp:attachment":[{"href":"https:\/\/www.tamaulipas.gob.mx\/economia\/wp-json\/wp\/v2\/media?parent=2592"}],"curies":[{"name":"wp","href":"https:\/\/api.w.org\/{rel}","templated":true}]}}