{"id":2473,"date":"2023-06-27T10:36:03","date_gmt":"2023-06-27T16:36:03","guid":{"rendered":"https:\/\/www.tamaulipas.gob.mx\/desarrolloeconomico\/?page_id=2473"},"modified":"2024-10-02T11:04:39","modified_gmt":"2024-10-02T17:04:39","slug":"asesoria-tramites-impi","status":"publish","type":"page","link":"https:\/\/www.tamaulipas.gob.mx\/economia\/asesoria-tramites-impi\/","title":{"rendered":"Asesor\u00eda en tr\u00e1mites de registro de marca ante IMPI"},"content":{"rendered":"<p><b>REGISTRO DE MARCA<\/b><\/p>\n<p>\u00bfQuieres registrar tu marca ante el Instituto Mexicano de la Propiedad Industrial (IMPI)? Nosotros te ayudamos a hacerlo. Adem\u00e1s, te asesoramos en el tr\u00e1mite de declaraci\u00f3n de uso real y efectivo de signos distintivos; y en la renovaci\u00f3n de la protecci\u00f3n de tu marca.<\/p>\n<p>Este tr\u00e1mite te otorga el derecho de uso exclusivo de un signo distintivo, ya sea una marca o un aviso comercial, en el territorio nacional por 10 a\u00f1os. Impidiendo que terceros comercialicen productos o servicios con signos id\u00e9nticos o similares al tuyo, y en su caso, facilita el iniciar acciones legales.<\/p>\n<p>Para iniciar la gesti\u00f3n del tr\u00e1mite env\u00eda al correo electr\u00f3nico de su ventanilla lo siguiente<\/p>\n<ul>\n<li>CURP e INE<\/li>\n<li><a href=\"https:\/\/www.gob.mx\/cms\/uploads\/attachment\/file\/598107\/IMPI-00-001-A.pdf\" target=\"_blank\" rel=\"noopener\">Llenado de la solicitud IMPI-00-001 <i class=\"fa fa-external-link\"><\/i><\/a><\/li>\n<li>Si tu solicitud de registro incluye un logo, favor de proporcionar el mismo en formato JPEG o GIF<\/li>\n<\/ul>\n<p><strong>Consideraciones<\/strong><\/p>\n<ul>\n<li>Nombre de su marca. Prepara opciones extras por si la b\u00fasqueda fon\u00e9tica indica que el primero no se encuentra disponible<\/li>\n<li>El ingreso de la solicitud para su registro no asegura una respuesta positiva de la misma por parte del IMPI<\/li>\n<li>Una vez enviado el acuse del tr\u00e1mite al solicitante, es obligaci\u00f3n de este revisar actualizaciones en la p\u00e1gina del IMPI para verificar la respuesta positiva de la solicitud, o en su caso, estar al tanto de las observaciones que el Instituto realice.<\/li>\n<\/ul>\n<p><b>RENOVACI\u00d3N DE PROTECCI\u00d3N DE MARCA<\/b><\/p>\n<p>Este tr\u00e1mite es para que renueves la protecci\u00f3n sobre tu signo registrado una vez que se han cumplido 10 a\u00f1os de la obtenci\u00f3n de la concesi\u00f3n. Si el registro fue antes del 10 de agosto de 2018, estas obligado a presentar de manera conjunta con la solicitud de renovaci\u00f3n, una Declaraci\u00f3n de Uso Real y Efectivo de Signos Distintivos.<\/p>\n<p>Para iniciar la gesti\u00f3n del tr\u00e1mite env\u00eda al correo electr\u00f3nico de su ventanilla lo siguiente<\/p>\n<ul>\n<li><a href=\"https:\/\/www.gob.mx\/cms\/uploads\/attachment\/file\/598109\/IMPI-00-002.pdf\" target=\"_blank\" rel=\"noopener\">Llenado de la solicitud IMPI-00-002 <i class=\"fa fa-external-link\"><\/i><\/a><\/li>\n<li>CURP e INE, en caso de no tener cuenta pase<\/li>\n<\/ul>\n<p><strong>Consideraciones<\/strong><\/p>\n<ul>\n<li>Puedes realizar este tr\u00e1mite 6 meses antes y hasta 6 meses despu\u00e9s, de la fecha en que tus 10 a\u00f1os con la concesi\u00f3n se hayan cumplido<\/li>\n<li>Si no realizas este tr\u00e1mite tu protecci\u00f3n caducar\u00e1 y se deber\u00e1 iniciar de nuevo un registro desde cero<\/li>\n<li>Una vez enviado el acuse del tr\u00e1mite al solicitante, es obligaci\u00f3n de este revisar actualizaciones en la p\u00e1gina del IMPI para verificar la respuesta positiva de la solicitud, o en su caso, estar al tanto de las observaciones que el Instituto realice<\/li>\n<\/ul>\n<p><b>DECLARACI\u00d3N DE USO REAL Y EFECTIVO DE SIGNOS DISTINTIVOS<\/b><\/p>\n<p>Este tr\u00e1mite es un requisito que el IMPI establece para que no pierdas la protecci\u00f3n legal sobre tu signo registrado. Es obligatorio para todos aquellos registros obtenidos a partir del 10 de agosto de 2018 que hayan cumplido 3 a\u00f1os de su concesi\u00f3n.<\/p>\n<p>Para iniciar la gesti\u00f3n del tr\u00e1mite env\u00eda al correo electr\u00f3nico de su ventanilla lo siguiente<\/p>\n<ul>\n<li><a href=\"https:\/\/www.gob.mx\/cms\/uploads\/attachment\/file\/598120\/IMPI-00-014.pdf\" target=\"_blank\" rel=\"noopener\">Llenado de la solicitud IMPI-00-0014 <i class=\"fa fa-external-link\"><\/i><\/a><\/li>\n<li>CURP e INE, en caso de no tener cuenta pase<\/li>\n<\/ul>\n<p><strong>Consideraciones<\/strong><\/p>\n<ul>\n<li>Tienes un m\u00e1ximo de 3 meses contados a partir de la fecha en que tus 3 a\u00f1os con la concesi\u00f3n se hayan cumplido para realizar el tr\u00e1mite<\/li>\n<li>Si no realizas este tr\u00e1mite tu registro caducar\u00e1 de pleno derecho, sin que se requiera de declaraci\u00f3n por parte del Instituto<\/li>\n<li>Una vez enviado el acuse del tr\u00e1mite al solicitante, es obligaci\u00f3n de este revisar actualizaciones en la p\u00e1gina del IMPI para verificar la respuesta positiva de la solicitud, o en su caso, estar al tanto de las observaciones que el Instituto realice<\/li>\n<li>Si tu marca fue otorgada antes del 10 de agosto de 2018, te corresponder\u00e1 realizarla junto con la renovaci\u00f3n a los 10 a\u00f1os<\/li>\n<\/ul>\n<p><a href=\"https:\/\/forms.gle\/neFP73wrabu2tRR19\" target=\"_blank\" rel=\"noopener\">Reg\u00edstrate en Hecho en Tamaulipas<\/a> y aprovecha los servicios que tenemos para ti.<\/p>\n<p>Si estas interesado en este servicio, comun\u00edcate con tu <a href=\"https:\/\/www.tamaulipas.gob.mx\/economia\/via-mipymes\/\">Ventanilla Integral de Atenci\u00f3n VIA MIPYMES<\/a>.<\/p>\n<p><strong>MAYOR INFORMACI\u00d3N<br \/>\n<\/strong><\/p>\n<blockquote>\n<p class=\"p1\">Subsecretaria para la Peque\u00f1a y Mediana Empresa<br \/>\nDirecci\u00f3n para la Creaci\u00f3n y Formalizaci\u00f3n de Empresas<br \/>\nCentro de Oficinas Gubernamentales, Piso 21, Parque Bicentenario<br \/>\nC.P. 87000, Ciudad Victoria, Tamaulipas, M\u00e9xico<br \/>\nTel\u00e9fono: 834.107.8714 ext. 44283<br \/>\nCorreo electr\u00f3nico: hechoentamaulipas@tamaulipas.gob.mx<\/p>\n<\/blockquote>\n","protected":false},"excerpt":{"rendered":"<p>REGISTRO DE MARCA \u00bfQuieres registrar tu marca ante el Instituto Mexicano de la Propiedad Industrial (IMPI)? Nosotros te ayudamos a hacerlo. Adem\u00e1s, te asesoramos en\u2026<\/p>\n","protected":false},"author":309,"featured_media":0,"parent":0,"menu_order":0,"comment_status":"closed","ping_status":"closed","template":"","meta":{"footnotes":""},"class_list":["post-2473","page","type-page","status-publish","hentry"],"publishpress_future_action":{"enabled":false,"date":"2026-04-28 05:32:10","action":"change-status","newStatus":"draft","terms":[],"taxonomy":""},"_links":{"self":[{"href":"https:\/\/www.tamaulipas.gob.mx\/economia\/wp-json\/wp\/v2\/pages\/2473"}],"collection":[{"href":"https:\/\/www.tamaulipas.gob.mx\/economia\/wp-json\/wp\/v2\/pages"}],"about":[{"href":"https:\/\/www.tamaulipas.gob.mx\/economia\/wp-json\/wp\/v2\/types\/page"}],"author":[{"embeddable":true,"href":"https:\/\/www.tamaulipas.gob.mx\/economia\/wp-json\/wp\/v2\/users\/309"}],"replies":[{"embeddable":true,"href":"https:\/\/www.tamaulipas.gob.mx\/economia\/wp-json\/wp\/v2\/comments?post=2473"}],"version-history":[{"count":25,"href":"https:\/\/www.tamaulipas.gob.mx\/economia\/wp-json\/wp\/v2\/pages\/2473\/revisions"}],"predecessor-version":[{"id":3578,"href":"https:\/\/www.tamaulipas.gob.mx\/economia\/wp-json\/wp\/v2\/pages\/2473\/revisions\/3578"}],"wp:attachment":[{"href":"https:\/\/www.tamaulipas.gob.mx\/economia\/wp-json\/wp\/v2\/media?parent=2473"}],"curies":[{"name":"wp","href":"https:\/\/api.w.org\/{rel}","templated":true}]}}