{"id":2471,"date":"2023-06-27T10:30:52","date_gmt":"2023-06-27T16:30:52","guid":{"rendered":"https:\/\/www.tamaulipas.gob.mx\/desarrolloeconomico\/?page_id=2471"},"modified":"2024-09-24T09:49:44","modified_gmt":"2024-09-24T15:49:44","slug":"hecho-en-tamaulipas","status":"publish","type":"page","link":"https:\/\/www.tamaulipas.gob.mx\/economia\/hecho-en-tamaulipas\/","title":{"rendered":"Hecho en Tamaulipas"},"content":{"rendered":"<p>Es un programa que impulsa el talento de los emprendedores tamaulipecos a trav\u00e9s de los servicios de asesor\u00eda y desarrollo comercial, as\u00ed como mediante la generaci\u00f3n de espacios para la promoci\u00f3n y comercializaci\u00f3n.<\/p>\n<p><strong>Servicios<\/strong><\/p>\n<ul>\n<li style=\"list-style-type: none;\">\n<ul>\n<li><a href=\"https:\/\/www.tamaulipas.gob.mx\/economia\/diseno-de-logo-por-convocatoria\/\" rel=\"noopener\">Dise\u00f1o de logo por convocatoria<\/a><\/li>\n<li><a href=\"https:\/\/www.tamaulipas.gob.mx\/economia\/asesoria-tramites-impi\/\">Asesor\u00eda en tr\u00e1mites de registro de marca ante IMPI<\/a><\/li>\n<li><a href=\"https:\/\/www.tamaulipas.gob.mx\/economia\/asesoria-membresia-gs1-de-codigos-de-barras\/\">Asesor\u00eda para el tr\u00e1mite de membres\u00eda GS1 para c\u00f3digo de barras<\/a><\/li>\n<li><a href=\"https:\/\/www.tamaulipas.gob.mx\/economia\/vinculacion-con-laboratorios-alimenticios\/\">Vinculaci\u00f3n con laboratorios alimenticios<\/a><\/li>\n<li><a href=\"https:\/\/www.tamaulipas.gob.mx\/economia\/vinculacion-con-tiendas-y-comercios\/\">Vinculaci\u00f3n con tiendas y comercios<\/a><\/li>\n<li><a href=\"https:\/\/www.tamaulipas.gob.mx\/economia\/tienda-oficial-hecho-en-tamaulipas-en-mercado-libre\/\">Tienda oficial Hecho en Tamaulipas en Mercado Libre<\/a><\/li>\n<li><a href=\"https:\/\/www.tamaulipas.gob.mx\/economia\/eventos-promocion-comercializacion\/\">Eventos de promoci\u00f3n y comercializaci\u00f3n<\/a><\/li>\n<li><a href=\"https:\/\/www.tamaulipas.gob.mx\/economia\/dhet\/\">Distintivo Hecho en Tamaulipas<\/a><\/li>\n<\/ul>\n<\/li>\n<\/ul>\n<p>Si estas interesado en este servicio, comun\u00edcate con tu <a href=\"https:\/\/www.tamaulipas.gob.mx\/economia\/via-mipymes\/\">Ventanilla Integral de Atenci\u00f3n VIA MIPYMES<\/a>.<\/p>\n<p><strong>MAYOR INFORMACI\u00d3N<br \/>\n<\/strong><\/p>\n<blockquote>\n<p class=\"p1\">Subsecretaria para la Peque\u00f1a y Mediana Empresa<br \/>\nDirecci\u00f3n para la Creaci\u00f3n y Formalizaci\u00f3n de Empresas<br \/>\nCentro de Oficinas Gubernamentales, Piso 21, Parque Bicentenario<br \/>\nC.P. 87000, Ciudad Victoria, Tamaulipas, M\u00e9xico<br \/>\nTel\u00e9fono: 834.107.8714 ext. 44283<br \/>\nCorreo electr\u00f3nico: hechoentamaulipas@tamaulipas.gob.mx<\/p>\n<\/blockquote>\n","protected":false},"excerpt":{"rendered":"<p>Es un programa que impulsa el talento de los emprendedores tamaulipecos a trav\u00e9s de los servicios de asesor\u00eda y desarrollo comercial, as\u00ed como mediante la\u2026<\/p>\n","protected":false},"author":309,"featured_media":0,"parent":0,"menu_order":0,"comment_status":"closed","ping_status":"closed","template":"","meta":{"footnotes":""},"class_list":["post-2471","page","type-page","status-publish","hentry"],"publishpress_future_action":{"enabled":false,"date":"2026-04-28 05:17:29","action":"change-status","newStatus":"draft","terms":[],"taxonomy":""},"_links":{"self":[{"href":"https:\/\/www.tamaulipas.gob.mx\/economia\/wp-json\/wp\/v2\/pages\/2471"}],"collection":[{"href":"https:\/\/www.tamaulipas.gob.mx\/economia\/wp-json\/wp\/v2\/pages"}],"about":[{"href":"https:\/\/www.tamaulipas.gob.mx\/economia\/wp-json\/wp\/v2\/types\/page"}],"author":[{"embeddable":true,"href":"https:\/\/www.tamaulipas.gob.mx\/economia\/wp-json\/wp\/v2\/users\/309"}],"replies":[{"embeddable":true,"href":"https:\/\/www.tamaulipas.gob.mx\/economia\/wp-json\/wp\/v2\/comments?post=2471"}],"version-history":[{"count":23,"href":"https:\/\/www.tamaulipas.gob.mx\/economia\/wp-json\/wp\/v2\/pages\/2471\/revisions"}],"predecessor-version":[{"id":3543,"href":"https:\/\/www.tamaulipas.gob.mx\/economia\/wp-json\/wp\/v2\/pages\/2471\/revisions\/3543"}],"wp:attachment":[{"href":"https:\/\/www.tamaulipas.gob.mx\/economia\/wp-json\/wp\/v2\/media?parent=2471"}],"curies":[{"name":"wp","href":"https:\/\/api.w.org\/{rel}","templated":true}]}}