{"id":2465,"date":"2023-06-27T10:13:02","date_gmt":"2023-06-27T16:13:02","guid":{"rendered":"https:\/\/www.tamaulipas.gob.mx\/desarrolloeconomico\/?page_id=2465"},"modified":"2025-06-11T14:48:58","modified_gmt":"2025-06-11T20:48:58","slug":"via-mipymes","status":"publish","type":"page","link":"https:\/\/www.tamaulipas.gob.mx\/economia\/via-mipymes\/","title":{"rendered":"\u00bfQu\u00e9 es VIA MIPYMES?"},"content":{"rendered":"<p>VIA MIPYMES es la <b>V<\/b>entanilla <b>I<\/b>ntegral de <b>A<\/b>tenci\u00f3n, para las Micro, Peque\u00f1as y Medianas Empresas, as\u00ed como para personas emprendedoras de Tamaulipas, ofreciendo a trav\u00e9s de \u00e9ste espacio digital y de las Ventanillas Regionales, los servicios de la Subsecretar\u00eda para la Peque\u00f1a y Mediana Empresa.<\/p>\n<p><a href=\"https:\/\/www.tamaulipas.gob.mx\/economia\/registro-via-mipymes\/\" rel=\"noopener\">Llenado de formulario VIA MIPYMES<\/a><\/p>\n<p><center><img loading=\"lazy\" decoding=\"async\" class=\"alignnone size-full wp-image-3775\" src=\"https:\/\/www.tamaulipas.gob.mx\/economia\/wp-content\/uploads\/sites\/7\/2025\/06\/2025.06.11-ventanillas-por-zona.png\" alt=\"\" width=\"880\" height=\"680\" \/><\/center><br \/>\n<strong>MAYOR INFORMACI\u00d3N<br \/>\n<\/strong><\/p>\n<blockquote>\n<p class=\"p1\">Subsecretaria para la Peque\u00f1a y Mediana Empresa<br \/>\nDirecci\u00f3n para la Creaci\u00f3n y Formalizaci\u00f3n de Empresas<br \/>\nCentro de Oficinas Gubernamentales, Piso 21, Parque Bicentenario<br \/>\nC.P. 87000, Ciudad Victoria, Tamaulipas, M\u00e9xico<br \/>\nTel\u00e9fono: 834.107.8244 ext. 44257<br \/>\nCorreo electr\u00f3nico: aracely.salazar@tamaulipas.gob.mx<\/p>\n<\/blockquote>\n","protected":false},"excerpt":{"rendered":"<p>VIA MIPYMES es la Ventanilla Integral de Atenci\u00f3n, para las Micro, Peque\u00f1as y Medianas Empresas, as\u00ed como para personas emprendedoras de Tamaulipas, ofreciendo a trav\u00e9s\u2026<\/p>\n","protected":false},"author":309,"featured_media":0,"parent":0,"menu_order":0,"comment_status":"closed","ping_status":"closed","template":"","meta":{"footnotes":""},"class_list":["post-2465","page","type-page","status-publish","hentry"],"publishpress_future_action":{"enabled":false,"date":"2026-04-28 05:32:25","action":"change-status","newStatus":"draft","terms":[],"taxonomy":""},"_links":{"self":[{"href":"https:\/\/www.tamaulipas.gob.mx\/economia\/wp-json\/wp\/v2\/pages\/2465"}],"collection":[{"href":"https:\/\/www.tamaulipas.gob.mx\/economia\/wp-json\/wp\/v2\/pages"}],"about":[{"href":"https:\/\/www.tamaulipas.gob.mx\/economia\/wp-json\/wp\/v2\/types\/page"}],"author":[{"embeddable":true,"href":"https:\/\/www.tamaulipas.gob.mx\/economia\/wp-json\/wp\/v2\/users\/309"}],"replies":[{"embeddable":true,"href":"https:\/\/www.tamaulipas.gob.mx\/economia\/wp-json\/wp\/v2\/comments?post=2465"}],"version-history":[{"count":55,"href":"https:\/\/www.tamaulipas.gob.mx\/economia\/wp-json\/wp\/v2\/pages\/2465\/revisions"}],"predecessor-version":[{"id":3776,"href":"https:\/\/www.tamaulipas.gob.mx\/economia\/wp-json\/wp\/v2\/pages\/2465\/revisions\/3776"}],"wp:attachment":[{"href":"https:\/\/www.tamaulipas.gob.mx\/economia\/wp-json\/wp\/v2\/media?parent=2465"}],"curies":[{"name":"wp","href":"https:\/\/api.w.org\/{rel}","templated":true}]}}