{"id":2270,"date":"2023-04-14T11:34:37","date_gmt":"2023-04-14T17:34:37","guid":{"rendered":"https:\/\/www.tamaulipas.gob.mx\/desarrolloeconomico\/?page_id=2270"},"modified":"2025-11-25T10:08:27","modified_gmt":"2025-11-25T16:08:27","slug":"comite-de-etica","status":"publish","type":"page","link":"https:\/\/www.tamaulipas.gob.mx\/economia\/comite-de-etica\/","title":{"rendered":"Comit\u00e9 de \u00c9tica"},"content":{"rendered":"<p>El comit\u00e9 de \u00e9tica de la Secretar\u00eda de Econom\u00eda, est\u00e1 encargado de formular programas de capacitaci\u00f3n y sensibilizaci\u00f3n en materia de \u00e9tica, integridad p\u00fablica, conducta y conflictos de inter\u00e9s, as\u00ed como brindar asesor\u00eda y consultor\u00eda, dando seguimiento y evaluando la aplicaci\u00f3n de los C\u00f3digos de \u00c9tica, Conducta y Conflicto de Inter\u00e9s, recibiendo las quejas y denuncias, por incumplimiento a estos, brindando una opini\u00f3n o recomendaciones, para prevenir conflictos.<\/p>\n<p><strong>Integrantes<\/strong><\/p>\n<div class=\"row mb20\">\n<div class=\"col-sm-2\"><center><img loading=\"lazy\" decoding=\"async\" class=\"alignnone size-full wp-image-3519\" src=\"https:\/\/www.tamaulipas.gob.mx\/economia\/wp-content\/uploads\/sites\/7\/2024\/09\/eugenioavalosgonzalez-ce-se.png\" alt=\"\" width=\"85\" height=\"85\" \/><\/center><\/div>\n<div class=\"col-sm-2\"><center>Eugenio Avalos Gonz\u00e1lez<\/center><\/div>\n<div class=\"col-sm-2\"><center>Presidente<\/center><\/div>\n<div class=\"col-sm-4\"><center>eugenio.avalos@tamaulipas.gob.mx<\/center><\/div>\n<div class=\"col-sm-2\"><center>8341078826 Ext. 44303<\/center><\/div>\n<\/div>\n<div class=\"row mb20\" style=\"height: 5px;\">\n<div class=\"col-sm-12\"><\/div>\n<\/div>\n<div class=\"row mb20\">\n<div class=\"col-sm-2\"><center><img decoding=\"async\" src=\"https:\/\/www.tamaulipas.gob.mx\/economia\/wp-content\/uploads\/sites\/7\/2023\/03\/dt-luisarmandocantu.png\" alt=\"\" \/><\/center><\/div>\n<div class=\"col-sm-2\"><center>Luis Armando Cant\u00fa<\/center><\/div>\n<div class=\"col-sm-2\"><center>Secretario T\u00e9cnico<\/center><\/div>\n<div class=\"col-sm-4\"><center>luis.cantu@tamaulipas.gob.mx<\/center><\/div>\n<div class=\"col-sm-2\"><center>834.107.8823 Ext. 44323<\/center><\/div>\n<\/div>\n<div class=\"row mb20\" style=\"height: 5px;\">\n<div class=\"col-sm-12\"><\/div>\n<\/div>\n<div class=\"row mb20\">\n<div class=\"col-sm-2\"><center><img decoding=\"async\" src=\"https:\/\/www.tamaulipas.gob.mx\/economia\/wp-content\/uploads\/sites\/7\/2023\/03\/dt-elvayulethguerrerotrevino.png\" alt=\"\" \/><\/center><\/div>\n<div class=\"col-sm-2\"><center>Elva Yuleth Guerrero Trevi\u00f1o<\/center><\/div>\n<div class=\"col-sm-2\"><center>Coordinadora<\/center><\/div>\n<div class=\"col-sm-4\"><center>elva.guerrero@tamaulipas.gob.mx<\/center><\/div>\n<div class=\"col-sm-2\"><center>834.107.8830 Ext. 44344<\/center><\/div>\n<\/div>\n<div class=\"row mb20\" style=\"height: 5px;\">\n<div class=\"col-sm-12\"><\/div>\n<\/div>\n<div class=\"row mb20\">\n<div class=\"col-sm-2\"><center><img loading=\"lazy\" decoding=\"async\" class=\"alignnone size-full wp-image-3519\" src=\"https:\/\/www.tamaulipas.gob.mx\/economia\/wp-content\/uploads\/sites\/7\/2025\/11\/jose-blas-urbina.png\" alt=\"\" width=\"85\" height=\"85\" \/><\/center><\/div>\n<div class=\"col-sm-2\"><center>Jos\u00e9 Blas Urbina Camarillo<\/center><\/div>\n<div class=\"col-sm-2\"><center>Vocal 1<\/center><\/div>\n<div class=\"col-sm-4\"><center>jose.urbina@tamaulipas.gob.mx<\/center><\/div>\n<div class=\"col-sm-2\"><center>834.107.8803 Ext. 44310<\/center><\/div>\n<\/div>\n<div class=\"row mb20\" style=\"height: 5px;\">\n<div class=\"col-sm-12\"><\/div>\n<\/div>\n<div class=\"row mb20\">\n<div class=\"col-sm-2\"><center><img loading=\"lazy\" decoding=\"async\" class=\"alignnone size-full wp-image-3519\" src=\"https:\/\/www.tamaulipas.gob.mx\/economia\/wp-content\/uploads\/sites\/7\/2025\/11\/maria-dennisse-manautou.png\" alt=\"\" width=\"85\" height=\"85\" \/><\/center><\/div>\n<div class=\"col-sm-2\"><center>Mar\u00eda Dennisse Manautou Rodr\u00edguez<\/center><\/div>\n<div class=\"col-sm-2\"><center>Vocal 2<\/center><\/div>\n<div class=\"col-sm-4\"><center>maria.manautou@tamaulipas.gob.mx<\/center><\/div>\n<div class=\"col-sm-2\"><center>834.107.8823 Ext. 44302<\/center><\/div>\n<\/div>\n<hr \/>\n<p><strong>Normativas<\/strong><\/p>\n<div class=\"row mb20\">\n<div class=\"col-sm-4\"><center><a href=\"https:\/\/www.tamaulipas.gob.mx\/economia\/wp-content\/uploads\/sites\/7\/2023\/08\/codigodeconductasde-2023cxlviii-extno_17-240723.pdf\" target=\"_blank\" rel=\"noopener\"><img loading=\"lazy\" decoding=\"async\" class=\"alignnone size-full wp-image-2920\" src=\"https:\/\/www.tamaulipas.gob.mx\/economia\/wp-content\/uploads\/sites\/7\/2023\/08\/descargar-codigo-de-conducta-y-prevencion-de-conflico-de-interes-pdf.png\" alt=\"\" width=\"296\" height=\"117\" \/><\/a><\/center><\/div>\n<div class=\"col-sm-4\"><center><a href=\"https:\/\/www.tamaulipas.gob.mx\/economia\/wp-content\/uploads\/sites\/7\/2023\/04\/codigo-de-etica-del-poder-ejecutivo-2023.pdf\" target=\"_blank\" rel=\"noopener\"><img loading=\"lazy\" decoding=\"async\" class=\"alignnone size-medium wp-image-2923\" src=\"https:\/\/www.tamaulipas.gob.mx\/economia\/wp-content\/uploads\/sites\/7\/2023\/08\/descargar-codigo-de-etica-pdf-1.png\" alt=\"\" width=\"296\" height=\"117\" \/><\/a><\/center><\/div>\n<div class=\"col-sm-4\"><center><a href=\"https:\/\/www.tamaulipas.gob.mx\/economia\/wp-content\/uploads\/sites\/7\/2024\/05\/plan-anual-de-trabajo-se-2024.pdf\" target=\"_blank\" rel=\"noopener\"><img loading=\"lazy\" decoding=\"async\" class=\"alignnone wp-image-3330 size-full\" src=\"https:\/\/www.tamaulipas.gob.mx\/economia\/wp-content\/uploads\/sites\/7\/2024\/05\/descargar-plan-anual-de-trabajo-2024-pdf.png\" alt=\"\" width=\"296\" height=\"117\" \/><\/a><\/center><\/div>\n<\/div>\n","protected":false},"excerpt":{"rendered":"<p>El comit\u00e9 de \u00e9tica de la Secretar\u00eda de Econom\u00eda, est\u00e1 encargado de formular programas de capacitaci\u00f3n y sensibilizaci\u00f3n en materia de \u00e9tica, integridad p\u00fablica, conducta\u2026<\/p>\n","protected":false},"author":309,"featured_media":0,"parent":0,"menu_order":0,"comment_status":"closed","ping_status":"closed","template":"","meta":{"footnotes":""},"class_list":["post-2270","page","type-page","status-publish","hentry"],"publishpress_future_action":{"enabled":false,"date":"2026-04-26 00:45:48","action":"change-status","newStatus":"draft","terms":[],"taxonomy":""},"_links":{"self":[{"href":"https:\/\/www.tamaulipas.gob.mx\/economia\/wp-json\/wp\/v2\/pages\/2270"}],"collection":[{"href":"https:\/\/www.tamaulipas.gob.mx\/economia\/wp-json\/wp\/v2\/pages"}],"about":[{"href":"https:\/\/www.tamaulipas.gob.mx\/economia\/wp-json\/wp\/v2\/types\/page"}],"author":[{"embeddable":true,"href":"https:\/\/www.tamaulipas.gob.mx\/economia\/wp-json\/wp\/v2\/users\/309"}],"replies":[{"embeddable":true,"href":"https:\/\/www.tamaulipas.gob.mx\/economia\/wp-json\/wp\/v2\/comments?post=2270"}],"version-history":[{"count":83,"href":"https:\/\/www.tamaulipas.gob.mx\/economia\/wp-json\/wp\/v2\/pages\/2270\/revisions"}],"predecessor-version":[{"id":3880,"href":"https:\/\/www.tamaulipas.gob.mx\/economia\/wp-json\/wp\/v2\/pages\/2270\/revisions\/3880"}],"wp:attachment":[{"href":"https:\/\/www.tamaulipas.gob.mx\/economia\/wp-json\/wp\/v2\/media?parent=2270"}],"curies":[{"name":"wp","href":"https:\/\/api.w.org\/{rel}","templated":true}]}}