{"id":1988,"date":"2023-02-23T09:37:25","date_gmt":"2023-02-23T15:37:25","guid":{"rendered":"https:\/\/www.tamaulipas.gob.mx\/desarrolloeconomico\/?page_id=1988"},"modified":"2025-06-11T12:51:25","modified_gmt":"2025-06-11T18:51:25","slug":"asesoria-y-formalizacion-de-empresas-microindustriales","status":"publish","type":"page","link":"https:\/\/www.tamaulipas.gob.mx\/economia\/asesoria-y-formalizacion-de-empresas-microindustriales\/","title":{"rendered":"Asesor\u00eda y Formalizaci\u00f3n de Empresas Microindustriales"},"content":{"rendered":"<p>Promovemos la formalizaci\u00f3n de la actividad econ\u00f3mica del Estado mediante el fomento a la creaci\u00f3n y desarrollo de empresas microindustriales y artesanales.<\/p>\n<p><b>Asesor\u00eda, tramites y servicios<br \/>\n<\/b><\/p>\n<ul>\n<li><a href=\"https:\/\/tramites.tamaulipas.gob.mx\/ciudadano\/?id=197\" target=\"_blank&quot;\" rel=\"noopener\">Constituci\u00f3n de sociedades microindustriales <i class=\"fa fa-external-link\"><\/i><\/a><\/li>\n<li><a href=\"https:\/\/tramites.tamaulipas.gob.mx\/ciudadano\/?id=153\" target=\"_blank&quot;\" rel=\"noopener\">Modificaci\u00f3n de sociedad microindustrial <i class=\"fa fa-external-link\"><\/i><\/a><\/li>\n<li><a href=\"https:\/\/tramites.tamaulipas.gob.mx\/ciudadano\/?id=159\" target=\"_blank&quot;\" rel=\"noopener\">Inscripci\u00f3n al padr\u00f3n nacional de la microindustria <i class=\"fa fa-external-link\"><\/i><\/a><\/li>\n<li><a href=\"https:\/\/www.tamaulipas.gob.mx\/economia\/expedicion-de-cedula-de-microindustria\/\">Expedici\u00f3n de c\u00e9dula microindustrial<\/a><\/li>\n<li><a href=\"https:\/\/www.tamaulipas.gob.mx\/economia\/gestion-de-rfc\/\">Gesti\u00f3n de RFC<\/a><\/li>\n<\/ul>\n<p>Si estas interesado en este servicio, comun\u00edcate con tu <a href=\"https:\/\/www.tamaulipas.gob.mx\/economia\/via-mipymes\/\">Ventanilla Integral de Atenci\u00f3n VIA MIPYMES<\/a>.<\/p>\n<p><strong>MAYOR INFORMACI\u00d3N<br \/>\n<\/strong><\/p>\n<blockquote>\n<p class=\"p1\">Subsecretaria para la Peque\u00f1a y Mediana Empresa<br \/>\nDirecci\u00f3n para la Creaci\u00f3n y Formalizaci\u00f3n de Empresas<br \/>\nCentro de Oficinas Gubernamentales, Piso 21, Parque Bicentenario<br \/>\nC.P. 87000, Ciudad Victoria, Tamaulipas, M\u00e9xico<br \/>\nTel\u00e9fono: 834 107 8714 ext. 44317<br \/>\nCorreo electr\u00f3nico: kristopher.castillo@tamaulipas.gob.mx<\/p>\n<\/blockquote>\n","protected":false},"excerpt":{"rendered":"<p>Promovemos la formalizaci\u00f3n de la actividad econ\u00f3mica del Estado mediante el fomento a la creaci\u00f3n y desarrollo de empresas microindustriales y artesanales. Asesor\u00eda, tramites y\u2026<\/p>\n","protected":false},"author":309,"featured_media":0,"parent":0,"menu_order":0,"comment_status":"closed","ping_status":"closed","template":"","meta":{"footnotes":""},"class_list":["post-1988","page","type-page","status-publish","hentry"],"publishpress_future_action":{"enabled":false,"date":"2026-04-28 05:33:12","action":"change-status","newStatus":"draft","terms":[],"taxonomy":""},"_links":{"self":[{"href":"https:\/\/www.tamaulipas.gob.mx\/economia\/wp-json\/wp\/v2\/pages\/1988"}],"collection":[{"href":"https:\/\/www.tamaulipas.gob.mx\/economia\/wp-json\/wp\/v2\/pages"}],"about":[{"href":"https:\/\/www.tamaulipas.gob.mx\/economia\/wp-json\/wp\/v2\/types\/page"}],"author":[{"embeddable":true,"href":"https:\/\/www.tamaulipas.gob.mx\/economia\/wp-json\/wp\/v2\/users\/309"}],"replies":[{"embeddable":true,"href":"https:\/\/www.tamaulipas.gob.mx\/economia\/wp-json\/wp\/v2\/comments?post=1988"}],"version-history":[{"count":16,"href":"https:\/\/www.tamaulipas.gob.mx\/economia\/wp-json\/wp\/v2\/pages\/1988\/revisions"}],"predecessor-version":[{"id":3774,"href":"https:\/\/www.tamaulipas.gob.mx\/economia\/wp-json\/wp\/v2\/pages\/1988\/revisions\/3774"}],"wp:attachment":[{"href":"https:\/\/www.tamaulipas.gob.mx\/economia\/wp-json\/wp\/v2\/media?parent=1988"}],"curies":[{"name":"wp","href":"https:\/\/api.w.org\/{rel}","templated":true}]}}