{"id":7526,"date":"2026-02-27T15:43:16","date_gmt":"2026-02-27T21:43:16","guid":{"rendered":"https:\/\/www.tamaulipas.gob.mx\/desarrollorural\/?page_id=7526"},"modified":"2026-04-09T09:17:46","modified_gmt":"2026-04-09T15:17:46","slug":"publicacion-de-resultados-2026","status":"publish","type":"page","link":"https:\/\/www.tamaulipas.gob.mx\/desarrollorural\/publicacion-de-resultados-2026\/","title":{"rendered":"PUBLICACION DE RESULTADOS 2026"},"content":{"rendered":"<p><strong>S107 Programa Apoyo al Desarrollo Econ\u00f3mico y Productivo 2026.<\/strong><\/p>\n<p><strong>Componente I<\/strong><\/p>\n<p><a href=\"https:\/\/www.tamaulipas.gob.mx\/desarrollorural\/wp-content\/uploads\/sites\/6\/2026\/04\/publicacion-solicitudes-positivas-cacahuate_2026.pdf\" target=\"_blank\" rel=\"noopener\"><i class=\"fa fa-file-pdf-o\"><\/i> S107 Apoyos con Insumos y Material Vegetativo para la Producci\u00f3n Primaria Agr\u00edcola. Concepto: Insumos Directos Semilla de Calidad \u00abCacahuate\u00bb (Positivos).<\/a><\/p>\n<p><a href=\"https:\/\/www.tamaulipas.gob.mx\/desarrollorural\/wp-content\/uploads\/sites\/6\/2026\/04\/publicacion-solicitudes-positivas-frijol_2026.pdf\" target=\"_blank\" rel=\"noopener\"><i class=\"fa fa-file-pdf-o\"><\/i> S107 Apoyos con Insumos y Material Vegetativo para la Producci\u00f3n Primaria Agr\u00edcola. Concepto: Insumos Directos Semilla de Calidad \u00abFrijol\u00bb (Positivos).<\/a><\/p>\n<p><a href=\"https:\/\/www.tamaulipas.gob.mx\/desarrollorural\/wp-content\/uploads\/sites\/6\/2026\/04\/publicacion-solicitudes-positivo-avena_2026.pdf\" target=\"_blank\" rel=\"noopener\"><i class=\"fa fa-file-pdf-o\"><\/i> S107 Apoyos con Insumos y Material Vegetativo para la Producci\u00f3n Primaria Agr\u00edcola. Concepto: Insumos Directos Semilla de Calidad \u00abAvena\u00bb (Positivos).<\/a><\/p>\n<p><a href=\"https:\/\/www.tamaulipas.gob.mx\/desarrollorural\/wp-content\/uploads\/sites\/6\/2026\/04\/publicacion-solicitudes-positivas-maiz_2026.pdf\" target=\"_blank\" rel=\"noopener\"><i class=\"fa fa-file-pdf-o\"><\/i> S107 Apoyos con Insumos y Material Vegetativo para la Producci\u00f3n Primaria Agr\u00edcola. Concepto: Insumos Directos Semilla de Calidad \u00abMa\u00edz\u00bb (Positivos).<\/a><\/p>\n<p><a href=\"https:\/\/www.tamaulipas.gob.mx\/desarrollorural\/wp-content\/uploads\/sites\/6\/2026\/04\/publicacion-solicitudes-positivas-sorgo_2026.pdf\" target=\"_blank\" rel=\"noopener\"><i class=\"fa fa-file-pdf-o\"><\/i> S107 Apoyos con Insumos y Material Vegetativo para la Producci\u00f3n Primaria Agr\u00edcola. Concepto: Insumos Directos Semilla de Calidad \u00abSorgo\u00bb (Positivos).<\/a><\/p>\n<p><strong>Componente V<\/strong><\/p>\n<p><a href=\"https:\/\/www.tamaulipas.gob.mx\/desarrollorural\/wp-content\/uploads\/sites\/6\/2026\/02\/1a.-dictaminacion-componente-v-agricola-17-feb_2026.pdf\" target=\"_blank\" rel=\"noopener\"><i class=\"fa fa-file-pdf-o\"><\/i> S107 Subsidios econ\u00f3micos para la contrataci\u00f3n de Servicios de Desarrollo de Capacidades y Acompa\u00f1amiento T\u00e9cnico, Agr\u00edcola. (Positivos).<\/a><\/p>\n<p><a href=\"https:\/\/www.tamaulipas.gob.mx\/desarrollorural\/wp-content\/uploads\/sites\/6\/2026\/03\/2a.-dictaminacion-componente-v-agricola-27mar-2026.pdf\" target=\"_blank\" rel=\"noopener\"><i class=\"fa fa-file-pdf-o\"><\/i> S107 Subsidios econ\u00f3micos para la contrataci\u00f3n de Servicios de Desarrollo de Capacidades y Acompa\u00f1amiento T\u00e9cnico, Agr\u00edcola. (Segunda Dictaminaci\u00f3n Positivos).<\/a><\/p>\n<p><a href=\"https:\/\/www.tamaulipas.gob.mx\/desarrollorural\/wp-content\/uploads\/sites\/6\/2026\/02\/1era-dictaminacion-del-programa-s107-compomente-v.-pecuario-y-forestal_2026.pdf\" target=\"_blank\" rel=\"noopener\"><i class=\"fa fa-file-pdf-o\"><\/i> S107 Subsidios Econ\u00f3micos para Contrataci\u00f3n de Servicios de Desarrollo de Capacidades y Acompa\u00f1amiento T\u00e9cnico. Subsectores: Pecuario y Forestal.\u00a0(Positivos).<\/a><\/p>\n<p><a href=\"https:\/\/www.tamaulipas.gob.mx\/desarrollorural\/wp-content\/uploads\/sites\/6\/2026\/03\/segunda-dictaminacion-del-programa-s107-pecuario-y-forestal-2026.pdf\" target=\"_blank\" rel=\"noopener\"><i class=\"fa fa-file-pdf-o\"><\/i> S107 Subsidios Econ\u00f3micos para Contrataci\u00f3n de Servicios de Desarrollo de Capacidades y Acompa\u00f1amiento T\u00e9cnico. Subsectores: Pecuario y Forestal. (Segunda Dictaminaci\u00f3n Positivos).<\/a><\/p>\n<p>&nbsp;<\/p>\n","protected":false},"excerpt":{"rendered":"<p>S107 Programa Apoyo al Desarrollo Econ\u00f3mico y Productivo 2026. Componente I S107 Apoyos con Insumos y Material Vegetativo para la Producci\u00f3n Primaria Agr\u00edcola. Concepto: Insumos\u2026<\/p>\n","protected":false},"author":11,"featured_media":0,"parent":0,"menu_order":0,"comment_status":"closed","ping_status":"closed","template":"","meta":{"footnotes":""},"class_list":["post-7526","page","type-page","status-publish","hentry"],"publishpress_future_action":{"enabled":false,"date":"2026-04-21 21:13:49","action":"change-status","newStatus":"draft","terms":[],"taxonomy":""},"_links":{"self":[{"href":"https:\/\/www.tamaulipas.gob.mx\/desarrollorural\/wp-json\/wp\/v2\/pages\/7526"}],"collection":[{"href":"https:\/\/www.tamaulipas.gob.mx\/desarrollorural\/wp-json\/wp\/v2\/pages"}],"about":[{"href":"https:\/\/www.tamaulipas.gob.mx\/desarrollorural\/wp-json\/wp\/v2\/types\/page"}],"author":[{"embeddable":true,"href":"https:\/\/www.tamaulipas.gob.mx\/desarrollorural\/wp-json\/wp\/v2\/users\/11"}],"replies":[{"embeddable":true,"href":"https:\/\/www.tamaulipas.gob.mx\/desarrollorural\/wp-json\/wp\/v2\/comments?post=7526"}],"version-history":[{"count":7,"href":"https:\/\/www.tamaulipas.gob.mx\/desarrollorural\/wp-json\/wp\/v2\/pages\/7526\/revisions"}],"predecessor-version":[{"id":7673,"href":"https:\/\/www.tamaulipas.gob.mx\/desarrollorural\/wp-json\/wp\/v2\/pages\/7526\/revisions\/7673"}],"wp:attachment":[{"href":"https:\/\/www.tamaulipas.gob.mx\/desarrollorural\/wp-json\/wp\/v2\/media?parent=7526"}],"curies":[{"name":"wp","href":"https:\/\/api.w.org\/{rel}","templated":true}]}}