{"id":7471,"date":"2025-12-16T15:22:10","date_gmt":"2025-12-16T21:22:10","guid":{"rendered":"https:\/\/www.tamaulipas.gob.mx\/desarrollorural\/?page_id=7471"},"modified":"2026-03-31T12:19:02","modified_gmt":"2026-03-31T18:19:02","slug":"programas-2026","status":"publish","type":"page","link":"https:\/\/www.tamaulipas.gob.mx\/desarrollorural\/programas-2026\/","title":{"rendered":"Programas 2026"},"content":{"rendered":"<ul class=\"nav nav-tabs\" id=\"\"><\/ul><div class=\"tab-content\"><\/div>\n<div id=\"custom-tab-0-548c3c07230a34f68995a9dd1dabd81c\" class=\"tab-pane active\"><\/div>\n<p>Reglas de Operaci\u00f3n de los Programas Estatales 2026<\/p>\n<div class=\"panel panel-default\">\n\t\t\t\t<div class=\"panel-heading\">\n\t\t\t\t\t<h4 class=\"panel-title\">\n\t\t\t\t\t\t<a class=\"collapsed\" data-toggle=\"collapse\" data-parent=\"#single-collapse\" href=\"#single-collapse-0\">Reglas de Operaci\u00f3n y Lineamientos \u2207<\/a>\n\t\t\t\t\t<\/h4>\n\t\t\t\t<\/div>\n\t\t\t\t<div id=\"single-collapse-0\" class=\"panel-collapse collapse\">\n\t\t\t\t\t<div class=\"panel-body\">\n<p><a href=\"https:\/\/www.tamaulipas.gob.mx\/desarrollorural\/wp-content\/uploads\/sites\/6\/2025\/12\/rop-2026-s107-apoyo-al-desarrollo-productivo-y-economico.pdf\" target=\"_blank\" rel=\"noopener\"><i class=\"fa fa-file-pdf-o\"><\/i> S107 Apoyo al Desarrollo Productivo y Econ\u00f3mico<\/a><br \/>\n<a href=\"https:\/\/www.tamaulipas.gob.mx\/desarrollorural\/wp-content\/uploads\/sites\/6\/2025\/12\/rop-2026-s109-programa-desarrollo-forestal-sustentable.pdf\" target=\"_blank\" rel=\"noopener\"><i class=\"fa fa-file-pdf-o\"><\/i> S109 Programa Desarrollo Forestal Sustentable<\/a><br \/>\n<a href=\"https:\/\/www.tamaulipas.gob.mx\/desarrollorural\/wp-content\/uploads\/sites\/6\/2025\/12\/rop-2026-s110-aprovechamiento-de-los-recursos-naturales.pdf\" target=\"_blank\" rel=\"noopener\"><i class=\"fa fa-file-pdf-o\"><\/i> S110 Aprovechamiento de los Recursos Naturales<\/a><br \/>\n<a href=\"https:\/\/www.tamaulipas.gob.mx\/desarrollorural\/wp-content\/uploads\/sites\/6\/2025\/12\/rop-2026-s111-atencion-de-situaciones-de-contingencias-o-eventualidades-en-el-sector-rural.pdf\" target=\"_blank\" rel=\"noopener\"><i class=\"fa fa-file-pdf-o\"><\/i> S111 Atenci\u00f3n de Situaciones de Contingencias o Eventualidades en el Sector Rural<\/a><br \/>\n<a href=\"https:\/\/www.tamaulipas.gob.mx\/desarrollorural\/wp-content\/uploads\/sites\/6\/2025\/12\/rop-2026-s223-programa-nutrimar-comun.pdf\" target=\"_blank\" rel=\"noopener\"><span style=\"font-size: 16px;\"><i class=\"fa fa-file-pdf-o\"><\/i> S223 Programa NUTRIMAR-COMUN<\/span><\/a><br \/>\n<a href=\"https:\/\/www.tamaulipas.gob.mx\/desarrollorural\/wp-content\/uploads\/sites\/6\/2025\/12\/lop-2026-u043-apoyos-de-atencion-para-el-sector-rural.pdf\" target=\"_blank\" rel=\"noopener\"><i class=\"fa fa-file-pdf-o\"><\/i> U043 Apoyos de Atenci\u00f3n para el Sector Rural<\/a><br \/>\n<a href=\"https:\/\/www.tamaulipas.gob.mx\/desarrollorural\/wp-content\/uploads\/sites\/6\/2025\/12\/lop-2026-u104-impulso-al-crecimiento-y-la-inversion-rural.pdf\" target=\"_blank\" rel=\"noopener\"><i class=\"fa fa-file-pdf-o\"><\/i> U104 Impulso para el Crecimiento y la Inversi\u00f3n Rural<\/a><\/p>\n<\/div>\n\t\t\t\t<\/div>\n\t\t\t<\/div>\n<div class=\"panel panel-default\">\n\t\t\t\t<div class=\"panel-heading\">\n\t\t\t\t\t<h4 class=\"panel-title\">\n\t\t\t\t\t\t<a class=\"collapsed\" data-toggle=\"collapse\" data-parent=\"#single-collapse\" href=\"#single-collapse-1\">Consejo Estatal de Desarrollo Rural Sustentable\u2207<\/a>\n\t\t\t\t\t<\/h4>\n\t\t\t\t<\/div>\n\t\t\t\t<div id=\"single-collapse-1\" class=\"panel-collapse collapse\">\n\t\t\t\t\t<div class=\"panel-body\">\n<p><strong>Instalaci\u00f3n del Consejo Estatal de Desarrollo Rural Sustentable<\/strong><\/p>\n<p>&nbsp;<\/p>\n<p><strong>Primera Sesi\u00f3n Ordinaria del Consejo Estatal para el Desarrollo Rural Sustentable<\/strong><\/p>\n<p>&nbsp;<\/p>\n<\/div>\n\t\t\t\t<\/div>\n\t\t\t<\/div>\n<div class=\"panel panel-default\">\n\t\t\t\t<div class=\"panel-heading\">\n\t\t\t\t\t<h4 class=\"panel-title\">\n\t\t\t\t\t\t<a class=\"collapsed\" data-toggle=\"collapse\" data-parent=\"#single-collapse\" href=\"#single-collapse-2\">Convocatorias \u2207<\/a>\n\t\t\t\t\t<\/h4>\n\t\t\t\t<\/div>\n\t\t\t\t<div id=\"single-collapse-2\" class=\"panel-collapse collapse\">\n\t\t\t\t\t<div class=\"panel-body\">\n<i class=\"fa fa-file-pdf-o\"><\/i> Programa S107 Apoyo al Desarrollo Productivo Econ\u00f3mico, componente IV.- Subsidios Econ\u00f3micos para la Adquisici\u00f3n de Reproductores y Repoblamiento Pecuario, concepto: Reproductores Pecuarios<\/p>\n<p style=\"padding-left: 40px;\"><a href=\"https:\/\/www.tamaulipas.gob.mx\/desarrollorural\/wp-content\/uploads\/sites\/6\/2026\/03\/calendario_eventos_de_mejoramiento_2026.pdf\" target=\"_blank\" rel=\"noopener\"><i class=\"fa fa-file-pdf-o\"><\/i> Calendario de Eventos de Mejoramiento Gen\u00e9tico 2026\u00a0<\/a><\/p>\n<p><a href=\"https:\/\/www.tamaulipas.gob.mx\/desarrollorural\/wp-content\/uploads\/sites\/6\/2026\/03\/convocatoria_maiz_sorgo_programa-s107-2026.pdf\" target=\"_blank\" rel=\"noopener\"><i class=\"fa fa-file-pdf-o\"><\/i> S107 Convocatoria: Apoyo con Insumos y Material Vegetativo para la Producci\u00f3n Primaria Agr\u00edcola Concepto: Ma\u00edz y Sorgo (Semilla de Calidad).<\/a><\/p>\n<p><a href=\"https:\/\/www.tamaulipas.gob.mx\/desarrollorural\/wp-content\/uploads\/sites\/6\/2026\/02\/convocatoria-s107-comp.-i_20260220_0001.pdf\" target=\"_blank\" rel=\"noopener\"><i class=\"fa fa-file-pdf-o\"><\/i> S107 Convocatoria: Apoyo con Insumos y Material Vegetativo para la Producci\u00f3n Primaria Agricola Concepto: Avena, Cacahuate, Frijol, Ma\u00edz y sorgo (Semilla de Calidad).<\/a><\/p>\n<p><a href=\"https:\/\/www.tamaulipas.gob.mx\/desarrollorural\/wp-content\/uploads\/sites\/6\/2026\/03\/ampliacion-de-convocatoria-dirigida-a-personas-productoras-agricolas-interesadas-en-participar-en-el-programa-s107.pdf\" target=\"_blank\" rel=\"noopener\"><i class=\"fa fa-file-pdf-o\"><\/i> S107 Ampliaci\u00f3n Convocatoria: Apoyo con Insumos y Material Vegetativo para la Producci\u00f3n Primaria Agricola Concepto: Semilla de Calidad.<\/a><\/p>\n<p><a href=\"https:\/\/www.tamaulipas.gob.mx\/desarrollorural\/wp-content\/uploads\/sites\/6\/2026\/02\/convocatoria-s107-comp-v-agricola_2026.pdf\" target=\"_blank\" rel=\"noopener\"><i class=\"fa fa-file-pdf-o\"><\/i> S107 Convocatoria: Desarrollo de Capacidades y Acompa\u00f1amiento T\u00e9cnico Agr\u00edcola.<\/a><\/p>\n<p style=\"padding-left: 40px;\"><a href=\"https:\/\/www.tamaulipas.gob.mx\/desarrollorural\/wp-content\/uploads\/sites\/6\/2026\/02\/ampliacion-convocatoria-agricultura_2026_ok.pdf\" target=\"_blank\" rel=\"noopener\"><i class=\"fa fa-file-pdf-o\"><\/i> S107 Ampliaci\u00f3n de Convocatoria: Desarrollo de Capacidades y Acompa\u00f1amiento T\u00e9cnico Agr\u00edcola.<\/a><\/p>\n<p><a href=\"https:\/\/www.tamaulipas.gob.mx\/desarrollorural\/wp-content\/uploads\/sites\/6\/2026\/02\/convocatoria-s107-comp-v-pecuario-y-forestal_2026.pdf\" target=\"_blank\" rel=\"noopener\"><i class=\"fa fa-file-pdf-o\"><\/i> S107 Convocatoria: Desarrollo de Capacidades y Acompa\u00f1amiento T\u00e9cnico Pecuario y Forestal.<\/a><\/p>\n<p style=\"padding-left: 40px;\"><a href=\"https:\/\/www.tamaulipas.gob.mx\/desarrollorural\/wp-content\/uploads\/sites\/6\/2026\/02\/ampliacion-s107-comp-v_20260220_0001.pdf\" target=\"_blank\" rel=\"noopener\"><i class=\"fa fa-file-pdf-o\"><\/i> S107 Ampliaci\u00f3n de Convocatoria: Desarrollo de Capacidades y Acompa\u00f1amiento T\u00e9cnico Pecuario y Forestal.<\/a><\/p>\n<p><a href=\"https:\/\/www.tamaulipas.gob.mx\/desarrollorural\/wp-content\/uploads\/sites\/6\/2026\/02\/s109-convocatoria-programa-de-desarrollo-forestal-sustentable_2026_componente-i_iii.pdf\" target=\"_blank\" rel=\"noopener\"><i class=\"fa fa-file-pdf-o\"><\/i> S109 Convocatoria para el Programa de Desarrollo Forestal Sustentable Componente I (Elaboraci\u00f3n de Programas de Manejo de Aprovechamiento de Agaves para Mezcal) y Componente III (Prevenci\u00f3n y Combate de Incendios y Plagas Forestales).<\/a><\/p>\n<\/div>\n\t\t\t\t<\/div>\n\t\t\t<\/div>\n<p><a href=\"https:\/\/www.tamaulipas.gob.mx\/desarrollorural\/publicacion-de-resultados-2026\/\" target=\"_blank\" rel=\"noopener\">Publicaci\u00f3n de Resultados 2026<\/a><\/p>\n<p>Matriz de Indicadores Programas Estatales 2026<\/p>\n<div class=\"panel panel-default\">\n\t\t\t\t<div class=\"panel-heading\">\n\t\t\t\t\t<h4 class=\"panel-title\">\n\t\t\t\t\t\t<a class=\"collapsed\" data-toggle=\"collapse\" data-parent=\"#single-collapse\" href=\"#single-collapse-3\">Registro de Prestadores de Servicios Profesionales (PUPSP)  \u2207<\/a>\n\t\t\t\t\t<\/h4>\n\t\t\t\t<\/div>\n\t\t\t\t<div id=\"single-collapse-3\" class=\"panel-collapse collapse\">\n\t\t\t\t\t<div class=\"panel-body\">\n<p><a href=\"https:\/\/www.tamaulipas.gob.mx\/desarrollorural\/wp-content\/uploads\/sites\/6\/2026\/02\/convocatoria_padron_unico_de_prestadores_de_servicios_profesionales_2026.pdf\" target=\"_blank\" rel=\"noopener\"><i class=\"fa fa-file-pdf-o\"><\/i> Convocatoria Padr\u00f3n \u00danico de Prestadores de Servicios Profesionales<\/a><br \/>\n<a href=\"https:\/\/forms.gle\/5SgqUywYBYjbGn5B8\" target=\"_blank\" rel=\"noopener\"><i class=\"fa fa-file-pdf-o\"><\/i> Registrarse o actualizar registro<\/a><br \/>\n<a href=\"https:\/\/www.tamaulipas.gob.mx\/desarrollorural\/wp-content\/uploads\/sites\/6\/2026\/03\/pups-27-marzo_2026.pdf\" target=\"_blank\" rel=\"noopener\"><i class=\"fa fa-file-pdf-o\"><\/i> Consultar Padr\u00f3n<\/a><\/p>\n<\/div>\n\t\t\t\t<\/div>\n\t\t\t<\/div>\n<p>&nbsp;<\/p>\n","protected":false},"excerpt":{"rendered":"<p>Reglas de Operaci\u00f3n de los Programas Estatales 2026 Publicaci\u00f3n de Resultados 2026 Matriz de Indicadores Programas Estatales 2026 &nbsp;<\/p>\n","protected":false},"author":11,"featured_media":0,"parent":0,"menu_order":0,"comment_status":"closed","ping_status":"closed","template":"","meta":{"footnotes":""},"class_list":["post-7471","page","type-page","status-publish","hentry"],"publishpress_future_action":{"enabled":false,"date":"2026-04-11 05:55:21","action":"change-status","newStatus":"draft","terms":[],"taxonomy":""},"_links":{"self":[{"href":"https:\/\/www.tamaulipas.gob.mx\/desarrollorural\/wp-json\/wp\/v2\/pages\/7471"}],"collection":[{"href":"https:\/\/www.tamaulipas.gob.mx\/desarrollorural\/wp-json\/wp\/v2\/pages"}],"about":[{"href":"https:\/\/www.tamaulipas.gob.mx\/desarrollorural\/wp-json\/wp\/v2\/types\/page"}],"author":[{"embeddable":true,"href":"https:\/\/www.tamaulipas.gob.mx\/desarrollorural\/wp-json\/wp\/v2\/users\/11"}],"replies":[{"embeddable":true,"href":"https:\/\/www.tamaulipas.gob.mx\/desarrollorural\/wp-json\/wp\/v2\/comments?post=7471"}],"version-history":[{"count":25,"href":"https:\/\/www.tamaulipas.gob.mx\/desarrollorural\/wp-json\/wp\/v2\/pages\/7471\/revisions"}],"predecessor-version":[{"id":7632,"href":"https:\/\/www.tamaulipas.gob.mx\/desarrollorural\/wp-json\/wp\/v2\/pages\/7471\/revisions\/7632"}],"wp:attachment":[{"href":"https:\/\/www.tamaulipas.gob.mx\/desarrollorural\/wp-json\/wp\/v2\/media?parent=7471"}],"curies":[{"name":"wp","href":"https:\/\/api.w.org\/{rel}","templated":true}]}}