{"id":7426,"date":"2025-10-31T17:00:29","date_gmt":"2025-10-31T23:00:29","guid":{"rendered":"https:\/\/www.tamaulipas.gob.mx\/desarrollorural\/?page_id=7426"},"modified":"2025-11-03T16:07:58","modified_gmt":"2025-11-03T22:07:58","slug":"informacion-del-sector-rural","status":"publish","type":"page","link":"https:\/\/www.tamaulipas.gob.mx\/desarrollorural\/informacion-del-sector-rural\/","title":{"rendered":"Informaci\u00f3n del Sector Rural"},"content":{"rendered":"<p>En este apartado se encuentra informaci\u00f3n del Sector Rural, tanto de agricultura, ganaderia, forestal, pesca y acuacultura que sirve para la toma de decisiones, planeaci\u00f3n o informaci\u00f3n para cualquier otro an\u00e1lisis.<\/p>\n<p><a href=\"https:\/\/www.tamaulipas.gob.mx\/desarrollorural\/wp-content\/uploads\/sites\/6\/2025\/11\/informacion-del-sector-rural.pdf\" target=\"_blank\" rel=\"noopener\"><strong>Informaci\u00f3n del Sector Rural<\/strong><\/a><\/p>\n<p>&nbsp;<\/p>\n","protected":false},"excerpt":{"rendered":"<p>En este apartado se encuentra informaci\u00f3n del Sector Rural, tanto de agricultura, ganaderia, forestal, pesca y acuacultura que sirve para la toma de decisiones, planeaci\u00f3n\u2026<\/p>\n","protected":false},"author":11,"featured_media":0,"parent":0,"menu_order":0,"comment_status":"closed","ping_status":"closed","template":"","meta":{"footnotes":""},"class_list":["post-7426","page","type-page","status-publish","hentry"],"publishpress_future_action":{"enabled":false,"date":"2026-04-21 21:14:18","action":"change-status","newStatus":"draft","terms":[],"taxonomy":""},"_links":{"self":[{"href":"https:\/\/www.tamaulipas.gob.mx\/desarrollorural\/wp-json\/wp\/v2\/pages\/7426"}],"collection":[{"href":"https:\/\/www.tamaulipas.gob.mx\/desarrollorural\/wp-json\/wp\/v2\/pages"}],"about":[{"href":"https:\/\/www.tamaulipas.gob.mx\/desarrollorural\/wp-json\/wp\/v2\/types\/page"}],"author":[{"embeddable":true,"href":"https:\/\/www.tamaulipas.gob.mx\/desarrollorural\/wp-json\/wp\/v2\/users\/11"}],"replies":[{"embeddable":true,"href":"https:\/\/www.tamaulipas.gob.mx\/desarrollorural\/wp-json\/wp\/v2\/comments?post=7426"}],"version-history":[{"count":6,"href":"https:\/\/www.tamaulipas.gob.mx\/desarrollorural\/wp-json\/wp\/v2\/pages\/7426\/revisions"}],"predecessor-version":[{"id":7449,"href":"https:\/\/www.tamaulipas.gob.mx\/desarrollorural\/wp-json\/wp\/v2\/pages\/7426\/revisions\/7449"}],"wp:attachment":[{"href":"https:\/\/www.tamaulipas.gob.mx\/desarrollorural\/wp-json\/wp\/v2\/media?parent=7426"}],"curies":[{"name":"wp","href":"https:\/\/api.w.org\/{rel}","templated":true}]}}