{"id":7037,"date":"2024-10-22T13:47:43","date_gmt":"2024-10-22T19:47:43","guid":{"rendered":"https:\/\/www.tamaulipas.gob.mx\/desarrollorural\/?page_id=7037"},"modified":"2026-03-12T15:18:17","modified_gmt":"2026-03-12T21:18:17","slug":"publicacion-de-resultados-2025","status":"publish","type":"page","link":"https:\/\/www.tamaulipas.gob.mx\/desarrollorural\/publicacion-de-resultados-2025\/","title":{"rendered":"PUBLICACION DE RESULTADOS 2025"},"content":{"rendered":"<p><strong>S107 Programa Apoyo al Desarrollo Econ\u00f3mico y Productivo 2025.<\/strong><\/p>\n<p><a href=\"https:\/\/www.tamaulipas.gob.mx\/desarrollorural\/wp-content\/uploads\/sites\/6\/2025\/10\/publicacion-de-resultados-2025-componente-v-paquetes-productivos-apicola.pdf\" target=\"_blank\" rel=\"noopener\"><i class=\"fa fa-file-pdf-o\"><\/i> S107 Apoyos para la Adquisici\u00f3n de Reproductores y Repoblamiento Pecuario, Paquete Productivo Ap\u00edcola\u00a0 (Positivos).<\/a><\/p>\n<p><a href=\"https:\/\/www.tamaulipas.gob.mx\/desarrollorural\/wp-content\/uploads\/sites\/6\/2025\/08\/publicacion-solicitudes-positivas-fertilizantes_2025.pdf\" target=\"_blank\" rel=\"noopener\"><i class=\"fa fa-file-pdf-o\"><\/i> S107 Apoyos con insumos y material vegetativo para la producci\u00f3n primaria Fertilizantes\u00bb (Positivos).<\/a><\/p>\n<p><a href=\"https:\/\/www.tamaulipas.gob.mx\/desarrollorural\/wp-content\/uploads\/sites\/6\/2025\/05\/solicitudes-con-dictamen-positivo-avena_2025.pdf\" target=\"_blank\" rel=\"noopener\"><i class=\"fa fa-file-pdf-o\"><\/i> S107 Apoyos con insumos y material vegetativo para la producci\u00f3n primaria Semilla de Calidad \u00abAvena\u00bb (Positivos).<\/a><\/p>\n<p><a href=\"https:\/\/www.tamaulipas.gob.mx\/desarrollorural\/wp-content\/uploads\/sites\/6\/2025\/07\/publicacion-solicitudes-positivas_cartamo_2025.pdf\" target=\"_blank\" rel=\"noopener\"><i class=\"fa fa-file-pdf-o\"><\/i> S107 Apoyos con insumos y material vegetativo para la producci\u00f3n primaria Semilla de Calidad \u00abC\u00e1rtamo\u00bb (Positivos).<\/a><\/p>\n<p><a href=\"https:\/\/www.tamaulipas.gob.mx\/desarrollorural\/wp-content\/uploads\/sites\/6\/2025\/07\/publicacion-solicitudes-positivas_cacahuate_2025.pdf\" target=\"_blank\" rel=\"noopener\"><i class=\"fa fa-file-pdf-o\"><\/i> S107 Apoyos con insumos y material vegetativo para la producci\u00f3n primaria Semilla de Calidad \u00abCacahuate\u00bb (Positivos).<\/a><\/p>\n<p><a href=\"https:\/\/www.tamaulipas.gob.mx\/desarrollorural\/wp-content\/uploads\/sites\/6\/2025\/07\/publicacion-solicitudes-positivas_sorgo_2025.pdf\" target=\"_blank\" rel=\"noopener\"><i class=\"fa fa-file-pdf-o\"><\/i> S107 Apoyos con insumos y material vegetativo para la producci\u00f3n primaria Semilla de Calidad \u00abSorgo\u00bb (Positivos).<\/a><\/p>\n<p><a href=\"https:\/\/www.tamaulipas.gob.mx\/desarrollorural\/wp-content\/uploads\/sites\/6\/2025\/07\/publicacion-solicitudes-positivas_maiz_2025.pdf\" target=\"_blank\" rel=\"noopener\"><i class=\"fa fa-file-pdf-o\"><\/i> S107 Apoyos con insumos y material vegetativo para la producci\u00f3n primaria Semilla de Calidad \u00abMa\u00edz\u00bb (Positivos).<\/a><\/p>\n<p><a href=\"https:\/\/www.tamaulipas.gob.mx\/desarrollorural\/wp-content\/uploads\/sites\/6\/2025\/07\/publicacion-solicitudes-positivas_frijol_2025.pdf\" target=\"_blank\" rel=\"noopener\"><i class=\"fa fa-file-pdf-o\"><\/i> S107 Apoyos con insumos y material vegetativo para la producci\u00f3n primaria Semilla de Calidad \u00abFrijol\u00bb (Positivos).<\/a><\/p>\n<p><a href=\"https:\/\/www.tamaulipas.gob.mx\/desarrollorural\/wp-content\/uploads\/sites\/6\/2025\/05\/resultados-convocatoria-a-grupos-2025.pdf\" target=\"_blank\" rel=\"noopener\"><i class=\"fa fa-file-pdf-o\"><\/i> S107 Subsidios econ\u00f3micos para contrataci\u00f3n de servicios de Desarrollo de Capacidades y Acompa\u00f1amiento T\u00e9cnico \u00abAgr\u00edcola\u00bb (Positivos y Negativos).<\/a><\/p>\n<p><a href=\"https:\/\/www.tamaulipas.gob.mx\/desarrollorural\/wp-content\/uploads\/sites\/6\/2025\/06\/resultados-del-programa-s107-componente-vi.-pec-y-for-2025.pdf\" target=\"_blank\" rel=\"noopener\"><i class=\"fa fa-file-pdf-o\"><\/i> S107 Subsidios econ\u00f3micos para la contrataci\u00f3n de servicios de Desarrollo y Acompa\u00f1amiento T\u00e9cnico \u00abPecuario y Forestal\u00bb (Positivos).<\/a><\/p>\n<p><a href=\"https:\/\/www.tamaulipas.gob.mx\/desarrollorural\/wp-content\/uploads\/sites\/6\/2025\/06\/publicacion-de-resultados-extensionismo-pesca-y-acuacultura-2025.pdf\" target=\"_blank\" rel=\"noopener\"><i class=\"fa fa-file-pdf-o\"><\/i> S107 Subsidios econ\u00f3micos para la contrataci\u00f3n de servicios de Desarrollo y Acompa\u00f1amiento T\u00e9cnico \u00abPesquero y Acu\u00edcola Grupo de Productores\u00bb (Positivos).<\/a><\/p>\n<p><a href=\"https:\/\/www.tamaulipas.gob.mx\/desarrollorural\/wp-content\/uploads\/sites\/6\/2025\/07\/publicacion-resultados-extensionistas-pesca-y-acuacultura-2025.pdf\" target=\"_blank\" rel=\"noopener\"><i class=\"fa fa-file-pdf-o\"><\/i> S107 Subsidios econ\u00f3micos para la contrataci\u00f3n de servicios de Desarrollo de Capacidades y Acompa\u00f1amiento T\u00e9cnico \u00abPesquero y Acu\u00edcola Extensionistas\u00bb (Positivos).<\/a><\/p>\n<p><a href=\"https:\/\/www.tamaulipas.gob.mx\/desarrollorural\/wp-content\/uploads\/sites\/6\/2025\/07\/programa-s107-componente-vi-pec-y-for-2025-tecnicos-extensionistas-y-coord_2025.pdf\" target=\"_blank\" rel=\"noopener\"><i class=\"fa fa-file-pdf-o\"><\/i> S107 Subsidios econ\u00f3micos para la contrataci\u00f3n de servicios de Desarrollo y Acompa\u00f1amiento T\u00e9cnico \u00abPecuario y Forestal\u00bb (Positivos).<\/a><\/p>\n<p><a href=\"https:\/\/www.tamaulipas.gob.mx\/desarrollorural\/wp-content\/uploads\/sites\/6\/2025\/07\/programa-s107-componente-vi-pec-y-for-tecnicos-ext_30-06-2025.pdf\" target=\"_blank\" rel=\"noopener\"><i class=\"fa fa-file-pdf-o\"><\/i> S107 Subsidios econ\u00f3micos para la contrataci\u00f3n de servicios de Desarrollo y Acompa\u00f1amiento T\u00e9cnico \u00abPecuario y Forestal\u00bb (Positivos).<\/a><\/p>\n<p><a href=\"https:\/\/www.tamaulipas.gob.mx\/desarrollorural\/wp-content\/uploads\/sites\/6\/2025\/08\/listado-de-tecnicos-extensionistas-agricolas_2025.pdf\" target=\"_blank\" rel=\"noopener\"><i class=\"fa fa-file-pdf-o\"><\/i> S107 Subsidios econ\u00f3micos para la contrataci\u00f3n de servicios de Desarrollo de Solicitudes con Dictamen\u00bb (Positivos y Negativos).<\/a><\/p>\n<p style=\"padding-left: 40px;\"><a href=\"https:\/\/www.tamaulipas.gob.mx\/desarrollorural\/wp-content\/uploads\/sites\/6\/2025\/07\/evento_asamblea_ugrt_01-07-2025.pdf\" target=\"_blank\" rel=\"noopener\">Evento Asamblea UGRT 10\/04\/2025.<\/a><\/p>\n<p style=\"padding-left: 40px;\"><a href=\"https:\/\/www.tamaulipas.gob.mx\/desarrollorural\/wp-content\/uploads\/sites\/6\/2025\/07\/evento_aldama_01-07-2025.pdf\" target=\"_blank\" rel=\"noopener\">Evento Aldama 03\/05\/2025.<\/a><\/p>\n<p style=\"padding-left: 40px;\"><a href=\"https:\/\/www.tamaulipas.gob.mx\/desarrollorural\/wp-content\/uploads\/sites\/6\/2025\/07\/evento_reynosa_01-07-2025.pdf\" target=\"_blank\" rel=\"noopener\">Evento Reynosa 30\/05\/2025.<\/a><\/p>\n<p style=\"padding-left: 40px;\"><a href=\"https:\/\/www.tamaulipas.gob.mx\/desarrollorural\/wp-content\/uploads\/sites\/6\/2025\/07\/publicacion-tula_2025.pdf\" target=\"_blank\" rel=\"noopener\">Evento Tula 13\/06\/2025.<\/a><\/p>\n<p style=\"padding-left: 40px;\"><a href=\"https:\/\/www.tamaulipas.gob.mx\/desarrollorural\/wp-content\/uploads\/sites\/6\/2025\/08\/mg_mendez_2025-.pdf\" target=\"_blank\" rel=\"noopener\">Evento M\u00e9ndez 03\/07\/2025.<\/a><\/p>\n<p style=\"padding-left: 40px;\"><a href=\"https:\/\/www.tamaulipas.gob.mx\/desarrollorural\/wp-content\/uploads\/sites\/6\/2025\/09\/aldama-15-de-agosto_2025.pdf\" target=\"_blank\" rel=\"noopener\">II Evento Aldama 15\/08\/2025.<\/a><\/p>\n<p style=\"padding-left: 40px;\"><a href=\"https:\/\/www.tamaulipas.gob.mx\/desarrollorural\/wp-content\/uploads\/sites\/6\/2025\/10\/mg_gonzalez-12.09.25.pdf\" target=\"_blank\" rel=\"noopener\">Evento Gonz\u00e1lez 12\/09\/2025.<\/a><\/p>\n<p style=\"padding-left: 40px;\"><a href=\"https:\/\/www.tamaulipas.gob.mx\/desarrollorural\/wp-content\/uploads\/sites\/6\/2025\/10\/beneficiarios_feria_victoria_2025_ok.pdf\" target=\"_blank\" rel=\"noopener\">Evento Feria Victoria 26\/10\/2025.<\/a><\/p>\n<p><strong>S109 Programa de Desarrollo Forestal Sustentable.<\/strong><\/p>\n<p><a href=\"https:\/\/www.tamaulipas.gob.mx\/desarrollorural\/wp-content\/uploads\/sites\/6\/2025\/12\/publicacion-de-resultados-s109-2025.pdf\" target=\"_blank\" rel=\"noopener\"><i class=\"fa fa-file-pdf-o\"><\/i> S109 Publicaci\u00f3n de resultados , aprobadas y\/o rechazadas de la Convocatoria del Programa de Desarrollo Forestal Sustentable.<\/a><\/p>\n<p><strong>S110 Programa Aprovechamiento de los Recursos Naturales 2025.<\/strong><\/p>\n<p><a href=\"https:\/\/www.tamaulipas.gob.mx\/desarrollorural\/wp-content\/uploads\/sites\/6\/2026\/02\/beneficiarios-s110-2025.pdf\" target=\"_blank\" rel=\"noopener\"><i class=\"fa fa-file-pdf-o\"><\/i> S110 Publicaci\u00f3n de resultados COMPONENTES: Conservaci\u00f3n y Uso Eficiente del Agua \/ Conservaci\u00f3n y Uso Eficiente del Suelo y Vegetaci\u00f3n.<\/a><\/p>\n<p><strong>S111 Programa de Atenci\u00f3n de Situaciones de Contingencias o Eventualidades en el Sector Rural 2025.<\/strong><\/p>\n<p><a href=\"https:\/\/www.tamaulipas.gob.mx\/desarrollorural\/wp-content\/uploads\/sites\/6\/2026\/03\/notificacion-positivos-apoyo-ext-sorgo-2025.pdf\" target=\"_blank\" rel=\"noopener\"><i class=\"fa fa-file-pdf-o\"><\/i> S111 Publicaci\u00f3n de Resultados del Apoyo Estatal Extraordinario a Personas Productoras de Sorgo o Trigo Ciclo Oto\u00f1o-Invierno 2024-2025 Concepto: (Semillla de sorgo).<\/a><\/p>\n<p><a href=\"https:\/\/www.tamaulipas.gob.mx\/desarrollorural\/wp-content\/uploads\/sites\/6\/2026\/03\/notificacion-positivos-diesel_2025.pdf\" target=\"_blank\" rel=\"noopener\"><i class=\"fa fa-file-pdf-o\"><\/i> S111 Publicaci\u00f3n de Resultados del Apoyo Estatal Extraordinario a Personas Productoras de Sorgo o Trigo Ciclo Oto\u00f1o-Invierno 2024-2025 Concepto: (Diesel).<\/a><\/p>\n<p><strong>S223 Programa NUTRIMAR-COMUN 2025.<\/strong><\/p>\n<p><a href=\"https:\/\/www.tamaulipas.gob.mx\/desarrollorural\/wp-content\/uploads\/sites\/6\/2025\/10\/publicacion-resultados-nutrimar-2025-pescadores.pdf\" target=\"_blank\" rel=\"noopener\"><i class=\"fa fa-file-pdf-o\"><\/i> S223 Programa NUTRIMAR-COMUN 2025, Impulso a la Comercializaci\u00f3n de los Productores (Positivos).<\/a><\/p>\n<p><strong>U104 Programa Impulso para el Crecimientoy la Inversi\u00f3n Rural 2025.<\/strong><\/p>\n<p><a href=\"https:\/\/www.tamaulipas.gob.mx\/desarrollorural\/wp-content\/uploads\/sites\/6\/2026\/02\/listado-de-beneficiarios-c1-paquetes-tec-pec-u104-2025.pdf\" target=\"_blank\" rel=\"noopener\"><i class=\"fa fa-file-pdf-o\"><\/i> U104 Publicaci\u00f3n de Resultados COMPONENTE 1: Apoyos para Innovaci\u00f3n y Transferencia de Tecnolog\u00eda (Paquetes Tecnol\u00f3gicos Pecuarios).<\/a><\/p>\n","protected":false},"excerpt":{"rendered":"<p>S107 Programa Apoyo al Desarrollo Econ\u00f3mico y Productivo 2025. S107 Apoyos para la Adquisici\u00f3n de Reproductores y Repoblamiento Pecuario, Paquete Productivo Ap\u00edcola\u00a0 (Positivos). S107 Apoyos\u2026<\/p>\n","protected":false},"author":11,"featured_media":0,"parent":0,"menu_order":0,"comment_status":"closed","ping_status":"closed","template":"","meta":{"footnotes":""},"class_list":["post-7037","page","type-page","status-publish","hentry"],"publishpress_future_action":{"enabled":false,"date":"2026-04-28 13:04:18","action":"change-status","newStatus":"draft","terms":[],"taxonomy":""},"_links":{"self":[{"href":"https:\/\/www.tamaulipas.gob.mx\/desarrollorural\/wp-json\/wp\/v2\/pages\/7037"}],"collection":[{"href":"https:\/\/www.tamaulipas.gob.mx\/desarrollorural\/wp-json\/wp\/v2\/pages"}],"about":[{"href":"https:\/\/www.tamaulipas.gob.mx\/desarrollorural\/wp-json\/wp\/v2\/types\/page"}],"author":[{"embeddable":true,"href":"https:\/\/www.tamaulipas.gob.mx\/desarrollorural\/wp-json\/wp\/v2\/users\/11"}],"replies":[{"embeddable":true,"href":"https:\/\/www.tamaulipas.gob.mx\/desarrollorural\/wp-json\/wp\/v2\/comments?post=7037"}],"version-history":[{"count":36,"href":"https:\/\/www.tamaulipas.gob.mx\/desarrollorural\/wp-json\/wp\/v2\/pages\/7037\/revisions"}],"predecessor-version":[{"id":7553,"href":"https:\/\/www.tamaulipas.gob.mx\/desarrollorural\/wp-json\/wp\/v2\/pages\/7037\/revisions\/7553"}],"wp:attachment":[{"href":"https:\/\/www.tamaulipas.gob.mx\/desarrollorural\/wp-json\/wp\/v2\/media?parent=7037"}],"curies":[{"name":"wp","href":"https:\/\/api.w.org\/{rel}","templated":true}]}}