{"id":6992,"date":"2024-10-03T12:43:56","date_gmt":"2024-10-03T18:43:56","guid":{"rendered":"https:\/\/www.tamaulipas.gob.mx\/desarrollorural\/?page_id=6992"},"modified":"2026-03-12T15:52:17","modified_gmt":"2026-03-12T21:52:17","slug":"programas-2025","status":"publish","type":"page","link":"https:\/\/www.tamaulipas.gob.mx\/desarrollorural\/programas-2025\/","title":{"rendered":"Programas 2025"},"content":{"rendered":"<ul class=\"nav nav-tabs\" id=\"\"><\/ul><div class=\"tab-content\"><\/div>\n<div id=\"custom-tab-0-60150d40cb83aea28ee831b3933015fa\" class=\"tab-pane active\"><\/div>\n<p>Reglas de Operaci\u00f3n de los Programas Estatales 2025<\/p>\n<div class=\"panel panel-default\">\n\t\t\t\t<div class=\"panel-heading\">\n\t\t\t\t\t<h4 class=\"panel-title\">\n\t\t\t\t\t\t<a class=\"collapsed\" data-toggle=\"collapse\" data-parent=\"#single-collapse\" href=\"#single-collapse-0\">Reglas de Operaci\u00f3n y Lineamientos \u2207<\/a>\n\t\t\t\t\t<\/h4>\n\t\t\t\t<\/div>\n\t\t\t\t<div id=\"single-collapse-0\" class=\"panel-collapse collapse\">\n\t\t\t\t\t<div class=\"panel-body\">\n<p><a href=\"https:\/\/www.tamaulipas.gob.mx\/desarrollorural\/wp-content\/uploads\/sites\/6\/2024\/12\/s107-apoyo-al-desarrollo-productivo-y-economico_2025.pdf\" target=\"_blank\" rel=\"noopener\"><i class=\"fa fa-file-pdf-o\"><\/i> S107 Apoyo al Desarrollo Productivo y Econ\u00f3mico<\/a><br \/>\n<a href=\"https:\/\/www.tamaulipas.gob.mx\/desarrollorural\/wp-content\/uploads\/sites\/6\/2024\/12\/s109-programa-desarrollo-forestal-sustentable_2025.pdf\" target=\"_blank\" rel=\"noopener\"><i class=\"fa fa-file-pdf-o\"><\/i> S109 Programa Desarrollo Forestal Sustentable<\/a><br \/>\n<a href=\"https:\/\/www.tamaulipas.gob.mx\/desarrollorural\/wp-content\/uploads\/sites\/6\/2024\/12\/s110-aprovechamiento-de-los-recursos-naturales_2025.pdf\" target=\"_blank\" rel=\"noopener\"><i class=\"fa fa-file-pdf-o\"><\/i> S110 Aprovechamiento de los Recursos Naturales<\/a><br \/>\n<a href=\"https:\/\/www.tamaulipas.gob.mx\/desarrollorural\/wp-content\/uploads\/sites\/6\/2024\/12\/s111-atencion-de-situaciones-de-contingencias-o-eventualidades-en-el-sector-rural_2025.pdf\" target=\"_blank\" rel=\"noopener\"><i class=\"fa fa-file-pdf-o\"><\/i> S111 Atenci\u00f3n de Situaciones de Contingencias o Eventualidades en el Sector Rural<\/a><\/p>\n<p style=\"padding-left: 40px;\"><a href=\"https:\/\/www.tamaulipas.gob.mx\/desarrollorural\/wp-content\/uploads\/sites\/6\/2026\/03\/mecanica-operativa-para-el-otorgamiento-del-apoyo-estatal-extraordinario-a-personas-productoras-de-sorgo-o-trigo_2025.pdf\" target=\"_blank\" rel=\"noopener\"><i class=\"fa fa-file-pdf-o\"><\/i> Mec\u00e1nica Operativa para el Otorgamiento del Apoyo Estatal Extraordinario a Personas Productoras de Sorgo o Trigo, bajo el esquema de complemento a los Procesos Productivos del Cultivo, en el Ciclo Oto\u00f1o-Invierno 2024-2025, a trav\u00e9s del Programa S111<\/a><\/p>\n<p><a href=\"https:\/\/www.tamaulipas.gob.mx\/desarrollorural\/wp-content\/uploads\/sites\/6\/2024\/12\/s223-programa-nutrimar-comun_2025.pdf\" target=\"_blank\" rel=\"noopener\"><span style=\"font-size: 16px;\"><i class=\"fa fa-file-pdf-o\"><\/i> S223 Programa NUTRIMAR-COMUN<\/span><\/a><br \/>\n<span style=\"font-size: 16px;\"><a href=\"https:\/\/www.tamaulipas.gob.mx\/desarrollorural\/wp-content\/uploads\/sites\/6\/2025\/09\/cl-ext-no.30-070725_nutrimar-mod.pdf\" target=\"_blank\" rel=\"noopener\"><i class=\"fa fa-file-pdf-o\"><\/i> S223 Programa NUTRIMAR-COMUN Modificaci\u00f3n<\/a><\/span><br \/>\n<a href=\"https:\/\/www.tamaulipas.gob.mx\/desarrollorural\/wp-content\/uploads\/sites\/6\/2024\/12\/u043-apoyos-de-atencion-para-el-sector-rural_2025.pdf\" target=\"_blank\" rel=\"noopener\"><i class=\"fa fa-file-pdf-o\"><\/i> U043 Apoyos de Atenci\u00f3n para el Sector Rural<\/a><br \/>\n<a href=\"https:\/\/www.tamaulipas.gob.mx\/desarrollorural\/wp-content\/uploads\/sites\/6\/2024\/12\/u104-impulso-para-el-crecimiento-y-la-inversion-rural_2025.pdf\" target=\"_blank\" rel=\"noopener\"><i class=\"fa fa-file-pdf-o\"><\/i> U104 Impulso para el Crecimiento y la Inversi\u00f3n Rural<\/a><\/p>\n<\/div>\n\t\t\t\t<\/div>\n\t\t\t<\/div>\n<div class=\"panel panel-default\">\n\t\t\t\t<div class=\"panel-heading\">\n\t\t\t\t\t<h4 class=\"panel-title\">\n\t\t\t\t\t\t<a class=\"collapsed\" data-toggle=\"collapse\" data-parent=\"#single-collapse\" href=\"#single-collapse-1\">Consejo Estatal de Desarrollo Rural Sustentable\u2207<\/a>\n\t\t\t\t\t<\/h4>\n\t\t\t\t<\/div>\n\t\t\t\t<div id=\"single-collapse-1\" class=\"panel-collapse collapse\">\n\t\t\t\t\t<div class=\"panel-body\">\n<p><strong>Instalaci\u00f3n del Consejo Estatal de Desarrollo Rural Sustentable<\/strong><\/p>\n<ul>\n<li><a href=\"https:\/\/www.tamaulipas.gob.mx\/desarrollorural\/wp-content\/uploads\/sites\/6\/2025\/05\/anexo-1-estastutos-consejo-desarrollo-rural-sustentable-22-05-25.pdf\" target=\"_blank\" rel=\"noopener\"><i class=\"fa fa-file-pdf-o\"><\/i> Anexo 1. Estatutos para el Consejo de Desarrollo Rural Sustentable.<\/a><\/li>\n<li><a href=\"https:\/\/www.tamaulipas.gob.mx\/desarrollorural\/wp-content\/uploads\/sites\/6\/2025\/05\/anexo-2-convenio-de-coordinacion-2025-2028-del-estado-de-tamaulipas.pdf\" target=\"_blank\" rel=\"noopener\"><i class=\"fa fa-file-pdf-o\"><\/i> Anexo 2. Convenio de Coordinaci\u00f3n 2025-2028 del Estado de Tamaulipas.<\/a><\/li>\n<li><a href=\"https:\/\/www.tamaulipas.gob.mx\/desarrollorural\/wp-content\/uploads\/sites\/6\/2025\/05\/anexo-3-presentacion-programas-2025.pdf\" target=\"_blank\" rel=\"noopener\"><i class=\"fa fa-file-pdf-o\"><\/i> Anexo 3. Presentaci\u00f3n de los Programas 2025.<\/a><\/li>\n<li><a href=\"https:\/\/www.tamaulipas.gob.mx\/desarrollorural\/wp-content\/uploads\/sites\/6\/2025\/05\/anexo-4-accioines-sdrpya-2024.pdf\" target=\"_blank\" rel=\"noopener\"><i class=\"fa fa-file-pdf-o\"><\/i> Anexo 4. Acciones de la Secretaria de Desarrollo Rural, Pesca y Acuacultura 2024.<\/a><\/li>\n<li><a href=\"https:\/\/www.tamaulipas.gob.mx\/desarrollorural\/wp-content\/uploads\/sites\/6\/2025\/05\/anexo-5-fichas-de-los-programas-estatales-2025.pdf\" target=\"_blank\" rel=\"noopener\"><i class=\"fa fa-file-pdf-o\"><\/i> Anexo 5. Fichas de los Programas Estatales 2025.<\/a><\/li>\n<li><a href=\"https:\/\/www.tamaulipas.gob.mx\/desarrollorural\/wp-content\/uploads\/sites\/6\/2025\/05\/anexo-6-proif-fira.pdf\" target=\"_blank\" rel=\"noopener\"><i class=\"fa fa-file-pdf-o\"><\/i> Anexo 6. PROIF-FIRA.<\/a><\/li>\n<li><a href=\"https:\/\/www.tamaulipas.gob.mx\/desarrollorural\/wp-content\/uploads\/sites\/6\/2025\/09\/acta-de-instalacion-del-cedrs_2025.pdf\" target=\"_blank\" rel=\"noopener\"><i class=\"fa fa-file-pdf-o\"><\/i> Acta de Instalaci\u00f3n del Consejo Estatal de Desarrollo Rural Sustentable 2025.<\/a><\/li>\n<\/ul>\n<p><strong>Primera Sesi\u00f3n Ordinaria del Consejo Estatal para el Desarrollo Rural Sustentable<\/strong><\/p>\n<ul>\n<li><a href=\"https:\/\/www.tamaulipas.gob.mx\/desarrollorural\/wp-content\/uploads\/sites\/6\/2025\/09\/anexo-1.-estatutos-consejo-desarrollo-rural-sustentable-27-08-2025.pdf\" target=\"_blank\" rel=\"noopener\"><i class=\"fa fa-file-pdf-o\"><\/i> Anexo 1. Estatutos del Consejo de Desarrollo Rural Sustentable 27-08-2025.<\/a><\/li>\n<li><a href=\"https:\/\/www.tamaulipas.gob.mx\/desarrollorural\/wp-content\/uploads\/sites\/6\/2025\/09\/anexo-2.-presentacion-sader_2025.pdf\" target=\"_blank\" rel=\"noopener\"><i class=\"fa fa-file-pdf-o\"><\/i> Anexo 2. Presentaci\u00f3n SADER 2025.<\/a><\/li>\n<li><a href=\"https:\/\/www.tamaulipas.gob.mx\/desarrollorural\/wp-content\/uploads\/sites\/6\/2025\/09\/anexo-3.-avance-de-los-programas-estatales_2025.pdf\" target=\"_blank\" rel=\"noopener\"><i class=\"fa fa-file-pdf-o\"><\/i> Anexo 3. Avance de los Programas Estatales 2025.<\/a><\/li>\n<li><a href=\"https:\/\/www.tamaulipas.gob.mx\/desarrollorural\/wp-content\/uploads\/sites\/6\/2025\/09\/anexo-4.-proyectos-estrategicos_2025.pdf\" target=\"_blank\" rel=\"noopener\"><i class=\"fa fa-file-pdf-o\"><\/i> Anexo 4. Proyectos Estrat\u00e9gicos 2025.<\/a><\/li>\n<li><a href=\"https:\/\/www.tamaulipas.gob.mx\/desarrollorural\/wp-content\/uploads\/sites\/6\/2025\/09\/anexo-5.-biocumbustible_2025.pdf\" target=\"_blank\" rel=\"noopener\"><i class=\"fa fa-file-pdf-o\"><\/i> Anexo 5. Biocombustible.<\/a><\/li>\n<li><a href=\"https:\/\/www.tamaulipas.gob.mx\/desarrollorural\/wp-content\/uploads\/sites\/6\/2025\/09\/convenio_2025.pdf\" target=\"_blank\" rel=\"noopener\"><i class=\"fa fa-file-pdf-o\"><\/i> Anexo 6. Convenio de la primera sesi\u00f3n del CEDRS.<\/a><\/li>\n<li><a href=\"https:\/\/www.tamaulipas.gob.mx\/desarrollorural\/wp-content\/uploads\/sites\/6\/2025\/09\/anexo-7.-presentacion-cotacyt_2025.pdf\" target=\"_blank\" rel=\"noopener\"><i class=\"fa fa-file-pdf-o\"><\/i> Anexo 7. Presentaci\u00f3n COTACYT.<\/a><\/li>\n<\/ul>\n<\/div>\n\t\t\t\t<\/div>\n\t\t\t<\/div>\n<div class=\"panel panel-default\">\n\t\t\t\t<div class=\"panel-heading\">\n\t\t\t\t\t<h4 class=\"panel-title\">\n\t\t\t\t\t\t<a class=\"collapsed\" data-toggle=\"collapse\" data-parent=\"#single-collapse\" href=\"#single-collapse-2\">Convocatorias \u2207<\/a>\n\t\t\t\t\t<\/h4>\n\t\t\t\t<\/div>\n\t\t\t\t<div id=\"single-collapse-2\" class=\"panel-collapse collapse\">\n\t\t\t\t\t<div class=\"panel-body\">\n<p style=\"padding-left: 40px;\"><a href=\"https:\/\/www.tamaulipas.gob.mx\/desarrollorural\/wp-content\/uploads\/sites\/6\/2025\/06\/convocatoria-u104-apoyos-para-innovacion-y-transferencia-de-tecnologia_2025.pdf\" target=\"_blank\" rel=\"noopener\"><i class=\"fa fa-file-pdf-o\"><\/i> U104 Convocatoria para el Crecimiento y la Inversi\u00f3n Rural 2025 (Paquetes Tecnol\u00f3gicos Pecuarios).<\/a><\/p>\n<p style=\"padding-left: 40px;\"><a href=\"https:\/\/www.tamaulipas.gob.mx\/desarrollorural\/wp-content\/uploads\/sites\/6\/2025\/06\/convocatoria-s107-apoyo-al-des-prod-y-economico-2025.pdf\" target=\"_blank\" rel=\"noopener\"><i class=\"fa fa-file-pdf-o\"><\/i> S107 Convocatoria para Apoyo con Insumos y Material Vegetativo para la Producci\u00f3n Primaria Agr\u00edcola (Fertilizante).<\/a><\/p>\n<p style=\"padding-left: 40px;\"><a href=\"https:\/\/www.tamaulipas.gob.mx\/desarrollorural\/error\/\" target=\"_blank\" rel=\"noopener\"><i class=\"fa fa-file-pdf-o\"><\/i> S107 Convocatoria para Subsidios Econ\u00f3micos para la Adquisici\u00f3n de Reproductores y Repoblamiento Pecuario (Paquete Productivo Ap\u00edcola).<\/a><\/p>\n<p style=\"padding-left: 40px;\"><a href=\"https:\/\/www.tamaulipas.gob.mx\/desarrollorural\/wp-content\/uploads\/sites\/6\/2025\/05\/s107_subsidios-economicos-para-adquisicion-de-reproductores-y-repoblamiento-pecuario_2025.pdf\" target=\"_blank\" rel=\"noopener\"><i class=\"fa fa-file-pdf-o\"><\/i> S107 Convocatoria para la adquisici\u00f3n de reproductores y repoblamiento pecuario (reproductores pecuarios).<\/a><\/p>\n<p style=\"padding-left: 80px;\"><a href=\"https:\/\/www.tamaulipas.gob.mx\/desarrollorural\/calendariomg2025\/\" target=\"_blank\" rel=\"noopener\"><i class=\"fa fa-file-pdf-o\"><\/i> Calendario de Eventos de Mejoramiento Gen\u00e9tico 2025\u00a0<\/a><\/p>\n<p style=\"padding-left: 40px;\"><a href=\"https:\/\/www.tamaulipas.gob.mx\/desarrollorural\/wp-content\/uploads\/sites\/6\/2025\/05\/s107_subsidios-economicos-para-contratacion-de-servicios-de-desarrollo-de-capacidades-y-acompanamiento-tecnico-productores_2025.pdf\" target=\"_blank\" rel=\"noopener\"><i class=\"fa fa-file-pdf-o\"><\/i> S107 Convocatoria para la contrataci\u00f3n de servicios de desarrollo de capacidades y Acompa\u00f1amiento T\u00e9cnico (Productores).<\/a><\/p>\n<p style=\"padding-left: 40px;\"><a href=\"https:\/\/www.tamaulipas.gob.mx\/desarrollorural\/wp-content\/uploads\/sites\/6\/2025\/05\/s107_subsidios-economicos-para-contratacion-de-servicios-de-desarrollo-de-capacidades-y-acom_tecnico_extensionistas_2025.pdf\" target=\"_blank\" rel=\"noopener\"><i class=\"fa fa-file-pdf-o\"><\/i> S107 Convocatoria para la contrataci\u00f3n de servicios de desarrollo de capacidades y Acompa\u00f1amiento T\u00e9cnico (Extensionistas Pecuario y Forestal).<\/a><\/p>\n<p style=\"padding-left: 40px;\"><a href=\"https:\/\/www.tamaulipas.gob.mx\/desarrollorural\/wp-content\/uploads\/sites\/6\/2025\/05\/convocatoria-s107-a-prestadores-de-servicios_2025.pdf\" target=\"_blank\" rel=\"noopener\"><i class=\"fa fa-file-pdf-o\"><\/i> S107 Convocatoria para Servicios de Desarrollo de Capacidades y Acompa\u00f1amiento T\u00e9cnico (Agr\u00edcola).<\/a><\/p>\n<p style=\"padding-left: 40px;\"><a href=\"https:\/\/www.tamaulipas.gob.mx\/desarrollorural\/wp-content\/uploads\/sites\/6\/2025\/05\/convocatoria-s107-a-productores-agricolas_2025.pdf\" target=\"_blank\" rel=\"noopener\"><i class=\"fa fa-file-pdf-o\"><\/i> S107 Convocatoria para Servicios de Desarrollo de Capacidades y Acompa\u00f1amiento T\u00e9cnico para Grupos de Productores Agr\u00edcolas.<\/a><\/p>\n<p style=\"padding-left: 40px;\"><a href=\"https:\/\/www.tamaulipas.gob.mx\/desarrollorural\/wp-content\/uploads\/sites\/6\/2025\/05\/convocatoria-semilla-de-calidad_2025.pdf\" target=\"_blank\" rel=\"noopener\"><i class=\"fa fa-file-pdf-o\"><\/i> S107 Convocatoria apoyos con insumos y material vegetativo para la producci\u00f3n primaria agr\u00edcola. (Semilla de Calidad).<\/a><\/p>\n<p style=\"padding-left: 40px;\"><a href=\"https:\/\/www.tamaulipas.gob.mx\/desarrollorural\/wp-content\/uploads\/sites\/6\/2025\/05\/comunicado-de-ampliacion_semilla_2025.pdf\" target=\"_blank\" rel=\"noopener\"><i class=\"fa fa-file-pdf-o\"><\/i> Comunicado de Ampliaci\u00f3n (Semilla de Calidad).<\/a><\/p>\n<p style=\"padding-left: 80px;\"><a href=\"https:\/\/www.tamaulipas.gob.mx\/desarrollorural\/wp-content\/uploads\/sites\/6\/2025\/05\/anexo-1-a-solicitud-de-apoyo_semilla_2025.pdf\" target=\"_blank\" rel=\"noopener\"><i class=\"fa fa-file-pdf-o\"><\/i> Anexo I-A Solicitud de Apoyo Ampliaci\u00f3n.<\/a><\/p>\n<p style=\"padding-left: 40px;\"><a href=\"https:\/\/www.tamaulipas.gob.mx\/desarrollorural\/wp-content\/uploads\/sites\/6\/2025\/05\/convocatoria-para-publicacion-semilla_2025.pdf\" target=\"_blank\" rel=\"noopener\"><i class=\"fa fa-file-pdf-o\"><\/i> S107 Convocatoria apoyos con insumos y material vegetativo para la producci\u00f3n primaria agr\u00edcola. (Semilla de Calidad).<\/a><\/p>\n<p style=\"padding-left: 80px;\"><a href=\"https:\/\/www.tamaulipas.gob.mx\/desarrollorural\/wp-content\/uploads\/sites\/6\/2025\/05\/solicitud-anexo1_2025_semilla.pdf\" target=\"_blank\" rel=\"noopener\"><i class=\"fa fa-file-pdf-o\"><\/i> Anexo I-A Solicitud de Apoyo.<\/a><\/p>\n<p style=\"padding-left: 40px;\"><a href=\"https:\/\/www.tamaulipas.gob.mx\/desarrollorural\/wp-content\/uploads\/sites\/6\/2025\/05\/convocatoria-a-personas-productoras-pesqueras_2025.pdf\" target=\"_blank\" rel=\"noopener\"><i class=\"fa fa-file-pdf-o\"><\/i> S107 Convocatoria para Subsidios Econ\u00f3micos para Contrataci\u00f3n de Servicios de Desarrollo de Capacidades y Acompa\u00f1amiento T\u00e9cnico Productores (Pesquero y Acu\u00edcola)<\/a><\/p>\n<p style=\"padding-left: 80px;\"><a href=\"https:\/\/www.tamaulipas.gob.mx\/desarrollorural\/wp-content\/uploads\/sites\/6\/2025\/05\/anexo-i-b.-solicitud-de-apoyo_2025_pesca.pdf\" target=\"_blank\" rel=\"noopener\"><i class=\"fa fa-file-pdf-o\"><\/i> Anexo I-B. Solicitud de Apoyo<\/a><\/p>\n<p style=\"padding-left: 80px;\"><a href=\"https:\/\/www.tamaulipas.gob.mx\/desarrollorural\/wp-content\/uploads\/sites\/6\/2025\/05\/anexo-v.-carta-compromiso-de-participacion_2025_pesca.pdf\" target=\"_blank\" rel=\"noopener\"><i class=\"fa fa-file-pdf-o\"><\/i> Anexo V. Carta Compromiso de Participaci\u00f3n<\/a><\/p>\n<p style=\"padding-left: 80px;\"><a href=\"https:\/\/www.tamaulipas.gob.mx\/desarrollorural\/wp-content\/uploads\/sites\/6\/2025\/05\/anexo-xv.-relacion-de-solicitantes_2025_pesca.pdf\" target=\"_blank\" rel=\"noopener\"><i class=\"fa fa-file-pdf-o\"><\/i> Anexo XV. Relaci\u00f3n de Solicitantes<\/a><\/p>\n<p style=\"padding-left: 80px;\"><a href=\"https:\/\/www.tamaulipas.gob.mx\/desarrollorural\/wp-content\/uploads\/sites\/6\/2025\/05\/anexo-xvi-2.-cesion-de-derechos_2025_pesca.pdf\" target=\"_blank\" rel=\"noopener\"><i class=\"fa fa-file-pdf-o\"><\/i> Anexo XVI-2. Cesi\u00f3n de Derechos<\/a><\/p>\n<p style=\"padding-left: 40px;\"><a href=\"https:\/\/www.tamaulipas.gob.mx\/desarrollorural\/wp-content\/uploads\/sites\/6\/2025\/05\/convocatoria-a-prestadores-de-servicios-profesionales_2025.pdf\" target=\"_blank\" rel=\"noopener\"><i class=\"fa fa-file-pdf-o\"><\/i> S107 Convocatoria para Subsidios Econ\u00f3micos para Contrataci\u00f3n de Servicios de Desarrollo de Capacidades y Acompa\u00f1amiento T\u00e9cnico Prestadores de Servicios (Pesquero y Acu\u00edcola)<\/a><\/p>\n<p style=\"padding-left: 80px;\"><a href=\"https:\/\/www.tamaulipas.gob.mx\/desarrollorural\/wp-content\/uploads\/sites\/6\/2025\/05\/anexo-xix-solicitud-de-participacion-de-extensionistas_2025.pdf\" target=\"_blank\" rel=\"noopener\"><i class=\"fa fa-file-pdf-o\"><\/i> Anexo XIX Solicitud de participaci\u00f3n de Extensionistas<\/a><\/p>\n<p style=\"padding-left: 80px;\"><a href=\"https:\/\/www.tamaulipas.gob.mx\/desarrollorural\/wp-content\/uploads\/sites\/6\/2025\/05\/anexo-xx-carta-compromiso-del-extensionista_2025.pdf\" target=\"_blank\" rel=\"noopener\"><i class=\"fa fa-file-pdf-o\"><\/i> Anexo XX Carta Compromiso del Extensionista<\/a><\/p>\n<p style=\"padding-left: 80px;\"><a href=\"https:\/\/www.tamaulipas.gob.mx\/desarrollorural\/wp-content\/uploads\/sites\/6\/2025\/05\/anexo-xxi-formato-curriculum_2025.pdf\" target=\"_blank\" rel=\"noopener\"><i class=\"fa fa-file-pdf-o\"><\/i> Anexo XXI Formato Curriculum<\/a><\/p>\n<p style=\"padding-left: 40px;\"><a href=\"https:\/\/www.tamaulipas.gob.mx\/desarrollorural\/wp-content\/uploads\/sites\/6\/2025\/07\/convocatoria-unidades-economicas_2025.pdf\" target=\"_blank\" rel=\"noopener\"><i class=\"fa fa-file-pdf-o\"><\/i> S107 Convocatoria para Apoyos\u00a0 a la Producci\u00f3n y Comercializaci\u00f3n de los Productos Pesqueros y\/o Acu\u00edcolas (Unidades Econ\u00f3micas).<\/a><\/p>\n<p style=\"padding-left: 40px;\"><a href=\"https:\/\/www.tamaulipas.gob.mx\/desarrollorural\/wp-content\/uploads\/sites\/6\/2025\/09\/convocatoria_s109_2025.pdf\" target=\"_blank\" rel=\"noopener\"><i class=\"fa fa-file-pdf-o\"><\/i> S109 Convocatoria para el Programa de Desarrollo Rural Sustentable (PRODEFOS).<\/a><\/p>\n<p style=\"padding-left: 40px;\"><a href=\"https:\/\/www.tamaulipas.gob.mx\/desarrollorural\/wp-content\/uploads\/sites\/6\/2025\/07\/convocatoria-a-personas-productoras_2025.pdf\" target=\"_blank\" rel=\"noopener\"><i class=\"fa fa-file-pdf-o\"><\/i> S110 Convocatoria para Conservaci\u00f3n y Uso Eficiente del Agua y Componente 2. Conservaci\u00f3n y Uso Eficiente del Uso del Suelo y Vegetaci\u00f3n.<\/a><\/p>\n<p style=\"padding-left: 40px;\"><a href=\"https:\/\/www.tamaulipas.gob.mx\/desarrollorural\/wp-content\/uploads\/sites\/6\/2025\/10\/convocatoria-programa-nutrimar-comun-2025-1.pdf\" target=\"_blank\" rel=\"noopener\"><i class=\"fa fa-file-pdf-o\"><\/i> S223 Convocatoria para el Programa NUTRIMAR-COMUN.<\/a><\/p>\n<p style=\"padding-left: 80px;\"><a href=\"https:\/\/www.tamaulipas.gob.mx\/desarrollorural\/wp-content\/uploads\/sites\/6\/2025\/09\/anexo-i.b.-solicitud-de-apoyo_nutrimar_2025.pdf\" target=\"_blank\" rel=\"noopener\"><i class=\"fa fa-file-pdf-o\"><\/i> Anexo I-B. Solicitud de Apoyo<\/a><\/p>\n<p style=\"padding-left: 80px;\"><a href=\"https:\/\/www.tamaulipas.gob.mx\/desarrollorural\/wp-content\/uploads\/sites\/6\/2025\/09\/anexo-ii.-relacion-de-integrantes_nutrimar_2025.pdf\" target=\"_blank\" rel=\"noopener\"><i class=\"fa fa-file-pdf-o\"><\/i> Anexo II Relaci\u00f3n de Integrantes<\/a><\/p>\n<p style=\"padding-left: 80px;\"><a href=\"https:\/\/www.tamaulipas.gob.mx\/desarrollorural\/wp-content\/uploads\/sites\/6\/2025\/09\/anexos-vi.-escrito-de-capacidad-de-proveduria_nutrimar_2025.pdf\" target=\"_blank\" rel=\"noopener\"><i class=\"fa fa-file-pdf-o\"><\/i> Anexo VI Escrito de Capacidad de Proveedur\u00eda<\/a><\/p>\n<p style=\"padding-left: 80px;\"><a href=\"https:\/\/www.tamaulipas.gob.mx\/desarrollorural\/wp-content\/uploads\/sites\/6\/2025\/09\/anexos-vii.-carta-compromiso-de-firma-de-convenio_nutrimar_2025.pdf\" target=\"_blank\" rel=\"noopener\"><i class=\"fa fa-file-pdf-o\"><\/i> Anexo VII Carta Compromiso de Firma de Convenio<\/a><\/p>\n<p style=\"padding-left: 80px;\"><a href=\"https:\/\/www.tamaulipas.gob.mx\/desarrollorural\/wp-content\/uploads\/sites\/6\/2025\/09\/anexo-viii.-escrito-de-disponibilidad-de-instalaciones_nutrimar_2025.pdf\" target=\"_blank\" rel=\"noopener\"><i class=\"fa fa-file-pdf-o\"><\/i> Anexo VIII Escrito de Disponibilidad de Instalaciones<\/a><\/p>\n<p style=\"padding-left: 80px;\"><a href=\"https:\/\/www.tamaulipas.gob.mx\/desarrollorural\/wp-content\/uploads\/sites\/6\/2025\/09\/anexo-ix.-carta-protesta-de-impacto-favorable_nutrimar_2025.pdf\" target=\"_blank\" rel=\"noopener\"><i class=\"fa fa-file-pdf-o\"><\/i> Anexo IX Carta Protesta de Impacto Favorable<\/a><\/p>\n<\/div>\n\t\t\t\t<\/div>\n\t\t\t<\/div>\n<p><a href=\"https:\/\/www.tamaulipas.gob.mx\/desarrollorural\/publicacion-de-resultados-2025\/\">Publicaci\u00f3n de Resultados 2025<\/a><\/p>\n<p><a href=\"https:\/\/www.tamaulipas.gob.mx\/desarrollorural\/programas-2025\/MIR-2025\/\" target=\"_blank\" rel=\"noopener\">Matriz de Indicadores Programas Estatales 2025<\/a><\/p>\n","protected":false},"excerpt":{"rendered":"<p>Reglas de Operaci\u00f3n de los Programas Estatales 2025 Publicaci\u00f3n de Resultados 2025 Matriz de Indicadores Programas Estatales 2025<\/p>\n","protected":false},"author":11,"featured_media":0,"parent":0,"menu_order":0,"comment_status":"closed","ping_status":"closed","template":"","meta":{"footnotes":""},"class_list":["post-6992","page","type-page","status-publish","hentry"],"publishpress_future_action":{"enabled":false,"date":"2026-04-28 09:59:50","action":"change-status","newStatus":"draft","terms":[],"taxonomy":""},"_links":{"self":[{"href":"https:\/\/www.tamaulipas.gob.mx\/desarrollorural\/wp-json\/wp\/v2\/pages\/6992"}],"collection":[{"href":"https:\/\/www.tamaulipas.gob.mx\/desarrollorural\/wp-json\/wp\/v2\/pages"}],"about":[{"href":"https:\/\/www.tamaulipas.gob.mx\/desarrollorural\/wp-json\/wp\/v2\/types\/page"}],"author":[{"embeddable":true,"href":"https:\/\/www.tamaulipas.gob.mx\/desarrollorural\/wp-json\/wp\/v2\/users\/11"}],"replies":[{"embeddable":true,"href":"https:\/\/www.tamaulipas.gob.mx\/desarrollorural\/wp-json\/wp\/v2\/comments?post=6992"}],"version-history":[{"count":45,"href":"https:\/\/www.tamaulipas.gob.mx\/desarrollorural\/wp-json\/wp\/v2\/pages\/6992\/revisions"}],"predecessor-version":[{"id":7555,"href":"https:\/\/www.tamaulipas.gob.mx\/desarrollorural\/wp-json\/wp\/v2\/pages\/6992\/revisions\/7555"}],"wp:attachment":[{"href":"https:\/\/www.tamaulipas.gob.mx\/desarrollorural\/wp-json\/wp\/v2\/media?parent=6992"}],"curies":[{"name":"wp","href":"https:\/\/api.w.org\/{rel}","templated":true}]}}