{"id":6793,"date":"2024-07-08T11:31:13","date_gmt":"2024-07-08T17:31:13","guid":{"rendered":"https:\/\/www.tamaulipas.gob.mx\/desarrollorural\/?page_id=6793"},"modified":"2024-08-23T16:16:01","modified_gmt":"2024-08-23T22:16:01","slug":"sanidad-e-inocuidad","status":"publish","type":"page","link":"https:\/\/www.tamaulipas.gob.mx\/desarrollorural\/sanidad-e-inocuidad\/","title":{"rendered":"Sanidad e Inocuidad"},"content":{"rendered":"<p style=\"text-align: center;\"><strong>Programa de Sanidad e Inocuidad Agroalimentaria (PSIA)<\/strong><\/p>\n<p style=\"text-align: center;\"><strong>Oficios de Validaci\u00f3n de Anexos T\u00e9cnicos<\/strong><\/p>\n<ul>\n<li><a href=\"https:\/\/www.tamaulipas.gob.mx\/desarrollorural\/wp-content\/uploads\/sites\/6\/2024\/08\/oficios-de-validacion-de-anexos-tecnicos-2022.pdf\" target=\"_blank\" rel=\"noopener\"><i class=\"fa fa-file-pdf-o\"><\/i> Oficios de Validaci\u00f3n de Anexos T\u00e9cnicos 2022<\/a><\/li>\n<li><a href=\"https:\/\/www.tamaulipas.gob.mx\/desarrollorural\/wp-content\/uploads\/sites\/6\/2024\/08\/oficios-de-validacion-de-anexos-tecnicos-2023.pdf\" target=\"_blank\" rel=\"noopener\"><i class=\"fa fa-file-pdf-o\"><\/i> Oficios de Validaci\u00f3n de Anexos T\u00e9cnicos 2023<\/a><\/li>\n<li><a href=\"https:\/\/www.tamaulipas.gob.mx\/desarrollorural\/wp-content\/uploads\/sites\/6\/2024\/08\/oficios-de-validacion-de-anexos-tecnicos-2024.pdf\" target=\"_blank\" rel=\"noopener\"><i class=\"fa fa-file-pdf-o\"><\/i> Oficios de Validaci\u00f3n de Anexos T\u00e9cnicos 2024<\/a><\/li>\n<\/ul>\n<p>&nbsp;<\/p>\n<p style=\"text-align: center;\"><strong>Programas de Trabajo<\/strong><\/p>\n<p>Ligas de acceso SENASICA:<\/p>\n<p>Programas de Trabajo <span style=\"font-size: 20px;\"><strong>2022<\/strong><\/span>: <span style=\"font-size: 14px;\"><a href=\"https:\/\/www.gob.mx\/cms\/uploads\/attachment\/file\/761954\/Tamaulipas.pdf\" target=\"_blank\" rel=\"noopener\">https:\/\/www.gob.mx\/cms\/uploads\/attachment\/file\/761954\/Tamaulipas.pdf<\/a><\/span><\/p>\n<p>Programas de Trabajo <span style=\"font-size: 20px;\"><strong>2023:<\/strong><\/span><span style=\"font-size: 14px;\"> <a href=\"https:\/\/www.gob.mx\/cms\/uploads\/attachment\/file\/840063\/28_Tamaulipas-compressed.pdf\" target=\"_blank\" rel=\"noopener\">https:\/\/www.gob.mx\/cms\/uploads\/attachment\/file\/840063\/28_Tamaulipas-compressed.pdf<\/a><\/span><\/p>\n<p>Programas de Trabajo <span style=\"font-size: 20px;\"><strong>2024:<\/strong><\/span><span style=\"font-size: 14px;\"> <a href=\"https:\/\/www.gob.mx\/cms\/uploads\/attachment\/file\/907399\/PTI_TAMAULIPAS-comprimido.pdf\" target=\"_blank\" rel=\"noopener\">https:\/\/www.gob.mx\/cms\/uploads\/attachment\/file\/907399\/PTI_TAMAULIPAS-comprimido.pdf<\/a><\/span><\/p>\n<p>&nbsp;<\/p>\n<p style=\"text-align: center;\"><strong>Informes F\u00edsicos Financieros<\/strong><\/p>\n<ul>\n<li><a href=\"https:\/\/www.tamaulipas.gob.mx\/desarrollorural\/wp-content\/uploads\/sites\/6\/2024\/07\/informes-trimestrales-fisico-financieros-2022.pdf\" target=\"_blank\" rel=\"noopener\"><i class=\"fa fa-file-pdf-o\"><\/i> Informes Trimestrales F\u00edsico Financiero 2022<\/a><\/li>\n<li><a href=\"https:\/\/www.tamaulipas.gob.mx\/desarrollorural\/wp-content\/uploads\/sites\/6\/2024\/07\/informes-trimestrales-fisico-financieros-2023.pdf\" target=\"_blank\" rel=\"noopener\"><i class=\"fa fa-file-pdf-o\"><\/i> Informes Trimestrales F\u00edsico Financiero 2023<\/a><\/li>\n<li><a href=\"https:\/\/www.tamaulipas.gob.mx\/desarrollorural\/wp-content\/uploads\/sites\/6\/2024\/07\/informes-fisico-financieros-2024-primer-trimestre.pdf\" target=\"_blank\" rel=\"noopener\"><i class=\"fa fa-file-pdf-o\"><\/i> Informe F\u00edsico Financiero 1er. Trimestre 2024<\/a><\/li>\n<li><a href=\"https:\/\/www.tamaulipas.gob.mx\/desarrollorural\/wp-content\/uploads\/sites\/6\/2024\/08\/informes-fisico-financieros-2024-segundo-trimestre-8-agosto.pdf\" target=\"_blank\" rel=\"noopener\"><i class=\"fa fa-file-pdf-o\"><\/i> Informe F\u00edsico Financiero 2o. Trimestre 2024<\/a><\/li>\n<\/ul>\n","protected":false},"excerpt":{"rendered":"<p>Programa de Sanidad e Inocuidad Agroalimentaria (PSIA) Oficios de Validaci\u00f3n de Anexos T\u00e9cnicos Oficios de Validaci\u00f3n de Anexos T\u00e9cnicos 2022 Oficios de Validaci\u00f3n de Anexos\u2026<\/p>\n","protected":false},"author":11,"featured_media":0,"parent":0,"menu_order":0,"comment_status":"closed","ping_status":"closed","template":"","meta":{"footnotes":""},"class_list":["post-6793","page","type-page","status-publish","hentry"],"publishpress_future_action":{"enabled":false,"date":"2026-04-28 10:00:40","action":"change-status","newStatus":"draft","terms":[],"taxonomy":""},"_links":{"self":[{"href":"https:\/\/www.tamaulipas.gob.mx\/desarrollorural\/wp-json\/wp\/v2\/pages\/6793"}],"collection":[{"href":"https:\/\/www.tamaulipas.gob.mx\/desarrollorural\/wp-json\/wp\/v2\/pages"}],"about":[{"href":"https:\/\/www.tamaulipas.gob.mx\/desarrollorural\/wp-json\/wp\/v2\/types\/page"}],"author":[{"embeddable":true,"href":"https:\/\/www.tamaulipas.gob.mx\/desarrollorural\/wp-json\/wp\/v2\/users\/11"}],"replies":[{"embeddable":true,"href":"https:\/\/www.tamaulipas.gob.mx\/desarrollorural\/wp-json\/wp\/v2\/comments?post=6793"}],"version-history":[{"count":12,"href":"https:\/\/www.tamaulipas.gob.mx\/desarrollorural\/wp-json\/wp\/v2\/pages\/6793\/revisions"}],"predecessor-version":[{"id":6918,"href":"https:\/\/www.tamaulipas.gob.mx\/desarrollorural\/wp-json\/wp\/v2\/pages\/6793\/revisions\/6918"}],"wp:attachment":[{"href":"https:\/\/www.tamaulipas.gob.mx\/desarrollorural\/wp-json\/wp\/v2\/media?parent=6793"}],"curies":[{"name":"wp","href":"https:\/\/api.w.org\/{rel}","templated":true}]}}