{"id":6715,"date":"2024-06-12T12:56:01","date_gmt":"2024-06-12T18:56:01","guid":{"rendered":"https:\/\/www.tamaulipas.gob.mx\/desarrollorural\/?page_id=6715"},"modified":"2025-04-04T14:57:28","modified_gmt":"2025-04-04T20:57:28","slug":"publicacion-de-resultados-2024","status":"publish","type":"page","link":"https:\/\/www.tamaulipas.gob.mx\/desarrollorural\/publicacion-de-resultados-2024\/","title":{"rendered":"PUBLICACI\u00d3N DE RESULTADOS 2024"},"content":{"rendered":"<p><strong>U104 Programa Impulso para el Crecimiento y la Inversi\u00f3n Rural.<\/strong><\/p>\n<p><a href=\"https:\/\/www.tamaulipas.gob.mx\/desarrollorural\/wp-content\/uploads\/sites\/6\/2024\/08\/comunicado-convocatoria-u104-apoyo-de-riego-tecnificado-publicacion-de-resultados_2024.pdf\" target=\"_blank\" rel=\"noopener\"><i class=\"fa fa-file-pdf-o\"><\/i> Comunicado: Convocatoria Apoyos para innovaci\u00f3n y transferencia de tecnolog\u00eda agr\u00edcola (Sistema de riego tecnificado).<\/a><\/p>\n<p><a href=\"https:\/\/www.tamaulipas.gob.mx\/desarrollorural\/wp-content\/uploads\/sites\/6\/2024\/09\/u104-publicacion-de-resultados-con-dictamen-positivo.-apoyos-para-innovacion-y-transferencia-de-tecnologia-agricola-sistema-de-riego-tecnificado-2024.pdf\" target=\"_blank\" rel=\"noopener\"><i class=\"fa fa-file-pdf-o\"><\/i> U104 Publicaci\u00f3n de resultados con dictamen positivo. Apoyos para innovaci\u00f3n y transferencia de tecnolog\u00eda agr\u00edcola (Sistema de riego tecnificado).<\/a><\/p>\n<p><a href=\"https:\/\/www.tamaulipas.gob.mx\/desarrollorural\/wp-content\/uploads\/sites\/6\/2024\/12\/u104-publicacion-de-la-dictaminacion-apoyos-para-innovacion-y-transferencia-de-tecnologia-paquetes-tecnologicos-pecuarios_2024.pdf\" target=\"_blank\" rel=\"noopener\"><i class=\"fa fa-file-pdf-o\"><\/i> U104 Publicaci\u00f3n de la dictaminaci\u00f3n de solicitudes de la Convocatoria Apoyos para innovaci\u00f3n y transferencia de tecnolog\u00eda (Paquetes tecnol\u00f3gicos pecuarios). Nuevo.<\/a><\/p>\n<p><strong>S107 Programa Apoyo al Desarrollo Econ\u00f3mico y Productivo.<\/strong><\/p>\n<p><a href=\"https:\/\/www.tamaulipas.gob.mx\/desarrollorural\/wp-content\/uploads\/sites\/6\/2024\/07\/1a_publicacion_desarrollo-de-capacidades-y-acompanamiento-tecnico-para-grupos-de-productores-pecuarios_2024_positivas.pdf\" target=\"_blank\" rel=\"noopener\"><i class=\"fa fa-file-pdf-o\"><\/i> S107 Desarrollo de Capacidades y Acompa\u00f1amiento T\u00e9cnico para Grupos de Productores Pecuarios 2024 (Positivos)<\/a><\/p>\n<p><a href=\"https:\/\/www.tamaulipas.gob.mx\/desarrollorural\/wp-content\/uploads\/sites\/6\/2024\/07\/componente-i-apoyos-para-la-produccion-primaria-agricola-material-vegetativo-henequen.pdf\" target=\"_blank\" rel=\"noopener\"><i class=\"fa fa-file-pdf-o\"><\/i> S107 Componente I Apoyos para la Producci\u00f3n Primaria Agr\u00edcola Material Vegetativo-Henequ\u00e9n (Positivos).<\/a><\/p>\n<p><a href=\"https:\/\/www.tamaulipas.gob.mx\/desarrollorural\/wp-content\/uploads\/sites\/6\/2024\/07\/2a_publicacion_desarrollo-de-capacidades-y-acompanamiento-tecnico-para-grupos-de-productores-pecuarios_2024_positivas.pdf\" target=\"_blank\" rel=\"noopener\"><i class=\"fa fa-file-pdf-o\"><\/i> S107 Desarrollo de Capacidades y Acompa\u00f1amiento T\u00e9cnico para Grupos de Productores Pecuarios y Forestales 2024 (Positivos)<\/a><\/p>\n<p><a href=\"https:\/\/www.tamaulipas.gob.mx\/desarrollorural\/wp-content\/uploads\/sites\/6\/2024\/07\/solicitudes-con-dictamen-positivo.-desarrollo-de-capacidades-y-acompanamiento-tecnico-para-grupos-de-productores-agricolas_2024.pdf\" target=\"_blank\" rel=\"noopener\"><i class=\"fa fa-file-pdf-o\"><\/i> S107 Desarrollo de Capacidades y Acompa\u00f1amiento T\u00e9cnico para Grupos de Productores Agr\u00edcolas 2024 (Positivos)<\/a><\/p>\n<p><a href=\"https:\/\/www.tamaulipas.gob.mx\/desarrollorural\/wp-content\/uploads\/sites\/6\/2024\/08\/des_capacidades_acomp_tecnico_grupos-de-personas-productoras-pesqueras-y-acuicolas-positivos_2024.pdf\" target=\"_blank\" rel=\"noopener\"><i class=\"fa fa-file-pdf-o\"><\/i> S107 Desarrollo de Capacidades y Acompa\u00f1amiento T\u00e9cnico para Grupos de Personas Productoras Pesqueras y Acu\u00edcolas (Positivos)<\/a><\/p>\n<p><a href=\"https:\/\/www.tamaulipas.gob.mx\/desarrollorural\/wp-content\/uploads\/sites\/6\/2024\/07\/s107-primera-publicacion-solicitudes-con-dictamen-positivo.-apoyos-para-la-produccion-primaria-semilla-de-calidad-maiz_2024.pdf\" target=\"_blank\" rel=\"noopener\"><i class=\"fa fa-file-pdf-o\"><\/i> S107 Primera Publicaci\u00f3n, Solicitudes con dictamen positivo. Apoyos para la producci\u00f3n primaria Semilla de Calidad (MA\u00cdZ).<\/a><\/p>\n<p><a href=\"https:\/\/www.tamaulipas.gob.mx\/desarrollorural\/wp-content\/uploads\/sites\/6\/2024\/08\/s107-segunda-publicacion-solicitudes-con-dictamen-positivo.-apoyos-para-la-produccion-primaria-semilla-de-calidad-maiz-y-sorgo.pdf\" target=\"_blank\" rel=\"noopener\"><i class=\"fa fa-file-pdf-o\"><\/i> s107 Segunda Publicaci\u00f3n, Solicitudes con dictamen positivo. Apoyos para la producci\u00f3n primaria Semilla de Calidad (MA\u00cdZ y SORGO).<\/a><\/p>\n<p><a href=\"https:\/\/www.tamaulipas.gob.mx\/desarrollorural\/wp-content\/uploads\/sites\/6\/2024\/08\/s107-tercera-publicacion-solicitudes-con-dictamen-positivo.-apoyos-para-la-produccion-primaria-semilla-de-calidad-maiz-y-sorgo.pdf\" target=\"_blank\" rel=\"noopener\"><i class=\"fa fa-file-pdf-o\"><\/i> S107 Tercera publicaci\u00f3n solicitudes con dictamen positivo. Apoyos para la producci\u00f3n primaria Semilla de Calidad (MAIZ y SORGO).<\/a><\/p>\n<p><a href=\"https:\/\/www.tamaulipas.gob.mx\/desarrollorural\/wp-content\/uploads\/sites\/6\/2024\/08\/s107-cuarta-publicacion-solicitudes-con-dictamen-positivo.-apoyos-para-la-produccion-primaria-semilla-de-calidad-maiz-y-sorgo.pdf\" target=\"_blank\" rel=\"noopener\"><i class=\"fa fa-file-pdf-o\"><\/i> S107 Cuarta publicaci\u00f3n solicitudes con dictamen positivo. Apoyos para la producci\u00f3n primaria Semilla de Calidad (MAIZ y SORGO).<\/a><\/p>\n<p><a href=\"https:\/\/www.tamaulipas.gob.mx\/desarrollorural\/wp-content\/uploads\/sites\/6\/2024\/09\/s107-quinta-publicacion-solicitudes-con-dictamen-positivo.-apoyos-para-la-produccion-primaria-semilla-de-calidad-maiz-y-sorgo.pdf\" target=\"_blank\" rel=\"noopener\"><i class=\"fa fa-file-pdf-o\"><\/i> S107 Quinta publicaci\u00f3n solicitudes con dictamen positivo. Apoyos para la producci\u00f3n primaria Semilla de Calidad (MAIZ y SORGO).<\/a><\/p>\n<p><a href=\"https:\/\/www.tamaulipas.gob.mx\/desarrollorural\/wp-content\/uploads\/sites\/6\/2025\/02\/publicacion-huertos-de-hortalizas-2024.pdf\" target=\"_blank\" rel=\"noopener\"><i class=\"fa fa-file-pdf-o\"><\/i> S107 Publicaci\u00f3n de resultados con dictamen positivo. Paquetes productivos de traspatio (huertos de hortalizas).<\/a><\/p>\n<p><a href=\"https:\/\/www.tamaulipas.gob.mx\/desarrollorural\/wp-content\/uploads\/sites\/6\/2025\/01\/s107_publicacion-de-resultados-positivos_2024.pdf\" target=\"_blank\" rel=\"noopener\"><i class=\"fa fa-file-pdf-o\"><\/i> S107 Publicaci\u00f3n de resultados positivos de la Convocatoria para el Desarrollo de Capacidades y Acompa\u00f1amiento T\u00e9cnico (Desarrollo Rural y PYMES).<\/a><\/p>\n<p><a href=\"https:\/\/www.tamaulipas.gob.mx\/desarrollorural\/wp-content\/uploads\/sites\/6\/2024\/11\/s107-1a_publicacion_dictamen-positivo_-apoyos-para-la-produccion-primaria.-fertilizante-granulado-citricos_2024.pdf\" target=\"_blank\" rel=\"noopener\"><i class=\"fa fa-file-pdf-o\"><\/i> S107 Primera publicaci\u00f3n de resultados con dictamen positivo de la Convocatoria Apoyos para la Producci\u00f3n Primaria. Fertilizante granulado (C\u00edtricos).\u00a0<\/a><\/p>\n<p><a href=\"https:\/\/www.tamaulipas.gob.mx\/desarrollorural\/wp-content\/uploads\/sites\/6\/2024\/11\/s107-2da_publicacion-dictamen-positivo_apoyos-para-la-produccion-primaria.-fertilizante-granulado-citricos_2024.pdf\" target=\"_blank\" rel=\"noopener\"><i class=\"fa fa-file-pdf-o\"><\/i> S107 Segunda publicaci\u00f3n de resultados con dictamen positivo de la Convocatoria Apoyos para la Producci\u00f3n Primaria. Fertilizante granulado (C\u00edtricos).\u00a0<\/a><\/p>\n<p><strong>S109 Programa Desarrollo Forestal y Sustentable.<\/strong><\/p>\n<p><a href=\"https:\/\/www.tamaulipas.gob.mx\/desarrollorural\/wp-content\/uploads\/sites\/6\/2024\/10\/s109-publicacion-de-resultados-con-dictamen-positivo-y-negativo-de-la-convocatoria-apoyo-desarrollo-forestal-sustentable_2024.pdf\" target=\"_blank\" rel=\"noopener\"><i class=\"fa fa-file-pdf-o\"><\/i> S109 Publicaci\u00f3n de resultados con dictamen positivo y negativo de la Convocatoria Apoyo Desarrollo Forestal Sustentable.<\/a><\/p>\n<p><strong>S110 Programa Aprovechamiento de los Recursos Naturales.<\/strong><\/p>\n<p><a href=\"https:\/\/www.tamaulipas.gob.mx\/desarrollorural\/wp-content\/uploads\/sites\/6\/2024\/09\/s110-pub_de_resultados-con-dictamen-positivo-de-la-conv_de_aprovechamiento-de-los-recursos-naturales.-componentes-1-y-2_2024.pdf\" target=\"_blank\" rel=\"noopener\"><i class=\"fa fa-file-pdf-o\"><\/i> S110 Publicaci\u00f3n de resultados con dictamen positivo de La convocatoria aprovechamiento de los recursos naturales. Componentes 1 Y 2.<\/a><\/p>\n<p><a href=\"https:\/\/www.tamaulipas.gob.mx\/desarrollorural\/wp-content\/uploads\/sites\/6\/2024\/11\/s110-publicacion-de-resultados-con-dictamen-positivo-sin-asignacion-y-negativos-de-la-convocatoria-aprovechamiento-de-los-recursos-naturales.-componentes-1-y-2.pdf\" target=\"_blank\" rel=\"noopener\"><i class=\"fa fa-file-pdf-o\"><\/i> S110 Publicaci\u00f3n de resultados con dictamen positivo sin asignaci\u00f3n y negativos de la convocatoria aprovechamiento de los recursos naturales componentes 1 y 2.<\/a><\/p>\n<p><strong>S111 Programa Atenci\u00f3n de Situaciones de Contingencias o Eventualidades en el Sector Rural.<\/strong><\/p>\n<p><a href=\"https:\/\/www.tamaulipas.gob.mx\/desarrollorural\/wp-content\/uploads\/sites\/6\/2024\/11\/s111-publicacion_dictamen-positivo.-apoyo-estatal-extraordinario-a-personas-productoras-de-sorgo-o-trigo-para-el-ciclo-o-i-2024-2025.pdf\" target=\"_blank\" rel=\"noopener\"><i class=\"fa fa-file-pdf-o\"><\/i> S111 Publicaci\u00f3n de resultados con dictamen positivo. Apoyo Estatal extraordinario a productoras (trigo) para el ciclo O-I 2024-2025.\u00a0<\/a><\/p>\n<p><a href=\"https:\/\/www.tamaulipas.gob.mx\/desarrollorural\/wp-content\/uploads\/sites\/6\/2025\/02\/s111-segunda_publicacion_trigo_ciclo-o-i-2024-2025.pdf\" target=\"_blank\" rel=\"noopener\"><i class=\"fa fa-file-pdf-o\"><\/i> S111 Segunda Publicaci\u00f3n de resultados con dictamen positivo. Apoyo Estatal extraordinario a productores (Trigo) ciclo O-I 2024-2025. <span id=\"txt3\">Nuevo<\/span><\/a><\/p>\n<p><a href=\"https:\/\/www.tamaulipas.gob.mx\/desarrollorural\/wp-content\/uploads\/sites\/6\/2024\/12\/s111-publicacion_dictamen-positivo_sorgo-o-trigo-para-el-ciclo-o-i-2024-2025_concepto-diesel.pdf\" target=\"_blank\" rel=\"noopener\"><i class=\"fa fa-file-pdf-o\"><\/i> S111 Publicaci\u00f3n de solicitudes con dictamen positivo de la convocatoria Apoyo Estatal extraordinario a personas productoras de sorgo o trigo para el ciclo O-I 2024-2025 (Concepto Di\u00e9sel).<\/a><\/p>\n<p><a href=\"https:\/\/www.tamaulipas.gob.mx\/desarrollorural\/wp-content\/uploads\/sites\/6\/2025\/02\/s111-segunda_publicacion_diesel_ciclo-o-i-2024-2025.pdf\" target=\"_blank\" rel=\"noopener\"><i class=\"fa fa-file-pdf-o\"><\/i> S111 Segunda Publicaci\u00f3n de resultados con dictamen positivo. Apoyo Estatal extraordinario a productores (Diesel) ciclo O-I 2024-2025. <span id=\"txt3\">Nuevo<\/span><\/a><\/p>\n<p><a href=\"https:\/\/www.tamaulipas.gob.mx\/desarrollorural\/wp-content\/uploads\/sites\/6\/2024\/12\/s111-publicacion_dictamen-positivo_ciclo-o-i-2024-2025_concepto-semilla-de-sorgo.pdf\" target=\"_blank\" rel=\"noopener\"><i class=\"fa fa-file-pdf-o\"><\/i> S111 Publicaci\u00f3n de solicitudes con dictamen positivo de la convocatoria Apoyo Estatal extraordinario a personas productoras de sorgo o trigo para el ciclo O-I 2024-2025 (Concepto: semilla de sorgo).<\/a><\/p>\n<p><a href=\"https:\/\/www.tamaulipas.gob.mx\/desarrollorural\/wp-content\/uploads\/sites\/6\/2025\/04\/s111-segunda_publicacion_sorgo_ciclo-o-i-2024-2025.pdf\" target=\"_blank\" rel=\"noopener\"><i class=\"fa fa-file-pdf-o\"><\/i> S111 Segunda Publicaci\u00f3n de resultados con dictamen positivo. Apoyo Estatal extraordinario a productores (Concepto: semilla de sorgo) ciclo O-I 2024-2025. <span id=\"txt3\">Nuevo<\/span><\/a><\/p>\n<p><a href=\"https:\/\/www.tamaulipas.gob.mx\/desarrollorural\/wp-content\/uploads\/sites\/6\/2024\/12\/s111-publicacion-de-beneficiarios-convocatorias-del-proyecto-emergente-de-apoyo-a-productores-pecuarios-para-mitigar-los-estragos-de-la-sequia-2024_2024.pdf\" target=\"_blank\" rel=\"noopener\"><i class=\"fa fa-file-pdf-o\"><\/i> S111 Publicaci\u00f3n de Relaci\u00f3n de beneficiarios de las Convocatorias del Proyecto Emergente de Apoyo a Productores Pecuarios para Mitigar los Estragos de la Sequ\u00eda 2024.<\/a> <span id=\"txt3\">Nuevo<\/span><\/p>\n<p>&nbsp;<\/p>\n<p><strong>S223 Programa Nutrimar-Com\u00fan.<\/strong><\/p>\n<p><a href=\"https:\/\/www.tamaulipas.gob.mx\/desarrollorural\/wp-content\/uploads\/sites\/6\/2024\/09\/s223-publicacion-de-resultados-con-dicatamen-positivo-de-la-convocatoria-creacion-de-unidades-de-produccion-acuicola-de-la-economia-social-sustentable-y-solidaria.pdf\" target=\"_blank\" rel=\"noopener\"><i class=\"fa fa-file-pdf-o\"><\/i> S223 Publicaci\u00f3n de resultados con dictamen positivo de la Convocatoria Creaci\u00f3n de Unidades de Producci\u00f3n Acu\u00edcola de la Econom\u00eda Social, Sustentable y Solidaria.<\/a><\/p>\n<p><script>\nvar par=false;\nfunction parpadeo() {\n    col=par ? 'white' : 'red';\n    document.getElementById('txt').style.color=col;\n    document.getElementById('txt').style.color=col;\n    document.getElementById('txt').style.color=col;\n    par = !par;\n    setTimeout(\"parpadeo()\",500); \/\/500 = medio segundo\n}\nwindow.onload=parpadeo;<\/script><\/p>\n","protected":false},"excerpt":{"rendered":"<p>U104 Programa Impulso para el Crecimiento y la Inversi\u00f3n Rural. Comunicado: Convocatoria Apoyos para innovaci\u00f3n y transferencia de tecnolog\u00eda agr\u00edcola (Sistema de riego tecnificado). U104\u2026<\/p>\n","protected":false},"author":11,"featured_media":0,"parent":0,"menu_order":0,"comment_status":"closed","ping_status":"closed","template":"","meta":{"footnotes":""},"class_list":["post-6715","page","type-page","status-publish","hentry"],"publishpress_future_action":{"enabled":false,"date":"2026-04-22 03:21:10","action":"change-status","newStatus":"draft","terms":[],"taxonomy":""},"_links":{"self":[{"href":"https:\/\/www.tamaulipas.gob.mx\/desarrollorural\/wp-json\/wp\/v2\/pages\/6715"}],"collection":[{"href":"https:\/\/www.tamaulipas.gob.mx\/desarrollorural\/wp-json\/wp\/v2\/pages"}],"about":[{"href":"https:\/\/www.tamaulipas.gob.mx\/desarrollorural\/wp-json\/wp\/v2\/types\/page"}],"author":[{"embeddable":true,"href":"https:\/\/www.tamaulipas.gob.mx\/desarrollorural\/wp-json\/wp\/v2\/users\/11"}],"replies":[{"embeddable":true,"href":"https:\/\/www.tamaulipas.gob.mx\/desarrollorural\/wp-json\/wp\/v2\/comments?post=6715"}],"version-history":[{"count":54,"href":"https:\/\/www.tamaulipas.gob.mx\/desarrollorural\/wp-json\/wp\/v2\/pages\/6715\/revisions"}],"predecessor-version":[{"id":7245,"href":"https:\/\/www.tamaulipas.gob.mx\/desarrollorural\/wp-json\/wp\/v2\/pages\/6715\/revisions\/7245"}],"wp:attachment":[{"href":"https:\/\/www.tamaulipas.gob.mx\/desarrollorural\/wp-json\/wp\/v2\/media?parent=6715"}],"curies":[{"name":"wp","href":"https:\/\/api.w.org\/{rel}","templated":true}]}}