{"id":6639,"date":"2024-05-08T19:22:01","date_gmt":"2024-05-09T01:22:01","guid":{"rendered":"https:\/\/www.tamaulipas.gob.mx\/desarrollorural\/?page_id=6639"},"modified":"2024-05-08T19:22:01","modified_gmt":"2024-05-09T01:22:01","slug":"mision-vision-y-objetivos","status":"publish","type":"page","link":"https:\/\/www.tamaulipas.gob.mx\/desarrollorural\/mision-vision-y-objetivos\/","title":{"rendered":"Misi\u00f3n, Visi\u00f3n y Objetivos"},"content":{"rendered":"<p><strong>Misi\u00f3n<\/strong><\/p>\n<p style=\"text-align: justify;\">Impulsar las actividades productivas agropecuarias, forestales, pesqueras y acu\u00edcolas, que contribuyan a la producci\u00f3n y productividad de manera sostenible y sustentable, mediante acciones estrat\u00e9gicas que permitan disponer de alimentos sanos y de calidad para favorecer a la autosuficiencia alimentaria y el bienestar de las familias.<\/p>\n<p>&nbsp;<\/p>\n<p><strong>Visi\u00f3n<\/strong><\/p>\n<p style=\"text-align: justify;\">Ser una Dependencia que se distinga por su honestidad y trabajo, promoviendo el desarrollo del sector agroalimentario mediante la organizaci\u00f3n solidaria e igualitaria de las personas, que genere las condiciones necesarias para un aprovechamiento sustentable y sostenible de los recursos naturales, y coadyuve a la transformaci\u00f3n de la producci\u00f3n primaria y la seguridad alimentaria.<\/p>\n","protected":false},"excerpt":{"rendered":"<p>Misi\u00f3n Impulsar las actividades productivas agropecuarias, forestales, pesqueras y acu\u00edcolas, que contribuyan a la producci\u00f3n y productividad de manera sostenible y sustentable, mediante acciones estrat\u00e9gicas\u2026<\/p>\n","protected":false},"author":11,"featured_media":0,"parent":0,"menu_order":0,"comment_status":"closed","ping_status":"closed","template":"","meta":{"footnotes":""},"class_list":["post-6639","page","type-page","status-publish","hentry"],"publishpress_future_action":{"enabled":false,"date":"2026-04-28 10:02:21","action":"change-status","newStatus":"draft","terms":[],"taxonomy":""},"_links":{"self":[{"href":"https:\/\/www.tamaulipas.gob.mx\/desarrollorural\/wp-json\/wp\/v2\/pages\/6639"}],"collection":[{"href":"https:\/\/www.tamaulipas.gob.mx\/desarrollorural\/wp-json\/wp\/v2\/pages"}],"about":[{"href":"https:\/\/www.tamaulipas.gob.mx\/desarrollorural\/wp-json\/wp\/v2\/types\/page"}],"author":[{"embeddable":true,"href":"https:\/\/www.tamaulipas.gob.mx\/desarrollorural\/wp-json\/wp\/v2\/users\/11"}],"replies":[{"embeddable":true,"href":"https:\/\/www.tamaulipas.gob.mx\/desarrollorural\/wp-json\/wp\/v2\/comments?post=6639"}],"version-history":[{"count":1,"href":"https:\/\/www.tamaulipas.gob.mx\/desarrollorural\/wp-json\/wp\/v2\/pages\/6639\/revisions"}],"predecessor-version":[{"id":6640,"href":"https:\/\/www.tamaulipas.gob.mx\/desarrollorural\/wp-json\/wp\/v2\/pages\/6639\/revisions\/6640"}],"wp:attachment":[{"href":"https:\/\/www.tamaulipas.gob.mx\/desarrollorural\/wp-json\/wp\/v2\/media?parent=6639"}],"curies":[{"name":"wp","href":"https:\/\/api.w.org\/{rel}","templated":true}]}}