{"id":6490,"date":"2024-01-10T12:51:34","date_gmt":"2024-01-10T18:51:34","guid":{"rendered":"https:\/\/www.tamaulipas.gob.mx\/desarrollorural\/?page_id=6490"},"modified":"2025-11-03T12:49:42","modified_gmt":"2025-11-03T18:49:42","slug":"programas-2024","status":"publish","type":"page","link":"https:\/\/www.tamaulipas.gob.mx\/desarrollorural\/programas-2024\/","title":{"rendered":"Programas 2024"},"content":{"rendered":"<ul class=\"nav nav-tabs\" id=\"\"><\/ul><div class=\"tab-content\"><\/div>\n<div id=\"custom-tab-0-4243af40d7f00e933f2e5f52f103b3d7\" class=\"tab-pane active\"><\/div>\n<p>Reglas de Operaci\u00f3n de los Programas Estatales 2024<\/p>\n<div class=\"panel panel-default\">\n\t\t\t\t<div class=\"panel-heading\">\n\t\t\t\t\t<h4 class=\"panel-title\">\n\t\t\t\t\t\t<a class=\"collapsed\" data-toggle=\"collapse\" data-parent=\"#single-collapse\" href=\"#single-collapse-0\">Diagn\u00f3sticos Programas Presupuestarios 2024 \u2207<\/a>\n\t\t\t\t\t<\/h4>\n\t\t\t\t<\/div>\n\t\t\t\t<div id=\"single-collapse-0\" class=\"panel-collapse collapse\">\n\t\t\t\t\t<div class=\"panel-body\">\n<a href=\"https:\/\/www.tamaulipas.gob.mx\/desarrollorural\/wp-content\/uploads\/sites\/6\/2025\/11\/p042-diagnostico-politica-sector-rural-2024.pdf\" target=\"_blank\" rel=\"noopener\"><i class=\"fa fa-file-pdf-o\"><\/i> P042 Pol\u00edtica para el Desarrollo del Sector Rural<\/a><br \/>\n<a href=\"https:\/\/www.tamaulipas.gob.mx\/desarrollorural\/wp-content\/uploads\/sites\/6\/2025\/11\/s107-diagnostico-des-productivo-y-econ-2024.pdf\" target=\"_blank\" rel=\"noopener\"><i class=\"fa fa-file-pdf-o\"><\/i> S107 Apoyo al Desarrollo Productivo y Econ\u00f3mico<\/a><br \/>\n<a href=\"https:\/\/www.tamaulipas.gob.mx\/desarrollorural\/wp-content\/uploads\/sites\/6\/2025\/11\/s109-diagnostico-prodefos-2024.pdf\" target=\"_blank\" rel=\"noopener\"><i class=\"fa fa-file-pdf-o\"><\/i> S109 Programa Desarrollo Forestal Sustentable (PRODEFOS)<\/a><br \/>\n<a href=\"https:\/\/www.tamaulipas.gob.mx\/desarrollorural\/wp-content\/uploads\/sites\/6\/2025\/11\/s110-diagnostico-2024.pdf\" target=\"_blank\" rel=\"noopener\"><i class=\"fa fa-file-pdf-o\"><\/i> S110 Aprovechamiento de los Recurso Naturales<\/a><br \/>\n<a href=\"https:\/\/www.tamaulipas.gob.mx\/desarrollorural\/wp-content\/uploads\/sites\/6\/2025\/11\/s111-diagnostico-contingencias-2024.pdf\" target=\"_blank\" rel=\"noopener\"><i class=\"fa fa-file-pdf-o\"><\/i> S111 Atenci\u00f3n de Situaciones de Contingencias o Eventualidades en el Sector Rural<\/a><br \/>\n<a href=\"https:\/\/www.tamaulipas.gob.mx\/desarrollorural\/wp-content\/uploads\/sites\/6\/2025\/11\/s223-diagnostico-nutrimar-2024.pdf\" target=\"_blank\" rel=\"noopener\"><i class=\"fa fa-file-pdf-o\"><\/i> S223 NUTRIMAR-Com\u00fan<\/a><br \/>\n<a href=\"https:\/\/www.tamaulipas.gob.mx\/desarrollorural\/wp-content\/uploads\/sites\/6\/2025\/11\/u043-diagnostico-atencion-sec-rural-2024.pdf\" target=\"_blank\" rel=\"noopener\"><i class=\"fa fa-file-pdf-o\"><\/i> U043 Apoyos de Atenci\u00f3n para el Sector Rural<\/a><br \/>\n<a href=\"https:\/\/www.tamaulipas.gob.mx\/desarrollorural\/wp-content\/uploads\/sites\/6\/2025\/11\/u104-diagnostico-impulso-2024.pdf\" target=\"_blank\" rel=\"noopener\"><i class=\"fa fa-file-pdf-o\"><\/i> U104 Impulso al Crecimiento y la Inversi\u00f3n Rural<\/a><br \/>\n<\/div>\n\t\t\t\t<\/div>\n\t\t\t<\/div>\n<div class=\"panel panel-default\">\n\t\t\t\t<div class=\"panel-heading\">\n\t\t\t\t\t<h4 class=\"panel-title\">\n\t\t\t\t\t\t<a class=\"collapsed\" data-toggle=\"collapse\" data-parent=\"#single-collapse\" href=\"#single-collapse-1\">Reglas de Operaci\u00f3n y Lineamientos \u2207<\/a>\n\t\t\t\t\t<\/h4>\n\t\t\t\t<\/div>\n\t\t\t\t<div id=\"single-collapse-1\" class=\"panel-collapse collapse\">\n\t\t\t\t\t<div class=\"panel-body\">\n<p><a href=\"https:\/\/www.tamaulipas.gob.mx\/desarrollorural\/wp-content\/uploads\/sites\/6\/2024\/01\/s107-apoyo-al-desarrollo-productivo-y-economico.pdf\" target=\"_blank\" rel=\"noopener\"><i class=\"fa fa-file-pdf-o\"><\/i> S107 Apoyo al Desarrollo Productivo y Econ\u00f3mico<\/a><br \/>\n<a href=\"https:\/\/www.tamaulipas.gob.mx\/desarrollorural\/wp-content\/uploads\/sites\/6\/2024\/01\/s109-programa-desarrollo-forestal-sustentable-prodefos.pdf\" target=\"_blank\" rel=\"noopener\"><i class=\"fa fa-file-pdf-o\"><\/i> S109 Programa Desarrollo Forestal Sustentable (PRODEFOS)<\/a><br \/>\n<a href=\"https:\/\/www.tamaulipas.gob.mx\/desarrollorural\/wp-content\/uploads\/sites\/6\/2024\/01\/s110-aprovechamiento-de-los-recursos-naturales.pdf\" target=\"_blank\" rel=\"noopener\"><i class=\"fa fa-file-pdf-o\"><\/i> S110 Aprovechamiento de los Recursos Naturales<\/a><br \/>\n<a href=\"https:\/\/www.tamaulipas.gob.mx\/desarrollorural\/wp-content\/uploads\/sites\/6\/2024\/01\/s111-atencion-de-situaciones-de-contingencias-o-eventualidades-en-el-sector-rural.pdf\" target=\"_blank\" rel=\"noopener\"><i class=\"fa fa-file-pdf-o\"><\/i> S111 Atenci\u00f3n de Situaciones de Contingencias o Eventualidades en el Sector Rural<\/a><br \/>\n<a href=\"https:\/\/www.tamaulipas.gob.mx\/desarrollorural\/wp-content\/uploads\/sites\/6\/2024\/08\/s111_2024_modificacion_.pdf\" target=\"_blank\" rel=\"noopener\"><i class=\"fa fa-file-pdf-o\"><\/i> S111 Atenci\u00f3n de Situaciones de Contingencias o Eventualidades en el Sector Rural (MODIFICACION)<\/a><br \/>\n<a href=\"https:\/\/www.tamaulipas.gob.mx\/desarrollorural\/wp-content\/uploads\/sites\/6\/2024\/09\/mecanica_op_apoyo-estatal-ext_productoras-de-sorgo-en-el-ciclo-o-i_2024-2025_programa_s111.pdf\" target=\"_blank\" rel=\"noopener\"><i class=\"fa fa-file-pdf-o\"><\/i> Mec\u00e1nica operativa para el apoyo estatal extraordinario a personas productoras de sorgo, en el ciclo oto\u00f1o-invierno 2024-2025, a trav\u00e9s del programa S111<\/a><br \/>\n<a href=\"https:\/\/www.tamaulipas.gob.mx\/desarrollorural\/wp-content\/uploads\/sites\/6\/2024\/09\/mecanica-operativa-para-el-apoyo-estatal-extraordinario-a-personas-productoras-de-sorgo-o-trigo-oi-2024-2025_s111modificacion.pdf\" target=\"_blank\" rel=\"noopener\"><i class=\"fa fa-file-pdf-o\"><\/i> Mec\u00e1nica operativa para el apoyo estatal extraordinario a personas productoras de sorgo o trigo, en el ciclo oto\u00f1o-invierno 2024-2025, a trav\u00e9s del programa S111 (MODIFICACI\u00d3N)<\/a><br \/>\n<a href=\"https:\/\/www.tamaulipas.gob.mx\/desarrollorural\/wp-content\/uploads\/sites\/6\/2024\/01\/s223-programa-nutrimar-comun.pdf\" target=\"_blank\" rel=\"noopener\"><i class=\"fa fa-file-pdf-o\"><\/i> S223 Programa NUTRIMAR-COMUN<\/a><br \/>\n<a href=\"https:\/\/www.tamaulipas.gob.mx\/desarrollorural\/wp-content\/uploads\/sites\/6\/2024\/08\/s223_2024_modificacion_.pdf\" target=\"_blank\" rel=\"noopener\"><i class=\"fa fa-file-pdf-o\"><\/i> S223 Programa NUTRIMAR-COMUN (MODIFICACION)<\/a><br \/>\n<a href=\"https:\/\/www.tamaulipas.gob.mx\/desarrollorural\/wp-content\/uploads\/sites\/6\/2024\/01\/u043-apoyos-de-atencion-para-el-sector-rural.pdf\" target=\"_blank\" rel=\"noopener\"><i class=\"fa fa-file-pdf-o\"><\/i> U043 Apoyos de Atenci\u00f3n para el Sector Rural<\/a><br \/>\n<a href=\"https:\/\/www.tamaulipas.gob.mx\/desarrollorural\/wp-content\/uploads\/sites\/6\/2024\/01\/u104-impulso-para-el-crecimiento-y-la-inversion-rural.pdf\" target=\"_blank\" rel=\"noopener\"><i class=\"fa fa-file-pdf-o\"><\/i> U104 Impulso para el Crecimiento y la Inversi\u00f3n Rural<\/a><\/p>\n<\/div>\n\t\t\t\t<\/div>\n\t\t\t<\/div>\n<div class=\"panel panel-default\">\n\t\t\t\t<div class=\"panel-heading\">\n\t\t\t\t\t<h4 class=\"panel-title\">\n\t\t\t\t\t\t<a class=\"collapsed\" data-toggle=\"collapse\" data-parent=\"#single-collapse\" href=\"#single-collapse-2\">Convocatorias \u2207<\/a>\n\t\t\t\t\t<\/h4>\n\t\t\t\t<\/div>\n\t\t\t\t<div id=\"single-collapse-2\" class=\"panel-collapse collapse\">\n\t\t\t\t\t<div class=\"panel-body\">\n<p style=\"padding-left: 40px;\"><a href=\"https:\/\/www.tamaulipas.gob.mx\/desarrollorural\/wp-content\/uploads\/sites\/6\/2024\/06\/grupos-de-productores_2024.pdf\" target=\"_blank\" rel=\"noopener\"><i class=\"fa fa-file-pdf-o\"><\/i> S107 Convocatoria Servicios para el Desarrollo de Capacidades y Acompa\u00f1amiento T\u00e9cnico Grupos de productores.<\/a><\/p>\n<p style=\"padding-left: 40px;\"><a href=\"https:\/\/www.tamaulipas.gob.mx\/desarrollorural\/wp-content\/uploads\/sites\/6\/2024\/06\/extensionistas_2024.pdf\" target=\"_blank\" rel=\"noopener\"><i class=\"fa fa-file-pdf-o\"><\/i> S107 Convocatoria Servicios para el Desarrollo de Capacidades y Acompa\u00f1amiento T\u00e9cnico a extensionistas.<\/a><\/p>\n<p style=\"padding-left: 40px;\"><a href=\"https:\/\/www.tamaulipas.gob.mx\/desarrollorural\/wp-content\/uploads\/sites\/6\/2024\/06\/extensionismo-grupo-productores-agricolas_2024.pdf\" target=\"_blank\" rel=\"noopener\"><i class=\"fa fa-file-pdf-o\"><\/i> S107 Convocatoria Servicios para el Desarrollo de Capacidades y Acompa\u00f1amiento T\u00e9cnico para Grupos de Productores Agr\u00edcolas.<\/a><\/p>\n<p style=\"padding-left: 40px;\"><a href=\"https:\/\/www.tamaulipas.gob.mx\/desarrollorural\/wp-content\/uploads\/sites\/6\/2024\/06\/extensionismo-grupo-productores-pecuarios-y-forestales_2024.pdf\" target=\"_blank\" rel=\"noopener\"><i class=\"fa fa-file-pdf-o\"><\/i> S107 Convocatoria Servicios para el Desarrollo de Capacidades y Acompa\u00f1amiento T\u00e9cnico Grupos de Productores Pecuarios y Forestales.<\/a><\/p>\n<p style=\"padding-left: 40px;\"><a href=\"https:\/\/www.tamaulipas.gob.mx\/desarrollorural\/wp-content\/uploads\/sites\/6\/2024\/06\/convocatoria-s107-henequen-final.pdf\" target=\"_blank\" rel=\"noopener\"><i class=\"fa fa-file-pdf-o\"><\/i> S107 Convocatoria Apoyos para la Producci\u00f3n Primaria. Material vegetativo (Henequ\u00e9n).<\/a><\/p>\n<p style=\"padding-left: 40px;\"><a href=\"https:\/\/www.tamaulipas.gob.mx\/desarrollorural\/wp-content\/uploads\/sites\/6\/2024\/06\/s107-convocatoria-servicios-para-el-desarrollo-de-capacidades-y-acompanamiento-tecnico-para-extensionistas-pecuarios-y-forestales_2024.pdf\" target=\"_blank\" rel=\"noopener\"><i class=\"fa fa-file-pdf-o\"><\/i> S107 Convocatoria Servicios para el Desarrollo de Capacidades y Acompa\u00f1amiento T\u00e9cnico para Extensionistas Pecuarios y Forestales.<\/a><\/p>\n<p style=\"padding-left: 40px;\"><a href=\"https:\/\/www.tamaulipas.gob.mx\/desarrollorural\/wp-content\/uploads\/sites\/6\/2024\/06\/s107-convocatoria-servicios-para-el-desarrollo-de-capacidades-y-acompanamiento-tecnico-para-extensionistas-agricolas_2024.pdf\" target=\"_blank\" rel=\"noopener\"><i class=\"fa fa-file-pdf-o\"><\/i> S107 Convocatoria Servicios para el Desarrollo de Capacidades y Acompa\u00f1amiento T\u00e9cnico para Extensionistas Agr\u00edcolas.<\/a><\/p>\n<p style=\"padding-left: 80px;\"><a href=\"https:\/\/www.tamaulipas.gob.mx\/desarrollorural\/wp-content\/uploads\/sites\/6\/2024\/06\/formato-curriculum-para-extensionistas_2024.doc\" target=\"_blank\" rel=\"noopener\"><i class=\"fa fa-file-word-o\"><\/i> Formato Curriculum para Extensionistas.<\/a><\/p>\n<p style=\"padding-left: 80px;\"><a href=\"https:\/\/www.tamaulipas.gob.mx\/desarrollorural\/wp-content\/uploads\/sites\/6\/2024\/06\/carta-compromiso-del-extensionista_2024.doc\" target=\"_blank\" rel=\"noopener\"><i class=\"fa fa-file-word-o\"><\/i> Carta compromiso del Extensionista.<\/a><\/p>\n<p style=\"padding-left: 40px;\"><a href=\"https:\/\/www.tamaulipas.gob.mx\/desarrollorural\/wp-content\/uploads\/sites\/6\/2024\/06\/s107-convocatoria-apoyos-para-la-produccion-primaria.-semilla-de-calidad-maiz-y-sorgo_2024.pdf\" target=\"_blank\" rel=\"noopener\"><i class=\"fa fa-file-pdf-o\"><\/i> S107 Convocatoria Apoyos para la Producci\u00f3n Primaria. Semilla de Calidad (Ma\u00edz y Sorgo).<\/a><\/p>\n<p style=\"padding-left: 40px;\"><a href=\"https:\/\/www.tamaulipas.gob.mx\/desarrollorural\/wp-content\/uploads\/sites\/6\/2024\/07\/convocatoria_componente_s-107_-2024.pdf\" target=\"_blank\" rel=\"noopener\"><i class=\"fa fa-file-pdf-o\"><\/i> S107 Convocatoria Paquetes productivos de Traspatio (huertos de hortalizas).<\/a><\/p>\n<p style=\"padding-left: 80px;\"><a href=\"https:\/\/www.tamaulipas.gob.mx\/desarrollorural\/wp-content\/uploads\/sites\/6\/2024\/07\/anexo-i-a_solicitud-de-apoyo_2024_s-107.pdf\" target=\"_blank\" rel=\"noopener\"><i class=\"fa fa-file-pdf-o\"><\/i> Anexo I-A Solicitud de Apoyo.<\/a><\/p>\n<p style=\"padding-left: 80px;\"><a href=\"https:\/\/www.tamaulipas.gob.mx\/desarrollorural\/wp-content\/uploads\/sites\/6\/2024\/07\/anexo-iii-b_acta_compromiso_2024_s-107.pdf\" target=\"_blank\" rel=\"noopener\"><i class=\"fa fa-file-pdf-o\"><\/i> Anexo III-B Acta Compromiso.<\/a><\/p>\n<p style=\"padding-left: 40px;\"><a href=\"https:\/\/www.tamaulipas.gob.mx\/desarrollorural\/wp-content\/uploads\/sites\/6\/2024\/07\/s107-convocatoria-servicios-para-el-desarrollo-de-capacidades-y-acompanamiento-tecnico-grupos-desarrollo-rural-y-pymes-huertos.pdf\" target=\"_blank\" rel=\"noopener\"><i class=\"fa fa-file-pdf-o\"><\/i> S107 Convocatoria Servicios para el Desarrollo de Capacidades y Acompa\u00f1amiento T\u00e9cnico Grupos de productores agr\u00edcolas (huertos).<\/a><\/p>\n<p style=\"padding-left: 80px;\"><a href=\"https:\/\/www.tamaulipas.gob.mx\/desarrollorural\/wp-content\/uploads\/sites\/6\/2024\/07\/s107-anexos-servicios-para-el-desarrollo-de-capacidades-y-acompanamiento-tecnico-para-grupos-productores-huertos.pdf\" target=\"_blank\" rel=\"noopener\"><i class=\"fa fa-file-pdf-o\"><\/i> S107 Anexos Servicios para el Desarrollo de Capacidades y Acompa\u00f1amiento T\u00e9cnico para Grupos Productores (huertos).<\/a><\/p>\n<p style=\"padding-left: 80px;\"><a href=\"https:\/\/www.tamaulipas.gob.mx\/desarrollorural\/wp-content\/uploads\/sites\/6\/2024\/07\/anexo-xvii-relacion-de-integrantes.xlsx\" target=\"_blank\" rel=\"noopener\"><i class=\"fa fa-file-xls-o\"><\/i> S107 Anexo XVII Relaci\u00f3n de Integrantes.<\/a><\/p>\n<p style=\"padding-left: 40px;\"><a href=\"https:\/\/www.tamaulipas.gob.mx\/desarrollorural\/wp-content\/uploads\/sites\/6\/2024\/07\/s107-convocatoria-servicios-para-el-desarrollo-de-capacidades-y-acompanamiento-tecnico-para-extensionistas-desarrollo-rural-y-pymes.pdf\" target=\"_blank\" rel=\"noopener\"><i class=\"fa fa-file-pdf-o\"><\/i> S107 Convocatoria Servicios para el Desarrollo de Capacidades y Acompa\u00f1amiento T\u00e9cnico para Extensionistas (Desarrollo Rural y PYMES)<\/a><\/p>\n<p style=\"padding-left: 80px;\"><a href=\"https:\/\/www.tamaulipas.gob.mx\/desarrollorural\/wp-content\/uploads\/sites\/6\/2024\/07\/solicitud-de-participacion-de-extensionistas-2024.pdf\" target=\"_blank\" rel=\"noopener\"><i class=\"fa fa-file-pdf-o\"><\/i> S107 Solicitud de participaci\u00f3n de Extensionistas<\/a><\/p>\n<p>\u00a0 \u00a0 \u00a0 \u00a0 \u00a0 \u00a0 \u00a0 \u00a0 \u00a0 \u00a0 <a href=\"https:\/\/www.tamaulipas.gob.mx\/desarrollorural\/wp-content\/uploads\/sites\/6\/2024\/07\/carta-compromiso-del-extensionista-2024.pdf\" target=\"_blank\" rel=\"noopener\"><i class=\"fa fa-file-pdf-o\"><\/i> S107 Carta compromiso del extensionista<\/a><\/p>\n<p style=\"padding-left: 80px;\"><a href=\"https:\/\/www.tamaulipas.gob.mx\/desarrollorural\/wp-content\/uploads\/sites\/6\/2024\/07\/formato-curriculum-2024.doc\" target=\"_blank\" rel=\"noopener\"><i class=\"fa fa-file-doc-o\"><\/i> S107 Formato Curriculum 2024<\/a><\/p>\n<p style=\"padding-left: 40px;\"><a href=\"https:\/\/www.tamaulipas.gob.mx\/desarrollorural\/wp-content\/uploads\/sites\/6\/2024\/07\/s107-convocatoria-apoyo-para-reproductores-pecuarios.pdf\" target=\"_blank\" rel=\"noopener\"><i class=\"fa fa-file-pdf-o\"><\/i> S107 Convocatoria Apoyo para Reproductores Pecuarios<\/a><\/p>\n<p style=\"padding-left: 80px;\"><a href=\"https:\/\/www.tamaulipas.gob.mx\/desarrollorural\/wp-content\/uploads\/sites\/6\/2024\/08\/calendario_mg_2024.pdf\" target=\"_blank\" rel=\"noopener\"><i class=\"fa fa-file-pdf-o\"><\/i> Calendario de Eventos de Mejoramiento Gen\u00e9tico 2024\u00a0<\/a><\/p>\n<p style=\"padding-left: 40px;\"><a href=\"https:\/\/www.tamaulipas.gob.mx\/desarrollorural\/wp-content\/uploads\/sites\/6\/2024\/07\/s107-convocatoria-servicios-para-el-desarrollo-de-capacidades-y-acompanamiento-tecnico-grupos-pesqueros-y-acuicolas-2024.pdf\" target=\"_blank\" rel=\"noopener\"><i class=\"fa fa-file-pdf-o\"><\/i> S107 Convocatoria Servicios para el Desarrollo de Capacidades y Acompa\u00f1amiento T\u00e9cnico Grupos (Pesqueros y acu\u00edcolas)<\/a><\/p>\n<p style=\"padding-left: 40px;\"><a href=\"https:\/\/www.tamaulipas.gob.mx\/desarrollorural\/wp-content\/uploads\/sites\/6\/2024\/07\/s107-convocatoria_serv_desarrollo_capacidades_acomp_tec_extensionistas_2024_pesca-y-acuacultura.pdf\" target=\"_blank\" rel=\"noopener\"><i class=\"fa fa-file-pdf-o\"><\/i> S107 Convocatoria Servicios para el Desarrollo de Capacidades y Acompa\u00f1amiento T\u00e9cnico para Extensionistas (Pesca y acuacultura)<\/a><\/p>\n<p style=\"padding-left: 80px;\"><a href=\"https:\/\/www.tamaulipas.gob.mx\/desarrollorural\/wp-content\/uploads\/sites\/6\/2024\/07\/anexo-xxi-solicitud-de-participacion-como-prestador-de-servicios_2024.pdf\" target=\"_blank\" rel=\"noopener\"><i class=\"fa fa-file-pdf-o\"><\/i> Anexo XXI Solicitud de participaci\u00f3n como Prestador de Servicios<\/a><\/p>\n<p style=\"padding-left: 80px;\"><a href=\"https:\/\/www.tamaulipas.gob.mx\/desarrollorural\/wp-content\/uploads\/sites\/6\/2024\/07\/anexo-xxii-carta-compromiso-del-extensionista_2024.pdf\" target=\"_blank\" rel=\"noopener\"><i class=\"fa fa-file-pdf-o\"><\/i> Anexo XXII Carta Compromiso del Extensionista<\/a><\/p>\n<p style=\"padding-left: 80px;\"><a href=\"https:\/\/www.tamaulipas.gob.mx\/desarrollorural\/wp-content\/uploads\/sites\/6\/2024\/07\/anexo-xxiii-formato-para-curriculum-vitae_2024.pdf\" target=\"_blank\" rel=\"noopener\"><i class=\"fa fa-file-pdf-o\"><\/i> Anexo XXIII Formato para Curr\u00edculum vitae<\/a><\/p>\n<p style=\"padding-left: 40px;\"><a href=\"https:\/\/www.tamaulipas.gob.mx\/desarrollorural\/wp-content\/uploads\/sites\/6\/2024\/08\/s107-convocatoria-apoyos-para-la-produccion-primaria.fertilizante-granulado-citricos_2024.pdf\" target=\"_blank\" rel=\"noopener\"><i class=\"fa fa-file-pdf-o\"><\/i> S107 Convocatoria Apoyos para la Producci\u00f3n Primaria. Fertilizante granulado (C\u00edtricos).<\/a><\/p>\n<p style=\"padding-left: 40px;\"><a href=\"https:\/\/www.tamaulipas.gob.mx\/desarrollorural\/wp-content\/uploads\/sites\/6\/2024\/06\/desarrollo-forestal-sustentable_2024.pdf\" target=\"_blank\" rel=\"noopener\"><i class=\"fa fa-file-pdf-o\"><\/i> S109 Convocatoria para el Componente Desarrollo Forestal Sustentable<\/a><\/p>\n<p style=\"padding-left: 40px;\"><a href=\"https:\/\/www.tamaulipas.gob.mx\/desarrollorural\/wp-content\/uploads\/sites\/6\/2024\/06\/anexo1_solicitud_de_apoyo_des_forestal_2024.pdf\" target=\"_blank\" rel=\"noopener\"><i class=\"fa fa-file-pdf-o\"><\/i> S109 Solicitud de Apoyo Desarrollo Forestal Sustentable<\/a><\/p>\n<p style=\"padding-left: 40px;\"><a href=\"https:\/\/www.tamaulipas.gob.mx\/desarrollorural\/wp-content\/uploads\/sites\/6\/2024\/08\/s110-convocatoria-aprovechamiento-de-los-recursos-naturales-componentes-1-y-2_2024.pdf\" target=\"_blank\" rel=\"noopener\"><i class=\"fa fa-file-pdf-o\"><\/i> S110 Convocatoria Aprovechamiento de los Recursos Naturales, componentes 1 y 2<\/a><\/p>\n<p style=\"padding-left: 40px;\"><a href=\"https:\/\/www.tamaulipas.gob.mx\/desarrollorural\/wp-content\/uploads\/sites\/6\/2024\/07\/apoyo-a-productores-pecuarios-para-mitigar-la-sequia_2024.pdf\" target=\"_blank\" rel=\"noopener\"><i class=\"fa fa-file-pdf-o\"><\/i> S111 Convocatoria para participar en el Proyecto Emergente de Apoyo a Productores Pecuarios para Mitigar los Estragos de la Sequia<\/a><\/p>\n<p style=\"padding-left: 40px;\"><a href=\"https:\/\/www.tamaulipas.gob.mx\/desarrollorural\/wp-content\/uploads\/sites\/6\/2024\/07\/s111-segunda-convocatoria-apoyo-a-productores-pecuarios-para-mitigar-la-sequia.pdf\" target=\"_blank\" rel=\"noopener\"><i class=\"fa fa-file-pdf-o\"><\/i> S111 Segunda convocatoria para participar en el Proyecto Emergente de Apoyo a Productores Pecuarios para Mitigar los Estragos de la Sequia.<\/a><\/p>\n<p style=\"padding-left: 40px;\"><a href=\"https:\/\/www.tamaulipas.gob.mx\/desarrollorural\/wp-content\/uploads\/sites\/6\/2024\/09\/s111-convocatoria-para-participar-en-el-apoyo-estatal-extraordinario-a-personas-productoras-de-sorgo-o-trigo-para-el-ciclo-o-i-2024-2025.pdf\" target=\"_blank\" rel=\"noopener\"><i class=\"fa fa-file-pdf-o\"><\/i> S111 Convocatoria para participar en el apoyo Estatal extraordinario a personas productoras de sorgo o trigo para el ciclo O-I 2024-2025<\/a><\/p>\n<p style=\"padding-left: 80px;\"><a href=\"https:\/\/www.tamaulipas.gob.mx\/desarrollorural\/wp-content\/uploads\/sites\/6\/2024\/10\/comunicado-amp_apertura-ventanilla-s111-convocatoria-apoyo-estatal-extraordinario-sorgo-o-trigo-para-el-ciclo-o-i-2024-2025.pdf\" target=\"_blank\" rel=\"noopener\"><i class=\"fa fa-file-pdf-o\"><\/i> COMUNICADO- AMPLIACION APERTURA VENTANILLA S111 Convocatoria para participar en el apoyo Estatal extraordinario a personas productoras de sorgo o trigo para el ciclo O-I 2024-2025.<\/a><\/p>\n<p style=\"padding-left: 40px;\"><a href=\"https:\/\/www.tamaulipas.gob.mx\/desarrollorural\/wp-content\/uploads\/sites\/6\/2024\/12\/s111-tercera-convocatoria-proyecto-emergente-de-apoyo-a-productores-pecuarios-para-mitigar-los-estragos-de-la-sequia_2024.pdf\" target=\"_blank\" rel=\"noopener\"><i class=\"fa fa-file-pdf-o\"><\/i> S111 Tercera convocatoria para participar en el Proyecto Emergente de Apoyo a Productores Pecuarios para Mitigar los Estragos de la Sequia. <span id=\"txt3\">Nuevo<\/span><\/a><\/p>\n<p style=\"padding-left: 40px;\"><a href=\"https:\/\/www.tamaulipas.gob.mx\/desarrollorural\/wp-content\/uploads\/sites\/6\/2024\/08\/s223-convocatoria-creacion-de-up-acuicola-de-la-economia-social-sustentable-y-solidaria_2024.pdf\" target=\"_blank\" rel=\"noopener\"><i class=\"fa fa-file-pdf-o\"><\/i> S223 Convocatoria Creaci\u00f3n de unidades de producci\u00f3n acu\u00edcola de la Econom\u00eda Social, Sustentable y Solidaria.<\/a><\/p>\n<p style=\"padding-left: 80px;\"><a href=\"https:\/\/www.tamaulipas.gob.mx\/desarrollorural\/wp-content\/uploads\/sites\/6\/2024\/08\/anexo-i-solicitud-unica_2024.pdf\" target=\"_blank\" rel=\"noopener\"><i class=\"fa fa-file-pdf-o\"><\/i> ANEXO I solicitud \u00fanica<\/a><\/p>\n<p style=\"padding-left: 80px;\"><a href=\"https:\/\/www.tamaulipas.gob.mx\/desarrollorural\/wp-content\/uploads\/sites\/6\/2024\/08\/anexos-ii-manifiesto-no-estar-recibiendo-apoyos-por-el-mismo-concepto_2024.pdf\" target=\"_blank\" rel=\"noopener\"><i class=\"fa fa-file-pdf-o\"><\/i> Anexos II manifiesto no estar recibiendo apoyos por el mismo concepto<\/a><\/p>\n<p style=\"padding-left: 80px;\"><a href=\"https:\/\/www.tamaulipas.gob.mx\/desarrollorural\/wp-content\/uploads\/sites\/6\/2024\/08\/anexos-iii-acta-compromiso_2024.pdf\" target=\"_blank\" rel=\"noopener\"><i class=\"fa fa-file-pdf-o\"><\/i> Anexos III Acta compromiso<\/a><\/p>\n<p style=\"padding-left: 80px;\"><a href=\"https:\/\/www.tamaulipas.gob.mx\/desarrollorural\/wp-content\/uploads\/sites\/6\/2024\/08\/anexo-v-listado-de-beneficiarios-directos_2024.pdf\" target=\"_blank\" rel=\"noopener\"><i class=\"fa fa-file-pdf-o\"><\/i> Anexo V Listado de beneficiarios directos<\/a><\/p>\n<p style=\"padding-left: 80px;\"><a href=\"https:\/\/www.tamaulipas.gob.mx\/desarrollorural\/wp-content\/uploads\/sites\/6\/2024\/08\/anexo-vii-ficha-de-viabilidad-tecnica-del-proyecto_2024.pdf\" target=\"_blank\" rel=\"noopener\"><i class=\"fa fa-file-pdf-o\"><\/i> Anexo VII ficha de viabilidad t\u00e9cnica del proyecto<\/a><\/p>\n<p style=\"padding-left: 40px;\"><a href=\"https:\/\/www.tamaulipas.gob.mx\/desarrollorural\/wp-content\/uploads\/sites\/6\/2024\/06\/u104-convocatoria-apoyos-para-innovacion-y-transferencia-de-tecnologia-agricola-sistema-de-riego-tecnificado.pdf\" target=\"_blank\" rel=\"noopener\"><i class=\"fa fa-file-pdf-o\"><\/i> U104 Convocatoria Apoyos para innovaci\u00f3n y transferencia de tecnolog\u00eda agr\u00edcola (Sistema de riego tecnificado).<\/a><\/p>\n<p style=\"padding-left: 40px;\"><a href=\"https:\/\/www.tamaulipas.gob.mx\/desarrollorural\/wp-content\/uploads\/sites\/6\/2024\/08\/u104-convocatoria-apoyos-para-innovacion-y-transferencia-de-tecnologia-2024-paq_tec_pecuarios.pdf\" target=\"_blank\" rel=\"noopener\"><i class=\"fa fa-file-pdf-o\"><\/i> U104 Convocatoria Apoyos para innovaci\u00f3n y transferencia de tecnolog\u00eda (Paquetes tecnol\u00f3gicos pecuarios).<\/a><\/p>\n<\/div>\n\t\t\t\t<\/div>\n\t\t\t<\/div>\n<p><a href=\"https:\/\/www.tamaulipas.gob.mx\/desarrollorural\/publicacion-de-resultados-2024\/\" target=\"_blank\" rel=\"noopener\">Publicaci\u00f3n de Resultados 2024<\/a><\/p>\n","protected":false},"excerpt":{"rendered":"<p>Reglas de Operaci\u00f3n de los Programas Estatales 2024 Publicaci\u00f3n de Resultados 2024<\/p>\n","protected":false},"author":11,"featured_media":0,"parent":0,"menu_order":0,"comment_status":"closed","ping_status":"closed","template":"","meta":{"footnotes":""},"class_list":["post-6490","page","type-page","status-publish","hentry"],"publishpress_future_action":{"enabled":false,"date":"2026-04-28 10:00:40","action":"change-status","newStatus":"draft","terms":[],"taxonomy":""},"_links":{"self":[{"href":"https:\/\/www.tamaulipas.gob.mx\/desarrollorural\/wp-json\/wp\/v2\/pages\/6490"}],"collection":[{"href":"https:\/\/www.tamaulipas.gob.mx\/desarrollorural\/wp-json\/wp\/v2\/pages"}],"about":[{"href":"https:\/\/www.tamaulipas.gob.mx\/desarrollorural\/wp-json\/wp\/v2\/types\/page"}],"author":[{"embeddable":true,"href":"https:\/\/www.tamaulipas.gob.mx\/desarrollorural\/wp-json\/wp\/v2\/users\/11"}],"replies":[{"embeddable":true,"href":"https:\/\/www.tamaulipas.gob.mx\/desarrollorural\/wp-json\/wp\/v2\/comments?post=6490"}],"version-history":[{"count":68,"href":"https:\/\/www.tamaulipas.gob.mx\/desarrollorural\/wp-json\/wp\/v2\/pages\/6490\/revisions"}],"predecessor-version":[{"id":7446,"href":"https:\/\/www.tamaulipas.gob.mx\/desarrollorural\/wp-json\/wp\/v2\/pages\/6490\/revisions\/7446"}],"wp:attachment":[{"href":"https:\/\/www.tamaulipas.gob.mx\/desarrollorural\/wp-json\/wp\/v2\/media?parent=6490"}],"curies":[{"name":"wp","href":"https:\/\/api.w.org\/{rel}","templated":true}]}}